{"id":20132,"date":"2025-03-19T15:34:42","date_gmt":"2025-03-19T15:34:42","guid":{"rendered":"https:\/\/white-ant-267257.hostingersite.com\/?page_id=20132"},"modified":"2025-04-06T08:14:03","modified_gmt":"2025-04-06T08:14:03","slug":"unforgettable-days-book","status":"publish","type":"page","link":"https:\/\/tamerbadr.com\/fi\/unforgettable-days-book","title":{"rendered":"Unohtumattomien p\u00e4ivien kirja"},"content":{"rendered":"<div data-elementor-type=\"wp-page\" data-elementor-id=\"20132\" class=\"elementor elementor-20132\" data-elementor-post-type=\"page\">\n\t\t\t\t<div class=\"elementor-element elementor-element-c8c7aab e-flex e-con-boxed e-con e-parent\" data-id=\"c8c7aab\" data-element_type=\"container\">\n\t\t\t\t\t<div class=\"e-con-inner\">\n\t\t<div class=\"elementor-element elementor-element-6483b1a e-con-full e-flex e-con e-child\" data-id=\"6483b1a\" data-element_type=\"container\">\n\t\t\t\t<div class=\"elementor-element elementor-element-6058eb2 elementor-widget elementor-widget-wc-elements\" data-id=\"6058eb2\" data-element_type=\"widget\" data-widget_type=\"wc-elements.default\">\n\t\t\t\t<div class=\"elementor-widget-container\">\n\t\t\t\t\t<div class=\"woocommerce\">\t\t\t<div class=\"single-product\" data-product-page-preselected-id=\"0\">\n\t\t\t\t<div class=\"woocommerce-notices-wrapper\"><\/div><div id=\"product-19575\" class=\"product type-product post-19575 status-publish first instock product_cat-189 has-post-thumbnail downloadable shipping-taxable purchasable product-type-simple\">\n\n\t<div class=\"woocommerce-product-gallery woocommerce-product-gallery--with-images woocommerce-product-gallery--columns-4 images\" data-columns=\"4\" style=\"opacity: 0; transition: opacity .25s ease-in-out;\">\n\t<div class=\"woocommerce-product-gallery__wrapper\">\n\t\t<div data-thumb=\"https:\/\/tamerbadr.com\/wp-content\/uploads\/2025\/03\/\u0623\u064a\u0627\u0645-\u0644\u0627-\u062a\u0646\u0633\u0649-scaled-scaled.jpg\" data-thumb-alt=\"\u0643\u062a\u0627\u0628 \u0623\u064a\u0627\u0645 \u0644\u0627 \u062a\u0646\u0633\u0649\" data-thumb-srcset=\"\"  data-thumb-sizes=\"(max-width: 100px) 100vw, 100px\" class=\"woocommerce-product-gallery__image\"><a href=\"https:\/\/tamerbadr.com\/wp-content\/uploads\/2025\/03\/\u0623\u064a\u0627\u0645-\u0644\u0627-\u062a\u0646\u0633\u0649-scaled-scaled.jpg\"><img fetchpriority=\"high\" decoding=\"async\" width=\"2049\" height=\"1453\" src=\"https:\/\/tamerbadr.com\/wp-content\/uploads\/2025\/03\/\u0623\u064a\u0627\u0645-\u0644\u0627-\u062a\u0646\u0633\u0649-scaled-scaled.jpg\" class=\"wp-post-image\" alt=\"Unohtumattomien p\u00e4ivien kirja\" data-caption=\"\" data-src=\"https:\/\/tamerbadr.com\/wp-content\/uploads\/2025\/03\/\u0623\u064a\u0627\u0645-\u0644\u0627-\u062a\u0646\u0633\u0649-scaled-scaled.jpg\" data-large_image=\"https:\/\/tamerbadr.com\/wp-content\/uploads\/2025\/03\/\u0623\u064a\u0627\u0645-\u0644\u0627-\u062a\u0646\u0633\u0649-scaled-scaled.jpg\" data-large_image_width=\"2049\" data-large_image_height=\"1453\" \/><\/a><\/div><div data-thumb=\"https:\/\/tamerbadr.com\/wp-content\/uploads\/2025\/03\/\u0627\u064a\u0627\u0645-\u0644\u0627-\u062a\u0646\u0633\u0649.jpg\" data-thumb-alt=\"\u0643\u062a\u0627\u0628 \u0623\u064a\u0627\u0645 \u0644\u0627 \u062a\u0646\u0633\u0649 - Kuva 2\" data-thumb-srcset=\"\"  data-thumb-sizes=\"(max-width: 73px) 100vw, 73px\" class=\"woocommerce-product-gallery__image\" data-no-translation-data-thumb-alt=\"\"><a href=\"https:\/\/tamerbadr.com\/wp-content\/uploads\/2025\/03\/\u0627\u064a\u0627\u0645-\u0644\u0627-\u062a\u0646\u0633\u0649.jpg\"><img decoding=\"async\" width=\"740\" height=\"1020\" src=\"https:\/\/tamerbadr.com\/wp-content\/uploads\/2025\/03\/\u0627\u064a\u0627\u0645-\u0644\u0627-\u062a\u0646\u0633\u0649.jpg\" class=\"\" alt=\"\u0643\u062a\u0627\u0628 \u0623\u064a\u0627\u0645 \u0644\u0627 \u062a\u0646\u0633\u0649 - Kuva 2\" data-caption=\"\" data-src=\"https:\/\/tamerbadr.com\/wp-content\/uploads\/2025\/03\/\u0627\u064a\u0627\u0645-\u0644\u0627-\u062a\u0646\u0633\u0649.jpg\" data-large_image=\"https:\/\/tamerbadr.com\/wp-content\/uploads\/2025\/03\/\u0627\u064a\u0627\u0645-\u0644\u0627-\u062a\u0646\u0633\u0649.jpg\" data-large_image_width=\"740\" data-large_image_height=\"1020\" data-no-translation-alt=\"\" \/><\/a><\/div><div data-thumb=\"https:\/\/tamerbadr.com\/wp-content\/uploads\/2025\/03\/\u0645\u0624\u0644\u0641\u0627\u062a-\u062a\u0627\u0645\u0631-\u0628\u062f\u0631-1-6.jpg\" data-thumb-alt=\"\u0643\u062a\u0627\u0628 \u0623\u064a\u0627\u0645 \u0644\u0627 \u062a\u0646\u0633\u0649 - Kuva 3\" data-thumb-srcset=\"\"  data-thumb-sizes=\"(max-width: 92px) 100vw, 92px\" class=\"woocommerce-product-gallery__image\" data-no-translation-data-thumb-alt=\"\"><a href=\"https:\/\/tamerbadr.com\/wp-content\/uploads\/2025\/03\/\u0645\u0624\u0644\u0641\u0627\u062a-\u062a\u0627\u0645\u0631-\u0628\u062f\u0631-1-6.jpg\"><img decoding=\"async\" width=\"389\" height=\"422\" src=\"https:\/\/tamerbadr.com\/wp-content\/uploads\/2025\/03\/\u0645\u0624\u0644\u0641\u0627\u062a-\u062a\u0627\u0645\u0631-\u0628\u062f\u0631-1-6.jpg\" class=\"\" alt=\"\u0643\u062a\u0627\u0628 \u0623\u064a\u0627\u0645 \u0644\u0627 \u062a\u0646\u0633\u0649 - Kuva 3\" data-caption=\"CREATOR: gd-jpeg v1.0 (using IJG JPEG v62), quality = 90\" data-src=\"https:\/\/tamerbadr.com\/wp-content\/uploads\/2025\/03\/\u0645\u0624\u0644\u0641\u0627\u062a-\u062a\u0627\u0645\u0631-\u0628\u062f\u0631-1-6.jpg\" data-large_image=\"https:\/\/tamerbadr.com\/wp-content\/uploads\/2025\/03\/\u0645\u0624\u0644\u0641\u0627\u062a-\u062a\u0627\u0645\u0631-\u0628\u062f\u0631-1-6.jpg\" data-large_image_width=\"389\" data-large_image_height=\"422\" data-no-translation-alt=\"\" \/><\/a><\/div>\t<\/div>\n<\/div>\n\n\t<div class=\"summary entry-summary\">\n\t\t<h1 class=\"product_title entry-title\">Unohtumattomien p\u00e4ivien kirja<\/h1><p class=\"price\"><span class=\"woocommerce-Price-amount amount\"><bdi><span class=\"woocommerce-Price-currencySymbol\">Egyptin punta<\/span>60.00<\/bdi><\/span><\/p>\n\n\t\n\t<form class=\"cart\" action=\"\" method=\"post\" enctype='multipart\/form-data' data-trp-original-action=\"\">\n\t\t\n\t\t<div class=\"quantity\">\n\t\t<label class=\"screen-reader-text\" for=\"quantity_6a06449216e3e\" data-no-translation=\"\" data-trp-gettext=\"\">\u0643\u062a\u0627\u0628 \u0623\u064a\u0627\u0645 \u0644\u0627 \u062a\u0646\u0633\u0649 m\u00e4\u00e4r\u00e4<\/label>\n\t<input\n\t\ttype=\"number\"\n\t\t\t\tid=\"quantity_6a06449216e3e\"\n\t\tclass=\"input-text qty text\"\n\t\tname=\"quantity\"\n\t\tvalue=\"1\"\n\t\taria-label=\"Tuotem\u00e4\u00e4r\u00e4\"\n\t\t\t\tmin=\"1\"\n\t\t\t\t\t\t\tstep=\"1\"\n\t\t\tplaceholder=\"\"\n\t\t\tinputmode=\"numeric\"\n\t\t\tautocomplete=\"off\" data-no-translation-aria-label=\"\"\n\t\t\t\/>\n\t<\/div>\n\n\t\t<button type=\"submit\" name=\"add-to-cart\" value=\"19575\" class=\"single_add_to_cart_button button alt\" data-no-translation=\"\" data-trp-gettext=\"\">Lis\u00e4\u00e4 ostoskoriin<\/button>\n\n\t\t\n        <script>\n            document.addEventListener('DOMContentLoaded', function(){\n                document.addEventListener('click', function(event){\n                    if(!event.target.matches('.single_add_to_cart_button')){\n                        return;\n                    }\n\n                    const quantity = document.querySelector('input.qty').value || '1';\n                    const formProductVariation = document.querySelector('form[data-product_variations]')\n                    const variationItem = document.querySelector('.variation_id')\n\n                    let price = 60\n                    if(formProductVariation && variationItem){\n                        try{\n                            const variations = JSON.parse(formProductVariation.dataset.product_variations)\n                            const variationId = variationItem.value\n                            for(const variation of variations){\n                                if(variation.variation_id == Number(variationId)){\n                                    price = variation.display_price\n                                }\n                            }\n                        }\n                        catch{\n                        }\n                    }\n\n                    gtag('event', 'add_to_cart', {\n                        'items': [ {\n                            'item_id':'19575',\n                            'item_name': '\u0643\u062a\u0627\u0628 \u0623\u064a\u0627\u0645 \u0644\u0627 \u062a\u0646\u0633\u0649',\n                            'list_name': '\u0643\u062a\u0627\u0628 \u0623\u064a\u0627\u0645 \u0644\u0627 \u062a\u0646\u0633\u0649',\n                            'quantity': quantity,\n                            'price': price,\n                            \"item_category\":\"\u062a\u0627\u0631\u064a\u062e \u0639\u0633\u0643\u0631\u064a\"\n                        }]\n                    });\n                })\n            });\n        <\/script>\n        \t<input type=\"hidden\" name=\"trp-form-language\" value=\"fi\"\/><\/form>\n\n\t\n<div class=\"product_meta\">\n\n\t\n\t\n\t<span class=\"posted_in\">Osasto: <a href=\"https:\/\/tamerbadr.com\/fi\/tuote-osasto\/%d8%aa%d8%a7%d8%b1%d9%8a%d8%ae-%d8%b9%d8%b3%d9%83%d8%b1%d9%8a\" rel=\"tag\">sotahistoria<\/a><\/span>\n\t\n\t\n<\/div>\n\t<\/div>\n\n\t\n\t<div class=\"woocommerce-tabs wc-tabs-wrapper\">\n\t\t<ul class=\"tabs wc-tabs\" role=\"tablist\">\n\t\t\t\t\t\t\t<li role=\"presentation\" class=\"description_tab\" id=\"tab-title-description\">\n\t\t\t\t\t<a href=\"#tab-description\" role=\"tab\" aria-controls=\"tab-description\">\n\t\t\t\t\t\tKuvaus\t\t\t\t\t<\/a>\n\t\t\t\t<\/li>\n\t\t\t\t\t\t\t<li role=\"presentation\" class=\"reviews_tab\" id=\"tab-title-reviews\">\n\t\t\t\t\t<a href=\"#tab-reviews\" role=\"tab\" aria-controls=\"tab-reviews\">\n\t\t\t\t\t\tArviot (0)\t\t\t\t\t<\/a>\n\t\t\t\t<\/li>\n\t\t\t\t\t<\/ul>\n\t\t\t\t\t<div class=\"woocommerce-Tabs-panel woocommerce-Tabs-panel--description panel entry-content wc-tab\" id=\"tab-description\" role=\"tabpanel\" aria-labelledby=\"tab-title-description\">\n\t\t\t\t\n\t<h2 data-no-translation=\"\" data-trp-gettext=\"\">Kuvaus<\/h2>\n\n<h1 style=\"text-align: center;\"><strong>Professori tohtori Ragheb Al-Sarjanin esittely kirjaan Unohtumattomat p\u00e4iv\u00e4t<\/strong><\/h1>\n<h1 style=\"text-align: center;\">Islamilaista historiaa on laiminly\u00f6ty suuresti vuosien ja vuosisatojen ajan. Seurauksena on, ett\u00e4 monet orientalistit ja l\u00e4nsimaalaiset ovat v\u00e4\u00e4ristelleet t\u00e4t\u00e4 historiaa. T\u00e4m\u00e4n seurauksena meill\u00e4 on historia, joka on hyvin erilainen kuin totuus. Mik\u00e4 pahinta, opetukset ja moraali ovat kadonneet n\u00e4iden v\u00e4\u00e4ristymien keskelle. N\u00e4in ollen historiasta on tullut akateeminen tutkimus, jolla ei ole merkityst\u00e4 lukijoille. T\u00e4m\u00e4n seurauksena he ovat pid\u00e4tt\u00e4ytyneet sen lukemisesta ja tutkimisesta.<\/h1>\n<h1 style=\"text-align: center;\">T\u00e4m\u00e4n vakavan tilanteen edess\u00e4 joidenkin innokkaiden ihmisten oli noustava pelastamaan t\u00e4m\u00e4 pitk\u00e4 historia; itse asiassa pelastamaan musliminuoret, jotka eiv\u00e4t olleet l\u00f6yt\u00e4neet sopivaa ja luotettavaa l\u00e4hdett\u00e4 lukeakseen kansakunnan historiasta. En todellakaan liioittele sanoessani: Koko maailma \u2013 muslimi tai ei-muslimi \u2013 tarvitsee t\u00e4t\u00e4 loistavaa islamilaista historiaa, sill\u00e4 maailma ei ole koskaan tuntenut mit\u00e4\u00e4n niin loistavaa tai h\u00e4ik\u00e4isev\u00e4\u00e4 kuin se, mit\u00e4 olemme l\u00f6yt\u00e4neet suuresta historiastamme.<\/h1>\n<h1 style=\"text-align: center;\">K\u00e4siss\u00e4mme oleva kirja on er\u00e4\u00e4nlainen apuv\u00e4line!<\/h1>\n<h1 style=\"text-align: center;\">T\u00e4m\u00e4 on arvokas kirja, joka kokoaa taitavasti yhteen valtavan m\u00e4\u00e4r\u00e4n islamilaisen kansakunnan historian k\u00e4\u00e4nnekohtia. T\u00e4m\u00e4 valtava kokoelma ei kuitenkaan johtanut yht\u00e4 valtavaan sivum\u00e4\u00e4r\u00e4\u00e4n! T\u00e4m\u00e4 osoittaa tekij\u00e4n erinomaisen kyvyn valita hy\u00f6dylliset asiat jokaisesta taistelusta ja t\u00e4rke\u00e4t asiat jokaisesta kohtaamisesta. Ehk\u00e4 t\u00e4m\u00e4 on yksi merkitt\u00e4vimmist\u00e4 piirteist\u00e4, jotka erottavat t\u00e4m\u00e4n kirjan muista, sill\u00e4 tekij\u00e4lle on ominaista loistava kyky tiivist\u00e4\u00e4 ja fokusoida, niin ett\u00e4 nelj\u00e4n tai viiden sivun luettuasi valtavasta taistelusta tunnet, ett\u00e4 olet k\u00e4sitellyt kaiken etk\u00e4 tarvitse muita tietoja, kun taas asiantuntijat tiet\u00e4v\u00e4t, ett\u00e4 historioitsija voi kirjoittaa kokonaisia kirjoja t\u00e4llaisista taisteluista!<\/h1>\n<h1 style=\"text-align: center;\">Kirjalle on ominaista my\u00f6s kevyt navigointi islamilaisen historian eri vaiheiden v\u00e4lill\u00e4. Se alkaa profeettojen aikakaudella ja hypp\u00e4\u00e4 sitten sopivalla vauhdilla eri historiallisten aikakausien, kuten Rashidun-, Umayya-, Abbasidien-, Ayyubid-, Mamluk- ja Ottomaanien aikakausien, v\u00e4lill\u00e4. Se ei my\u00f6sk\u00e4\u00e4n unohda maantieteellist\u00e4 navigointia maailman eri kolkissa. Se ulottuu it\u00e4\u00e4n ja kertoo Intian taisteluista ja j\u00e4tt\u00e4\u00e4 id\u00e4n l\u00e4nteen ja kuvailee Andalusian taisteluita!<\/h1>\n<h1 style=\"text-align: center;\">T\u00e4m\u00e4n kirjan toinen erottuva piirre on se, ett\u00e4 se k\u00e4sittelee monia taisteluita, joista monet muslimit eiv\u00e4t tied\u00e4 yksityiskohtia. Itse asiassa en liioittele sanoessani: muslimit eiv\u00e4t edes tied\u00e4 niiden nimi\u00e4! Minulle riitt\u00e4\u00e4, kun mainitsen esimerkiksi Ain al-Tamrin taistelut, Dibalin valloituksen, Talasin taistelun, Somnathin valloituksen, Nikopoliin taistelun, Moh\u00e1csin taistelun ja muita taisteluita, joiden maininta unohdettiin ja joiden sivut peittyiv\u00e4t p\u00f6lyyn, kunnes t\u00e4m\u00e4 kirjoittaja tuli rehellisesti ja huolellisesti paljastamaan totuuden n\u00e4ist\u00e4 ratkaisevista p\u00e4ivist\u00e4.<\/h1>\n<h1 style=\"text-align: center;\">Kaiken edell\u00e4 mainitun lis\u00e4ksi t\u00e4m\u00e4 arvokas kirja erottuu kahdesta asiasta, jotka erottavat sen monista islamilaisen kirjaston teoksista ja tekev\u00e4t siit\u00e4 ainutlaatuisen alallaan.<\/h1>\n<h1 style=\"text-align: center;\">Ensimm\u00e4inen huomio on, ett\u00e4 se ei rajoitu muslimien voittoihin, vaan mainitsee kauniin puolueettomasti ja \u00e4\u00e4rimm\u00e4isen tarkasti t\u00e4rkeimm\u00e4t taistelut, joissa muslimit k\u00e4rsiv\u00e4t tappion! Kuten Uhudin taistelu, Toursin taistelu, Al-Uqabin taistelu ja muut tappiot. T\u00e4m\u00e4 on itse asiassa selke\u00e4 esimerkki kirjoittajan \u00e4lykkyydest\u00e4, sill\u00e4 h\u00e4n osoittaa lukijalle rehellisyytens\u00e4 tapahtumien esittelyss\u00e4 ja korostaa, ett\u00e4 aika on kuin kiertokulku kansojen v\u00e4lill\u00e4. H\u00e4n ei my\u00f6sk\u00e4\u00e4n kiell\u00e4 lukijoilta mahdollisuutta hy\u00f6ty\u00e4 n\u00e4iss\u00e4 taisteluissa opituista t\u00e4rkeist\u00e4 l\u00e4ksyist\u00e4.<\/h1>\n<h1 style=\"text-align: center;\">Toinen asia on, ett\u00e4 kirjoittaja ei pys\u00e4htynyt tapahtumien kertomiseen kuten monet kirjoittajat tekev\u00e4t, vaan h\u00e4n pikemminkin perehtyi asioihin ja etsi voiton tekij\u00f6it\u00e4 ja tappion syit\u00e4, joten kirjan lukija saa mukaansa runsaan kokoelman kansojen nousun tai tuhon syit\u00e4, ja n\u00e4in tarinan kertomisen tavoite saavutetaan; kuten Herramme osoitti meille sanoessaan: {Heid\u00e4n tarinoissaan on todellakin opetus ymm\u00e4rt\u00e4v\u00e4isille} [Yusuf: 111]... Totuus on, ett\u00e4 kirjoittaja loi kaiken t\u00e4m\u00e4n korkealla ja erinomaisella ammattitaidolla.<\/h1>\n<h1 style=\"text-align: center;\">Lopuksi:<\/h1>\n<h1 style=\"text-align: center;\">Kirjailijan t\u00e4m\u00e4 k\u00e4sity\u00f6taito ei est\u00e4nyt h\u00e4nen tyyli\u00e4\u00e4n olemasta herkk\u00e4\u00e4 ja kaunista. Kirjan ilmaisu on eleganttia, sanat kauniita ja esitystapa sulavaa ja nautinnollista, mik\u00e4 lis\u00e4\u00e4 kirjaan loistoa ja eleganssia.<\/h1>\n<h1 style=\"text-align: center;\">Vaikka tied\u00e4nkin, ett\u00e4 t\u00e4m\u00e4 on kirjailijan ensimm\u00e4inen yritys kirjoittaa sotilasaiheista, olen varma, ettei se j\u00e4\u00e4 h\u00e4nen viimeiseksi. Islamilaisen historian taistelut ja niiden yksityiskohdat vaativat satoja niteit\u00e4 ja tuhansia selityksi\u00e4 ja analyysej\u00e4.<\/h1>\n<h1 style=\"text-align: center;\">Allah palkitkoon professori Tamer Badria h\u00e4nen suurista ponnisteluistaan. Neuvoisin h\u00e4nt\u00e4 aina uudistamaan aikomuksensa jokaisen kirjan kohdalla, jotta Allah, Kaikkivaltias, suo h\u00e4nen kirjoilleen laajan levityksen ja suo h\u00e4nelle runsaan palkkion ja kattavan korvauksen.<\/h1>\n<h1 style=\"text-align: center;\">Pyyd\u00e4n Jumalaa kirkastamaan islamia ja muslimeja<\/h1>\n<h1 style=\"text-align: center;\">Professori Dr. Ragheb Al-Sarjani<\/h1>\n\t\t\t<\/div>\n\t\t\t\t\t<div class=\"woocommerce-Tabs-panel woocommerce-Tabs-panel--reviews panel entry-content wc-tab\" id=\"tab-reviews\" role=\"tabpanel\" aria-labelledby=\"tab-title-reviews\">\n\t\t\t\t<div id=\"reviews\" class=\"woocommerce-Reviews\">\n\t<div id=\"comments\">\n\t\t<h2 class=\"woocommerce-Reviews-title\">\n\t\t\tArviot\t\t<\/h2>\n\n\t\t\t\t\t<p class=\"woocommerce-noreviews\" data-no-translation=\"\" data-trp-gettext=\"\">Tuotearvioita ei viel\u00e4 ole.<\/p>\n\t\t\t<\/div>\n\n\t\t\t<div id=\"review_form_wrapper\">\n\t\t\t<div id=\"review_form\">\n\t\t\t\t\t<div id=\"respond\" class=\"comment-respond\">\n\t\t<span id=\"reply-title\" class=\"comment-reply-title\" role=\"heading\" aria-level=\"3\">Kirjoita ensimm\u00e4inen arvio tuotteelle &ldquo;\u0643\u062a\u0627\u0628 \u0623\u064a\u0627\u0645 \u0644\u0627 \u062a\u0646\u0633\u0649&rdquo; <small><a rel=\"nofollow\" id=\"cancel-comment-reply-link\" href=\"\/fi\/wp-json\/wp\/v2\/pages\/20132#respond\" style=\"display:none;\">Peruuta vastaus<\/a><\/small><\/span><p class=\"must-log-in\" data-no-translation=\"\" data-trp-gettext=\"\">Sinun on <a href=\"https:\/\/tamerbadr.com\/fi\/\">kirjauduttava sis\u00e4\u00e4n<\/a> kun haluat kirjoittaa arvioinnin.<\/p>\t<\/div><!-- #respond -->\n\t\t\t\t<\/div>\n\t\t<\/div>\n\t\n\t<div class=\"clear\"><\/div>\n<\/div>\n\t\t\t<\/div>\n\t\t\n\t\t\t<\/div>\n\n\n\t<section class=\"related products\">\n\n\t\t\t\t\t<h2 data-no-translation=\"\" data-trp-gettext=\"\">Tutustu my\u00f6s<\/h2>\n\t\t\t\t<ul class=\"products columns-4\">\n\n\t\t\t\n\t\t\t\t\t<li class=\"product type-product post-19583 status-publish first instock product_cat-189 has-post-thumbnail downloadable shipping-taxable purchasable product-type-simple\">\n\t<a href=\"https:\/\/tamerbadr.com\/fi\/tuote\/the-book-of-islam-and-war\" class=\"woocommerce-LoopProduct-link woocommerce-loop-product__link\"><img loading=\"lazy\" decoding=\"async\" width=\"2049\" height=\"1401\" src=\"https:\/\/tamerbadr.com\/wp-content\/uploads\/2025\/03\/\u0627\u0644\u0625\u0633\u0644\u0627\u0645-\u0648\u0627\u0644\u062d\u0631\u0628-\u063a\u0644\u0627\u0641-scaled-scaled.jpg\" class=\"attachment-woocommerce_thumbnail size-woocommerce_thumbnail\" alt=\"Kirja islamista ja sodasta\" \/><h2 class=\"woocommerce-loop-product__title\">Kirja islamista ja sodasta<\/h2>\n\t<span class=\"price\"><span class=\"woocommerce-Price-amount amount\"><bdi><span class=\"woocommerce-Price-currencySymbol\">Egyptin punta<\/span>60.00<\/bdi><\/span><\/span>\n<\/a><a href=\"\/fi\/wp-json\/wp\/v2\/pages\/20132?add-to-cart=19583\" aria-describedby=\"woocommerce_loop_add_to_cart_link_describedby_19583\" data-quantity=\"1\" class=\"button product_type_simple add_to_cart_button ajax_add_to_cart\" data-product_id=\"19583\" data-product_sku=\"\" aria-label=\"Lis\u00e4\u00e4 ostoskoriin: \u201c\u0643\u062a\u0627\u0628 \u0627\u0644\u0627\u0633\u0644\u0627\u0645 \u0648\u0627\u0644\u062d\u0631\u0628\u201d\" rel=\"nofollow\" data-success_message=\"\u201c\u0643\u062a\u0627\u0628 \u0627\u0644\u0627\u0633\u0644\u0627\u0645 \u0648\u0627\u0644\u062d\u0631\u0628\u201d on lis\u00e4tty ostoskoriin\" data-no-translation=\"\" data-trp-gettext=\"\" data-no-translation-aria-label=\"\" data-no-translation-data-success_message=\"\">Lis\u00e4\u00e4 ostoskoriin<\/a>\t<span id=\"woocommerce_loop_add_to_cart_link_describedby_19583\" class=\"screen-reader-text\">\n\t\t\t<\/span>\n\n        <script>\n            document.addEventListener('DOMContentLoaded', function(){\n                function getParameterByName(name, url) {\n                    name = name.replace(\/[\\[\\]]\/g, '\\$&');\n                    var regex = new RegExp('[?&]' + name + '(=([^&#]*)|&|#|$)'),\n                        results = regex.exec(url);\n                    if (!results) return null;\n                    if (!results[2]) return '';\n                    return decodeURIComponent(results[2].replace(\/\\+\/g, ' '));\n                }\n\n                document.addEventListener('click', function(event){\n                    const namedItem = event.target.attributes.getNamedItem('data-product_id')\n                    if(!event.target.matches('.ajax_add_to_cart')){\n                        return;\n                    }\n\n                    var item_id = null;\n\n                    if(!namedItem){\n                        try{\n                            item_id = getParameterByName('add-to-cart', new URL(event.target.href).search)\n                        }\n                        catch(e){}\n                    }\n                    else{\n                        item_id = namedItem.value\n                    }\n\n                    if(item_id != 19583){\n                        return;\n                    }\n\n                    gtag('event', 'add_to_cart', {'items': [ {\"item_id\":\"19583\",\"item_name\":\"\\u0643\\u062a\\u0627\\u0628 \\u0627\\u0644\\u0627\\u0633\\u0644\\u0627\\u0645 \\u0648\\u0627\\u0644\\u062d\\u0631\\u0628\",\"list_name\":\"\\u0643\\u062a\\u0627\\u0628 \\u0627\\u0644\\u0627\\u0633\\u0644\\u0627\\u0645 \\u0648\\u0627\\u0644\\u062d\\u0631\\u0628\",\"quantity\":1,\"price\":60,\"item_category\":\"\\u062a\\u0627\\u0631\\u064a\\u062e \\u0639\\u0633\\u0643\\u0631\\u064a\"} ]});\n                })\n\n            });\n        <\/script>\n        <\/li>\n\n\t\t\t\n\t\t\t\t\t<li class=\"product type-product post-19581 status-publish instock product_cat-189 has-post-thumbnail downloadable shipping-taxable purchasable product-type-simple\">\n\t<a href=\"https:\/\/tamerbadr.com\/fi\/tuote\/unforgettable-leaders-book\" class=\"woocommerce-LoopProduct-link woocommerce-loop-product__link\"><img loading=\"lazy\" decoding=\"async\" width=\"2049\" height=\"1453\" src=\"https:\/\/tamerbadr.com\/wp-content\/uploads\/2025\/03\/\u0642\u0627\u062f\u0629-\u0644\u0627-\u062a\u0646\u0633\u0649--scaled-scaled.jpg\" class=\"attachment-woocommerce_thumbnail size-woocommerce_thumbnail\" alt=\"Unohtumattomien johtajien kirja\" \/><h2 class=\"woocommerce-loop-product__title\">Unohtumattomien johtajien kirja<\/h2>\n\t<span class=\"price\"><span class=\"woocommerce-Price-amount amount\"><bdi><span class=\"woocommerce-Price-currencySymbol\">Egyptin punta<\/span>60.00<\/bdi><\/span><\/span>\n<\/a><a href=\"\/fi\/wp-json\/wp\/v2\/pages\/20132?add-to-cart=19581\" aria-describedby=\"woocommerce_loop_add_to_cart_link_describedby_19581\" data-quantity=\"1\" class=\"button product_type_simple add_to_cart_button ajax_add_to_cart\" data-product_id=\"19581\" data-product_sku=\"\" aria-label=\"Lis\u00e4\u00e4 ostoskoriin: \u201c\u0643\u062a\u0627\u0628 \u0642\u0627\u062f\u0629 \u0644\u0627 \u062a\u0646\u0633\u0649\u201d\" rel=\"nofollow\" data-success_message=\"\u201c\u0643\u062a\u0627\u0628 \u0642\u0627\u062f\u0629 \u0644\u0627 \u062a\u0646\u0633\u0649\u201d on lis\u00e4tty ostoskoriin\" data-no-translation=\"\" data-trp-gettext=\"\" data-no-translation-aria-label=\"\" data-no-translation-data-success_message=\"\">Lis\u00e4\u00e4 ostoskoriin<\/a>\t<span id=\"woocommerce_loop_add_to_cart_link_describedby_19581\" class=\"screen-reader-text\">\n\t\t\t<\/span>\n\n        <script>\n            document.addEventListener('DOMContentLoaded', function(){\n                function getParameterByName(name, url) {\n                    name = name.replace(\/[\\[\\]]\/g, '\\$&');\n                    var regex = new RegExp('[?&]' + name + '(=([^&#]*)|&|#|$)'),\n                        results = regex.exec(url);\n                    if (!results) return null;\n                    if (!results[2]) return '';\n                    return decodeURIComponent(results[2].replace(\/\\+\/g, ' '));\n                }\n\n                document.addEventListener('click', function(event){\n                    const namedItem = event.target.attributes.getNamedItem('data-product_id')\n                    if(!event.target.matches('.ajax_add_to_cart')){\n                        return;\n                    }\n\n                    var item_id = null;\n\n                    if(!namedItem){\n                        try{\n                            item_id = getParameterByName('add-to-cart', new URL(event.target.href).search)\n                        }\n                        catch(e){}\n                    }\n                    else{\n                        item_id = namedItem.value\n                    }\n\n                    if(item_id != 19581){\n                        return;\n                    }\n\n                    gtag('event', 'add_to_cart', {'items': [ {\"item_id\":\"19581\",\"item_name\":\"\\u0643\\u062a\\u0627\\u0628 \\u0642\\u0627\\u062f\\u0629 \\u0644\\u0627 \\u062a\\u0646\\u0633\\u0649\",\"list_name\":\"\\u0643\\u062a\\u0627\\u0628 \\u0642\\u0627\\u062f\\u0629 \\u0644\\u0627 \\u062a\\u0646\\u0633\\u0649\",\"quantity\":1,\"price\":60,\"item_category\":\"\\u062a\\u0627\\u0631\\u064a\\u062e \\u0639\\u0633\\u0643\\u0631\\u064a\"} ]});\n                })\n\n            });\n        <\/script>\n        <\/li>\n\n\t\t\t\n\t\t<\/ul>\n\n\t<\/section>\n\t<\/div>\n\n\t\t\t<\/div>\n\t\t\t<\/div>\t\t\t\t<\/div>\n\t\t\t\t<\/div>\n\t\t\t\t<\/div>\n\t\t\t\t\t<\/div>\n\t\t\t\t<\/div>\n\t\t\t\t<\/div>","protected":false},"excerpt":{"rendered":"","protected":false},"author":1,"featured_media":0,"parent":0,"menu_order":0,"comment_status":"closed","ping_status":"closed","template":"elementor_header_footer","meta":{"_seopress_robots_primary_cat":"","_seopress_titles_title":"","_seopress_titles_desc":"","_seopress_robots_index":"","inline_featured_image":false,"_uf_show_specific_survey":0,"_uf_disable_surveys":false,"footnotes":""},"class_list":["post-20132","page","type-page","status-publish"],"_links":{"self":[{"href":"https:\/\/tamerbadr.com\/fi\/wp-json\/wp\/v2\/pages\/20132","targetHints":{"allow":["GET"]}}],"collection":[{"href":"https:\/\/tamerbadr.com\/fi\/wp-json\/wp\/v2\/pages"}],"about":[{"href":"https:\/\/tamerbadr.com\/fi\/wp-json\/wp\/v2\/types\/page"}],"author":[{"embeddable":true,"href":"https:\/\/tamerbadr.com\/fi\/wp-json\/wp\/v2\/users\/1"}],"replies":[{"embeddable":true,"href":"https:\/\/tamerbadr.com\/fi\/wp-json\/wp\/v2\/comments?post=20132"}],"version-history":[{"count":0,"href":"https:\/\/tamerbadr.com\/fi\/wp-json\/wp\/v2\/pages\/20132\/revisions"}],"wp:attachment":[{"href":"https:\/\/tamerbadr.com\/fi\/wp-json\/wp\/v2\/media?parent=20132"}],"curies":[{"name":"wp","href":"https:\/\/api.w.org\/{rel}","templated":true}]}}