{"id":20127,"date":"2025-03-19T15:33:21","date_gmt":"2025-03-19T15:33:21","guid":{"rendered":"https:\/\/white-ant-267257.hostingersite.com\/?page_id=20127"},"modified":"2025-04-06T08:20:50","modified_gmt":"2025-04-06T08:20:50","slug":"unforgettable-leaders-book","status":"publish","type":"page","link":"https:\/\/tamerbadr.com\/fi\/unforgettable-leaders-book","title":{"rendered":"Unohtumattomien johtajien kirja"},"content":{"rendered":"<div data-elementor-type=\"wp-page\" data-elementor-id=\"20127\" class=\"elementor elementor-20127\" data-elementor-post-type=\"page\">\n\t\t\t\t<div class=\"elementor-element elementor-element-c8c7aab e-flex e-con-boxed e-con e-parent\" data-id=\"c8c7aab\" data-element_type=\"container\">\n\t\t\t\t\t<div class=\"e-con-inner\">\n\t\t<div class=\"elementor-element elementor-element-6483b1a e-con-full e-flex e-con e-child\" data-id=\"6483b1a\" data-element_type=\"container\">\n\t\t\t\t<div class=\"elementor-element elementor-element-6058eb2 elementor-widget elementor-widget-wc-elements\" data-id=\"6058eb2\" data-element_type=\"widget\" data-widget_type=\"wc-elements.default\">\n\t\t\t\t<div class=\"elementor-widget-container\">\n\t\t\t\t\t<div class=\"woocommerce\">\t\t\t<div class=\"single-product\" data-product-page-preselected-id=\"0\">\n\t\t\t\t<div class=\"woocommerce-notices-wrapper\"><\/div><div id=\"product-19581\" class=\"product type-product post-19581 status-publish first instock product_cat-189 has-post-thumbnail downloadable shipping-taxable purchasable product-type-simple\">\n\n\t<div class=\"woocommerce-product-gallery woocommerce-product-gallery--with-images woocommerce-product-gallery--columns-4 images\" data-columns=\"4\" style=\"opacity: 0; transition: opacity .25s ease-in-out;\">\n\t<div class=\"woocommerce-product-gallery__wrapper\">\n\t\t<div data-thumb=\"https:\/\/tamerbadr.com\/wp-content\/uploads\/2025\/03\/\u0642\u0627\u062f\u0629-\u0644\u0627-\u062a\u0646\u0633\u0649--scaled-scaled.jpg\" data-thumb-alt=\"\u0643\u062a\u0627\u0628 \u0642\u0627\u062f\u0629 \u0644\u0627 \u062a\u0646\u0633\u0649\" data-thumb-srcset=\"\"  data-thumb-sizes=\"(max-width: 100px) 100vw, 100px\" class=\"woocommerce-product-gallery__image\"><a href=\"https:\/\/tamerbadr.com\/wp-content\/uploads\/2025\/03\/\u0642\u0627\u062f\u0629-\u0644\u0627-\u062a\u0646\u0633\u0649--scaled-scaled.jpg\"><img fetchpriority=\"high\" decoding=\"async\" width=\"2049\" height=\"1453\" src=\"https:\/\/tamerbadr.com\/wp-content\/uploads\/2025\/03\/\u0642\u0627\u062f\u0629-\u0644\u0627-\u062a\u0646\u0633\u0649--scaled-scaled.jpg\" class=\"wp-post-image\" alt=\"Unohtumattomien johtajien kirja\" data-caption=\"\" data-src=\"https:\/\/tamerbadr.com\/wp-content\/uploads\/2025\/03\/\u0642\u0627\u062f\u0629-\u0644\u0627-\u062a\u0646\u0633\u0649--scaled-scaled.jpg\" data-large_image=\"https:\/\/tamerbadr.com\/wp-content\/uploads\/2025\/03\/\u0642\u0627\u062f\u0629-\u0644\u0627-\u062a\u0646\u0633\u0649--scaled-scaled.jpg\" data-large_image_width=\"2049\" data-large_image_height=\"1453\" \/><\/a><\/div><div data-thumb=\"https:\/\/tamerbadr.com\/wp-content\/uploads\/2025\/03\/\u0642\u0627\u062f\u0629-\u0644\u0627-\u062a\u0646\u0633\u0649.jpeg\" data-thumb-alt=\"\u0643\u062a\u0627\u0628 \u0642\u0627\u062f\u0629 \u0644\u0627 \u062a\u0646\u0633\u0649 - Kuva 2\" data-thumb-srcset=\"\"  data-thumb-sizes=\"(max-width: 67px) 100vw, 67px\" class=\"woocommerce-product-gallery__image\" data-no-translation-data-thumb-alt=\"\"><a href=\"https:\/\/tamerbadr.com\/wp-content\/uploads\/2025\/03\/\u0642\u0627\u062f\u0629-\u0644\u0627-\u062a\u0646\u0633\u0649.jpeg\"><img decoding=\"async\" width=\"532\" height=\"796\" src=\"https:\/\/tamerbadr.com\/wp-content\/uploads\/2025\/03\/\u0642\u0627\u062f\u0629-\u0644\u0627-\u062a\u0646\u0633\u0649.jpeg\" class=\"\" alt=\"\u0643\u062a\u0627\u0628 \u0642\u0627\u062f\u0629 \u0644\u0627 \u062a\u0646\u0633\u0649 - Kuva 2\" data-caption=\"\" data-src=\"https:\/\/tamerbadr.com\/wp-content\/uploads\/2025\/03\/\u0642\u0627\u062f\u0629-\u0644\u0627-\u062a\u0646\u0633\u0649.jpeg\" data-large_image=\"https:\/\/tamerbadr.com\/wp-content\/uploads\/2025\/03\/\u0642\u0627\u062f\u0629-\u0644\u0627-\u062a\u0646\u0633\u0649.jpeg\" data-large_image_width=\"532\" data-large_image_height=\"796\" data-no-translation-alt=\"\" \/><\/a><\/div><div data-thumb=\"https:\/\/tamerbadr.com\/wp-content\/uploads\/2025\/03\/\u0645\u0624\u0644\u0641\u0627\u062a-\u062a\u0627\u0645\u0631-\u0628\u062f\u0631-1-6.jpg\" data-thumb-alt=\"\u0643\u062a\u0627\u0628 \u0642\u0627\u062f\u0629 \u0644\u0627 \u062a\u0646\u0633\u0649 - Kuva 3\" data-thumb-srcset=\"\"  data-thumb-sizes=\"(max-width: 92px) 100vw, 92px\" class=\"woocommerce-product-gallery__image\" data-no-translation-data-thumb-alt=\"\"><a href=\"https:\/\/tamerbadr.com\/wp-content\/uploads\/2025\/03\/\u0645\u0624\u0644\u0641\u0627\u062a-\u062a\u0627\u0645\u0631-\u0628\u062f\u0631-1-6.jpg\"><img decoding=\"async\" width=\"389\" height=\"422\" src=\"https:\/\/tamerbadr.com\/wp-content\/uploads\/2025\/03\/\u0645\u0624\u0644\u0641\u0627\u062a-\u062a\u0627\u0645\u0631-\u0628\u062f\u0631-1-6.jpg\" class=\"\" alt=\"\u0643\u062a\u0627\u0628 \u0642\u0627\u062f\u0629 \u0644\u0627 \u062a\u0646\u0633\u0649 - Kuva 3\" data-caption=\"CREATOR: gd-jpeg v1.0 (using IJG JPEG v62), quality = 90\" data-src=\"https:\/\/tamerbadr.com\/wp-content\/uploads\/2025\/03\/\u0645\u0624\u0644\u0641\u0627\u062a-\u062a\u0627\u0645\u0631-\u0628\u062f\u0631-1-6.jpg\" data-large_image=\"https:\/\/tamerbadr.com\/wp-content\/uploads\/2025\/03\/\u0645\u0624\u0644\u0641\u0627\u062a-\u062a\u0627\u0645\u0631-\u0628\u062f\u0631-1-6.jpg\" data-large_image_width=\"389\" data-large_image_height=\"422\" data-no-translation-alt=\"\" \/><\/a><\/div>\t<\/div>\n<\/div>\n\n\t<div class=\"summary entry-summary\">\n\t\t<h1 class=\"product_title entry-title\">Unohtumattomien johtajien kirja<\/h1><p class=\"price\"><span class=\"woocommerce-Price-amount amount\"><bdi><span class=\"woocommerce-Price-currencySymbol\">Egyptin punta<\/span>60.00<\/bdi><\/span><\/p>\n\n\t\n\t<form class=\"cart\" action=\"\" method=\"post\" enctype='multipart\/form-data' data-trp-original-action=\"\">\n\t\t\n\t\t<div class=\"quantity\">\n\t\t<label class=\"screen-reader-text\" for=\"quantity_6a0676e0eb9f1\" data-no-translation=\"\" data-trp-gettext=\"\">\u0643\u062a\u0627\u0628 \u0642\u0627\u062f\u0629 \u0644\u0627 \u062a\u0646\u0633\u0649 m\u00e4\u00e4r\u00e4<\/label>\n\t<input\n\t\ttype=\"number\"\n\t\t\t\tid=\"quantity_6a0676e0eb9f1\"\n\t\tclass=\"input-text qty text\"\n\t\tname=\"quantity\"\n\t\tvalue=\"1\"\n\t\taria-label=\"Tuotem\u00e4\u00e4r\u00e4\"\n\t\t\t\tmin=\"1\"\n\t\t\t\t\t\t\tstep=\"1\"\n\t\t\tplaceholder=\"\"\n\t\t\tinputmode=\"numeric\"\n\t\t\tautocomplete=\"off\" data-no-translation-aria-label=\"\"\n\t\t\t\/>\n\t<\/div>\n\n\t\t<button type=\"submit\" name=\"add-to-cart\" value=\"19581\" class=\"single_add_to_cart_button button alt\" data-no-translation=\"\" data-trp-gettext=\"\">Lis\u00e4\u00e4 ostoskoriin<\/button>\n\n\t\t\n        <script>\n            document.addEventListener('DOMContentLoaded', function(){\n                document.addEventListener('click', function(event){\n                    if(!event.target.matches('.single_add_to_cart_button')){\n                        return;\n                    }\n\n                    const quantity = document.querySelector('input.qty').value || '1';\n                    const formProductVariation = document.querySelector('form[data-product_variations]')\n                    const variationItem = document.querySelector('.variation_id')\n\n                    let price = 60\n                    if(formProductVariation && variationItem){\n                        try{\n                            const variations = JSON.parse(formProductVariation.dataset.product_variations)\n                            const variationId = variationItem.value\n                            for(const variation of variations){\n                                if(variation.variation_id == Number(variationId)){\n                                    price = variation.display_price\n                                }\n                            }\n                        }\n                        catch{\n                        }\n                    }\n\n                    gtag('event', 'add_to_cart', {\n                        'items': [ {\n                            'item_id':'19581',\n                            'item_name': '\u0643\u062a\u0627\u0628 \u0642\u0627\u062f\u0629 \u0644\u0627 \u062a\u0646\u0633\u0649',\n                            'list_name': '\u0643\u062a\u0627\u0628 \u0642\u0627\u062f\u0629 \u0644\u0627 \u062a\u0646\u0633\u0649',\n                            'quantity': quantity,\n                            'price': price,\n                            \"item_category\":\"\u062a\u0627\u0631\u064a\u062e \u0639\u0633\u0643\u0631\u064a\"\n                        }]\n                    });\n                })\n            });\n        <\/script>\n        \t<input type=\"hidden\" name=\"trp-form-language\" value=\"fi\"\/><\/form>\n\n\t\n<div class=\"product_meta\">\n\n\t\n\t\n\t<span class=\"posted_in\">Osasto: <a href=\"https:\/\/tamerbadr.com\/fi\/tuote-osasto\/%d8%aa%d8%a7%d8%b1%d9%8a%d8%ae-%d8%b9%d8%b3%d9%83%d8%b1%d9%8a\" rel=\"tag\">sotahistoria<\/a><\/span>\n\t\n\t\n<\/div>\n\t<\/div>\n\n\t\n\t<div class=\"woocommerce-tabs wc-tabs-wrapper\">\n\t\t<ul class=\"tabs wc-tabs\" role=\"tablist\">\n\t\t\t\t\t\t\t<li role=\"presentation\" class=\"description_tab\" id=\"tab-title-description\">\n\t\t\t\t\t<a href=\"#tab-description\" role=\"tab\" aria-controls=\"tab-description\">\n\t\t\t\t\t\tKuvaus\t\t\t\t\t<\/a>\n\t\t\t\t<\/li>\n\t\t\t\t\t\t\t<li role=\"presentation\" class=\"reviews_tab\" id=\"tab-title-reviews\">\n\t\t\t\t\t<a href=\"#tab-reviews\" role=\"tab\" aria-controls=\"tab-reviews\">\n\t\t\t\t\t\tArviot (0)\t\t\t\t\t<\/a>\n\t\t\t\t<\/li>\n\t\t\t\t\t<\/ul>\n\t\t\t\t\t<div class=\"woocommerce-Tabs-panel woocommerce-Tabs-panel--description panel entry-content wc-tab\" id=\"tab-description\" role=\"tabpanel\" aria-labelledby=\"tab-title-description\">\n\t\t\t\t\n\t<h2 data-no-translation=\"\" data-trp-gettext=\"\">Kuvaus<\/h2>\n\n<h1 style=\"text-align: center;\"><strong>Professori Dr. Ragheb El-Serganyn johdanto kirjaan Unforgettable Leaders<\/strong><\/h1>\n<h1 style=\"text-align: center;\">Islamilaisen kansakunnan historiassa on miehi\u00e4, jotka valaisivat historiaa heid\u00e4n j\u00e4lkel\u00e4isilleen, miehi\u00e4, jotka kunnostautuivat kaikilla aloilla.<\/h1>\n<h1 style=\"text-align: center;\">Ehk\u00e4 et l\u00f6yd\u00e4 mink\u00e4\u00e4n kansakunnan historiasta n\u00e4in montaa loistavaa hahmoa. Ibn Umarin, olkoon Jumala h\u00e4neen tyytyv\u00e4inen, mukaan, joka sanoi: Jumalan l\u00e4hettil\u00e4s, Jumala siunatkoon h\u00e4nt\u00e4 ja suokoon h\u00e4nelle rauhan, sanoi: &quot;L\u00f6yd\u00e4t ihmisi\u00e4 kokoontumassa sadasta paikasta, eik\u00e4 yksik\u00e4\u00e4n mies l\u00f6yd\u00e4 heid\u00e4n joukostaan vuoristoa.&quot; Kertoneet Al-Bukhari ja Muslim.<\/h1>\n<h1 style=\"text-align: center;\">Joten yleisen historian merkitt\u00e4vi\u00e4 miehi\u00e4 on v\u00e4h\u00e4n, mutta monet n\u00e4ist\u00e4 harvoista ovat esiintyneet ja loistaneet islamilaisessa historiassa ja islamilaisessa sivilisaatiossa.<\/h1>\n<h1 style=\"text-align: center;\">Islamilainen valtio syntyi rohkeista ja sankarillisista mujahideeneista. Islamilainen historia on tuntenut, kuinka monia johtajia nousi esiin ja johti islamilaisia armeijoita suuriin voittoihin Kaikkivaltiaan Jumalan ja sitten heid\u00e4n neroutensa ja rohkeutensa ansiosta!<\/h1>\n<h1 style=\"text-align: center;\">Islamissa ik\u00e4 ei ollut johtajia m\u00e4\u00e4ritt\u00e4v\u00e4 tekij\u00e4, vaan pikemminkin p\u00e4tevyys ja kyvykkyys. Jumalan l\u00e4hettil\u00e4s, Jumala siunatkoon ja suokoon h\u00e4nelle rauhan, valitsi kahdeksantoistavuotiaan Usama bin Zaidin johtamaan armeijaa taistelemaan roomalaisia vastaan, ja h\u00e4nen alaisuudessaan toimivat Abu Bakr ja Umar bin Al-Khattab.<\/h1>\n<h1 style=\"text-align: center;\">Se, ett\u00e4 h\u00e4n oli ensimm\u00e4inen islamiin k\u00e4\u00e4ntynyt, ei my\u00f6sk\u00e4\u00e4n ollut ratkaiseva tekij\u00e4. Jumalan l\u00e4hettil\u00e4s, siunatkoon Jumala h\u00e4nt\u00e4 ja suokoon h\u00e4nelle rauhan, nimitti Amr ibn al-Aasin (olkoon Jumala h\u00e4neen tyytyv\u00e4inen) vanhempien seuralaisten johtoon Dhat al-Salasil -taistelussa, vaikka h\u00e4n oli k\u00e4\u00e4ntynyt islamiin vasta muutamaa p\u00e4iv\u00e4\u00e4 aiemmin. Samoin Khalid ibn al-Walid (olkoon Jumala h\u00e4neen tyytyv\u00e4inen) johti vanhempia seuralaisia Mu&#039;tahin taistelussa, vaikka h\u00e4n oli \u00e4skett\u00e4in k\u00e4\u00e4ntynyt islamiin.<\/h1>\n<h1 style=\"text-align: center;\">Islamilaisen historian johtajien valintakriteerit olivat objektiivisia ja liittyiv\u00e4t yksinomaan p\u00e4tevyyteen. Siksi islamilainen sivilisaatio on l\u00e4pi historiansa tuottanut poikkeuksellisia johtajia, jotka olivat vertaansa vailla.<\/h1>\n<h1 style=\"text-align: center;\">Sen j\u00e4lkeen muslimit oppivat, ett\u00e4 heid\u00e4n oli koulutettava tulevia johtajia; t\u00e4st\u00e4 syyst\u00e4 ratsastuskoulutus, jihad ja jousiammunta ovat yleistyneet.<\/h1>\n<h1 style=\"text-align: center;\">Islamin johtajuuden historia on t\u00e4ynn\u00e4 syv\u00e4llisi\u00e4 merkityksi\u00e4, k\u00e4sitteit\u00e4 ja ainutlaatuisia persoonallisuuksia; siksi t\u00e4m\u00e4 kirja on t\u00e4rke\u00e4.<\/h1>\n<h1 style=\"text-align: center;\">Kirjan kirjoittaja, veli Tamer Badr \u2013 Jumala h\u00e4nt\u00e4 suojelkoon \u2013 oli kiinnostunut muslimijohtajien el\u00e4m\u00e4kertojen j\u00e4ljitt\u00e4misest\u00e4 ja esitteli ne meille...<\/h1>\n<h1 style=\"text-align: center;\">Helppo, elegantti ja ytimek\u00e4s tyyli, jossa h\u00e4n otti esiin t\u00e4rkeimm\u00e4t kohdat, joita kansakunta tarvitsee ymm\u00e4rt\u00e4\u00e4kseen, millaista se oli.<\/h1>\n<h1 style=\"text-align: center;\">Johtajat ovat valmistautuneita, jotta voitte tuottaa heist\u00e4 uusia sukupolvia.<\/h1>\n<h1 style=\"text-align: center;\">Kuten kirjailija on meid\u00e4t edellisess\u00e4 kirjassaan (Unforgettable Days) tottunut tekem\u00e4\u00e4n, kirja on tyylilt\u00e4\u00e4n mukaansatempaava. Kun aloitat lukemisen, tunnet pakottavaa tarvetta jatkaa loppuun asti.<\/h1>\n<h1 style=\"text-align: center;\">Pyyd\u00e4n Kaikkivaltiasta Jumalaa hyv\u00e4ksym\u00e4\u00e4n kirjoittajan ponnistelut h\u00e4nen kirjassaan, suomaan kirjalle hyv\u00e4ksynn\u00e4n ja hy\u00f6dytt\u00e4m\u00e4\u00e4n muslimeja sen kautta. H\u00e4n on sen Suojelija ja kykenee tekem\u00e4\u00e4n sen.<\/h1>\n<h1 style=\"text-align: center;\">\u00a0Professori Dr. Ragheb Al-Sergani<\/h1>\n<h1 style=\"text-align: center;\">Kairo marraskuussa 2011<\/h1>\n\t\t\t<\/div>\n\t\t\t\t\t<div class=\"woocommerce-Tabs-panel woocommerce-Tabs-panel--reviews panel entry-content wc-tab\" id=\"tab-reviews\" role=\"tabpanel\" aria-labelledby=\"tab-title-reviews\">\n\t\t\t\t<div id=\"reviews\" class=\"woocommerce-Reviews\">\n\t<div id=\"comments\">\n\t\t<h2 class=\"woocommerce-Reviews-title\">\n\t\t\tArviot\t\t<\/h2>\n\n\t\t\t\t\t<p class=\"woocommerce-noreviews\" data-no-translation=\"\" data-trp-gettext=\"\">Tuotearvioita ei viel\u00e4 ole.<\/p>\n\t\t\t<\/div>\n\n\t\t\t<div id=\"review_form_wrapper\">\n\t\t\t<div id=\"review_form\">\n\t\t\t\t\t<div id=\"respond\" class=\"comment-respond\">\n\t\t<span id=\"reply-title\" class=\"comment-reply-title\" role=\"heading\" aria-level=\"3\">Kirjoita ensimm\u00e4inen arvio tuotteelle &ldquo;\u0643\u062a\u0627\u0628 \u0642\u0627\u062f\u0629 \u0644\u0627 \u062a\u0646\u0633\u0649&rdquo; <small><a rel=\"nofollow\" id=\"cancel-comment-reply-link\" href=\"\/fi\/wp-json\/wp\/v2\/pages\/20127#respond\" style=\"display:none;\">Peruuta vastaus<\/a><\/small><\/span><p class=\"must-log-in\" data-no-translation=\"\" data-trp-gettext=\"\">Sinun on <a href=\"https:\/\/tamerbadr.com\/fi\/\">kirjauduttava sis\u00e4\u00e4n<\/a> kun haluat kirjoittaa arvioinnin.<\/p>\t<\/div><!-- #respond -->\n\t\t\t\t<\/div>\n\t\t<\/div>\n\t\n\t<div class=\"clear\"><\/div>\n<\/div>\n\t\t\t<\/div>\n\t\t\n\t\t\t<\/div>\n\n\n\t<section class=\"related products\">\n\n\t\t\t\t\t<h2 data-no-translation=\"\" data-trp-gettext=\"\">Tutustu my\u00f6s<\/h2>\n\t\t\t\t<ul class=\"products columns-4\">\n\n\t\t\t\n\t\t\t\t\t<li class=\"product type-product post-19583 status-publish first instock product_cat-189 has-post-thumbnail downloadable shipping-taxable purchasable product-type-simple\">\n\t<a href=\"https:\/\/tamerbadr.com\/fi\/tuote\/the-book-of-islam-and-war\" class=\"woocommerce-LoopProduct-link woocommerce-loop-product__link\"><img loading=\"lazy\" decoding=\"async\" width=\"2049\" height=\"1401\" src=\"https:\/\/tamerbadr.com\/wp-content\/uploads\/2025\/03\/\u0627\u0644\u0625\u0633\u0644\u0627\u0645-\u0648\u0627\u0644\u062d\u0631\u0628-\u063a\u0644\u0627\u0641-scaled-scaled.jpg\" class=\"attachment-woocommerce_thumbnail size-woocommerce_thumbnail\" alt=\"Kirja islamista ja sodasta\" \/><h2 class=\"woocommerce-loop-product__title\">Kirja islamista ja sodasta<\/h2>\n\t<span class=\"price\"><span class=\"woocommerce-Price-amount amount\"><bdi><span class=\"woocommerce-Price-currencySymbol\">Egyptin punta<\/span>60.00<\/bdi><\/span><\/span>\n<\/a><a href=\"\/fi\/wp-json\/wp\/v2\/pages\/20127?add-to-cart=19583\" aria-describedby=\"woocommerce_loop_add_to_cart_link_describedby_19583\" data-quantity=\"1\" class=\"button product_type_simple add_to_cart_button ajax_add_to_cart\" data-product_id=\"19583\" data-product_sku=\"\" aria-label=\"Lis\u00e4\u00e4 ostoskoriin: \u201c\u0643\u062a\u0627\u0628 \u0627\u0644\u0627\u0633\u0644\u0627\u0645 \u0648\u0627\u0644\u062d\u0631\u0628\u201d\" rel=\"nofollow\" data-success_message=\"\u201c\u0643\u062a\u0627\u0628 \u0627\u0644\u0627\u0633\u0644\u0627\u0645 \u0648\u0627\u0644\u062d\u0631\u0628\u201d on lis\u00e4tty ostoskoriin\" data-no-translation=\"\" data-trp-gettext=\"\" data-no-translation-aria-label=\"\" data-no-translation-data-success_message=\"\">Lis\u00e4\u00e4 ostoskoriin<\/a>\t<span id=\"woocommerce_loop_add_to_cart_link_describedby_19583\" class=\"screen-reader-text\">\n\t\t\t<\/span>\n\n        <script>\n            document.addEventListener('DOMContentLoaded', function(){\n                function getParameterByName(name, url) {\n                    name = name.replace(\/[\\[\\]]\/g, '\\$&');\n                    var regex = new RegExp('[?&]' + name + '(=([^&#]*)|&|#|$)'),\n                        results = regex.exec(url);\n                    if (!results) return null;\n                    if (!results[2]) return '';\n                    return decodeURIComponent(results[2].replace(\/\\+\/g, ' '));\n                }\n\n                document.addEventListener('click', function(event){\n                    const namedItem = event.target.attributes.getNamedItem('data-product_id')\n                    if(!event.target.matches('.ajax_add_to_cart')){\n                        return;\n                    }\n\n                    var item_id = null;\n\n                    if(!namedItem){\n                        try{\n                            item_id = getParameterByName('add-to-cart', new URL(event.target.href).search)\n                        }\n                        catch(e){}\n                    }\n                    else{\n                        item_id = namedItem.value\n                    }\n\n                    if(item_id != 19583){\n                        return;\n                    }\n\n                    gtag('event', 'add_to_cart', {'items': [ {\"item_id\":\"19583\",\"item_name\":\"\\u0643\\u062a\\u0627\\u0628 \\u0627\\u0644\\u0627\\u0633\\u0644\\u0627\\u0645 \\u0648\\u0627\\u0644\\u062d\\u0631\\u0628\",\"list_name\":\"\\u0643\\u062a\\u0627\\u0628 \\u0627\\u0644\\u0627\\u0633\\u0644\\u0627\\u0645 \\u0648\\u0627\\u0644\\u062d\\u0631\\u0628\",\"quantity\":1,\"price\":60,\"item_category\":\"\\u062a\\u0627\\u0631\\u064a\\u062e \\u0639\\u0633\\u0643\\u0631\\u064a\"} ]});\n                })\n\n            });\n        <\/script>\n        <\/li>\n\n\t\t\t\n\t\t\t\t\t<li class=\"product type-product post-19575 status-publish instock product_cat-189 has-post-thumbnail downloadable shipping-taxable purchasable product-type-simple\">\n\t<a href=\"https:\/\/tamerbadr.com\/fi\/tuote\/unforgettable-days-book\" class=\"woocommerce-LoopProduct-link woocommerce-loop-product__link\"><img loading=\"lazy\" decoding=\"async\" width=\"2049\" height=\"1453\" src=\"https:\/\/tamerbadr.com\/wp-content\/uploads\/2025\/03\/\u0623\u064a\u0627\u0645-\u0644\u0627-\u062a\u0646\u0633\u0649-scaled-scaled.jpg\" class=\"attachment-woocommerce_thumbnail size-woocommerce_thumbnail\" alt=\"Unohtumattomien p\u00e4ivien kirja\" \/><h2 class=\"woocommerce-loop-product__title\">Unohtumattomien p\u00e4ivien kirja<\/h2>\n\t<span class=\"price\"><span class=\"woocommerce-Price-amount amount\"><bdi><span class=\"woocommerce-Price-currencySymbol\">Egyptin punta<\/span>60.00<\/bdi><\/span><\/span>\n<\/a><a href=\"\/fi\/wp-json\/wp\/v2\/pages\/20127?add-to-cart=19575\" aria-describedby=\"woocommerce_loop_add_to_cart_link_describedby_19575\" data-quantity=\"1\" class=\"button product_type_simple add_to_cart_button ajax_add_to_cart\" data-product_id=\"19575\" data-product_sku=\"\" aria-label=\"Lis\u00e4\u00e4 ostoskoriin: \u201c\u0643\u062a\u0627\u0628 \u0623\u064a\u0627\u0645 \u0644\u0627 \u062a\u0646\u0633\u0649\u201d\" rel=\"nofollow\" data-success_message=\"\u201c\u0643\u062a\u0627\u0628 \u0623\u064a\u0627\u0645 \u0644\u0627 \u062a\u0646\u0633\u0649\u201d on lis\u00e4tty ostoskoriin\" data-no-translation=\"\" data-trp-gettext=\"\" data-no-translation-aria-label=\"\" data-no-translation-data-success_message=\"\">Lis\u00e4\u00e4 ostoskoriin<\/a>\t<span id=\"woocommerce_loop_add_to_cart_link_describedby_19575\" class=\"screen-reader-text\">\n\t\t\t<\/span>\n\n        <script>\n            document.addEventListener('DOMContentLoaded', function(){\n                function getParameterByName(name, url) {\n                    name = name.replace(\/[\\[\\]]\/g, '\\$&');\n                    var regex = new RegExp('[?&]' + name + '(=([^&#]*)|&|#|$)'),\n                        results = regex.exec(url);\n                    if (!results) return null;\n                    if (!results[2]) return '';\n                    return decodeURIComponent(results[2].replace(\/\\+\/g, ' '));\n                }\n\n                document.addEventListener('click', function(event){\n                    const namedItem = event.target.attributes.getNamedItem('data-product_id')\n                    if(!event.target.matches('.ajax_add_to_cart')){\n                        return;\n                    }\n\n                    var item_id = null;\n\n                    if(!namedItem){\n                        try{\n                            item_id = getParameterByName('add-to-cart', new URL(event.target.href).search)\n                        }\n                        catch(e){}\n                    }\n                    else{\n                        item_id = namedItem.value\n                    }\n\n                    if(item_id != 19575){\n                        return;\n                    }\n\n                    gtag('event', 'add_to_cart', {'items': [ {\"item_id\":\"19575\",\"item_name\":\"\\u0643\\u062a\\u0627\\u0628 \\u0623\\u064a\\u0627\\u0645 \\u0644\\u0627 \\u062a\\u0646\\u0633\\u0649\",\"list_name\":\"\\u0643\\u062a\\u0627\\u0628 \\u0623\\u064a\\u0627\\u0645 \\u0644\\u0627 \\u062a\\u0646\\u0633\\u0649\",\"quantity\":1,\"price\":60,\"item_category\":\"\\u062a\\u0627\\u0631\\u064a\\u062e \\u0639\\u0633\\u0643\\u0631\\u064a\"} ]});\n                })\n\n            });\n        <\/script>\n        <\/li>\n\n\t\t\t\n\t\t<\/ul>\n\n\t<\/section>\n\t<\/div>\n\n\t\t\t<\/div>\n\t\t\t<\/div>\t\t\t\t<\/div>\n\t\t\t\t<\/div>\n\t\t\t\t<\/div>\n\t\t\t\t\t<\/div>\n\t\t\t\t<\/div>\n\t\t\t\t<\/div>","protected":false},"excerpt":{"rendered":"","protected":false},"author":1,"featured_media":0,"parent":0,"menu_order":0,"comment_status":"closed","ping_status":"closed","template":"elementor_header_footer","meta":{"_seopress_robots_primary_cat":"","_seopress_titles_title":"","_seopress_titles_desc":"","_seopress_robots_index":"","inline_featured_image":false,"_uf_show_specific_survey":0,"_uf_disable_surveys":false,"footnotes":""},"class_list":["post-20127","page","type-page","status-publish"],"_links":{"self":[{"href":"https:\/\/tamerbadr.com\/fi\/wp-json\/wp\/v2\/pages\/20127","targetHints":{"allow":["GET"]}}],"collection":[{"href":"https:\/\/tamerbadr.com\/fi\/wp-json\/wp\/v2\/pages"}],"about":[{"href":"https:\/\/tamerbadr.com\/fi\/wp-json\/wp\/v2\/types\/page"}],"author":[{"embeddable":true,"href":"https:\/\/tamerbadr.com\/fi\/wp-json\/wp\/v2\/users\/1"}],"replies":[{"embeddable":true,"href":"https:\/\/tamerbadr.com\/fi\/wp-json\/wp\/v2\/comments?post=20127"}],"version-history":[{"count":0,"href":"https:\/\/tamerbadr.com\/fi\/wp-json\/wp\/v2\/pages\/20127\/revisions"}],"wp:attachment":[{"href":"https:\/\/tamerbadr.com\/fi\/wp-json\/wp\/v2\/media?parent=20127"}],"curies":[{"name":"wp","href":"https:\/\/api.w.org\/{rel}","templated":true}]}}