{"id":19585,"date":"2025-03-16T21:59:57","date_gmt":"2025-03-16T21:59:57","guid":{"rendered":"https:\/\/white-ant-267257.hostingersite.com\/?post_type=product&#038;p=19585"},"modified":"2025-07-13T07:17:53","modified_gmt":"2025-07-13T07:17:53","slug":"the-book-of-the-characteristics-of-the-shepherd-and-the-flock","status":"publish","type":"product","link":"https:\/\/tamerbadr.com\/et\/toode\/the-book-of-the-characteristics-of-the-shepherd-and-the-flock","title":{"rendered":"Karjase ja karja iseloomustusraamat"},"content":{"rendered":"<h1 style=\"text-align: center;\"><strong>Sissejuhatus raamatusse &quot;Karjase ja karja iseloomustus&quot;<\/strong><\/h1>\n<h1 style=\"text-align: center;\">Islamil on selge ja terviklik l\u00e4henemine valitseja ja tema alamate vahelistele suhetele. Teadlased on seda suhet k\u00e4sitlenud islami poliitikat k\u00e4sitlevates raamatutes, sealhulgas m\u00f5lema poole kohustusi ja \u00f5igusi, n\u00e4idates, et islamil on oma eluviis. Poliitilisest vaatenurgast, mis puudutab valitseja ja tema alamate vahelisi suhteid, pole islami ajaloos tuntud kindlat islami valitsemiss\u00fcsteemi. Islam, l\u00f5plik jumalik seadus, ei kehtestanud kindlat s\u00fcsteemi, mida moslemitele igal ajal ja igal pool peale suruda. Pigem kehtestas see \u00fcldised p\u00f5him\u00f5tted, mis sobivad igale ajale ja igale kohale, s\u00fcvenemata detailidesse, meetoditesse ja erip\u00e4radesse, mis oma olemuselt arenevad ja muutuvad koos aja ja koha muutuvate oludega, nii et iga rahvas saab arvestada sellega, mis sobib tema oludega ja mida tema huvid n\u00f5uavad.<\/h1>\n<h1 style=\"text-align: center;\">Seega, mis puudutab riigiteooriat, siis islam ei seadnud seadusi poliitilisele s\u00fcsteemile, mis ei alluks muutustele ega \u00fcmbertegemisele, ega s\u00fcvenenud detailidesse absoluutsete, l\u00f5plike v\u00e4\u00e4rtustega. Pigem kehtestas see vaid \u00fcldised p\u00f5him\u00f5tted ja k\u00f5ikeh\u00f5lmavad reeglid, millel see teooria peaks p\u00f5hinema. Islami riigiteooria (detailide ja erip\u00e4rade osas), nagu k\u00f5ik teisedki islami poliitilised teooriad, allub muutustele, \u00fcmbertegemisele ja t\u00e4iendamisele. Selle formuleeringud ei ole l\u00f5plikud ega absoluutsed ega ole ka j\u00e4iga vormi alla seatud. Islam lubab poliitiliste teooriate arendamist ja muutmist, mida moslemi\u00f5petlased on p\u00fc\u00fcdnud s\u00f5nastada vastavalt ajastu n\u00f5uetele ning aja ja koha oludele.<\/h1>\n<h1 style=\"text-align: center;\">Islami ja tsiviilriigi, islami ja kodakondsuse v\u00f5i islami ja arvamus- ja usuvabaduse vahel pole mingit l\u00f5het. Need, kes eeldavad l\u00f5het islami ja k\u00f5igi nende t\u00e4nap\u00e4evaste ideede vahel, ei m\u00f5ista ise islami t\u00f5elist olemust ega loe prohveti (rahu ja \u00f5nnistused olgu temaga) ja tema \u00f5ilsate kaaslaste (olgu Allah nendega rahul) ajalugu \u00f5igesti v\u00f5i \u00f5iglaselt. Seet\u00f5ttu on islami riigil oma erip\u00e4rad, just nagu islami valitsuss\u00fcsteemil on oma alused: Jumalale allumine, \u00f5iglus, konsulteerimine ja selle kohustus, v\u00f5rdsus, v\u00f5imulolijate kuulekus, kohustus n\u00f5ustada v\u00f5imulolijaid, valitseja v\u00f5i karjase vastutus ja tema allumine kohtus\u00fcsteemi ja rahva j\u00e4relevalvele, rahva poliitiline \u00fchtsus, \u00f5iguste ja kohustuste tagamine ning vabadus. Need alused esindavad islami s\u00fcsteemi tuuma ja aluseid, mis k\u00f5ige enam v\u00e4ljendavad selle ainulaadsust. Olen p\u00fc\u00fcdnud seda oma raamatus nii palju kui v\u00f5imalik k\u00e4sitleda.<\/h1>\n<h1 style=\"text-align: center;\">L\u00f5petuseks palun ma K\u00f5igev\u00e4elist Jumalat, et ta teeks mu t\u00f6\u00f6d siiralt Tema p\u00e4rast, premeeriks mind iga kirjutatud s\u00f5na eest, asetaks selle minu heade tegude hulka ja premeeriks mu vendi, kes aitasid mind k\u00f5igega, mis neil selle raamatu valmimiseks oli.<\/h1>\n<h1 style=\"text-align: center;\">\u201eAu olgu Sulle, oo Jumal, ja kiitus olgu Sulle. Ma tunnistan, et pole teist jumalat peale Sinu. Ma otsin Sinu andestust ja kahetsen Sinu ees. Meie viimane palve on: Kogu kiitus kuulub Jumalale, maailmade Issandale.\u201c<\/h1>\n<h1 style=\"text-align: center;\">Vaene, kes vajab oma Issanda andestust ja andestust<\/h1>\n<h1 style=\"text-align: center;\">Tamer Badr<\/h1>\n<h1 style=\"text-align: center;\">P\u00fchap\u00e4eval, Rajabi 3. kuup\u00e4eval, 14.40 AH<\/h1>\n<h1 style=\"text-align: center;\">10. m\u00e4rts 2019<\/h1>","protected":false},"excerpt":{"rendered":"<p>\u0645\u0642\u062f\u0645\u0629 \u0643\u062a\u0627\u0628 \u0635\u0641\u0629 \u0627\u0644\u0631\u0627\u0639\u064a \u0648\u0627\u0644\u0631\u0639\u064a\u0629 \u0644\u0642\u062f \u0648\u0636\u0639 \u0627\u0644\u0625\u0633\u0644\u0627\u0645 \u0645\u0646\u0647\u062c\u064b\u0627 \u0628\u064a\u0651\u0650\u0646\u064b\u0627 \u0648\u0648\u0627\u0641\u064a\u064b\u0627 \u0641\u064a \u0627\u0644\u0639\u0644\u0627\u0642\u0629 \u0628\u064a\u0646 \u0627\u0644\u0631\u0627\u0639\u064a \u0648\u0627\u0644\u0631\u0639\u064a\u0629\u060c \u0648\u0628\u064e\u062d\u064e\u062b\u064e \u0623\u0647\u0644\u064f \u0627\u0644\u0639\u0644\u0645 \u0641\u064a \u0643\u062a\u0628 \u0627\u0644\u0633\u064a\u0627\u0633\u0629 \u0627\u0644\u0634\u0631\u0639\u064a\u0629 \u0645\u0627 \u064a\u062a\u0639\u0644\u0651\u064e\u0642 \u0628\u0647\u0630\u0647 \u0627\u0644\u0639\u0644\u0627\u0642\u0629\u060c \u0648\u0648\u0627\u062c\u0628\u0627\u062a \u0643\u0644 \u0645\u0646 \u0627\u0644\u0637\u0631\u0641\u064a\u0646 \u0648\u062d\u0642\u0648\u0642\u0647 \u0639\u0644\u0649 \u0648\u062c\u0647 \u064a\u064f\u0628\u064e\u064a\u0651\u0650\u0646 \u0623\u0646 \u0627\u0644\u0625\u0633\u0644\u0627\u0645 \u0644\u0647 \u0646\u0638\u0627\u0645\u0647 \u0627\u0644\u062e\u0627\u0635 \u0645\u0646\u0647\u062c\u064b\u0627 \u0644\u0644\u062d\u064a\u0627\u0629\u061b \u0648\u0645\u0646 \u0627\u0644\u0646\u0627\u062d\u064a\u0629 \u0627\u0644\u0633\u064a\u0627\u0633\u064a\u0629 \u0641\u064a\u0645\u0627 \u064a\u062a\u0639\u0644\u0642 \u0628\u0639\u0644\u0627\u0642\u0629 \u0627\u0644\u0625\u0645\u0627\u0645 \u0648\u0631\u0639\u064a\u062a\u0647 \u0645\u0646 \u0627\u0644\u0645\u0648\u0627\u0637\u0646\u064a\u0646 \u0641\u0644\u0645 \u064a\u0639\u0631\u0641 \u0627\u0644\u062a\u0627\u0631\u064a\u062e [&hellip;]<\/p>","protected":false},"featured_media":19692,"comment_status":"open","ping_status":"closed","template":"","meta":{"_seopress_robots_primary_cat":"","_seopress_titles_title":"","_seopress_titles_desc":"","_seopress_robots_index":"","inline_featured_image":false,"_uf_show_specific_survey":0,"_uf_disable_surveys":false},"product_brand":[],"product_cat":[187],"product_tag":[],"class_list":{"0":"post-19585","1":"product","2":"type-product","3":"status-publish","4":"has-post-thumbnail","6":"product_cat-187","8":"first","9":"instock","10":"downloadable","11":"shipping-taxable","12":"purchasable","13":"product-type-simple"},"_links":{"self":[{"href":"https:\/\/tamerbadr.com\/et\/wp-json\/wp\/v2\/product\/19585","targetHints":{"allow":["GET"]}}],"collection":[{"href":"https:\/\/tamerbadr.com\/et\/wp-json\/wp\/v2\/product"}],"about":[{"href":"https:\/\/tamerbadr.com\/et\/wp-json\/wp\/v2\/types\/product"}],"replies":[{"embeddable":true,"href":"https:\/\/tamerbadr.com\/et\/wp-json\/wp\/v2\/comments?post=19585"}],"wp:featuredmedia":[{"embeddable":true,"href":"https:\/\/tamerbadr.com\/et\/wp-json\/wp\/v2\/media\/19692"}],"wp:attachment":[{"href":"https:\/\/tamerbadr.com\/et\/wp-json\/wp\/v2\/media?parent=19585"}],"wp:term":[{"taxonomy":"product_brand","embeddable":true,"href":"https:\/\/tamerbadr.com\/et\/wp-json\/wp\/v2\/product_brand?post=19585"},{"taxonomy":"product_cat","embeddable":true,"href":"https:\/\/tamerbadr.com\/et\/wp-json\/wp\/v2\/product_cat?post=19585"},{"taxonomy":"product_tag","embeddable":true,"href":"https:\/\/tamerbadr.com\/et\/wp-json\/wp\/v2\/product_tag?post=19585"}],"curies":[{"name":"t\u00f6\u00f6leht","href":"https:\/\/api.w.org\/{rel}","templated":true}]}}