{"id":19582,"date":"2025-03-16T21:56:12","date_gmt":"2025-03-16T21:56:12","guid":{"rendered":"https:\/\/white-ant-267257.hostingersite.com\/?post_type=product&#038;p=19582"},"modified":"2025-07-13T07:21:17","modified_gmt":"2025-07-13T07:21:17","slug":"unforgettable-countries-book","status":"publish","type":"product","link":"https:\/\/tamerbadr.com\/et\/toode\/unforgettable-countries-book","title":{"rendered":"Unustamatute riikide raamat"},"content":{"rendered":"<h1 style=\"text-align: center;\"><strong>Professor dr Ragheb El-Sergany sissejuhatus raamatule &quot;Unustamatud riigid&quot;<\/strong><\/h1>\n<h1 style=\"text-align: center;\">Paljud moonutajad ja v\u00f5ltsijad levitavad ideed, et islami ajaloos pole hiilgavat minevikku, v\u00e4lja arvatud S\u00f5numitooja (Jumal \u00f5nnistagu ja andku talle rahu), Abu Bakri ja Umari (Jumal olgu nendega rahul) perioodil. See v\u00f5ltsimine k\u00fclvab moslemite s\u00fcdametes frustratsiooni ja paneb neid tundma, et nende \u00fclest\u00f5usu v\u00f5imalus on muutunud v\u00e4ga kaugeks ning et islami l\u00e4henemine ei suuda riiki \u00fcles ehitada ega rahvast taaselustada. K\u00f5ik see on vastuolus t\u00f5ega ja kaugel t\u00f5est. Seet\u00f5ttu on tungiv vajadus selgitada meie rahva ajaloo erinevaid etappe ning seda, et rahvas, \u00fcksk\u00f5ik kui n\u00f5rgaks see ka ei muutuks, t\u00f5useb uuesti ja kui selle lipp \u00fches kohas langeb, heisatakse selle lipud mujal. Ja et Jumala seadus on, et j\u00e4\u00e4vad alles siirad moslemid, kes toetavad selle rahva eesm\u00e4rki ja s\u00e4ilitavad selle v\u00e4\u00e4rikuse. See on Jumala S\u00f5numitooja (Jumal \u00f5nnistagu ja andku talle rahu) hadithi t\u00f5de: &quot;Minu rahva r\u00fchm on alati v\u00f5idukas selle \u00fcle, kes iganes...&quot;<\/h1>\n<h1 style=\"text-align: center;\">Nad r\u00fcndavad neid, alistades nad, ja need, kes neile vastu seisavad, ei tee neile kahju enne, kui Allahi k\u00e4sk neile tuleb, ja nad j\u00e4\u00e4vadki selliseks. (Jutustanud Al-Bukhari ja Muslim)<\/h1>\n<h1 style=\"text-align: center;\">Jumala S\u00f5numitooja, \u00f5nnistagu Jumal teda ja andku talle rahu, oli meile suurep\u00e4raseks eeskujuks riigi rajamisel ja rahva \u00fclesehitamisel. Seda tehes p\u00f5rkas ta kokku tolleaegsete r\u00f5humisj\u00f5ududega, keda esindasid Araabia poolsaare uskmatud eesotsas Meka uskmatutega, ja juudid oma erinevate h\u00f5imudega, aga ka hiiglaslik Rooma impeerium. Vaatamata sellele kohutavale kokkup\u00f5rkele m\u00e4\u00e4ras K\u00f5igev\u00e4eline Jumal talle v\u00f5idu ja edu, kuni tema riik oli rajatud noore ja uhke rahvana.<\/h1>\n<h1 style=\"text-align: center;\">P\u00e4rast Allahi S\u00f5numitoojat (rahu ja \u00f5nnistus olgu temaga) ehitasid \u00d5igesti Juhitud Kaliifid tugeva ja suure riigi, mis suutis h\u00e4vitada Khosrau ja Caesari troonid ning asetada moslemid maailma etteotsa ja edestada k\u00f5iki poliitiliselt, majanduslikult, teaduslikult, kultuuriliselt ja moraalselt. Enne ja p\u00e4rast seda k\u00f5ike edestas see neid doktriini poolest, seega suutis ta oma religiooni abil oma maailma reformida ja oma Issanda seaduse abil oma riigis elustandardit t\u00f5sta ning saavutas keerulise v\u00f5rrandi, mis \u00fchendab \u00f5nne m\u00f5lemas maailmas: selles maailmas ja teispoolsuses.<\/h1>\n<h1 style=\"text-align: center;\">Islamiriigi teekond ei peatunud \u00d5igesti Juhitavate Kaliifide ajal, vaid pigem j\u00e4tkas see oma tsivilisatsioonilist teekonda koos suurte ja \u00f5ilsate rahvastega, kes saavutasid hiilguse ja au ning t\u00f5stsid moslemite nime k\u00f5ikjal k\u00f5rgele. Seal olid Umayyadide ja Abbasiidide kaliifaadid, Ayyubiidide ja Mamelukkide riigid, suur Osmanite kaliifaat ning paljud Andaluusia ajaloo v\u00f5imsad rahvad. Siin ja seal oli ka teisi rahvaid, kes muutsid inimkonna kulgu imelise ja positiivse muutusega, mis lisab selle hiiglasliku rahva, islamiriigi, au.<\/h1>\n<h1 style=\"text-align: center;\">See hiilgav ajalugu on kogu maailma parim ajalugu, kuid sellest teavad vaid v\u00e4hesed inimesed. Kahjuks on isegi moslemid ise sellest kuulsusrikkast ajaloost teadmatud. Seet\u00f5ttu olen v\u00e4ga \u00f5nnelik, kui n\u00e4en raamatut v\u00f5i m\u00f5nda kirjandus- v\u00f5i kunstiteost, mis taastab moslemitele nende kuulsusrikka ajaloo t\u00f5elise pildi ning suurendab nende uhkust ja au selle \u00fclla rahva \u00fcle.<\/h1>\n<h1 style=\"text-align: center;\">Meie ees on \u00fcks neist v\u00e4\u00e4rtuslikest raamatutest, mille autor, hr Tamer Badr, oli innukas j\u00e4lgima meie ajaloo erinevaid hiilguse etappe algusest l\u00f5puni, tutvustades meile selle ajaloo suuri aardeid ja r\u00e4\u00e4kides mitme islamiriigi ajaloost, mis on moslemite nime k\u00f5rgele taevasse t\u00f5stnud.<\/h1>\n<h1 style=\"text-align: center;\">See on ilus raamat, elegantselt kirjutatud ja kaunilt esitletud, sisaldades rohkelt t\u00e4pset teavet ning lisades meie islami raamatukogule kauni raamatu, mille \u00fcle iga moslem uhke on.<\/h1>\n<h1 style=\"text-align: center;\">Oh Jumal, tee see pingutus kirjutajale heaks teoks ja tee need read heaks teoks k\u00f5igile, kes neid loevad...<\/h1>\n<h1 style=\"text-align: center;\">Ma palun Jumalat, et ta \u00fclistaks islamit ja moslemeid<\/h1>\n<h1 style=\"text-align: center;\">Professor dr Ragheb Al-Sergani<\/h1>\n<h1 style=\"text-align: center;\">Kairo, mai 2012<\/h1>","protected":false},"excerpt":{"rendered":"<p>\u0645\u0642\u062f\u0645\u0629 \u0627\u0644\u0627\u0633\u062a\u0627\u0630 \u0627\u0644\u062f\u0643\u062a\u0648\u0631 \u0631\u0627\u063a\u0628 \u0627\u0644\u0633\u0631\u062c\u0627\u0646\u064a \u0644\u0643\u062a\u0627\u0628 \u062f\u0648\u0644 \u0644\u0627 \u062a\u0646\u0633\u0649 \u064a\u0634\u064a\u0639 \u0643\u062b\u064a\u0631 \u0645\u0646 \u0627\u0644\u0645\u062d\u0631\u0641\u064a\u0646 \u0648\u0627\u0644\u0645\u0632\u0648\u0631\u064a\u0646 \u0623\u0646 \u0627\u0644\u062a\u0627\u0631\u064a\u062e \u0627\u0644\u0625\u0633\u0644\u0627\u0645\u064a \u0644\u0627 \u064a\u062d\u0648\u064a \u0645\u0627\u0636\u064a\u0627 \u0645\u062c\u064a\u062f\u0627\u061b \u0625\u0644\u0627 \u0641\u064a \u0641\u062a\u0631\u0629 \u0627\u0644\u0631\u0633\u0648\u0644 \ufdfa \u0648\u0623\u0628\u064a \u0628\u0643\u0631 \u0648\u0639\u0645\u0631 \u0631\u0636\u064a \u0627\u0644\u0644\u0647 \u0639\u0646\u0647\u0645\u0627 \u060c \u0648\u0644\u064a\u0633 \u0647\u0630\u0627 \u0627\u0644\u062a\u0632\u0648\u064a\u0631 \u0625\u0644\u0627 \u0644\u0628\u062b \u0627\u0644\u0625\u062d\u0628\u0627\u0637 \u0641\u064a \u0642\u0644\u0648\u0628 \u0627\u0644\u0645\u0633\u0644\u0645\u064a\u0646 \u0648\u0625\u0634\u0639\u0627\u0631\u0647\u0645 \u0623\u0646 \u0627\u062d\u062a\u0645\u0627\u0644\u064a\u0629 \u0642\u064a\u0627\u0645\u0647\u0645 \u0635\u0627\u0631\u062a \u0628\u0639\u064a\u062f\u0629 \u062c\u062f\u0627\u060c \u0648\u0623\u0646 \u0627\u0644\u0645\u0646\u0647\u062c \u0627\u0644\u0625\u0633\u0644\u0627\u0645\u064a \u063a\u064a\u0631 \u0642\u0627\u062f\u0631 \u0639\u0644\u0649 [&hellip;]<\/p>","protected":false},"featured_media":19690,"comment_status":"open","ping_status":"closed","template":"","meta":{"_seopress_robots_primary_cat":"","_seopress_titles_title":"","_seopress_titles_desc":"","_seopress_robots_index":"","inline_featured_image":false,"_uf_show_specific_survey":0,"_uf_disable_surveys":false},"product_brand":[],"product_cat":[190],"product_tag":[],"class_list":{"0":"post-19582","1":"product","2":"type-product","3":"status-publish","4":"has-post-thumbnail","6":"product_cat-190","8":"first","9":"instock","10":"downloadable","11":"shipping-taxable","12":"purchasable","13":"product-type-simple"},"_links":{"self":[{"href":"https:\/\/tamerbadr.com\/et\/wp-json\/wp\/v2\/product\/19582","targetHints":{"allow":["GET"]}}],"collection":[{"href":"https:\/\/tamerbadr.com\/et\/wp-json\/wp\/v2\/product"}],"about":[{"href":"https:\/\/tamerbadr.com\/et\/wp-json\/wp\/v2\/types\/product"}],"replies":[{"embeddable":true,"href":"https:\/\/tamerbadr.com\/et\/wp-json\/wp\/v2\/comments?post=19582"}],"wp:featuredmedia":[{"embeddable":true,"href":"https:\/\/tamerbadr.com\/et\/wp-json\/wp\/v2\/media\/19690"}],"wp:attachment":[{"href":"https:\/\/tamerbadr.com\/et\/wp-json\/wp\/v2\/media?parent=19582"}],"wp:term":[{"taxonomy":"product_brand","embeddable":true,"href":"https:\/\/tamerbadr.com\/et\/wp-json\/wp\/v2\/product_brand?post=19582"},{"taxonomy":"product_cat","embeddable":true,"href":"https:\/\/tamerbadr.com\/et\/wp-json\/wp\/v2\/product_cat?post=19582"},{"taxonomy":"product_tag","embeddable":true,"href":"https:\/\/tamerbadr.com\/et\/wp-json\/wp\/v2\/product_tag?post=19582"}],"curies":[{"name":"t\u00f6\u00f6leht","href":"https:\/\/api.w.org\/{rel}","templated":true}]}}