{"id":19581,"date":"2025-03-16T21:53:58","date_gmt":"2025-03-16T21:53:58","guid":{"rendered":"https:\/\/white-ant-267257.hostingersite.com\/?post_type=product&#038;p=19581"},"modified":"2025-07-13T07:21:59","modified_gmt":"2025-07-13T07:21:59","slug":"unforgettable-leaders-book","status":"publish","type":"product","link":"https:\/\/tamerbadr.com\/et\/toode\/unforgettable-leaders-book","title":{"rendered":"Unustamatute juhtide raamat"},"content":{"rendered":"<h1 style=\"text-align: center;\"><strong>Professor dr Ragheb El-Sergany sissejuhatus raamatule &quot;Unustamatud juhid&quot;<\/strong><\/h1>\n<h1 style=\"text-align: center;\">Islamiriigi ajaloos on mehi, kes valgustasid ajalugu neile, kes tulid p\u00e4rast neid, mehi, kes paistsid silma igas valdkonnas.<\/h1>\n<h1 style=\"text-align: center;\">V\u00f5ib-olla ei leia te \u00fchegi rahva ajaloost nii palju s\u00e4ravaid tegelasi. Ibn Umari autoriteedil, olgu Jumal temaga rahul, kes \u00fctles: Jumala S\u00f5numitooja, \u00f5nnistagu Jumal teda ja andku talle rahu, \u00fctles: \u201eTe leiate inimesi kogunemas sajas kohas ja mitte \u00fckski mees ei leia nende seast m\u00e4ge.\u201c Jutustanud Al-Bukhari ja Muslim.<\/h1>\n<h1 style=\"text-align: center;\">Seega on \u00fcldise ajaloo silmapaistvaid mehi v\u00e4he, kuid paljud neist v\u00e4hestest on ilmunud ja silma paistnud islami ajaloos ja islami tsivilisatsioonis.<\/h1>\n<h1 style=\"text-align: center;\">Islamiriik s\u00fcndis vapratest ja kangelaslikest mud\u017eahideenidest. Islami ajalugu on teadnud, kuidas paljud juhid kerkisid esile ja viisid islami armeed suurte v\u00f5itudeni, t\u00e4nu K\u00f5igev\u00e4elisele Jumalale ning seej\u00e4rel oma geeniusele ja julgusele!<\/h1>\n<h1 style=\"text-align: center;\">Islamis ei olnud juhtide m\u00e4\u00e4ramisel vanus, vaid pigem p\u00e4devus ja v\u00f5imekus m\u00e4\u00e4ravaks teguriks. Jumala S\u00f5numitooja (\u00f5nnistagu Jumal teda ja andku talle rahu) valis roomlaste vastu v\u00f5itlemiseks armeed juhtima kaheksateistaastase Usama bin Zaidi, kelle juhtimisel olid Abu Bakr ja Umar bin Al-Khattab.<\/h1>\n<h1 style=\"text-align: center;\">Ka islami usku esimesena omaksv\u00f5tmine polnud tegur. Jumala S\u00f5numitooja (\u00f5nnistagu ja andku talle rahu) m\u00e4\u00e4ras Amr ibn al-Aasi (olgu Jumal temaga rahul) Dhat al-Salasili lahingus vanemate kaaslaste \u00fclemaks, kuigi ta oli islami usku p\u00f6\u00f6rdunud vaid paar p\u00e4eva varem. Samamoodi juhtis Khalid ibn al-Walid (olgu Jumal temaga rahul) vanemaid kaaslasi Mu&#039;tahi lahingus, kuigi ta oli hiljuti islami usku p\u00f6\u00f6rdunud.<\/h1>\n<h1 style=\"text-align: center;\">Islami ajaloos olid juhtide valiku kriteeriumid objektiivsed ja seotud \u00fcksnes p\u00e4devusega. Seet\u00f5ttu on islami tsivilisatsioon kogu oma ajaloo jooksul loonud erakordseid juhte, kellest polnud kellelgi teisel v\u00f5rreldavat.<\/h1>\n<h1 style=\"text-align: center;\">P\u00e4rast seda said moslemid teada, et nad peavad ette valmistama tulevasi juhte; seet\u00f5ttu leiame ratsakunsti, d\u017eihaadi ja vibulaskmise v\u00e4lja\u00f5ppe leviku.<\/h1>\n<h1 style=\"text-align: center;\">Islami juhtimise ajalugu on rikas s\u00fcgavate t\u00e4henduste, kontseptsioonide ja ainulaadsete isiksuste poolest; seega on see raamat oluline.<\/h1>\n<h1 style=\"text-align: center;\">Autor, vend Tamer Badr \u2013 jumal hoidku teda \u2013 oli huvitatud moslemijuhtide elulugude uurimisest ja esitles neid meile...<\/h1>\n<h1 style=\"text-align: center;\">Lihtne, elegantne ja kokkuv\u00f5tlik stiil, milles ta t\u00f5i v\u00e4lja k\u00f5ige olulisemad punktid, mida rahvas vajab, et m\u00f5ista, kuidas see oli.<\/h1>\n<h1 style=\"text-align: center;\">Juhid on ette valmistatud, et saaksite neist uusi p\u00f5lvkondi kasvatada.<\/h1>\n<h1 style=\"text-align: center;\">Nagu autor meid oma eelmises raamatus (\u201eUnustamatud p\u00e4evad\u201c) harjutas, on see raamat stiililt haarav. Kui olete lugema hakanud, tunnete end sunnitud lugemist l\u00f5puni j\u00e4tkama.<\/h1>\n<h1 style=\"text-align: center;\">Ma palun K\u00f5igev\u00e4elist Jumalat, et ta aktsepteeriks autori pingutusi tema raamatu kallal, annaks raamatule tunnustuse ja tooks selle kaudu kasu moslemitele. Tema on selle Kaitsja ja suudab seda teha.<\/h1>\n<h1 style=\"text-align: center;\">\u00a0Professor dr Ragheb Al-Sergani<\/h1>\n<h1 style=\"text-align: center;\">Kairos 2011. aasta novembris<\/h1>","protected":false},"excerpt":{"rendered":"<p>\u0645\u0642\u062f\u0645\u0629 \u0627\u0644\u0627\u0633\u062a\u0627\u0630 \u0627\u0644\u062f\u0643\u062a\u0648\u0631 \u0631\u0627\u063a\u0628 \u0627\u0644\u0633\u0631\u062c\u0627\u0646\u064a \u0644\u0643\u062a\u0627\u0628 \u0642\u0627\u062f\u0629 \u0644\u0627 \u062a\u0646\u0633\u0649 \u0641\u064a \u062a\u0627\u0631\u064a\u062e \u0623\u064f\u0645\u0629 \u0627\u0644\u0625\u0633\u0644\u0627\u0645 \u0631\u062c\u0627\u0644 \u0623\u0636\u0627\u0621\u0648\u0627 \u0627\u0644\u062a\u0627\u0631\u064a\u062e \u0644\u0645\u0646 \u062c\u0627\u0621 \u0628\u0639\u062f\u0647\u0645\u060c \u0631\u062c\u0627\u0644 \u062a\u0645\u064a\u0632\u0648\u0627 \u0641\u064a \u0643\u0644 \u0645\u062c\u0627\u0644\u060c \u0648\u0631\u0628\u0645\u0627 \u0644\u0627 \u062a\u062c\u062f \u0641\u064a \u062a\u0627\u0631\u064a\u062e \u0623\u064f\u0645\u0629 \u0645\u0646 \u0627\u0644\u0623\u0645\u0645 \u0647\u0630\u0627 \u0627\u0644\u0639\u062f\u062f \u0645\u0646 \u0627\u0644\u0631\u0645\u0648\u0632 \u0627\u0644\u0644\u0627\u0645\u0639\u0629\u061b \u0641\u0639\u0646 \u0627\u0628\u0646 \u0639\u0645\u0631 \u0631\u0636\u064a \u0627\u0644\u0644\u0647 \u0639\u0646\u0647 \u0642\u0627\u0644: \u0642\u0627\u0644 \u0631\u0633\u0648\u0644 \u0627\u0644\u0644\u0647 \ufdfa: \u00ab\u062a\u064e\u062c\u0650\u062f\u064f\u0648\u0646\u064e \u0627\u0644\u0646\u0651\u064e\u0627\u0633\u064e \u0643\u064e\u0627\u0628\u0650\u0644 \u0645\u0650\u0627\u0626\u064e\u0629\u064d \u0644\u064e\u0627 \u064a\u064e\u062c\u0650\u062f\u064f \u0627\u0644\u0631\u0651\u064e\u062c\u064f\u0644\u064f [&hellip;]<\/p>","protected":false},"featured_media":19693,"comment_status":"open","ping_status":"closed","template":"","meta":{"_seopress_robots_primary_cat":"","_seopress_titles_title":"","_seopress_titles_desc":"","_seopress_robots_index":"","inline_featured_image":false,"_uf_show_specific_survey":0,"_uf_disable_surveys":false},"product_brand":[],"product_cat":[189],"product_tag":[],"class_list":{"0":"post-19581","1":"product","2":"type-product","3":"status-publish","4":"has-post-thumbnail","6":"product_cat-189","8":"first","9":"instock","10":"downloadable","11":"shipping-taxable","12":"purchasable","13":"product-type-simple"},"_links":{"self":[{"href":"https:\/\/tamerbadr.com\/et\/wp-json\/wp\/v2\/product\/19581","targetHints":{"allow":["GET"]}}],"collection":[{"href":"https:\/\/tamerbadr.com\/et\/wp-json\/wp\/v2\/product"}],"about":[{"href":"https:\/\/tamerbadr.com\/et\/wp-json\/wp\/v2\/types\/product"}],"replies":[{"embeddable":true,"href":"https:\/\/tamerbadr.com\/et\/wp-json\/wp\/v2\/comments?post=19581"}],"wp:featuredmedia":[{"embeddable":true,"href":"https:\/\/tamerbadr.com\/et\/wp-json\/wp\/v2\/media\/19693"}],"wp:attachment":[{"href":"https:\/\/tamerbadr.com\/et\/wp-json\/wp\/v2\/media?parent=19581"}],"wp:term":[{"taxonomy":"product_brand","embeddable":true,"href":"https:\/\/tamerbadr.com\/et\/wp-json\/wp\/v2\/product_brand?post=19581"},{"taxonomy":"product_cat","embeddable":true,"href":"https:\/\/tamerbadr.com\/et\/wp-json\/wp\/v2\/product_cat?post=19581"},{"taxonomy":"product_tag","embeddable":true,"href":"https:\/\/tamerbadr.com\/et\/wp-json\/wp\/v2\/product_tag?post=19581"}],"curies":[{"name":"t\u00f6\u00f6leht","href":"https:\/\/api.w.org\/{rel}","templated":true}]}}