{"id":20137,"date":"2025-03-19T15:40:18","date_gmt":"2025-03-19T15:40:18","guid":{"rendered":"https:\/\/white-ant-267257.hostingersite.com\/?page_id=20137"},"modified":"2025-04-06T08:18:15","modified_gmt":"2025-04-06T08:18:15","slug":"the-book-of-the-virtue-of-patience-in-the-face-of-adversity","status":"publish","type":"page","link":"https:\/\/tamerbadr.com\/et\/the-book-of-the-virtue-of-patience-in-the-face-of-adversity","title":{"rendered":"Raamat kannatlikkusest raskuste ees"},"content":{"rendered":"<div data-elementor-type=\"wp-page\" data-elementor-id=\"20137\" class=\"elementor elementor-20137\" data-elementor-post-type=\"page\">\n\t\t\t\t<div class=\"elementor-element elementor-element-c8c7aab e-flex e-con-boxed e-con e-parent\" data-id=\"c8c7aab\" data-element_type=\"container\">\n\t\t\t\t\t<div class=\"e-con-inner\">\n\t\t<div class=\"elementor-element elementor-element-6483b1a e-con-full e-flex e-con e-child\" data-id=\"6483b1a\" data-element_type=\"container\">\n\t\t\t\t<div class=\"elementor-element elementor-element-6058eb2 elementor-widget elementor-widget-wc-elements\" data-id=\"6058eb2\" data-element_type=\"widget\" data-widget_type=\"wc-elements.default\">\n\t\t\t\t<div class=\"elementor-widget-container\">\n\t\t\t\t\t<div class=\"woocommerce\">\t\t\t<div class=\"single-product\" data-product-page-preselected-id=\"0\">\n\t\t\t\t<div class=\"woocommerce-notices-wrapper\"><\/div><div id=\"product-19573\" class=\"product type-product post-19573 status-publish first instock product_cat-191 has-post-thumbnail downloadable shipping-taxable purchasable product-type-simple\">\n\n\t<div class=\"woocommerce-product-gallery woocommerce-product-gallery--with-images woocommerce-product-gallery--columns-4 images\" data-columns=\"4\" style=\"opacity: 0; transition: opacity .25s ease-in-out;\">\n\t<div class=\"woocommerce-product-gallery__wrapper\">\n\t\t<div data-thumb=\"https:\/\/tamerbadr.com\/wp-content\/uploads\/2025\/03\/\u0641\u0636\u0644-\u0627\u0644\u0635\u0628\u0631-\u0639\u0644\u0649-\u0627\u0644\u0628\u0644\u0627\u0621.jpg\" data-thumb-alt=\"\u0643\u062a\u0627\u0628 \u0641\u0636\u0644 \u0627\u0644\u0635\u0628\u0631 \u0639\u0644\u064a \u0627\u0644\u0628\u0644\u0627\u0621\" data-thumb-srcset=\"\"  data-thumb-sizes=\"(max-width: 71px) 100vw, 71px\" class=\"woocommerce-product-gallery__image\"><a href=\"https:\/\/tamerbadr.com\/wp-content\/uploads\/2025\/03\/\u0641\u0636\u0644-\u0627\u0644\u0635\u0628\u0631-\u0639\u0644\u0649-\u0627\u0644\u0628\u0644\u0627\u0621.jpg\"><img fetchpriority=\"high\" decoding=\"async\" width=\"480\" height=\"676\" src=\"https:\/\/tamerbadr.com\/wp-content\/uploads\/2025\/03\/\u0641\u0636\u0644-\u0627\u0644\u0635\u0628\u0631-\u0639\u0644\u0649-\u0627\u0644\u0628\u0644\u0627\u0621.jpg\" class=\"wp-post-image\" alt=\"Raamat kannatlikkusest raskuste ees\" data-caption=\"\" data-src=\"https:\/\/tamerbadr.com\/wp-content\/uploads\/2025\/03\/\u0641\u0636\u0644-\u0627\u0644\u0635\u0628\u0631-\u0639\u0644\u0649-\u0627\u0644\u0628\u0644\u0627\u0621.jpg\" data-large_image=\"https:\/\/tamerbadr.com\/wp-content\/uploads\/2025\/03\/\u0641\u0636\u0644-\u0627\u0644\u0635\u0628\u0631-\u0639\u0644\u0649-\u0627\u0644\u0628\u0644\u0627\u0621.jpg\" data-large_image_width=\"480\" data-large_image_height=\"676\" \/><\/a><\/div><div data-thumb=\"https:\/\/tamerbadr.com\/wp-content\/uploads\/2025\/03\/\u0645\u0624\u0644\u0641\u0627\u062a-\u062a\u0627\u0645\u0631-\u0628\u062f\u0631-1-6.jpg\" data-thumb-alt=\"\u0643\u062a\u0627\u0628 \u0641\u0636\u0644 \u0627\u0644\u0635\u0628\u0631 \u0639\u0644\u064a \u0627\u0644\u0628\u0644\u0627\u0621 - Pilt 2\" data-thumb-srcset=\"\"  data-thumb-sizes=\"(max-width: 92px) 100vw, 92px\" class=\"woocommerce-product-gallery__image\" data-no-translation-data-thumb-alt=\"\"><a href=\"https:\/\/tamerbadr.com\/wp-content\/uploads\/2025\/03\/\u0645\u0624\u0644\u0641\u0627\u062a-\u062a\u0627\u0645\u0631-\u0628\u062f\u0631-1-6.jpg\"><img decoding=\"async\" width=\"389\" height=\"422\" src=\"https:\/\/tamerbadr.com\/wp-content\/uploads\/2025\/03\/\u0645\u0624\u0644\u0641\u0627\u062a-\u062a\u0627\u0645\u0631-\u0628\u062f\u0631-1-6.jpg\" class=\"\" alt=\"\u0643\u062a\u0627\u0628 \u0641\u0636\u0644 \u0627\u0644\u0635\u0628\u0631 \u0639\u0644\u064a \u0627\u0644\u0628\u0644\u0627\u0621 - Pilt 2\" data-caption=\"CREATOR: gd-jpeg v1.0 (using IJG JPEG v62), quality = 90\" data-src=\"https:\/\/tamerbadr.com\/wp-content\/uploads\/2025\/03\/\u0645\u0624\u0644\u0641\u0627\u062a-\u062a\u0627\u0645\u0631-\u0628\u062f\u0631-1-6.jpg\" data-large_image=\"https:\/\/tamerbadr.com\/wp-content\/uploads\/2025\/03\/\u0645\u0624\u0644\u0641\u0627\u062a-\u062a\u0627\u0645\u0631-\u0628\u062f\u0631-1-6.jpg\" data-large_image_width=\"389\" data-large_image_height=\"422\" data-no-translation-alt=\"\" \/><\/a><\/div>\t<\/div>\n<\/div>\n\n\t<div class=\"summary entry-summary\">\n\t\t<h1 class=\"product_title entry-title\">Raamat kannatlikkusest raskuste ees<\/h1><p class=\"price\"><span class=\"woocommerce-Price-amount amount\"><bdi><span class=\"woocommerce-Price-currencySymbol\">Egiptuse naela<\/span>40.00<\/bdi><\/span><\/p>\n\n\t\n\t<form class=\"cart\" action=\"\" method=\"post\" enctype='multipart\/form-data' data-trp-original-action=\"\">\n\t\t\n\t\t<div class=\"quantity\">\n\t\t<label class=\"screen-reader-text\" for=\"quantity_69fee6de0904a\" data-no-translation=\"\" data-trp-gettext=\"\">\u0643\u062a\u0627\u0628 \u0641\u0636\u0644 \u0627\u0644\u0635\u0628\u0631 \u0639\u0644\u064a \u0627\u0644\u0628\u0644\u0627\u0621 kogus<\/label>\n\t<input\n\t\ttype=\"number\"\n\t\t\t\tid=\"quantity_69fee6de0904a\"\n\t\tclass=\"input-text qty text\"\n\t\tname=\"quantity\"\n\t\tvalue=\"1\"\n\t\taria-label=\"Toote kogus\"\n\t\t\t\tmin=\"1\"\n\t\t\t\t\t\t\tstep=\"1\"\n\t\t\tplaceholder=\"\"\n\t\t\tinputmode=\"numeric\"\n\t\t\tautocomplete=\"off\" data-no-translation-aria-label=\"\"\n\t\t\t\/>\n\t<\/div>\n\n\t\t<button type=\"submit\" name=\"add-to-cart\" value=\"19573\" class=\"single_add_to_cart_button button alt\" data-no-translation=\"\" data-trp-gettext=\"\">Lisa korvi<\/button>\n\n\t\t\n        <script>\n            document.addEventListener('DOMContentLoaded', function(){\n                document.addEventListener('click', function(event){\n                    if(!event.target.matches('.single_add_to_cart_button')){\n                        return;\n                    }\n\n                    const quantity = document.querySelector('input.qty').value || '1';\n                    const formProductVariation = document.querySelector('form[data-product_variations]')\n                    const variationItem = document.querySelector('.variation_id')\n\n                    let price = 40\n                    if(formProductVariation && variationItem){\n                        try{\n                            const variations = JSON.parse(formProductVariation.dataset.product_variations)\n                            const variationId = variationItem.value\n                            for(const variation of variations){\n                                if(variation.variation_id == Number(variationId)){\n                                    price = variation.display_price\n                                }\n                            }\n                        }\n                        catch{\n                        }\n                    }\n\n                    gtag('event', 'add_to_cart', {\n                        'items': [ {\n                            'item_id':'19573',\n                            'item_name': '\u0643\u062a\u0627\u0628 \u0641\u0636\u0644 \u0627\u0644\u0635\u0628\u0631 \u0639\u0644\u064a \u0627\u0644\u0628\u0644\u0627\u0621',\n                            'list_name': '\u0643\u062a\u0627\u0628 \u0641\u0636\u0644 \u0627\u0644\u0635\u0628\u0631 \u0639\u0644\u064a \u0627\u0644\u0628\u0644\u0627\u0621',\n                            'quantity': quantity,\n                            'price': price,\n                            \"item_category\":\"\u062f\u064a\u0646 \u0625\u0633\u0644\u0627\u0645\u064a\"\n                        }]\n                    });\n                })\n            });\n        <\/script>\n        \t<input type=\"hidden\" name=\"trp-form-language\" value=\"et\"\/><\/form>\n\n\t\n<div class=\"product_meta\">\n\n\t\n\t\n\t<span class=\"posted_in\">Kategooria: <a href=\"https:\/\/tamerbadr.com\/et\/tootekategooria\/%d8%af%d9%8a%d9%86-%d8%a5%d8%b3%d9%84%d8%a7%d9%85%d9%8a\" rel=\"tag\">Islami religioon<\/a><\/span>\n\t\n\t\n<\/div>\n\t<\/div>\n\n\t\n\t<div class=\"woocommerce-tabs wc-tabs-wrapper\">\n\t\t<ul class=\"tabs wc-tabs\" role=\"tablist\">\n\t\t\t\t\t\t\t<li role=\"presentation\" class=\"description_tab\" id=\"tab-title-description\">\n\t\t\t\t\t<a href=\"#tab-description\" role=\"tab\" aria-controls=\"tab-description\">\n\t\t\t\t\t\tKirjeldus\t\t\t\t\t<\/a>\n\t\t\t\t<\/li>\n\t\t\t\t\t\t\t<li role=\"presentation\" class=\"reviews_tab\" id=\"tab-title-reviews\">\n\t\t\t\t\t<a href=\"#tab-reviews\" role=\"tab\" aria-controls=\"tab-reviews\">\n\t\t\t\t\t\tArvustused (0)\t\t\t\t\t<\/a>\n\t\t\t\t<\/li>\n\t\t\t\t\t<\/ul>\n\t\t\t\t\t<div class=\"woocommerce-Tabs-panel woocommerce-Tabs-panel--description panel entry-content wc-tab\" id=\"tab-description\" role=\"tabpanel\" aria-labelledby=\"tab-title-description\">\n\t\t\t\t\n\t<h2 data-no-translation=\"\" data-trp-gettext=\"\">Kirjeldus<\/h2>\n\n<h1 style=\"text-align: center;\"><strong>Sheikh Muhammad Hassani sissejuhatus raamatusse &quot;Kannatlikkuse voorus raskuste ees&quot;<\/strong><\/h1>\n<h1 style=\"text-align: center;\">Kiitus olgu Jumalale ja Jumala palved ning rahu olgu Jumala S\u00f5numitooja peal, Jumal \u00f5nnistagu teda ja andku talle rahu.<\/h1>\n<h1 style=\"text-align: center;\">K\u00f5igev\u00e4eline Allah l\u00f5i kannatlikkusest eksimatu hobuse, v\u00f5itmatu armee ja h\u00e4vimatu kindluse. Tema, K\u00f5igev\u00e4eline, \u00fctles, et kannatlikud on Allahi seltskonnas ja Ta armastab neid. Milline au!!<\/h1>\n<h1 style=\"text-align: center;\">K\u00f5igev\u00e4eline Jumal \u00fctles: \u201eT\u00f5esti, Jumal on kannatlikega.\u201c (Al-Baqarah: 153)<\/h1>\n<h1 style=\"text-align: center;\">K\u00f5igev\u00e4eline Jumal \u00fctles: \u201eJa Jumal armastab kannatlikkust.\u201c (Al Imran: 146)<\/h1>\n<h1 style=\"text-align: center;\">Ja Ta seadis religiooni juhtimise s\u00f5ltuvaks kannatlikkusest ja kindlusest, nii et Tema, K\u00f5igev\u00e4eline, \u00fctles: \u201eJa Me tegime nende seast juhid, kes juhatasid Meie k\u00e4su j\u00e4rgi, kui nad olid kannatlikud ja kindlad Meie m\u00e4rkides.\u201c [As-Sajdah: 24]<\/h1>\n<h1 style=\"text-align: center;\">Ja Ta on kannatlikele kogunud need r\u00f5\u00f5msad s\u00f5numid, mida Ta pole teistele kogunud, nii et Tema, K\u00f5igek\u00f5rgem, \u00fctles: \u201eJa Me proovile paneme teid kindlasti hirmu ja n\u00e4lja ning rikkuse, elude ja viljade kaotusega, aga andke h\u00e4id s\u00f5numeid kannatlikele, (155) kes, kui neid tabab \u00f5nnetus, \u00fctlevad: \u201eT\u00f5esti, me kuulume Jumalale ja t\u00f5epoolest, Tema juurde me p\u00f6\u00f6rdume tagasi.\u201c (156) Neil on \u00f5nnistusi oma Issandalt ja halastust. Ja just need on [\u00f5igesti] juhatatud.\u201c (157) [Al-Baqarah]<\/h1>\n<h1 style=\"text-align: center;\">Seej\u00e4rel selgitas K\u00f5igev\u00e4eline kannatlike austamist Paradiisis inglite kaudu, kes sisenesid neid tervitama ja tervitasid neid, nagu Tema, K\u00f5igev\u00e4eline, \u00fctles: \u201eJa inglid sisenevad nende juurde igast v\u00e4ravast, [\u00f6eldes]: \u201eRahu olgu teiega selle eest, mida te kannatlikult talusite. Ja imeline on viimane kodu!\u201d\u201d (Al-Ra\u2019d).<\/h1>\n<h1 style=\"text-align: center;\">Ta v\u00f5ttis kokku nende teened ja piiritu tasu, \u00f6eldes: \u201eAinult kannatlikud saavad oma tasu t\u00e4ies ulatuses, ilma aruandluseta.\u201c (Az-Zumar: 10)<\/h1>\n<h1 style=\"text-align: center;\">Jah, kannatlikkus on, nagu nimigi \u00fctleb, selle maitse on kibe, aga tagaj\u00e4rjed on magusamad kui mesi.<\/h1>\n<h1 style=\"text-align: center;\">Mis on kannatlikkus?<\/h1>\n<h1 style=\"text-align: center;\">Kannatlikkus keeles: see on ennetamine ja piiramine.<\/h1>\n<h1 style=\"text-align: center;\">Islami seaduse kohaselt t\u00e4hendab kannatlikkus enda ohjeldamist muretsemise eest, keele ohjeldamist kaeblemise eest ja j\u00e4semete ohjeldamist pattude tegemise eest.<\/h1>\n<h1 style=\"text-align: center;\">* See on jagatud kolmeks osaks:<\/h1>\n<h1 style=\"text-align: center;\">Kannatlikkus k\u00e4suga. See t\u00e4hendab kannatlikkus kuulekusega.<\/h1>\n<h1 style=\"text-align: center;\">- Ja kannatlikkust keelatu v\u00e4ltimisel. See t\u00e4hendab kannatlikkust patu v\u00e4ltimisel.<\/h1>\n<h1 style=\"text-align: center;\">- Kannatlikkus saatuse ees. See t\u00e4hendab kannatlikkust \u00f5nnetuste ja katsumuste ees, mille K\u00f5igev\u00e4eline Jumal on teenijale m\u00e4\u00e4ranud.<\/h1>\n<h1 style=\"text-align: center;\">Ilus kannatlikkus on see, mille omanik otsib Allahi, K\u00f5igek\u00f5rgema, K\u00f5igev\u00e4elisema meelehead, mitte hirmust inimeste ees, et nad ei \u00fctleks, et ta on kannatamatu, ega ka ilustamisest inimeste p\u00e4rast, et nad ei \u00fctleks, et ta on kannatlik. Pigem on ta kannatlik, uskudes Allahi korraldusse, nii heasse kui halvasse, t\u00f5ustes \u00fcle valu ja t\u00f5ustes \u00fcle kaebuste.<\/h1>\n<h1 style=\"text-align: center;\">Uurimise kohaselt on kahte t\u00fc\u00fcpi kaebusi:<\/h1>\n<h1 style=\"text-align: center;\">Kaebus Jumalale ja kaebus Jumalalt!!<\/h1>\n<h1 style=\"text-align: center;\">Mis puutub Jumalale kaebamisse, siis see ei ole vastuolus kannatlikkusega, nagu Jumal \u00fctles Jaakobi jutustuses (rahu olgu temaga): \u201eSeega on kannatlikkus k\u00f5ige kohasem ja Jumal on see, keda otsitakse abi selle vastu, mida sa kirjeldad.\u201c (Juusuf: 18)<\/h1>\n<h1 style=\"text-align: center;\">Siiski esitas ta oma kaebuse Jumalale, \u00f6eldes: \u201eMa kurdan Jumalale ainult oma kannatuste ja leina \u00fcle\u201c (Jusuf: 86).<\/h1>\n<h1 style=\"text-align: center;\">K\u00f5igev\u00e4eline Jumal kiitis Iiobit, rahu olgu temaga, kuid ometi esitas ta oma kaebuse Jumalale, \u00f6eldes: \u201eJa kui Iiob h\u00fc\u00fcdis oma Issanda poole: &#039;T\u00f5esti, eba\u00f5nn on mind tabanud ja Sina oled halastajate seas k\u00f5ige halastavam.&#039;\u201c (Al-Anbiya: 83)<\/h1>\n<h1 style=\"text-align: center;\">Tark usklik peaks teadma, et see maailm on katsumuste ja proovilepanekute paik ning selle r\u00f5\u00f5m on unistused ja p\u00f5gus vari. Kui see paneb sind natuke naerma, paneb see sind palju nutma. Kui see teeb sind \u00fcheks p\u00e4evaks \u00f5nnelikuks, teeb see sind terveks eluks kurvaks. Kui see pakub sulle natuke naudingut, j\u00e4tab see sind pikaks ajaks ilma. Ja iga r\u00f5\u00f5mu kohta on ka kurbust!!<\/h1>\n<h1 style=\"text-align: center;\">Tark inimene on see, kes vaatab oma taiplikkuse ja usu valgusega ning teab kindlalt, et see, mis teda tabas, ei saanud teda tabada ja et see, mis teda tabas, ei saanud teda tabada. Seega vaatab ta K\u00f5igev\u00e4elisema Jumala Raamatusse ja Tema S\u00f5numitooja sunnasse (Jumal \u00f5nnistagu teda ja andku talle rahu), et m\u00f5ista kannatlikkuse tasu.<\/h1>\n<h1 style=\"text-align: center;\">Seej\u00e4rel kustutagu ta \u00f5nnetuste ja katsumuste tule k\u00fclmavereliselt, j\u00e4rgides kannatanute, eriti S\u00f5numitoojate ja Prohvetite eeskuju.<\/h1>\n<h1 style=\"text-align: center;\">Siis, kui ta otsiks ja otsiks maa peal elavate inimeste seast, ei n\u00e4eks ta nende seas kedagi peale kellegi, keda on vaevanud l\u00e4hedase kaotus v\u00f5i millegi ebameeldiva juhtum!<\/h1>\n<h1 style=\"text-align: center;\">Kui v\u00e4ga vajame pidevat meeldetuletust ajal, mil katsumusi ja viletsusi on palju ning need on r\u00e4ngad.<\/h1>\n<h1 style=\"text-align: center;\">T\u00e4nu kannatlikkusele raskustega silmitsi seistes, raskuste taga peituva tarkuse m\u00f5istmisele, raskuste liikide tundma\u00f5ppimisele, s\u00f5numitoojate ja prohvetite eeskuju j\u00e4rgimisele ning teistele selle \u00fclla teemaga seotud olulistele k\u00fcsimustele.<\/h1>\n<h1 style=\"text-align: center;\">Mul on k\u00e4es tore s\u00f5num meie kallilt vennalt Tamer Badrilt. Jumal tasugu talle headusega ja tehku meid ja teda kannatlike seas ning r\u00f5\u00f5mustagu Ta meie k\u00f5igi silmi selle religiooni v\u00f5iduga. Jumala palved ja rahu olgu prohvetite juhi ja kogu tema perekonna ja kaaslastega.<\/h1>\n<h1 style=\"text-align: center;\">Kirjutanud<\/h1>\n\t\t\t<\/div>\n\t\t\t\t\t<div class=\"woocommerce-Tabs-panel woocommerce-Tabs-panel--reviews panel entry-content wc-tab\" id=\"tab-reviews\" role=\"tabpanel\" aria-labelledby=\"tab-title-reviews\">\n\t\t\t\t<div id=\"reviews\" class=\"woocommerce-Reviews\">\n\t<div id=\"comments\">\n\t\t<h2 class=\"woocommerce-Reviews-title\">\n\t\t\tArvustused\t\t<\/h2>\n\n\t\t\t\t\t<p class=\"woocommerce-noreviews\" data-no-translation=\"\" data-trp-gettext=\"\">Toote\u00fclevaateid veel ei ole.<\/p>\n\t\t\t<\/div>\n\n\t\t\t<div id=\"review_form_wrapper\">\n\t\t\t<div id=\"review_form\">\n\t\t\t\t\t<div id=\"respond\" class=\"comment-respond\">\n\t\t<span id=\"reply-title\" class=\"comment-reply-title\" role=\"heading\" aria-level=\"3\">Ole esimene, kes hindab toodet &ldquo;\u0643\u062a\u0627\u0628 \u0641\u0636\u0644 \u0627\u0644\u0635\u0628\u0631 \u0639\u0644\u064a \u0627\u0644\u0628\u0644\u0627\u0621&rdquo; <small><a rel=\"nofollow\" id=\"cancel-comment-reply-link\" href=\"\/et\/wp-json\/wp\/v2\/pages\/20137#respond\" style=\"display:none;\">T\u00fchista vastus<\/a><\/small><\/span><p class=\"must-log-in\" data-no-translation=\"\" data-trp-gettext=\"\">Arvustuse lisamiseks <a href=\"https:\/\/tamerbadr.com\/et\/\">logi sisse<\/a>.<\/p>\t<\/div><!-- #respond -->\n\t\t\t\t<\/div>\n\t\t<\/div>\n\t\n\t<div class=\"clear\"><\/div>\n<\/div>\n\t\t\t<\/div>\n\t\t\n\t\t\t<\/div>\n\n<\/div>\n\n\t\t\t<\/div>\n\t\t\t<\/div>\t\t\t\t<\/div>\n\t\t\t\t<\/div>\n\t\t\t\t<\/div>\n\t\t\t\t\t<\/div>\n\t\t\t\t<\/div>\n\t\t\t\t<\/div>","protected":false},"excerpt":{"rendered":"","protected":false},"author":1,"featured_media":0,"parent":0,"menu_order":0,"comment_status":"closed","ping_status":"closed","template":"elementor_header_footer","meta":{"_seopress_robots_primary_cat":"","_seopress_titles_title":"","_seopress_titles_desc":"","_seopress_robots_index":"","inline_featured_image":false,"_uf_show_specific_survey":0,"_uf_disable_surveys":false,"footnotes":""},"class_list":["post-20137","page","type-page","status-publish"],"_links":{"self":[{"href":"https:\/\/tamerbadr.com\/et\/wp-json\/wp\/v2\/pages\/20137","targetHints":{"allow":["GET"]}}],"collection":[{"href":"https:\/\/tamerbadr.com\/et\/wp-json\/wp\/v2\/pages"}],"about":[{"href":"https:\/\/tamerbadr.com\/et\/wp-json\/wp\/v2\/types\/page"}],"author":[{"embeddable":true,"href":"https:\/\/tamerbadr.com\/et\/wp-json\/wp\/v2\/users\/1"}],"replies":[{"embeddable":true,"href":"https:\/\/tamerbadr.com\/et\/wp-json\/wp\/v2\/comments?post=20137"}],"version-history":[{"count":0,"href":"https:\/\/tamerbadr.com\/et\/wp-json\/wp\/v2\/pages\/20137\/revisions"}],"wp:attachment":[{"href":"https:\/\/tamerbadr.com\/et\/wp-json\/wp\/v2\/media?parent=20137"}],"curies":[{"name":"t\u00f6\u00f6leht","href":"https:\/\/api.w.org\/{rel}","templated":true}]}}