{"id":20132,"date":"2025-03-19T15:34:42","date_gmt":"2025-03-19T15:34:42","guid":{"rendered":"https:\/\/white-ant-267257.hostingersite.com\/?page_id=20132"},"modified":"2025-04-06T08:14:03","modified_gmt":"2025-04-06T08:14:03","slug":"unforgettable-days-book","status":"publish","type":"page","link":"https:\/\/tamerbadr.com\/et\/unforgettable-days-book","title":{"rendered":"Unustamatute p\u00e4evade raamat"},"content":{"rendered":"<div data-elementor-type=\"wp-page\" data-elementor-id=\"20132\" class=\"elementor elementor-20132\" data-elementor-post-type=\"page\">\n\t\t\t\t<div class=\"elementor-element elementor-element-c8c7aab e-flex e-con-boxed e-con e-parent\" data-id=\"c8c7aab\" data-element_type=\"container\">\n\t\t\t\t\t<div class=\"e-con-inner\">\n\t\t<div class=\"elementor-element elementor-element-6483b1a e-con-full e-flex e-con e-child\" data-id=\"6483b1a\" data-element_type=\"container\">\n\t\t\t\t<div class=\"elementor-element elementor-element-6058eb2 elementor-widget elementor-widget-wc-elements\" data-id=\"6058eb2\" data-element_type=\"widget\" data-widget_type=\"wc-elements.default\">\n\t\t\t\t<div class=\"elementor-widget-container\">\n\t\t\t\t\t<div class=\"woocommerce\">\t\t\t<div class=\"single-product\" data-product-page-preselected-id=\"0\">\n\t\t\t\t<div class=\"woocommerce-notices-wrapper\"><\/div><div id=\"product-19575\" class=\"product type-product post-19575 status-publish first instock product_cat-189 has-post-thumbnail downloadable shipping-taxable purchasable product-type-simple\">\n\n\t<div class=\"woocommerce-product-gallery woocommerce-product-gallery--with-images woocommerce-product-gallery--columns-4 images\" data-columns=\"4\" style=\"opacity: 0; transition: opacity .25s ease-in-out;\">\n\t<div class=\"woocommerce-product-gallery__wrapper\">\n\t\t<div data-thumb=\"https:\/\/tamerbadr.com\/wp-content\/uploads\/2025\/03\/\u0623\u064a\u0627\u0645-\u0644\u0627-\u062a\u0646\u0633\u0649-scaled-scaled.jpg\" data-thumb-alt=\"\u0643\u062a\u0627\u0628 \u0623\u064a\u0627\u0645 \u0644\u0627 \u062a\u0646\u0633\u0649\" data-thumb-srcset=\"\"  data-thumb-sizes=\"(max-width: 100px) 100vw, 100px\" class=\"woocommerce-product-gallery__image\"><a href=\"https:\/\/tamerbadr.com\/wp-content\/uploads\/2025\/03\/\u0623\u064a\u0627\u0645-\u0644\u0627-\u062a\u0646\u0633\u0649-scaled-scaled.jpg\"><img fetchpriority=\"high\" decoding=\"async\" width=\"2049\" height=\"1453\" src=\"https:\/\/tamerbadr.com\/wp-content\/uploads\/2025\/03\/\u0623\u064a\u0627\u0645-\u0644\u0627-\u062a\u0646\u0633\u0649-scaled-scaled.jpg\" class=\"wp-post-image\" alt=\"Unustamatute p\u00e4evade raamat\" data-caption=\"\" data-src=\"https:\/\/tamerbadr.com\/wp-content\/uploads\/2025\/03\/\u0623\u064a\u0627\u0645-\u0644\u0627-\u062a\u0646\u0633\u0649-scaled-scaled.jpg\" data-large_image=\"https:\/\/tamerbadr.com\/wp-content\/uploads\/2025\/03\/\u0623\u064a\u0627\u0645-\u0644\u0627-\u062a\u0646\u0633\u0649-scaled-scaled.jpg\" data-large_image_width=\"2049\" data-large_image_height=\"1453\" \/><\/a><\/div><div data-thumb=\"https:\/\/tamerbadr.com\/wp-content\/uploads\/2025\/03\/\u0627\u064a\u0627\u0645-\u0644\u0627-\u062a\u0646\u0633\u0649.jpg\" data-thumb-alt=\"\u0643\u062a\u0627\u0628 \u0623\u064a\u0627\u0645 \u0644\u0627 \u062a\u0646\u0633\u0649 - Pilt 2\" data-thumb-srcset=\"\"  data-thumb-sizes=\"(max-width: 73px) 100vw, 73px\" class=\"woocommerce-product-gallery__image\" data-no-translation-data-thumb-alt=\"\"><a href=\"https:\/\/tamerbadr.com\/wp-content\/uploads\/2025\/03\/\u0627\u064a\u0627\u0645-\u0644\u0627-\u062a\u0646\u0633\u0649.jpg\"><img decoding=\"async\" width=\"740\" height=\"1020\" src=\"https:\/\/tamerbadr.com\/wp-content\/uploads\/2025\/03\/\u0627\u064a\u0627\u0645-\u0644\u0627-\u062a\u0646\u0633\u0649.jpg\" class=\"\" alt=\"\u0643\u062a\u0627\u0628 \u0623\u064a\u0627\u0645 \u0644\u0627 \u062a\u0646\u0633\u0649 - Pilt 2\" data-caption=\"\" data-src=\"https:\/\/tamerbadr.com\/wp-content\/uploads\/2025\/03\/\u0627\u064a\u0627\u0645-\u0644\u0627-\u062a\u0646\u0633\u0649.jpg\" data-large_image=\"https:\/\/tamerbadr.com\/wp-content\/uploads\/2025\/03\/\u0627\u064a\u0627\u0645-\u0644\u0627-\u062a\u0646\u0633\u0649.jpg\" data-large_image_width=\"740\" data-large_image_height=\"1020\" data-no-translation-alt=\"\" \/><\/a><\/div><div data-thumb=\"https:\/\/tamerbadr.com\/wp-content\/uploads\/2025\/03\/\u0645\u0624\u0644\u0641\u0627\u062a-\u062a\u0627\u0645\u0631-\u0628\u062f\u0631-1-6.jpg\" data-thumb-alt=\"\u0643\u062a\u0627\u0628 \u0623\u064a\u0627\u0645 \u0644\u0627 \u062a\u0646\u0633\u0649 - Pilt 3\" data-thumb-srcset=\"\"  data-thumb-sizes=\"(max-width: 92px) 100vw, 92px\" class=\"woocommerce-product-gallery__image\" data-no-translation-data-thumb-alt=\"\"><a href=\"https:\/\/tamerbadr.com\/wp-content\/uploads\/2025\/03\/\u0645\u0624\u0644\u0641\u0627\u062a-\u062a\u0627\u0645\u0631-\u0628\u062f\u0631-1-6.jpg\"><img decoding=\"async\" width=\"389\" height=\"422\" src=\"https:\/\/tamerbadr.com\/wp-content\/uploads\/2025\/03\/\u0645\u0624\u0644\u0641\u0627\u062a-\u062a\u0627\u0645\u0631-\u0628\u062f\u0631-1-6.jpg\" class=\"\" alt=\"\u0643\u062a\u0627\u0628 \u0623\u064a\u0627\u0645 \u0644\u0627 \u062a\u0646\u0633\u0649 - Pilt 3\" data-caption=\"CREATOR: gd-jpeg v1.0 (using IJG JPEG v62), quality = 90\" data-src=\"https:\/\/tamerbadr.com\/wp-content\/uploads\/2025\/03\/\u0645\u0624\u0644\u0641\u0627\u062a-\u062a\u0627\u0645\u0631-\u0628\u062f\u0631-1-6.jpg\" data-large_image=\"https:\/\/tamerbadr.com\/wp-content\/uploads\/2025\/03\/\u0645\u0624\u0644\u0641\u0627\u062a-\u062a\u0627\u0645\u0631-\u0628\u062f\u0631-1-6.jpg\" data-large_image_width=\"389\" data-large_image_height=\"422\" data-no-translation-alt=\"\" \/><\/a><\/div>\t<\/div>\n<\/div>\n\n\t<div class=\"summary entry-summary\">\n\t\t<h1 class=\"product_title entry-title\">Unustamatute p\u00e4evade raamat<\/h1><p class=\"price\"><span class=\"woocommerce-Price-amount amount\"><bdi><span class=\"woocommerce-Price-currencySymbol\">Egiptuse naela<\/span>60.00<\/bdi><\/span><\/p>\n\n\t\n\t<form class=\"cart\" action=\"\" method=\"post\" enctype='multipart\/form-data' data-trp-original-action=\"\">\n\t\t\n\t\t<div class=\"quantity\">\n\t\t<label class=\"screen-reader-text\" for=\"quantity_6a05c5cf82ee5\" data-no-translation=\"\" data-trp-gettext=\"\">\u0643\u062a\u0627\u0628 \u0623\u064a\u0627\u0645 \u0644\u0627 \u062a\u0646\u0633\u0649 kogus<\/label>\n\t<input\n\t\ttype=\"number\"\n\t\t\t\tid=\"quantity_6a05c5cf82ee5\"\n\t\tclass=\"input-text qty text\"\n\t\tname=\"quantity\"\n\t\tvalue=\"1\"\n\t\taria-label=\"Toote kogus\"\n\t\t\t\tmin=\"1\"\n\t\t\t\t\t\t\tstep=\"1\"\n\t\t\tplaceholder=\"\"\n\t\t\tinputmode=\"numeric\"\n\t\t\tautocomplete=\"off\" data-no-translation-aria-label=\"\"\n\t\t\t\/>\n\t<\/div>\n\n\t\t<button type=\"submit\" name=\"add-to-cart\" value=\"19575\" class=\"single_add_to_cart_button button alt\" data-no-translation=\"\" data-trp-gettext=\"\">Lisa korvi<\/button>\n\n\t\t\n        <script>\n            document.addEventListener('DOMContentLoaded', function(){\n                document.addEventListener('click', function(event){\n                    if(!event.target.matches('.single_add_to_cart_button')){\n                        return;\n                    }\n\n                    const quantity = document.querySelector('input.qty').value || '1';\n                    const formProductVariation = document.querySelector('form[data-product_variations]')\n                    const variationItem = document.querySelector('.variation_id')\n\n                    let price = 60\n                    if(formProductVariation && variationItem){\n                        try{\n                            const variations = JSON.parse(formProductVariation.dataset.product_variations)\n                            const variationId = variationItem.value\n                            for(const variation of variations){\n                                if(variation.variation_id == Number(variationId)){\n                                    price = variation.display_price\n                                }\n                            }\n                        }\n                        catch{\n                        }\n                    }\n\n                    gtag('event', 'add_to_cart', {\n                        'items': [ {\n                            'item_id':'19575',\n                            'item_name': '\u0643\u062a\u0627\u0628 \u0623\u064a\u0627\u0645 \u0644\u0627 \u062a\u0646\u0633\u0649',\n                            'list_name': '\u0643\u062a\u0627\u0628 \u0623\u064a\u0627\u0645 \u0644\u0627 \u062a\u0646\u0633\u0649',\n                            'quantity': quantity,\n                            'price': price,\n                            \"item_category\":\"\u062a\u0627\u0631\u064a\u062e \u0639\u0633\u0643\u0631\u064a\"\n                        }]\n                    });\n                })\n            });\n        <\/script>\n        \t<input type=\"hidden\" name=\"trp-form-language\" value=\"et\"\/><\/form>\n\n\t\n<div class=\"product_meta\">\n\n\t\n\t\n\t<span class=\"posted_in\">Kategooria: <a href=\"https:\/\/tamerbadr.com\/et\/tootekategooria\/%d8%aa%d8%a7%d8%b1%d9%8a%d8%ae-%d8%b9%d8%b3%d9%83%d8%b1%d9%8a\" rel=\"tag\">s\u00f5jaajalugu<\/a><\/span>\n\t\n\t\n<\/div>\n\t<\/div>\n\n\t\n\t<div class=\"woocommerce-tabs wc-tabs-wrapper\">\n\t\t<ul class=\"tabs wc-tabs\" role=\"tablist\">\n\t\t\t\t\t\t\t<li role=\"presentation\" class=\"description_tab\" id=\"tab-title-description\">\n\t\t\t\t\t<a href=\"#tab-description\" role=\"tab\" aria-controls=\"tab-description\">\n\t\t\t\t\t\tKirjeldus\t\t\t\t\t<\/a>\n\t\t\t\t<\/li>\n\t\t\t\t\t\t\t<li role=\"presentation\" class=\"reviews_tab\" id=\"tab-title-reviews\">\n\t\t\t\t\t<a href=\"#tab-reviews\" role=\"tab\" aria-controls=\"tab-reviews\">\n\t\t\t\t\t\tArvustused (0)\t\t\t\t\t<\/a>\n\t\t\t\t<\/li>\n\t\t\t\t\t<\/ul>\n\t\t\t\t\t<div class=\"woocommerce-Tabs-panel woocommerce-Tabs-panel--description panel entry-content wc-tab\" id=\"tab-description\" role=\"tabpanel\" aria-labelledby=\"tab-title-description\">\n\t\t\t\t\n\t<h2 data-no-translation=\"\" data-trp-gettext=\"\">Kirjeldus<\/h2>\n\n<h1 style=\"text-align: center;\"><strong>Professor dr Ragheb Al-Sarjani sissejuhatus raamatusse Unustamatud p\u00e4evad<\/strong><\/h1>\n<h1 style=\"text-align: center;\">Islami ajalugu on aastate ja sajandite jooksul suure hooletusse j\u00e4tnud. Selle tulemusena on paljud orientalistid ja l\u00e4\u00e4nemaailma esindajad seda ajalugu moonutanud. J\u00e4relikult on meil ajalugu, mis erineb t\u00f5est v\u00e4ga palju. Veelgi hullem on see, et nende moonutuste keskel on kaduma l\u00e4inud \u00f5ppetunnid ja moraal. Seega on ajaloost saanud akadeemiline uurimus, millel pole lugejatele mingit t\u00e4hendust. Seet\u00f5ttu on nad hoidunud selle lugemisest ja uurimisest.<\/h1>\n<h1 style=\"text-align: center;\">Selle raske olukorraga silmitsi seistes pidid m\u00f5ned innukad inimesed t\u00f5usma p\u00fcsti, et p\u00e4\u00e4sta see pikk ajalugu; tegelikult pidid nad p\u00e4\u00e4stma mosleminoori, kes polnud leidnud sobivat ja usaldusv\u00e4\u00e4rset allikat rahva ajaloo kohta lugemiseks. Ma ei liialda, kui \u00fctlen: kogu maailm \u2013 olgu siis moslem v\u00f5i mittemoslem \u2013 vajab seda hiilgavat islami ajalugu, sest maailm pole kunagi tundnud midagi nii hiilgavat ega s\u00e4ravat kui see, mida oleme leidnud oma suures ajaloos.<\/h1>\n<h1 style=\"text-align: center;\">Meie k\u00e4es olev raamat on justkui selline abivahend!<\/h1>\n<h1 style=\"text-align: center;\">See on v\u00e4\u00e4rtuslik raamat, mis oskuslikult koondab tohutu hulga islamiriigi ajaloo p\u00f6\u00f6rdelisi p\u00e4evi. See tohutu kogu ei toonud aga kaasa samav\u00f5rd tohutut lehek\u00fclgede arvu! See n\u00e4itab autori silmapaistvat meisterlikkust igast lahingust kasuliku ja igast kohtumisest olulise valimisel. V\u00f5ib-olla on see \u00fcks t\u00e4helepanuv\u00e4\u00e4rsemaid omadusi, mis eristab seda raamatut teistest, kuna autorit iseloomustab tema hiilgav v\u00f5ime kokku v\u00f5tta ja fokuseerida, nii et p\u00e4rast nelja v\u00f5i viie lehek\u00fclje lugemist suurest lahingust tunned, et oled k\u00f5ik l\u00e4bi vaadanud ega vaja mingit muud teavet, samas kui spetsialistid teavad, et ajaloolane v\u00f5ib sellistest lahingutest kirjutada terveid k\u00f6iteid!<\/h1>\n<h1 style=\"text-align: center;\">Seda raamatut iseloomustab ka kerge navigeerimine islami ajaloo eri etappide vahel. See algab prohvetliku ajastuga ja liigub seej\u00e4rel sobiva kiirusega erinevate ajalooliste ajastute vahel, n\u00e4iteks Ra\u0161iduni, Omaijaadide, Abbasiidide, Ajubiidide, Mamelukkide ja Osmanite ajastu. Samuti ei unusta see geograafilist navigeerimist maailma eri nurkades. See j\u00f5uab itta ja r\u00e4\u00e4gib India lahingutest ning lahkub idast l\u00e4\u00e4nde ja kirjeldab Andaluusia lahinguid!<\/h1>\n<h1 style=\"text-align: center;\">Selle raamatu teine erip\u00e4ra on see, et see k\u00e4sitleb paljusid lahinguid, mille kohta paljud moslemid \u00fcksikasju ei tea. Tegelikult ma ei liialda, kui \u00fctlen: moslemid ei tea isegi nende nimesid! Piisab, kui toon v\u00e4lja n\u00e4iteks Ain al-Tamri lahingud, Dibali vallutamise, Talase lahingu, Somnathi vallutamise, Nikopolise lahingu, Mohacsi lahingu ja teised lahingud, mille mainimine unustati ja mille lehek\u00fcljed olid tolmuga kaetud, kuni see autor ausalt ja hoolikalt nende otsustavate p\u00e4evade kohta t\u00f5e paljastama hakkas.<\/h1>\n<h1 style=\"text-align: center;\">Eelk\u00f5ige eristab seda v\u00e4\u00e4rtuslikku raamatut kaks asja, mis eristavad seda paljudest islami raamatukogu t\u00e4itvatest teostest, muutes selle oma valdkonnas ainulaadseks.<\/h1>\n<h1 style=\"text-align: center;\">Esimene punkt on see, et see ei piirdu ainult moslemite v\u00f5itudega, vaid mainib kauni erapooletuse ja \u00e4\u00e4rmise t\u00e4psusega peamisi lahinguid, milles moslemid l\u00fc\u00fca said! N\u00e4iteks Uhudi lahing, Toursi lahing, Al-Uqabi lahing ja teised kaotused. See on tegelikult selge n\u00e4ide autori intelligentsusest, kuna ta demonstreerib lugejale oma ausust s\u00fcndmuste esitamisel ja r\u00f5hutab, et aeg on rahvaste vaheline ts\u00fckkel. Samuti ei v\u00f5ta ta lugejatelt v\u00f5imalust saada kasu nendes lahingutes saadud olulistest \u00f5ppetundidest.<\/h1>\n<h1 style=\"text-align: center;\">Teiseks, autor ei piirdunud s\u00fcndmuste jutustamisega nagu paljud autorid teevad, vaid s\u00fcvenes asjadesse ja otsis v\u00f5idu tegureid ning l\u00fc\u00fcasaamise p\u00f5hjuseid, nii et raamatu lugeja saab rikkaliku kogu rahvaste t\u00f5usu v\u00f5i languse p\u00f5hjustest ja seega saavutab loo jutustamise eesm\u00e4rki; nagu meie Issand meile n\u00e4itas, kui Ta \u00fctles: {T\u00f5epoolest, nende lugudes on \u00f5ppetund m\u00f5istjatele} [Yusuf: 111]... T\u00f5de on see, et autor l\u00f5i k\u00f5ik selle k\u00f5rge ja silmapaistva meisterlikkusega.<\/h1>\n<h1 style=\"text-align: center;\">L\u00f5puks:<\/h1>\n<h1 style=\"text-align: center;\">Autori meisterlikkus ei takistanud tal olemast \u00f5rna ja kaunist stiili. Raamatu v\u00e4ljendusoskus on elegantne, s\u00f5nad kaunid ning esitus sujuv ja nauditav, mis lisab raamatule hiilgust ja elegantsi.<\/h1>\n<h1 style=\"text-align: center;\">Kuigi ma tean, et see on autori esimene katsetus kirjutada s\u00f5jandusteemalist kirjandust, olen kindel, et see ei j\u00e4\u00e4 tema viimaseks. Islami ajaloo lahingud ja nende \u00fcksikasjad n\u00f5uavad sadu k\u00f6iteid ning tuhandeid selgitusi ja anal\u00fc\u00fcse.<\/h1>\n<h1 style=\"text-align: center;\">Jumal tasugu professor Tamer Badrile tema suurte pingutuste eest. Minu n\u00f5uanne talle on uuendada oma kavatsust iga raamatuga, et K\u00f5igev\u00e4eline Allah v\u00f5iks anda tema raamatutele laialdase leviku ning anda talle k\u00fcllusliku tasu ja igak\u00fclgse tasu.<\/h1>\n<h1 style=\"text-align: center;\">Ma palun Jumalat, et ta \u00fclistaks islamit ja moslemeid<\/h1>\n<h1 style=\"text-align: center;\">Professor dr Ragheb Al-Sarjani<\/h1>\n\t\t\t<\/div>\n\t\t\t\t\t<div class=\"woocommerce-Tabs-panel woocommerce-Tabs-panel--reviews panel entry-content wc-tab\" id=\"tab-reviews\" role=\"tabpanel\" aria-labelledby=\"tab-title-reviews\">\n\t\t\t\t<div id=\"reviews\" class=\"woocommerce-Reviews\">\n\t<div id=\"comments\">\n\t\t<h2 class=\"woocommerce-Reviews-title\">\n\t\t\tArvustused\t\t<\/h2>\n\n\t\t\t\t\t<p class=\"woocommerce-noreviews\" data-no-translation=\"\" data-trp-gettext=\"\">Toote\u00fclevaateid veel ei ole.<\/p>\n\t\t\t<\/div>\n\n\t\t\t<div id=\"review_form_wrapper\">\n\t\t\t<div id=\"review_form\">\n\t\t\t\t\t<div id=\"respond\" class=\"comment-respond\">\n\t\t<span id=\"reply-title\" class=\"comment-reply-title\" role=\"heading\" aria-level=\"3\">Ole esimene, kes hindab toodet &ldquo;\u0643\u062a\u0627\u0628 \u0623\u064a\u0627\u0645 \u0644\u0627 \u062a\u0646\u0633\u0649&rdquo; <small><a rel=\"nofollow\" id=\"cancel-comment-reply-link\" href=\"\/et\/wp-json\/wp\/v2\/pages\/20132#respond\" style=\"display:none;\">T\u00fchista vastus<\/a><\/small><\/span><p class=\"must-log-in\" data-no-translation=\"\" data-trp-gettext=\"\">Arvustuse lisamiseks <a href=\"https:\/\/tamerbadr.com\/et\/\">logi sisse<\/a>.<\/p>\t<\/div><!-- #respond -->\n\t\t\t\t<\/div>\n\t\t<\/div>\n\t\n\t<div class=\"clear\"><\/div>\n<\/div>\n\t\t\t<\/div>\n\t\t\n\t\t\t<\/div>\n\n\n\t<section class=\"related products\">\n\n\t\t\t\t\t<h2 data-no-translation=\"\" data-trp-gettext=\"\">Seotud tooted<\/h2>\n\t\t\t\t<ul class=\"products columns-4\">\n\n\t\t\t\n\t\t\t\t\t<li class=\"product type-product post-19583 status-publish first instock product_cat-189 has-post-thumbnail downloadable shipping-taxable purchasable product-type-simple\">\n\t<a href=\"https:\/\/tamerbadr.com\/et\/toode\/the-book-of-islam-and-war\" class=\"woocommerce-LoopProduct-link woocommerce-loop-product__link\"><img loading=\"lazy\" decoding=\"async\" width=\"2049\" height=\"1401\" src=\"https:\/\/tamerbadr.com\/wp-content\/uploads\/2025\/03\/\u0627\u0644\u0625\u0633\u0644\u0627\u0645-\u0648\u0627\u0644\u062d\u0631\u0628-\u063a\u0644\u0627\u0641-scaled-scaled.jpg\" class=\"attachment-woocommerce_thumbnail size-woocommerce_thumbnail\" alt=\"Islami ja s\u00f5ja raamat\" \/><h2 class=\"woocommerce-loop-product__title\">Islami ja s\u00f5ja raamat<\/h2>\n\t<span class=\"price\"><span class=\"woocommerce-Price-amount amount\"><bdi><span class=\"woocommerce-Price-currencySymbol\">Egiptuse naela<\/span>60.00<\/bdi><\/span><\/span>\n<\/a><a href=\"\/et\/wp-json\/wp\/v2\/pages\/20132?add-to-cart=19583\" aria-describedby=\"woocommerce_loop_add_to_cart_link_describedby_19583\" data-quantity=\"1\" class=\"button product_type_simple add_to_cart_button ajax_add_to_cart\" data-product_id=\"19583\" data-product_sku=\"\" aria-label=\"Lisa ostukorvi: \u201c\u0643\u062a\u0627\u0628 \u0627\u0644\u0627\u0633\u0644\u0627\u0645 \u0648\u0627\u0644\u062d\u0631\u0628\u201d\" rel=\"nofollow\" data-success_message=\"\u201e\u0643\u062a\u0627\u0628 \u0627\u0644\u0627\u0633\u0644\u0627\u0645 \u0648\u0627\u0644\u062d\u0631\u0628\u201d on teie ostukorvi lisatud\" data-no-translation=\"\" data-trp-gettext=\"\" data-no-translation-aria-label=\"\" data-no-translation-data-success_message=\"\">Lisa korvi<\/a>\t<span id=\"woocommerce_loop_add_to_cart_link_describedby_19583\" class=\"screen-reader-text\">\n\t\t\t<\/span>\n\n        <script>\n            document.addEventListener('DOMContentLoaded', function(){\n                function getParameterByName(name, url) {\n                    name = name.replace(\/[\\[\\]]\/g, '\\$&');\n                    var regex = new RegExp('[?&]' + name + '(=([^&#]*)|&|#|$)'),\n                        results = regex.exec(url);\n                    if (!results) return null;\n                    if (!results[2]) return '';\n                    return decodeURIComponent(results[2].replace(\/\\+\/g, ' '));\n                }\n\n                document.addEventListener('click', function(event){\n                    const namedItem = event.target.attributes.getNamedItem('data-product_id')\n                    if(!event.target.matches('.ajax_add_to_cart')){\n                        return;\n                    }\n\n                    var item_id = null;\n\n                    if(!namedItem){\n                        try{\n                            item_id = getParameterByName('add-to-cart', new URL(event.target.href).search)\n                        }\n                        catch(e){}\n                    }\n                    else{\n                        item_id = namedItem.value\n                    }\n\n                    if(item_id != 19583){\n                        return;\n                    }\n\n                    gtag('event', 'add_to_cart', {'items': [ {\"item_id\":\"19583\",\"item_name\":\"\\u0643\\u062a\\u0627\\u0628 \\u0627\\u0644\\u0627\\u0633\\u0644\\u0627\\u0645 \\u0648\\u0627\\u0644\\u062d\\u0631\\u0628\",\"list_name\":\"\\u0643\\u062a\\u0627\\u0628 \\u0627\\u0644\\u0627\\u0633\\u0644\\u0627\\u0645 \\u0648\\u0627\\u0644\\u062d\\u0631\\u0628\",\"quantity\":1,\"price\":60,\"item_category\":\"\\u062a\\u0627\\u0631\\u064a\\u062e \\u0639\\u0633\\u0643\\u0631\\u064a\"} ]});\n                })\n\n            });\n        <\/script>\n        <\/li>\n\n\t\t\t\n\t\t\t\t\t<li class=\"product type-product post-19581 status-publish instock product_cat-189 has-post-thumbnail downloadable shipping-taxable purchasable product-type-simple\">\n\t<a href=\"https:\/\/tamerbadr.com\/et\/toode\/unforgettable-leaders-book\" class=\"woocommerce-LoopProduct-link woocommerce-loop-product__link\"><img loading=\"lazy\" decoding=\"async\" width=\"2049\" height=\"1453\" src=\"https:\/\/tamerbadr.com\/wp-content\/uploads\/2025\/03\/\u0642\u0627\u062f\u0629-\u0644\u0627-\u062a\u0646\u0633\u0649--scaled-scaled.jpg\" class=\"attachment-woocommerce_thumbnail size-woocommerce_thumbnail\" alt=\"Unustamatute juhtide raamat\" \/><h2 class=\"woocommerce-loop-product__title\">Unustamatute juhtide raamat<\/h2>\n\t<span class=\"price\"><span class=\"woocommerce-Price-amount amount\"><bdi><span class=\"woocommerce-Price-currencySymbol\">Egiptuse naela<\/span>60.00<\/bdi><\/span><\/span>\n<\/a><a href=\"\/et\/wp-json\/wp\/v2\/pages\/20132?add-to-cart=19581\" aria-describedby=\"woocommerce_loop_add_to_cart_link_describedby_19581\" data-quantity=\"1\" class=\"button product_type_simple add_to_cart_button ajax_add_to_cart\" data-product_id=\"19581\" data-product_sku=\"\" aria-label=\"Lisa ostukorvi: \u201c\u0643\u062a\u0627\u0628 \u0642\u0627\u062f\u0629 \u0644\u0627 \u062a\u0646\u0633\u0649\u201d\" rel=\"nofollow\" data-success_message=\"\u201e\u0643\u062a\u0627\u0628 \u0642\u0627\u062f\u0629 \u0644\u0627 \u062a\u0646\u0633\u0649\u201d on teie ostukorvi lisatud\" data-no-translation=\"\" data-trp-gettext=\"\" data-no-translation-aria-label=\"\" data-no-translation-data-success_message=\"\">Lisa korvi<\/a>\t<span id=\"woocommerce_loop_add_to_cart_link_describedby_19581\" class=\"screen-reader-text\">\n\t\t\t<\/span>\n\n        <script>\n            document.addEventListener('DOMContentLoaded', function(){\n                function getParameterByName(name, url) {\n                    name = name.replace(\/[\\[\\]]\/g, '\\$&');\n                    var regex = new RegExp('[?&]' + name + '(=([^&#]*)|&|#|$)'),\n                        results = regex.exec(url);\n                    if (!results) return null;\n                    if (!results[2]) return '';\n                    return decodeURIComponent(results[2].replace(\/\\+\/g, ' '));\n                }\n\n                document.addEventListener('click', function(event){\n                    const namedItem = event.target.attributes.getNamedItem('data-product_id')\n                    if(!event.target.matches('.ajax_add_to_cart')){\n                        return;\n                    }\n\n                    var item_id = null;\n\n                    if(!namedItem){\n                        try{\n                            item_id = getParameterByName('add-to-cart', new URL(event.target.href).search)\n                        }\n                        catch(e){}\n                    }\n                    else{\n                        item_id = namedItem.value\n                    }\n\n                    if(item_id != 19581){\n                        return;\n                    }\n\n                    gtag('event', 'add_to_cart', {'items': [ {\"item_id\":\"19581\",\"item_name\":\"\\u0643\\u062a\\u0627\\u0628 \\u0642\\u0627\\u062f\\u0629 \\u0644\\u0627 \\u062a\\u0646\\u0633\\u0649\",\"list_name\":\"\\u0643\\u062a\\u0627\\u0628 \\u0642\\u0627\\u062f\\u0629 \\u0644\\u0627 \\u062a\\u0646\\u0633\\u0649\",\"quantity\":1,\"price\":60,\"item_category\":\"\\u062a\\u0627\\u0631\\u064a\\u062e \\u0639\\u0633\\u0643\\u0631\\u064a\"} ]});\n                })\n\n            });\n        <\/script>\n        <\/li>\n\n\t\t\t\n\t\t<\/ul>\n\n\t<\/section>\n\t<\/div>\n\n\t\t\t<\/div>\n\t\t\t<\/div>\t\t\t\t<\/div>\n\t\t\t\t<\/div>\n\t\t\t\t<\/div>\n\t\t\t\t\t<\/div>\n\t\t\t\t<\/div>\n\t\t\t\t<\/div>","protected":false},"excerpt":{"rendered":"","protected":false},"author":1,"featured_media":0,"parent":0,"menu_order":0,"comment_status":"closed","ping_status":"closed","template":"elementor_header_footer","meta":{"_seopress_robots_primary_cat":"","_seopress_titles_title":"","_seopress_titles_desc":"","_seopress_robots_index":"","inline_featured_image":false,"_uf_show_specific_survey":0,"_uf_disable_surveys":false,"footnotes":""},"class_list":["post-20132","page","type-page","status-publish"],"_links":{"self":[{"href":"https:\/\/tamerbadr.com\/et\/wp-json\/wp\/v2\/pages\/20132","targetHints":{"allow":["GET"]}}],"collection":[{"href":"https:\/\/tamerbadr.com\/et\/wp-json\/wp\/v2\/pages"}],"about":[{"href":"https:\/\/tamerbadr.com\/et\/wp-json\/wp\/v2\/types\/page"}],"author":[{"embeddable":true,"href":"https:\/\/tamerbadr.com\/et\/wp-json\/wp\/v2\/users\/1"}],"replies":[{"embeddable":true,"href":"https:\/\/tamerbadr.com\/et\/wp-json\/wp\/v2\/comments?post=20132"}],"version-history":[{"count":0,"href":"https:\/\/tamerbadr.com\/et\/wp-json\/wp\/v2\/pages\/20132\/revisions"}],"wp:attachment":[{"href":"https:\/\/tamerbadr.com\/et\/wp-json\/wp\/v2\/media?parent=20132"}],"curies":[{"name":"t\u00f6\u00f6leht","href":"https:\/\/api.w.org\/{rel}","templated":true}]}}