{"id":20112,"date":"2025-03-19T15:27:38","date_gmt":"2025-03-19T15:27:38","guid":{"rendered":"https:\/\/white-ant-267257.hostingersite.com\/?page_id=20112"},"modified":"2025-04-06T08:15:33","modified_gmt":"2025-04-06T08:15:33","slug":"riyad-as-sunnah-book-from-the-authentic-six-books","status":"publish","type":"page","link":"https:\/\/tamerbadr.com\/et\/riyad-as-sunnah-book-from-the-authentic-six-books","title":{"rendered":"Riyad as-Sunnah raamat autentsest kuuest raamatust"},"content":{"rendered":"<div data-elementor-type=\"wp-page\" data-elementor-id=\"20112\" class=\"elementor elementor-20112\" data-elementor-post-type=\"page\">\n\t\t\t\t<div class=\"elementor-element elementor-element-c8c7aab e-flex e-con-boxed e-con e-parent\" data-id=\"c8c7aab\" data-element_type=\"container\">\n\t\t\t\t\t<div class=\"e-con-inner\">\n\t\t<div class=\"elementor-element elementor-element-6483b1a e-con-full e-flex e-con e-child\" data-id=\"6483b1a\" data-element_type=\"container\">\n\t\t\t\t<div class=\"elementor-element elementor-element-6058eb2 elementor-widget elementor-widget-wc-elements\" data-id=\"6058eb2\" data-element_type=\"widget\" data-widget_type=\"wc-elements.default\">\n\t\t\t\t<div class=\"elementor-widget-container\">\n\t\t\t\t\t<div class=\"woocommerce\">\t\t\t<div class=\"single-product\" data-product-page-preselected-id=\"0\">\n\t\t\t\t<div class=\"woocommerce-notices-wrapper\"><\/div><div id=\"product-19584\" class=\"product type-product post-19584 status-publish first instock product_cat-188 has-post-thumbnail downloadable shipping-taxable purchasable product-type-simple\">\n\n\t<div class=\"woocommerce-product-gallery woocommerce-product-gallery--with-images woocommerce-product-gallery--columns-4 images\" data-columns=\"4\" style=\"opacity: 0; transition: opacity .25s ease-in-out;\">\n\t<div class=\"woocommerce-product-gallery__wrapper\">\n\t\t<div data-thumb=\"https:\/\/tamerbadr.com\/wp-content\/uploads\/2025\/03\/\u0631\u064a\u0627\u0636-\u0627\u0644\u0633\u0646\u0629-\u063a\u0644\u0627\u0641-scaled-scaled.jpg\" data-thumb-alt=\"\u0643\u062a\u0627\u0628 \u0631\u064a\u0627\u0636 \u0627\u0644\u0633\u0646\u0629 \u0645\u0646 \u0635\u062d\u064a\u062d \u0627\u0644\u0643\u062a\u0628 \u0627\u0644\u0633\u062a\u0629\" data-thumb-srcset=\"\"  data-thumb-sizes=\"(max-width: 100px) 100vw, 100px\" class=\"woocommerce-product-gallery__image\"><a href=\"https:\/\/tamerbadr.com\/wp-content\/uploads\/2025\/03\/\u0631\u064a\u0627\u0636-\u0627\u0644\u0633\u0646\u0629-\u063a\u0644\u0627\u0641-scaled-scaled.jpg\"><img fetchpriority=\"high\" decoding=\"async\" width=\"2049\" height=\"1329\" src=\"https:\/\/tamerbadr.com\/wp-content\/uploads\/2025\/03\/\u0631\u064a\u0627\u0636-\u0627\u0644\u0633\u0646\u0629-\u063a\u0644\u0627\u0641-scaled-scaled.jpg\" class=\"wp-post-image\" alt=\"Riyad as-Sunnah raamat autentsest kuuest raamatust\" data-caption=\"\" data-src=\"https:\/\/tamerbadr.com\/wp-content\/uploads\/2025\/03\/\u0631\u064a\u0627\u0636-\u0627\u0644\u0633\u0646\u0629-\u063a\u0644\u0627\u0641-scaled-scaled.jpg\" data-large_image=\"https:\/\/tamerbadr.com\/wp-content\/uploads\/2025\/03\/\u0631\u064a\u0627\u0636-\u0627\u0644\u0633\u0646\u0629-\u063a\u0644\u0627\u0641-scaled-scaled.jpg\" data-large_image_width=\"2049\" data-large_image_height=\"1329\" \/><\/a><\/div><div data-thumb=\"https:\/\/tamerbadr.com\/wp-content\/uploads\/2025\/03\/\u0631\u064a\u0627\u0636-\u0627\u0644\u0633\u0646\u0629-1\u063a\u0644\u0627\u0641-\u0627\u0644\u0644\u0624\u0644\u0624\u0629-scaled.jpg\" data-thumb-alt=\"\u0643\u062a\u0627\u0628 \u0631\u064a\u0627\u0636 \u0627\u0644\u0633\u0646\u0629 \u0645\u0646 \u0635\u062d\u064a\u062d \u0627\u0644\u0643\u062a\u0628 \u0627\u0644\u0633\u062a\u0629 - Pilt 2\" data-thumb-srcset=\"\"  data-thumb-sizes=\"(max-width: 75px) 100vw, 75px\" class=\"woocommerce-product-gallery__image\" data-no-translation-data-thumb-alt=\"\"><a href=\"https:\/\/tamerbadr.com\/wp-content\/uploads\/2025\/03\/\u0631\u064a\u0627\u0636-\u0627\u0644\u0633\u0646\u0629-1\u063a\u0644\u0627\u0641-\u0627\u0644\u0644\u0624\u0644\u0624\u0629-scaled.jpg\"><img decoding=\"async\" width=\"1928\" height=\"2560\" src=\"https:\/\/tamerbadr.com\/wp-content\/uploads\/2025\/03\/\u0631\u064a\u0627\u0636-\u0627\u0644\u0633\u0646\u0629-1\u063a\u0644\u0627\u0641-\u0627\u0644\u0644\u0624\u0644\u0624\u0629-scaled.jpg\" class=\"\" alt=\"\u0643\u062a\u0627\u0628 \u0631\u064a\u0627\u0636 \u0627\u0644\u0633\u0646\u0629 \u0645\u0646 \u0635\u062d\u064a\u062d \u0627\u0644\u0643\u062a\u0628 \u0627\u0644\u0633\u062a\u0629 - Pilt 2\" data-caption=\"\" data-src=\"https:\/\/tamerbadr.com\/wp-content\/uploads\/2025\/03\/\u0631\u064a\u0627\u0636-\u0627\u0644\u0633\u0646\u0629-1\u063a\u0644\u0627\u0641-\u0627\u0644\u0644\u0624\u0644\u0624\u0629-scaled.jpg\" data-large_image=\"https:\/\/tamerbadr.com\/wp-content\/uploads\/2025\/03\/\u0631\u064a\u0627\u0636-\u0627\u0644\u0633\u0646\u0629-1\u063a\u0644\u0627\u0641-\u0627\u0644\u0644\u0624\u0644\u0624\u0629-scaled.jpg\" data-large_image_width=\"1928\" data-large_image_height=\"2560\" data-no-translation-alt=\"\" \/><\/a><\/div><div data-thumb=\"https:\/\/tamerbadr.com\/wp-content\/uploads\/2025\/03\/\u0645\u0624\u0644\u0641\u0627\u062a-\u062a\u0627\u0645\u0631-\u0628\u062f\u0631-1-3.jpg\" data-thumb-alt=\"\u0643\u062a\u0627\u0628 \u0631\u064a\u0627\u0636 \u0627\u0644\u0633\u0646\u0629 \u0645\u0646 \u0635\u062d\u064a\u062d \u0627\u0644\u0643\u062a\u0628 \u0627\u0644\u0633\u062a\u0629 - Pilt 3\" data-thumb-srcset=\"\"  data-thumb-sizes=\"(max-width: 92px) 100vw, 92px\" class=\"woocommerce-product-gallery__image\" data-no-translation-data-thumb-alt=\"\"><a href=\"https:\/\/tamerbadr.com\/wp-content\/uploads\/2025\/03\/\u0645\u0624\u0644\u0641\u0627\u062a-\u062a\u0627\u0645\u0631-\u0628\u062f\u0631-1-3.jpg\"><img decoding=\"async\" width=\"389\" height=\"422\" src=\"https:\/\/tamerbadr.com\/wp-content\/uploads\/2025\/03\/\u0645\u0624\u0644\u0641\u0627\u062a-\u062a\u0627\u0645\u0631-\u0628\u062f\u0631-1-3.jpg\" class=\"\" alt=\"\u0643\u062a\u0627\u0628 \u0631\u064a\u0627\u0636 \u0627\u0644\u0633\u0646\u0629 \u0645\u0646 \u0635\u062d\u064a\u062d \u0627\u0644\u0643\u062a\u0628 \u0627\u0644\u0633\u062a\u0629 - Pilt 3\" data-caption=\"CREATOR: gd-jpeg v1.0 (using IJG JPEG v62), quality = 90\" data-src=\"https:\/\/tamerbadr.com\/wp-content\/uploads\/2025\/03\/\u0645\u0624\u0644\u0641\u0627\u062a-\u062a\u0627\u0645\u0631-\u0628\u062f\u0631-1-3.jpg\" data-large_image=\"https:\/\/tamerbadr.com\/wp-content\/uploads\/2025\/03\/\u0645\u0624\u0644\u0641\u0627\u062a-\u062a\u0627\u0645\u0631-\u0628\u062f\u0631-1-3.jpg\" data-large_image_width=\"389\" data-large_image_height=\"422\" data-no-translation-alt=\"\" \/><\/a><\/div>\t<\/div>\n<\/div>\n\n\t<div class=\"summary entry-summary\">\n\t\t<h1 class=\"product_title entry-title\">Riyad as-Sunnah raamat autentsest kuuest raamatust<\/h1><p class=\"price\"><span class=\"woocommerce-Price-amount amount\"><bdi><span class=\"woocommerce-Price-currencySymbol\">Egiptuse naela<\/span>80.00<\/bdi><\/span><\/p>\n\n\t\n\t<form class=\"cart\" action=\"\" method=\"post\" enctype='multipart\/form-data' data-trp-original-action=\"\">\n\t\t\n\t\t<div class=\"quantity\">\n\t\t<label class=\"screen-reader-text\" for=\"quantity_69fee72098cb2\" data-no-translation=\"\" data-trp-gettext=\"\">\u0643\u062a\u0627\u0628 \u0631\u064a\u0627\u0636 \u0627\u0644\u0633\u0646\u0629 \u0645\u0646 \u0635\u062d\u064a\u062d \u0627\u0644\u0643\u062a\u0628 \u0627\u0644\u0633\u062a\u0629 kogus<\/label>\n\t<input\n\t\ttype=\"number\"\n\t\t\t\tid=\"quantity_69fee72098cb2\"\n\t\tclass=\"input-text qty text\"\n\t\tname=\"quantity\"\n\t\tvalue=\"1\"\n\t\taria-label=\"Toote kogus\"\n\t\t\t\tmin=\"1\"\n\t\t\t\t\t\t\tstep=\"1\"\n\t\t\tplaceholder=\"\"\n\t\t\tinputmode=\"numeric\"\n\t\t\tautocomplete=\"off\" data-no-translation-aria-label=\"\"\n\t\t\t\/>\n\t<\/div>\n\n\t\t<button type=\"submit\" name=\"add-to-cart\" value=\"19584\" class=\"single_add_to_cart_button button alt\" data-no-translation=\"\" data-trp-gettext=\"\">Lisa korvi<\/button>\n\n\t\t\n        <script>\n            document.addEventListener('DOMContentLoaded', function(){\n                document.addEventListener('click', function(event){\n                    if(!event.target.matches('.single_add_to_cart_button')){\n                        return;\n                    }\n\n                    const quantity = document.querySelector('input.qty').value || '1';\n                    const formProductVariation = document.querySelector('form[data-product_variations]')\n                    const variationItem = document.querySelector('.variation_id')\n\n                    let price = 80\n                    if(formProductVariation && variationItem){\n                        try{\n                            const variations = JSON.parse(formProductVariation.dataset.product_variations)\n                            const variationId = variationItem.value\n                            for(const variation of variations){\n                                if(variation.variation_id == Number(variationId)){\n                                    price = variation.display_price\n                                }\n                            }\n                        }\n                        catch{\n                        }\n                    }\n\n                    gtag('event', 'add_to_cart', {\n                        'items': [ {\n                            'item_id':'19584',\n                            'item_name': '\u0643\u062a\u0627\u0628 \u0631\u064a\u0627\u0636 \u0627\u0644\u0633\u0646\u0629 \u0645\u0646 \u0635\u062d\u064a\u062d \u0627\u0644\u0643\u062a\u0628 \u0627\u0644\u0633\u062a\u0629',\n                            'list_name': '\u0643\u062a\u0627\u0628 \u0631\u064a\u0627\u0636 \u0627\u0644\u0633\u0646\u0629 \u0645\u0646 \u0635\u062d\u064a\u062d \u0627\u0644\u0643\u062a\u0628 \u0627\u0644\u0633\u062a\u0629',\n                            'quantity': quantity,\n                            'price': price,\n                            \"item_category\":\"\u0623\u062d\u0627\u062f\u064a\u062b \u0646\u0628\u0648\u064a\u0629\"\n                        }]\n                    });\n                })\n            });\n        <\/script>\n        \t<input type=\"hidden\" name=\"trp-form-language\" value=\"et\"\/><\/form>\n\n\t\n<div class=\"product_meta\">\n\n\t\n\t\n\t<span class=\"posted_in\">Kategooria: <a href=\"https:\/\/tamerbadr.com\/et\/tootekategooria\/%d8%a3%d8%ad%d8%a7%d8%af%d9%8a%d8%ab-%d9%86%d8%a8%d9%88%d9%8a%d8%a9\" rel=\"tag\">Hadithid<\/a><\/span>\n\t\n\t\n<\/div>\n\t<\/div>\n\n\t\n\t<div class=\"woocommerce-tabs wc-tabs-wrapper\">\n\t\t<ul class=\"tabs wc-tabs\" role=\"tablist\">\n\t\t\t\t\t\t\t<li role=\"presentation\" class=\"description_tab\" id=\"tab-title-description\">\n\t\t\t\t\t<a href=\"#tab-description\" role=\"tab\" aria-controls=\"tab-description\">\n\t\t\t\t\t\tKirjeldus\t\t\t\t\t<\/a>\n\t\t\t\t<\/li>\n\t\t\t\t\t\t\t<li role=\"presentation\" class=\"reviews_tab\" id=\"tab-title-reviews\">\n\t\t\t\t\t<a href=\"#tab-reviews\" role=\"tab\" aria-controls=\"tab-reviews\">\n\t\t\t\t\t\tArvustused (0)\t\t\t\t\t<\/a>\n\t\t\t\t<\/li>\n\t\t\t\t\t<\/ul>\n\t\t\t\t\t<div class=\"woocommerce-Tabs-panel woocommerce-Tabs-panel--description panel entry-content wc-tab\" id=\"tab-description\" role=\"tabpanel\" aria-labelledby=\"tab-title-description\">\n\t\t\t\t\n\t<h2 data-no-translation=\"\" data-trp-gettext=\"\">Kirjeldus<\/h2>\n\n<h1 style=\"text-align: center;\"><strong>Sissejuhatus Sahih al-Kutub al-Sittah&#039; raamatusse &quot;Riyad as-Sunnah&quot;<\/strong><\/h1>\n<h1 style=\"text-align: center;\">Prohveti (rahu ja \u00f5nnistus olgu temaga) elulugu on parim elulugu l\u00e4bi aegade ja tema k\u00f5ne (rahu ja \u00f5nnistus olgu temaga) on parim k\u00f5ne ja tema juhatus on parim juhatus ning tema k\u00f5ne on k\u00f5ige t\u00f5esem k\u00f5ne (Jumala palved ja rahu olgu temaga). Seega k\u00e4skis K\u00f5igev\u00e4eline Jumal oma rahval j\u00e4rgida tema seadust ja keelas neil sellele vastu astuda, nii et Tema, K\u00f5igek\u00f5rgem, \u00fctles: {Oo teie, kes olete uskunud, kuuletuge Jumalale ja kuuletuge S\u00f5numitoojale ning \u00e4rge t\u00fchistage oma tegusid (33)} [Surat Muhammad].<\/h1>\n<h1 style=\"text-align: center;\">Ja K\u00f5igek\u00f5rgem \u00fctles: {Oo teie, kes olete uskunud, kuuletuge Allahile ja kuuletuge S\u00f5numitoojale ning neile teie seas, kellel on autoriteet. Ja kui te millegi suhtes lahkarvamusel olete, siis p\u00f6\u00f6rduge Allahi ja S\u00f5numitooja poole, kui te usute Allahi ja Viimsesse P\u00e4eva. See on parim ja sobivaim lahendus.} (59) [Surat An-Nisa\u2019].<\/h1>\n<h1 style=\"text-align: center;\">Ja K\u00f5igek\u00f5rgem \u00fctles: {Ja kes kuuletub Jumalale ja S\u00f5numitoojale \u2013 need on nendega, kellele Jumal on andnud prohvetite soosingu, t\u00f5e vankumatute kinnitajate, m\u00e4rtrite ja \u00f5igemeelsete seas. Ja suurep\u00e4rased on need kaaslasteks. (69)} [Surat An-Nisa\u2019].<\/h1>\n<h1 style=\"text-align: center;\">Mida Prohvet (rahu ja \u00f5nnistus olgu temaga) \u00fctles: \u201eVarsti tuleb mees, lesides oma diivanil ja jutustades \u00fchte minu hadithidest. Ta \u00fctleb: \u201eMeie ja teie vahel on Allahi, K\u00f5igev\u00e4elisema ja Majesteetliku Raamat. Mida iganes me selles leiame olevat seaduslikku, seda me peame seaduslikuks, ja mida iganes me selles leiame keelatut, seda me peame keelatuks. T\u00f5esti, mida Allahi S\u00f5numitooja (rahu ja \u00f5nnistus olgu temaga) on keelanud, on nagu see, mida Allah on keelanud.\u201c\u201c<\/h1>\n<h1 style=\"text-align: center;\">[Sahih]. Jutustaja (H). [Sahih al-Jami\u2019: 8186].<\/h1>\n<h1 style=\"text-align: center;\">Seega on \u00fcllas prohvetlik hadith p\u00e4rast P\u00fcha Koraani teine islami seadusandluse allikas. P\u00fcha Koraan k\u00e4skis palvetada, zakat&#039;i, paastuda ja had\u017eit ilma \u00fcksikasjade v\u00f5i selgitusteta, kuid prohvetlik hadith selgitas ja selgitas seda \u00fcksikasjalikult.<\/h1>\n<h1 style=\"text-align: center;\">\u00d5ilsaid prohvetlikke hadithe rikuvad paljud n\u00f5rgad ja v\u00e4ljam\u00f5eldud hadithe, mida ei saa t\u00f5estada. Siiski on olemas suur, piisav ja t\u00f5estatud hulk autentseid ja h\u00e4id hadithe Jumala S\u00f5numitoojalt (Jumal \u00f5nnistagu teda ja andku talle rahu) ning kaaslastelt (Jumal olgu nendega rahul). Hea hadith on madalama astme kui autentne hadith, kuid seda saab kasutada t\u00f5endina ja selle alusel tegutseda.<\/h1>\n<h1 style=\"text-align: center;\">Seet\u00f5ttu olen ma sellesse raamatusse kogunud autentsed ja head hadithid hadithiteadlaste k\u00f5ige autentsemate ja kuulsamate \u00fctluste hulgast ning olen selleks kasutanud j\u00e4rgmisi allikaid: (Sahih al-Bukhari, Sahih al-Bukhari, Sunan Abu Dawud, Sunan al-Tirmidhi, Sunan al-Nasa\u2019i, Sunan Ibn Majah).<\/h1>\n<h1 style=\"text-align: center;\">Olen kuuest raamatust valinud autentsed ja head hadithid, mis p\u00f5hinevad suure \u00f5petlase, \u0161eik Muhammad Nasir al-Din al-Albani (halastagu Allah tema peale), \u00fche t\u00e4nap\u00e4eva silmapaistvama moslemi \u00f5petlase, poolt kinnitatud t\u00f5enditel. \u0160eik al-Albanit peetakse \u00fcheks silmapaistvamaks hadithiteadlaseks, kes on ainulaadne autentimise ja n\u00f5rgestamise teaduses. \u0160eik al-Albani on hadithite terminoloogia suur \u00f5petlane ja t\u00e4nap\u00e4eva \u00f5petlased on tema kohta \u00f6elnud, et ta taaselustas hadithite teaduse p\u00e4rast selle unustamist.<\/h1>\n<h1 style=\"text-align: center;\">Kogudes sellesse raamatusse \u00fcllaid hadithe, pidasin meeles prohveti (rahu ja \u00f5nnistus olgu temaga) hadithe: \u201eEdasta minult, isegi kui see on vaid \u00fcks salm, ja jutusta Iisraeli lastelt ning teil pole s\u00fc\u00fcd. Ja kes iganes minu kohta tahtlikult valetab, see istugu p\u00f5rgutules.\u201c<\/h1>\n<h1 style=\"text-align: center;\">[Sahih]. Jutustaja (Kh. T). [Sahih al-Jami\u2019: 2837].<\/h1>\n<h1 style=\"text-align: center;\">Seega olen ma selles raamatus valinud autentsed ja head hadithid, mis p\u00f5hinevad j\u00e4rgmisel:<\/h1>\n<h1 style=\"text-align: center;\">A \u2013 Kui hadithi edasiandmisahel on sama ja hadithi tekst on kahes v\u00f5i enamas sarnases jutustuses sarnane, n\u00e4iteks:<\/h1>\n<h1 style=\"text-align: center;\">Abu Saeed Al-Khudri autoriteedil, olgu Jumal temaga rahul, kes \u00fctles: Jumala S\u00f5numitooja, \u00f5nnistagu Jumal teda ja andku talle rahu, \u00fctles: \u201eTeie parim parf\u00fc\u00fcm on muskus.\u201c<\/h1>\n<h1 style=\"text-align: center;\">[Sahih]. Jutustaja (N). [Sahih al-Jami\u2019: 5914].<\/h1>\n<h1 style=\"text-align: center;\">Abu Saeed Al-Khudri autoriteedil (olgu Jumal temaga rahul) on \u00f6eldud: \u201eJumala S\u00f5numitooja (\u00f5nnistagu Jumal teda ja andku talle rahu) on \u00f6eldud: \u201eParim parf\u00fc\u00fcm on muskus.\u201c<\/h1>\n<h1 style=\"text-align: center;\">[Sahih]. Jutustanud (T, M, N). [Sahih al-Jami\u2019: 1032].<\/h1>\n<h1 style=\"text-align: center;\">Seega valisin teise hadithi selle mitmekordsete jutustuste t\u00f5ttu.<\/h1>\n<h1 style=\"text-align: center;\">B - Kui kaks v\u00f5i enam hadithi on sarnased, n\u00e4iteks:<\/h1>\n<h1 style=\"text-align: center;\">Abu Hurairahi (rahu ja \u00f5nnistused olgu temaga) autoriteedil \u00fctles Allahi S\u00f5numitooja (rahu ja \u00f5nnistused olgu temaga): \u201eKui imaam \u00fctleb: \u201eAllah kuuleb neid, kes Teda kiidavad,\u201c siis \u00f6elge: \u201eOo Allah, meie Issand, kiitus olgu Sulle.\u201c Sest kelle s\u00f5nad langevad kokku inglite s\u00f5nadega, sellele antakse tema varasemad patud andeks.\u201c<\/h1>\n<h1 style=\"text-align: center;\">[Sahih]. Jutustaja (Kh, M, D, T, N). [Sahih al-Jami: 705].<\/h1>\n<h1 style=\"text-align: center;\">Abu Sa&#039;id Al-Khudri (olgu Allah temaga rahul) s\u00f5nul kuulis ta Allahi S\u00f5numitoojat (rahu ja Allahi \u00f5nnistused olgu temaga) \u00fctlemas: \u201eKui imaam \u00fctleb: \u201eAllah kuuleb neid, kes Teda kiidavad,\u201c siis \u00f6elge: \u201eOo Allah, meie Issand, ja Sulle olgu kiitus.\u201c\u201c<\/h1>\n<h1 style=\"text-align: center;\">[Sahih]. Jutustaja (H). [Sahih al-Jami\u2019: 706].<\/h1>\n<h1 style=\"text-align: center;\">Seega valisin ma selge t\u00e4hendusega p\u00f5hjaliku hadithi, nagu esimeses hadithi.<\/h1>\n<h1 style=\"text-align: center;\">C \u2013 Al-Albani poolt teostes \u201eSahih al-Jami\u2019 al-Saghir\u201d ja \u201eal-Silsilah al-Sahihah\u201d [imaami Ahmad ibn Hanbali, al-Tabarani, al-Hakimi v\u00f5i al-Bayhaqi musnaadide jaoks] mainitud hadithid panin ma selles raamatus asemele kuue imaami raamatutest p\u00e4rit hadithid, mis on nendega s\u00f5nastuselt sarnased.<\/h1>\n<h1 style=\"text-align: center;\">N\u00e4iteks Buraydah al-Aslami (olgu Allah temaga rahul) jutustatud hadith Prohvetilt (rahu ja Allahi \u00f5nnistused olgu temaga): \u201eKes annab raskustes olevale inimesele hinget\u00f5mbeaega, saab iga p\u00e4eva eest enne v\u00f5la sissen\u00f5utavaks muutumist kahekordse almuse. Kui v\u00f5lg saab sissen\u00f5utavaks ja ta annab talle hinget\u00f5mbeaega, saab ta iga p\u00e4eva eest kahekordse almuse.\u201c [Sahih]. Jutustaja (Ahmad ibn Hanbal, Ibn Majah). Seda mainitakse Sahih al-Jami\u2019s numbri [6108] all. Seega lisasin sellesse raamatusse Sunan Ibn Majah&#039;s leiduva hadithi s\u00f5nastuse, nagu selles hadithis.<\/h1>\n<h1 style=\"text-align: center;\">Buraydah al-Aslami (rahu ja \u00f5nnistused olgu temaga) autoriteedil \u00fctles Prohvet (rahu ja \u00f5nnistused olgu temaga): \u201eKes annab maksej\u00f5uetule hinget\u00f5mbeaega, saab iga p\u00e4eva eest almuse, ja kes annab talle hinget\u00f5mbeaega p\u00e4rast makset\u00e4htaja m\u00f6\u00f6dumist, saab iga p\u00e4eva eest sama palju almust.\u201c [Sahih]. Jutustanud (Ibn Majah).<\/h1>\n<h1 style=\"text-align: center;\">A \u2013 Ma t\u00e4iendasin kuue imaami raamatutest al-Albani poolt Sahih al-Jami\u2019 al-Saghiris ja al-Silsilah al-Sahihahis mainitud poolikuid hadithe.<\/h1>\n<h1 style=\"text-align: center;\">N\u00e4iteks hadith: \u201eKolm p\u00e4eva igas kuus, ramadaanist ramadaanini, on nagu eluaegne paastumine.\u201c<\/h1>\n<h1 style=\"text-align: center;\">[Sahih]. Jutustanud (H.M.M.) Abu Qatada autoriteedil. [Sahih al-Jami\u2019: 3802].<\/h1>\n<h1 style=\"text-align: center;\">See hadith p\u00e4rineb imaam Ahmad ibn Hanbali Musnadist ja on mittet\u00e4ielik, seega t\u00e4iendasin seda Sahih Muslimi s\u00f5nastusega ja paigutasin selle raamatusse j\u00e4rgmiselt.<\/h1>\n<h1 style=\"text-align: center;\">Abu Qatada Al-Ansari (rahu olgu temaga) andmetel k\u00fcsiti Allahi S\u00f5numitoojalt (rahu ja \u00f5nnistused olgu temaga) tema paastumise kohta. Allahi S\u00f5numitooja (rahu olgu temaga) sai vihaseks. Umar (rahu olgu temaga) \u00fctles: &quot;Meie oleme rahul Allahiga kui oma Issandaga, islamiga kui oma religiooniga, Muhammediga kui meie S\u00f5numitoojaga ja meie truudusvandega kui meie vandega.&quot; Seej\u00e4rel k\u00fcsiti temalt paastumise kohta kogu tema elu jooksul. Ta \u00fctles: &quot;Ta ei paastunud ega katkestanud oma paastu.&quot; V\u00f5i: &quot;Ta ei paastunud ega katkestanud oma paastu.&quot; Ta \u00fctles: Temalt k\u00fcsiti kahep\u00e4evase paastumise ja j\u00e4rgmisel p\u00e4eval paastu katkestamise kohta. Ta \u00fctles: &quot;Kes suudab seda teha?&quot; Ta \u00fctles: Temalt k\u00fcsiti \u00fchep\u00e4evase paastumise ja kahep\u00e4evase paastu katkestamise kohta. Ta \u00fctles: &quot;Kui Allah oleks meile vaid selleks j\u00f5udu andnud.&quot; Ta \u00fctles: Temalt k\u00fcsiti \u00fchep\u00e4evase paastumise ja j\u00e4rgmisel p\u00e4eval paastu katkestamise kohta. Ta \u00fctles: &quot;See on mu venna Davidi paast, rahu olgu temaga.&quot; Ta \u00fctles: Temalt k\u00fcsiti esmasp\u00e4eviti paastumise kohta. Ta \u00fctles: \u201eSee on p\u00e4ev, mil ma s\u00fcndisin ja p\u00e4ev, mil mind prohvetina l\u00e4kitati v\u00f5i mil mulle saadeti ilmutus.\u201c Ta \u00fctles: \u201eKolm p\u00e4eva igas kuus paastumine ja paastumine \u00fchest ramadaanist teise on eluaegne paastumine.\u201c Temalt k\u00fcsiti Arafa p\u00e4eval paastumise kohta. Ta vastas: \u201eSee lepitab eelmise ja j\u00e4rgmise aasta patud.\u201c Temalt k\u00fcsiti ka Ashura p\u00e4eval paastumise kohta. Ta \u00fctles: \u201eSee lepitab eelmise aasta patud.\u201c<\/h1>\n<h1 style=\"text-align: center;\">[Sahih]. Jutustaja (M). [Sahih al-Jami\u2019: 3802].<\/h1>\n<h1 style=\"text-align: center;\">E \u2013 Raamatus oleva hadithi s\u00f5nastus on v\u00f5etud hadithi jutustaja eesnimest. N\u00e4iteks kui see on kirjutatud \u201eJutustaja (M, Kh, D, T, N, H)\u201d, siis on hadithi s\u00f5nastus k\u00f5igis kuues raamatus sarnane ja esineb \u00f5petlase Sheikh Al-Albani raamatutes. Selle raamatu hadithi s\u00f5nastus on aga v\u00f5etud Sahih Muslimilt ja seet\u00f5ttu on see kirjutatud l\u00fchendina esimesena.<\/h1>\n<h1 style=\"text-align: center;\">Ja ma ei maininud hadithides edasiandmisahelat, v\u00e4lja arvatud kaaslase nimi, kes hadithi k\u00f5ige silmapaistvamalt jutustas, et lugejal oleks raamatut lihtsam uurida ilma seda liiga pikaks ajamata, kuna paljud lugejad tahavad lugeda ainult hadithi teksti.<\/h1>\n<h1 style=\"text-align: center;\">Z- Ma ei arutanud selles raamatus prohveti eluloo hadithe, kuna neid mainiti paljudes prohveti elulugu ja kaaslaste elulugusid k\u00e4sitlevates raamatutes, olgu Jumal nendega rahul.<\/h1>\n<h1 style=\"text-align: center;\">H - M\u00f5nede hadithides esinevate keeruliste s\u00f5nade t\u00e4hendused on paigutatud iga lehe l\u00f5ppu, et lugejal oleks hadithidest v\u00f5imalikult lihtne aru saada.<\/h1>\n<h1 style=\"text-align: center;\">T- K\u00f5ik selle raamatu hadithid on varustatud diakriitikutega, et neid saaks \u00f5igesti lugeda.<\/h1>\n<h1 style=\"text-align: center;\">See raamat alustati 2009. aasta alguses ja valmis 2019. aastal. Need on katsed, mille abil p\u00fc\u00fcdsime teenida oma suurt religiooni ja toetada meie prohvetit, S\u00f5numitoojate Pitserit, \ufdfa, l\u00e4bi selle, mida ta \u00fctles ja tegi meie vendade h\u00fcvanguks, vastavalt K\u00f5igev\u00e4elise Jumala s\u00f5nadele: {T\u00f5epoolest, Jumala S\u00f5numitoojas on teil suurep\u00e4rane eeskuju k\u00f5igile, kelle lootus on Jumalas ja Viimses P\u00e4evas ning [kes] m\u00e4letab Jumalat sageli.} [Al-Ahzab: 22]. Me palume K\u00f5igev\u00e4elist Jumalat, et ta teeks selle kasulikuks ja et meie t\u00f6\u00f6 oleks Tema p\u00e4rast siiras. {Meie Issand, \u00e4ra s\u00fc\u00fcdista meid, kui me unustame v\u00f5i eksime.} Temast piisab meile ja Ta on parim asjade korraldaja.<\/h1>\n<h1 style=\"text-align: center;\">Kairo, 18. Sha&#039;ban 1440 AH<\/h1>\n<h1 style=\"text-align: center;\">Vastab 24. aprillile 2019<\/h1>\n<h1 style=\"text-align: center;\">\u00a0\u00a0\u00a0\u00a0\u00a0\u00a0 Tamer Badr<\/h1>\n\t\t\t<\/div>\n\t\t\t\t\t<div class=\"woocommerce-Tabs-panel woocommerce-Tabs-panel--reviews panel entry-content wc-tab\" id=\"tab-reviews\" role=\"tabpanel\" aria-labelledby=\"tab-title-reviews\">\n\t\t\t\t<div id=\"reviews\" class=\"woocommerce-Reviews\">\n\t<div id=\"comments\">\n\t\t<h2 class=\"woocommerce-Reviews-title\">\n\t\t\tArvustused\t\t<\/h2>\n\n\t\t\t\t\t<p class=\"woocommerce-noreviews\" data-no-translation=\"\" data-trp-gettext=\"\">Toote\u00fclevaateid veel ei ole.<\/p>\n\t\t\t<\/div>\n\n\t\t\t<div id=\"review_form_wrapper\">\n\t\t\t<div id=\"review_form\">\n\t\t\t\t\t<div id=\"respond\" class=\"comment-respond\">\n\t\t<span id=\"reply-title\" class=\"comment-reply-title\" role=\"heading\" aria-level=\"3\">Ole esimene, kes hindab toodet &ldquo;\u0643\u062a\u0627\u0628 \u0631\u064a\u0627\u0636 \u0627\u0644\u0633\u0646\u0629 \u0645\u0646 \u0635\u062d\u064a\u062d \u0627\u0644\u0643\u062a\u0628 \u0627\u0644\u0633\u062a\u0629&rdquo; <small><a rel=\"nofollow\" id=\"cancel-comment-reply-link\" href=\"\/et\/wp-json\/wp\/v2\/pages\/20112#respond\" style=\"display:none;\">T\u00fchista vastus<\/a><\/small><\/span><p class=\"must-log-in\" data-no-translation=\"\" data-trp-gettext=\"\">Arvustuse lisamiseks <a href=\"https:\/\/tamerbadr.com\/et\/\">logi sisse<\/a>.<\/p>\t<\/div><!-- #respond -->\n\t\t\t\t<\/div>\n\t\t<\/div>\n\t\n\t<div class=\"clear\"><\/div>\n<\/div>\n\t\t\t<\/div>\n\t\t\n\t\t\t<\/div>\n\n<\/div>\n\n\t\t\t<\/div>\n\t\t\t<\/div>\t\t\t\t<\/div>\n\t\t\t\t<\/div>\n\t\t\t\t<\/div>\n\t\t\t\t\t<\/div>\n\t\t\t\t<\/div>\n\t\t\t\t<\/div>","protected":false},"excerpt":{"rendered":"","protected":false},"author":1,"featured_media":0,"parent":0,"menu_order":0,"comment_status":"closed","ping_status":"closed","template":"elementor_header_footer","meta":{"_seopress_robots_primary_cat":"","_seopress_titles_title":"","_seopress_titles_desc":"","_seopress_robots_index":"","inline_featured_image":false,"_uf_show_specific_survey":0,"_uf_disable_surveys":false,"footnotes":""},"class_list":["post-20112","page","type-page","status-publish"],"_links":{"self":[{"href":"https:\/\/tamerbadr.com\/et\/wp-json\/wp\/v2\/pages\/20112","targetHints":{"allow":["GET"]}}],"collection":[{"href":"https:\/\/tamerbadr.com\/et\/wp-json\/wp\/v2\/pages"}],"about":[{"href":"https:\/\/tamerbadr.com\/et\/wp-json\/wp\/v2\/types\/page"}],"author":[{"embeddable":true,"href":"https:\/\/tamerbadr.com\/et\/wp-json\/wp\/v2\/users\/1"}],"replies":[{"embeddable":true,"href":"https:\/\/tamerbadr.com\/et\/wp-json\/wp\/v2\/comments?post=20112"}],"version-history":[{"count":0,"href":"https:\/\/tamerbadr.com\/et\/wp-json\/wp\/v2\/pages\/20112\/revisions"}],"wp:attachment":[{"href":"https:\/\/tamerbadr.com\/et\/wp-json\/wp\/v2\/media?parent=20112"}],"curies":[{"name":"t\u00f6\u00f6leht","href":"https:\/\/api.w.org\/{rel}","templated":true}]}}