{"id":19585,"date":"2025-03-16T21:59:57","date_gmt":"2025-03-16T21:59:57","guid":{"rendered":"https:\/\/white-ant-267257.hostingersite.com\/?post_type=product&#038;p=19585"},"modified":"2025-07-13T07:17:53","modified_gmt":"2025-07-13T07:17:53","slug":"the-book-of-the-characteristics-of-the-shepherd-and-the-flock","status":"publish","type":"product","link":"https:\/\/tamerbadr.com\/es\/producto\/the-book-of-the-characteristics-of-the-shepherd-and-the-flock","title":{"rendered":"El libro del pastor y la pastora"},"content":{"rendered":"<h1 style=\"text-align: center;\"><strong>Introducci\u00f3n al personaje del pastor y la pastora<\/strong><\/h1>\n<h1 style=\"text-align: center;\">El Islam ha establecido un enfoque claro y exhaustivo de la relaci\u00f3n entre el pastor y el reba\u00f1o, y los eruditos han tratado en libros sobre pol\u00edtica isl\u00e1mica lo relativo a esta relaci\u00f3n y a los deberes y derechos de ambas partes de una forma que demuestra que el Islam tiene su propio sistema como forma de vida; pol\u00edticamente, en cuanto a la relaci\u00f3n entre el imam y su reba\u00f1o de ciudadanos, la historia isl\u00e1mica no ha conocido un sistema de gobierno isl\u00e1mico espec\u00edfico. El Islam, la \u00faltima ley divina, no vino con un sistema espec\u00edfico que se impusiera a los musulmanes en cada tiempo y lugar, sino con principios generales que son adecuados para cada tiempo y lugar, sin ocuparse de detalles, m\u00e9todos y pormenores que por su naturaleza se desarrollan y cambian seg\u00fan las circunstancias cambiantes del tiempo y el lugar, de modo que cada naci\u00f3n tiene en cuenta lo que conviene a su situaci\u00f3n y a sus intereses.<\/h1>\n<h1 style=\"text-align: center;\">Por consiguiente, en lo que respecta a la teor\u00eda del Estado, el Islam no ha legislado un sistema pol\u00edtico que no acepte cambios ni alteraciones, ni ha entrado en detalles con valores finales absolutos, sino que s\u00f3lo ha establecido los principios generales y las normas globales en los que debe basarse esta teor\u00eda, de modo que la teor\u00eda isl\u00e1mica del Estado (en lo que respecta a las partes y los detalles), como todas las dem\u00e1s teor\u00edas pol\u00edticas isl\u00e1micas, est\u00e1 sujeta a cambios, alteraciones y adiciones, y sus f\u00f3rmulas no son finales ni definitivas, ni est\u00e1n establecidas en un molde r\u00edgido Como todas las dem\u00e1s teor\u00edas pol\u00edticas isl\u00e1micas, est\u00e1 sujeta a cambios, alteraciones y adiciones, y sus f\u00f3rmulas no son finales ni definitivas, ni est\u00e1n fijadas en un molde r\u00edgido; el Islam permite el desarrollo y la modificaci\u00f3n de las teor\u00edas pol\u00edticas, que los eruditos musulmanes se han esforzado por formular de acuerdo con las exigencias de la \u00e9poca y las circunstancias de tiempo y lugar.<\/h1>\n<h1 style=\"text-align: center;\">Aquellos que suponen una ruptura entre el Islam y todas estas ideas modernas no comprenden la verdad del Islam, ni leen la historia del Profeta (la paz sea con \u00e9l) y sus honorables compa\u00f1eros (que Allah est\u00e9 complacido con ellos) de una manera correcta o justa. Esta es la raz\u00f3n por la que el Estado en el Islam tiene sus propias caracter\u00edsticas distintivas, y el sistema de gobierno en el Islam tiene sus propios fundamentos como la servidumbre a Dios, la justicia, la shura y su obligaci\u00f3n, la igualdad, la obediencia al gobernante, la obligaci\u00f3n de aconsejar al gobernante, la responsabilidad del gobernante o patr\u00f3n y su sujeci\u00f3n al control del poder judicial y de la naci\u00f3n, la unidad pol\u00edtica de la naci\u00f3n, la garant\u00eda de los derechos y deberes, y la libertad; estos fundamentos son el n\u00facleo del sistema isl\u00e1mico y lo m\u00e1s expresivo de su especificidad; he intentado en la medida de lo posible abordar esto en mi libro.<\/h1>\n<h1 style=\"text-align: center;\">Finalmente: Espero que mi trabajo sea puramente por el bien de Al\u00e1, y que \u00c9l me recompense por cada letra que he escrito y la incluya en el balance de mis buenas acciones, y que recompense a mis hermanos que me ayudaron con todo lo que ten\u00edan para completar este libro.<\/h1>\n<h1 style=\"text-align: center;\">\"Gloria a Ti, testifico que no hay m\u00e1s dios que T\u00fa, te perdono y me arrepiento ante Ti, y nuestra \u00faltima s\u00faplica es que toda alabanza es debida a Al\u00e1, Se\u00f1or de los Mundos\".<\/h1>\n<h1 style=\"text-align: center;\">Pobre hasta el perd\u00f3n y el perd\u00f3n de su Se\u00f1or<\/h1>\n<h1 style=\"text-align: center;\">Pedir con precauci\u00f3n<\/h1>\n<h1 style=\"text-align: center;\">Domingo 3 Rajab 1440 AH<\/h1>\n<h1 style=\"text-align: center;\">10 de marzo de 2019<\/h1>","protected":false},"excerpt":{"rendered":"<p>\u0645\u0642\u062f\u0645\u0629 \u0643\u062a\u0627\u0628 \u0635\u0641\u0629 \u0627\u0644\u0631\u0627\u0639\u064a \u0648\u0627\u0644\u0631\u0639\u064a\u0629 \u0644\u0642\u062f \u0648\u0636\u0639 \u0627\u0644\u0625\u0633\u0644\u0627\u0645 \u0645\u0646\u0647\u062c\u064b\u0627 \u0628\u064a\u0651\u0650\u0646\u064b\u0627 \u0648\u0648\u0627\u0641\u064a\u064b\u0627 \u0641\u064a \u0627\u0644\u0639\u0644\u0627\u0642\u0629 \u0628\u064a\u0646 \u0627\u0644\u0631\u0627\u0639\u064a \u0648\u0627\u0644\u0631\u0639\u064a\u0629\u060c \u0648\u0628\u064e\u062d\u064e\u062b\u064e \u0623\u0647\u0644\u064f \u0627\u0644\u0639\u0644\u0645 \u0641\u064a \u0643\u062a\u0628 \u0627\u0644\u0633\u064a\u0627\u0633\u0629 \u0627\u0644\u0634\u0631\u0639\u064a\u0629 \u0645\u0627 \u064a\u062a\u0639\u0644\u0651\u064e\u0642 \u0628\u0647\u0630\u0647 \u0627\u0644\u0639\u0644\u0627\u0642\u0629\u060c \u0648\u0648\u0627\u062c\u0628\u0627\u062a \u0643\u0644 \u0645\u0646 \u0627\u0644\u0637\u0631\u0641\u064a\u0646 \u0648\u062d\u0642\u0648\u0642\u0647 \u0639\u0644\u0649 \u0648\u062c\u0647 \u064a\u064f\u0628\u064e\u064a\u0651\u0650\u0646 \u0623\u0646 \u0627\u0644\u0625\u0633\u0644\u0627\u0645 \u0644\u0647 \u0646\u0638\u0627\u0645\u0647 \u0627\u0644\u062e\u0627\u0635 \u0645\u0646\u0647\u062c\u064b\u0627 \u0644\u0644\u062d\u064a\u0627\u0629\u061b \u0648\u0645\u0646 \u0627\u0644\u0646\u0627\u062d\u064a\u0629 \u0627\u0644\u0633\u064a\u0627\u0633\u064a\u0629 \u0641\u064a\u0645\u0627 \u064a\u062a\u0639\u0644\u0642 \u0628\u0639\u0644\u0627\u0642\u0629 \u0627\u0644\u0625\u0645\u0627\u0645 \u0648\u0631\u0639\u064a\u062a\u0647 \u0645\u0646 \u0627\u0644\u0645\u0648\u0627\u0637\u0646\u064a\u0646 \u0641\u0644\u0645 \u064a\u0639\u0631\u0641 \u0627\u0644\u062a\u0627\u0631\u064a\u062e [&hellip;]<\/p>","protected":false},"featured_media":19692,"comment_status":"open","ping_status":"closed","template":"","meta":{"_seopress_robots_primary_cat":"","_seopress_titles_title":"","_seopress_titles_desc":"","_seopress_robots_index":"","inline_featured_image":false,"_uf_show_specific_survey":0,"_uf_disable_surveys":false},"product_brand":[],"product_cat":[187],"product_tag":[],"class_list":{"0":"post-19585","1":"product","2":"type-product","3":"status-publish","4":"has-post-thumbnail","6":"product_cat-187","8":"first","9":"instock","10":"downloadable","11":"shipping-taxable","12":"purchasable","13":"product-type-simple"},"_links":{"self":[{"href":"https:\/\/tamerbadr.com\/es\/wp-json\/wp\/v2\/product\/19585","targetHints":{"allow":["GET"]}}],"collection":[{"href":"https:\/\/tamerbadr.com\/es\/wp-json\/wp\/v2\/product"}],"about":[{"href":"https:\/\/tamerbadr.com\/es\/wp-json\/wp\/v2\/types\/product"}],"replies":[{"embeddable":true,"href":"https:\/\/tamerbadr.com\/es\/wp-json\/wp\/v2\/comments?post=19585"}],"wp:featuredmedia":[{"embeddable":true,"href":"https:\/\/tamerbadr.com\/es\/wp-json\/wp\/v2\/media\/19692"}],"wp:attachment":[{"href":"https:\/\/tamerbadr.com\/es\/wp-json\/wp\/v2\/media?parent=19585"}],"wp:term":[{"taxonomy":"product_brand","embeddable":true,"href":"https:\/\/tamerbadr.com\/es\/wp-json\/wp\/v2\/product_brand?post=19585"},{"taxonomy":"product_cat","embeddable":true,"href":"https:\/\/tamerbadr.com\/es\/wp-json\/wp\/v2\/product_cat?post=19585"},{"taxonomy":"product_tag","embeddable":true,"href":"https:\/\/tamerbadr.com\/es\/wp-json\/wp\/v2\/product_tag?post=19585"}],"curies":[{"name":"gracias","href":"https:\/\/api.w.org\/{rel}","templated":true}]}}