{"id":19582,"date":"2025-03-16T21:56:12","date_gmt":"2025-03-16T21:56:12","guid":{"rendered":"https:\/\/white-ant-267257.hostingersite.com\/?post_type=product&#038;p=19582"},"modified":"2025-07-13T07:21:17","modified_gmt":"2025-07-13T07:21:17","slug":"unforgettable-countries-book","status":"publish","type":"product","link":"https:\/\/tamerbadr.com\/es\/producto\/unforgettable-countries-book","title":{"rendered":"Pa\u00edses inolvidables"},"content":{"rendered":"<h1 style=\"text-align: center;\"><strong>Introducci\u00f3n del Dr. Ragheb al-Sirjani a Pa\u00edses inolvidables<\/strong><\/h1>\n<h1 style=\"text-align: center;\">Muchos distorsionadores y falsificadores est\u00e1n difundiendo el rumor de que la historia isl\u00e1mica no contiene un pasado glorioso, excepto durante el periodo del Profeta (la paz y las bendiciones de Allah sean con \u00e9l), Abu Bakr y Umar (que Allah est\u00e9 complacido con ellos). Esta falsificaci\u00f3n s\u00f3lo pretende sembrar la frustraci\u00f3n en los corazones de los musulmanes y hacerles sentir que la posibilidad de su resurrecci\u00f3n se ha vuelto muy lejana, y que el m\u00e9todo isl\u00e1mico es incapaz de construir un estado o el renacimiento de una naci\u00f3n, todo lo cual es falso. De ah\u00ed la urgente necesidad de explicar las diferentes etapas de la historia de nuestra naci\u00f3n, y que por muy d\u00e9bil que se haya vuelto la naci\u00f3n, volver\u00e1 a levantarse, y que si cae una bandera en un lugar, se levantar\u00e1n banderas en otros lugares, y que el a\u00f1o de Allah es que queden musulmanes sinceros que consuelen a esta naci\u00f3n y preserven su dignidad, y esta es la verdad del hadiz del Profeta: \"Ning\u00fan grupo de mi Ummah seguir\u00e1 defendiendo la verdad, y prevalecer\u00e1n sobre los que se les opongan\".<\/h1>\n<h1 style=\"text-align: center;\">Ser\u00e1n invencibles y no les har\u00e1n da\u00f1o quienes se les opongan, hasta que les llegue la orden de Al\u00e1, y as\u00ed ser\u00e1n\" (Narrado por Bujari y Muslim).<\/h1>\n<h1 style=\"text-align: center;\">El Profeta (la paz y las bendiciones de Allah sean con \u00e9l) nos dio un gran ejemplo al establecer un estado, construir una naci\u00f3n y chocar con las fuerzas de opresi\u00f3n que exist\u00edan en ese momento, que estaban representadas por los infieles de la Pen\u00ednsula Ar\u00e1biga, especialmente los infieles de la Meca y los jud\u00edos con sus diversas tribus, as\u00ed como el gigantesco estado romano, a pesar de esta terrible colisi\u00f3n, Allah Todopoderoso le dio la victoria y el \u00e9xito hasta que su estado se estableci\u00f3 como un estado joven e inocente.<\/h1>\n<h1 style=\"text-align: center;\">Despu\u00e9s del Mensajero de Allah, los Califas Rashidun construyeron un estado fuerte y grande que fue capaz de destruir los tronos de Kisra y C\u00e9sar, y fue capaz de poner a los musulmanes a la vanguardia del mundo, y super\u00f3 a todos pol\u00edtica, econ\u00f3mica, cient\u00edfica, civilizacional, moralmente, y antes y despu\u00e9s de eso, los super\u00f3 ideol\u00f3gicamente, por lo que fue capaz de reformar su mundo con su religi\u00f3n, y elevar el nivel de vida en su estado con la ley de su Se\u00f1or, y logr\u00f3 la dif\u00edcil ecuaci\u00f3n que combina la felicidad de ambos mundos: Este mundo y el M\u00e1s All\u00e1.<\/h1>\n<h1 style=\"text-align: center;\">La marcha de la naci\u00f3n isl\u00e1mica no se detuvo en la \u00e9poca de los califas Rashidun, sino que continu\u00f3 su viaje civilizatorio con grandes y gloriosos estados que alcanzaron la gloria y el honor, y elevaron el nombre de los musulmanes a lo alto en todas partes: los califatos Omeya y Abas\u00ed, el estado Ayub\u00ed y los Mamelucos, el gran califato Otomano, los muchos y poderosos estados de la historia de Andaluc\u00eda, y otros estados aqu\u00ed y all\u00e1 que cambiaron la marcha de la humanidad en un cambio positivo y maravilloso que se suma al cr\u00e9dito de esta naci\u00f3n gigante, la Naci\u00f3n del Islam.<\/h1>\n<h1 style=\"text-align: center;\">Esta gloriosa historia es la mejor historia de todo el mundo y, sin embargo, poca gente la conoce y, desgraciadamente, los propios musulmanes la ignoran; por ello, me siento muy feliz cuando veo un libro o cualquier obra literaria o art\u00edstica que devuelve a los musulmanes la verdadera imagen de su gloriosa historia y les eleva el orgullo y el honor de esta honorable naci\u00f3n.<\/h1>\n<h1 style=\"text-align: center;\">Tenemos en nuestras manos uno de estos valiosos libros, cuyo autor, el Sr. Tamer Badr, se ha afanado en trazar las diferentes etapas de gloria de nuestra historia desde el principio hasta el final, sacando a la luz algunos grandes tesoros de esta historia, y poni\u00e9ndonos al d\u00eda sobre la historia de varios pa\u00edses isl\u00e1micos que elevaron el nombre de los musulmanes a lo m\u00e1s alto de los horizontes.<\/h1>\n<h1 style=\"text-align: center;\">Es un libro precioso, elegantemente escrito y bellamente presentado, que contiene mucha informaci\u00f3n precisa y que a\u00f1ade a nuestra biblioteca isl\u00e1mica un hermoso libro del que todo musulm\u00e1n se siente orgulloso.<\/h1>\n<h1 style=\"text-align: center;\">Que Allah haga que este esfuerzo est\u00e9 en la balanza de las buenas acciones del autor, y que estas l\u00edneas est\u00e9n en la balanza de las buenas acciones de todos aquellos que las lean.<\/h1>\n<h1 style=\"text-align: center;\">Pido a Al\u00e1 que fortalezca el Islam y a los musulmanes<\/h1>\n<h1 style=\"text-align: center;\">A. Dr. Ragheb Al-Sarjani<\/h1>\n<h1 style=\"text-align: center;\">El Cairo, mayo de 2012<\/h1>","protected":false},"excerpt":{"rendered":"<p>\u0645\u0642\u062f\u0645\u0629 \u0627\u0644\u0627\u0633\u062a\u0627\u0630 \u0627\u0644\u062f\u0643\u062a\u0648\u0631 \u0631\u0627\u063a\u0628 \u0627\u0644\u0633\u0631\u062c\u0627\u0646\u064a \u0644\u0643\u062a\u0627\u0628 \u062f\u0648\u0644 \u0644\u0627 \u062a\u0646\u0633\u0649 \u064a\u0634\u064a\u0639 \u0643\u062b\u064a\u0631 \u0645\u0646 \u0627\u0644\u0645\u062d\u0631\u0641\u064a\u0646 \u0648\u0627\u0644\u0645\u0632\u0648\u0631\u064a\u0646 \u0623\u0646 \u0627\u0644\u062a\u0627\u0631\u064a\u062e \u0627\u0644\u0625\u0633\u0644\u0627\u0645\u064a \u0644\u0627 \u064a\u062d\u0648\u064a \u0645\u0627\u0636\u064a\u0627 \u0645\u062c\u064a\u062f\u0627\u061b \u0625\u0644\u0627 \u0641\u064a \u0641\u062a\u0631\u0629 \u0627\u0644\u0631\u0633\u0648\u0644 \ufdfa \u0648\u0623\u0628\u064a \u0628\u0643\u0631 \u0648\u0639\u0645\u0631 \u0631\u0636\u064a \u0627\u0644\u0644\u0647 \u0639\u0646\u0647\u0645\u0627 \u060c \u0648\u0644\u064a\u0633 \u0647\u0630\u0627 \u0627\u0644\u062a\u0632\u0648\u064a\u0631 \u0625\u0644\u0627 \u0644\u0628\u062b \u0627\u0644\u0625\u062d\u0628\u0627\u0637 \u0641\u064a \u0642\u0644\u0648\u0628 \u0627\u0644\u0645\u0633\u0644\u0645\u064a\u0646 \u0648\u0625\u0634\u0639\u0627\u0631\u0647\u0645 \u0623\u0646 \u0627\u062d\u062a\u0645\u0627\u0644\u064a\u0629 \u0642\u064a\u0627\u0645\u0647\u0645 \u0635\u0627\u0631\u062a \u0628\u0639\u064a\u062f\u0629 \u062c\u062f\u0627\u060c \u0648\u0623\u0646 \u0627\u0644\u0645\u0646\u0647\u062c \u0627\u0644\u0625\u0633\u0644\u0627\u0645\u064a \u063a\u064a\u0631 \u0642\u0627\u062f\u0631 \u0639\u0644\u0649 [&hellip;]<\/p>","protected":false},"featured_media":19690,"comment_status":"open","ping_status":"closed","template":"","meta":{"_seopress_robots_primary_cat":"","_seopress_titles_title":"","_seopress_titles_desc":"","_seopress_robots_index":"","inline_featured_image":false,"_uf_show_specific_survey":0,"_uf_disable_surveys":false},"product_brand":[],"product_cat":[190],"product_tag":[],"class_list":{"0":"post-19582","1":"product","2":"type-product","3":"status-publish","4":"has-post-thumbnail","6":"product_cat-190","8":"first","9":"instock","10":"downloadable","11":"shipping-taxable","12":"purchasable","13":"product-type-simple"},"_links":{"self":[{"href":"https:\/\/tamerbadr.com\/es\/wp-json\/wp\/v2\/product\/19582","targetHints":{"allow":["GET"]}}],"collection":[{"href":"https:\/\/tamerbadr.com\/es\/wp-json\/wp\/v2\/product"}],"about":[{"href":"https:\/\/tamerbadr.com\/es\/wp-json\/wp\/v2\/types\/product"}],"replies":[{"embeddable":true,"href":"https:\/\/tamerbadr.com\/es\/wp-json\/wp\/v2\/comments?post=19582"}],"wp:featuredmedia":[{"embeddable":true,"href":"https:\/\/tamerbadr.com\/es\/wp-json\/wp\/v2\/media\/19690"}],"wp:attachment":[{"href":"https:\/\/tamerbadr.com\/es\/wp-json\/wp\/v2\/media?parent=19582"}],"wp:term":[{"taxonomy":"product_brand","embeddable":true,"href":"https:\/\/tamerbadr.com\/es\/wp-json\/wp\/v2\/product_brand?post=19582"},{"taxonomy":"product_cat","embeddable":true,"href":"https:\/\/tamerbadr.com\/es\/wp-json\/wp\/v2\/product_cat?post=19582"},{"taxonomy":"product_tag","embeddable":true,"href":"https:\/\/tamerbadr.com\/es\/wp-json\/wp\/v2\/product_tag?post=19582"}],"curies":[{"name":"gracias","href":"https:\/\/api.w.org\/{rel}","templated":true}]}}