{"id":19575,"date":"2025-03-16T21:38:04","date_gmt":"2025-03-16T21:38:04","guid":{"rendered":"https:\/\/white-ant-267257.hostingersite.com\/?post_type=product&#038;p=19575"},"modified":"2025-07-13T07:22:37","modified_gmt":"2025-07-13T07:22:37","slug":"unforgettable-days-book","status":"publish","type":"product","link":"https:\/\/tamerbadr.com\/es\/producto\/unforgettable-days-book","title":{"rendered":"D\u00edas inolvidables"},"content":{"rendered":"<h1 style=\"text-align: center;\"><strong>Introducci\u00f3n del Dr. Ragheb al-Sarjani a D\u00edas inolvidables<\/strong><\/h1>\n<h1 style=\"text-align: center;\">La historia isl\u00e1mica ha sufrido mucha negligencia a lo largo de los a\u00f1os y los siglos, y como resultado, muchos orientalistas y occidentales han manipulado esta historia; as\u00ed, la historia ha surgido de una manera muy diferente a la verdad, y las lecciones y ense\u00f1anzas se han perdido en medio de estas distorsiones, convirtiendo la historia en un estudio acad\u00e9mico sin sentido para los lectores.<\/h1>\n<h1 style=\"text-align: center;\">Ante esta desafortunada situaci\u00f3n, algunas personas celosas tuvieron que alzarse para salvar esta larga historia; de hecho, para salvar a la juventud musulmana que no encontraba una fuente adecuada y segura para leer la historia de la Ummah. No exagero si digo que el mundo entero -musulm\u00e1n o no musulm\u00e1n- necesita esta gloriosa historia isl\u00e1mica, pues el mundo nunca ha conocido tanto esplendor y esplendor como el que hemos encontrado en nuestra gran historia.<\/h1>\n<h1 style=\"text-align: center;\">Este libro es una de esas novedades.<\/h1>\n<h1 style=\"text-align: center;\">Se trata de un valioso libro que recoge con maestr\u00eda un enorme n\u00famero de d\u00edas decisivos en la historia de la naci\u00f3n isl\u00e1mica, \u00a1y sin embargo esta enorme recopilaci\u00f3n no provoc\u00f3 una enormidad similar en el n\u00famero de p\u00e1ginas! Esto indica la extraordinaria maestr\u00eda del autor a la hora de seleccionar lo \u00fatil de cada batalla, y lo importante de cada encuentro. \u00c9sta es quiz\u00e1 una de las cosas m\u00e1s destacadas que distinguen a este libro de otros, ya que el autor tiene una habilidad magistral para ser conciso y centrado, de modo que uno tiene la sensaci\u00f3n de que leyendo cuatro o cinco p\u00e1ginas sobre una gran batalla se ha enterado de todo y no necesita m\u00e1s informaci\u00f3n, \u00a1mientras que los especialistas saben que un historiador puede escribir vol\u00famenes enteros sobre tales batallas!<\/h1>\n<h1 style=\"text-align: center;\">Comienza en la \u00e9poca del Profeta, luego salta a una velocidad adecuada entre las distintas \u00e9pocas hist\u00f3ricas, como la Rashidi, la Omeya, la Abas\u00ed, la Ayub\u00ed, la Mameluca y la Otomana, y no descuida viajar geogr\u00e1ficamente a distintas partes del mundo; llega hasta Oriente y habla de las batallas de la India, \u00a1y abandona Oriente por Occidente para describir las batallas de Andaluc\u00eda!<\/h1>\n<h1 style=\"text-align: center;\">Este libro tambi\u00e9n se distingue por el hecho de que habla de muchas batallas de las que muchos musulmanes no conocen ning\u00fan detalle, \u00a1y no exagero si digo que los musulmanes no conocen el nombre de las batallas! Baste mencionar, por ejemplo, las batallas de Ain al-Tamr, la conquista de Dibel, la batalla de Talas, la conquista de Sumnat, la batalla de Nic\u00f3polis, la batalla de Mohawks, y otras batallas cuya menci\u00f3n se ha olvidado y cuyas p\u00e1ginas est\u00e1n empolvadas, hasta que este autor vino honesta y cuidadosamente a desvelarlas.<\/h1>\n<h1 style=\"text-align: center;\">Por encima de todo, este valioso libro se caracteriza por dos cosas que lo distinguen de muchas de las obras que llenaban la biblioteca isl\u00e1mica, lo que lo hace \u00fanico en su campo.<\/h1>\n<h1 style=\"text-align: center;\">En cuanto a lo primero: Lo primero es que no se limit\u00f3 a las victorias de los musulmanes, \u00a1sino que mencion\u00f3 con gran imparcialidad y precisi\u00f3n las principales batallas en las que los musulmanes fueron derrotados! como la Batalla de Uhud, la Batalla de la Corte de los M\u00e1rtires, la Batalla de Aqab, y otras derrotas, y esto es en realidad una clara inteligencia del autor; resalta ante el lector su honestidad al presentar los acontecimientos, y enfatiza que los d\u00edas son estados entre naciones, y no priva a los lectores de beneficiarse de las importantes lecciones de estas batallas.<\/h1>\n<h1 style=\"text-align: center;\">Lo segundo es que el autor no se limit\u00f3 a relatar los acontecimientos, como hacen muchos autores, sino que profundiz\u00f3 en los asuntos y busc\u00f3 los factores de la victoria y las causas de la derrota, de modo que el lector sale del libro con un conocimiento abundante de las razones del auge y la ca\u00edda de las naciones, logrando as\u00ed el objetivo de contar la historia; como nos mostr\u00f3 nuestro Se\u00f1or cuando dijo: \"Hab\u00eda en sus historias una lecci\u00f3n para los que son sabios\" [Jos\u00e9: 111]. En efecto, el autor formul\u00f3 todo esto con gran profesionalidad.<\/h1>\n<h1 style=\"text-align: center;\">Por fin:<\/h1>\n<h1 style=\"text-align: center;\">La literalidad del autor no impidi\u00f3 que su estilo fuera delicado y bello, por lo que las frases del libro son gr\u00e1ciles, sus palabras exquisitas y su presentaci\u00f3n suave y amena, lo que dio al libro esplendor y esplendor.<\/h1>\n<h1 style=\"text-align: center;\">Aunque s\u00e9 que \u00e9ste es el primer intento del autor de escribir sobre temas militares, estoy seguro de que nunca ser\u00e1 el \u00faltimo, ya que las batallas de la historia isl\u00e1mica y sus detalles necesitan cientos de vol\u00famenes y miles de explicaciones y an\u00e1lisis.<\/h1>\n<h1 style=\"text-align: center;\">Mi consejo al Sr. Tamer Badr es que renueve siempre su intenci\u00f3n con cada libro, para que Dios Todopoderoso haga que sus libros se difundan, y le d\u00e9 una gran recompensa y un gran premio.<\/h1>\n<h1 style=\"text-align: center;\">Pido a Al\u00e1 que fortalezca el Islam y a los musulmanes<\/h1>\n<h1 style=\"text-align: center;\">Dr. Ragheb Al-Sarjani<\/h1>","protected":false},"excerpt":{"rendered":"<p>\u0645\u0642\u062f\u0645\u0629 \u0627\u0644\u0627\u0633\u062a\u0627\u0630 \u0627\u0644\u062f\u0643\u062a\u0648\u0631 \u0631\u0627\u063a\u0628 \u0627\u0644\u0633\u0631\u062c\u0627\u0646\u064a \u0644\u0643\u062a\u0627\u0628 \u0623\u064a\u0627\u0645 \u0644\u0627 \u062a\u0646\u0633\u0649 \u0639\u0627\u0646\u064a \u0627\u0644\u062a\u0627\u0631\u064a\u062e \u0627\u0644\u0625\u0633\u0644\u0627\u0645\u064a \u0643\u062b\u064a\u0631\u064b\u0627 \u0645\u0646 \u0627\u0644\u0625\u0647\u0645\u0627\u0644 \u0639\u0644\u0649 \u0645\u062f\u0627\u0631 \u0627\u0644\u0633\u0646\u0648\u0627\u062a \u0648\u0627\u0644\u0642\u0631\u0648\u0646\u060c \u0648\u0643\u0627\u0646\u062a \u0627\u0644\u0646\u062a\u064a\u062c\u0629 \u0623\u0646 \u0639\u0628\u062b \u0643\u062b\u064a\u0631 \u0645\u0646 \u0627\u0644\u0645\u0633\u062a\u0634\u0631\u0642\u064a\u0646 \u0648\u0627\u0644\u0645\u0633\u062a\u063a\u0631\u0628\u064a\u0646 \u0641\u064a \u0647\u0630\u0627 \u0627\u0644\u062a\u0627\u0631\u064a\u062e\u061b \u0648\u0628\u0627\u0644\u062a\u0627\u0644\u064a \u062e\u0631\u062c \u0644\u0646\u0627 \u0627\u0644\u062a\u0627\u0631\u064a\u062e \u0628\u0635\u0648\u0631\u0629 \u0645\u063a\u0627\u064a\u0631\u0629 \u0643\u062b\u064a\u0631\u064b\u0627 \u0639\u0646 \u0627\u0644\u062d\u0642\u064a\u0642\u0629\u060c \u0648\u0627\u0644\u0623\u0646\u0643\u0649 \u0645\u0646 \u0630\u0644\u0643 \u0623\u0646 \u0627\u0644\u062f\u0631\u0648\u0633 \u0648\u0627\u0644\u0639\u0628\u0631 \u062a\u0627\u0647\u062a \u0648\u0633\u0637 \u0647\u0630\u0647 \u0627\u0644\u062a\u062d\u0631\u064a\u0641\u0627\u062a\u060c \u0641\u0635\u0627\u0631 \u0627\u0644\u062a\u0627\u0631\u064a\u062e \u062f\u0631\u0627\u0633\u0629 \u0623\u0643\u0627\u062f\u064a\u0645\u064a\u0629 \u0644\u0627 \u0645\u0639\u0646\u0649 [&hellip;]<\/p>","protected":false},"featured_media":19689,"comment_status":"open","ping_status":"closed","template":"","meta":{"_seopress_robots_primary_cat":"","_seopress_titles_title":"","_seopress_titles_desc":"","_seopress_robots_index":"","inline_featured_image":false,"_uf_show_specific_survey":0,"_uf_disable_surveys":false},"product_brand":[],"product_cat":[189],"product_tag":[],"class_list":{"0":"post-19575","1":"product","2":"type-product","3":"status-publish","4":"has-post-thumbnail","6":"product_cat-189","8":"first","9":"instock","10":"downloadable","11":"shipping-taxable","12":"purchasable","13":"product-type-simple"},"_links":{"self":[{"href":"https:\/\/tamerbadr.com\/es\/wp-json\/wp\/v2\/product\/19575","targetHints":{"allow":["GET"]}}],"collection":[{"href":"https:\/\/tamerbadr.com\/es\/wp-json\/wp\/v2\/product"}],"about":[{"href":"https:\/\/tamerbadr.com\/es\/wp-json\/wp\/v2\/types\/product"}],"replies":[{"embeddable":true,"href":"https:\/\/tamerbadr.com\/es\/wp-json\/wp\/v2\/comments?post=19575"}],"wp:featuredmedia":[{"embeddable":true,"href":"https:\/\/tamerbadr.com\/es\/wp-json\/wp\/v2\/media\/19689"}],"wp:attachment":[{"href":"https:\/\/tamerbadr.com\/es\/wp-json\/wp\/v2\/media?parent=19575"}],"wp:term":[{"taxonomy":"product_brand","embeddable":true,"href":"https:\/\/tamerbadr.com\/es\/wp-json\/wp\/v2\/product_brand?post=19575"},{"taxonomy":"product_cat","embeddable":true,"href":"https:\/\/tamerbadr.com\/es\/wp-json\/wp\/v2\/product_cat?post=19575"},{"taxonomy":"product_tag","embeddable":true,"href":"https:\/\/tamerbadr.com\/es\/wp-json\/wp\/v2\/product_tag?post=19575"}],"curies":[{"name":"gracias","href":"https:\/\/api.w.org\/{rel}","templated":true}]}}