{"id":19573,"date":"2025-03-16T21:36:30","date_gmt":"2025-03-16T21:36:30","guid":{"rendered":"https:\/\/white-ant-267257.hostingersite.com\/?post_type=product&#038;p=19573"},"modified":"2025-12-22T11:39:34","modified_gmt":"2025-12-22T11:39:34","slug":"the-book-of-the-virtue-of-patience-in-the-face-of-adversity","status":"publish","type":"product","link":"https:\/\/tamerbadr.com\/es\/producto\/the-book-of-the-virtue-of-patience-in-the-face-of-adversity","title":{"rendered":"Las virtudes de la paciencia ante la adversidad"},"content":{"rendered":"<h1 style=\"text-align: center;\"><strong>Introducci\u00f3n del Jeque Mohammed Hassan al libro La virtud de la paciencia<\/strong><\/h1>\n<h1 style=\"text-align: center;\">Alhamdulillah, la paz y las bendiciones sean con el Mensajero de Allah, que Allah le bendiga y le conceda paz.<\/h1>\n<h1 style=\"text-align: center;\">Dios ha hecho de la paciencia un ej\u00e9rcito imparable, un ej\u00e9rcito invencible y una fortaleza que no puede ser destruida. Dijo que los que son pacientes est\u00e1n en compa\u00f1\u00eda de Allah y \u00c9l los ama, \u00a1y qu\u00e9 dignidad!<\/h1>\n<h1 style=\"text-align: center;\">El Todopoderoso dijo: Allah est\u00e1 con el paciente [Al-Baqarah: 153].<\/h1>\n<h1 style=\"text-align: center;\">Y Allah ama al paciente [Al-Imran: 146].<\/h1>\n<h1 style=\"text-align: center;\">Hizo que el liderazgo en la religi\u00f3n dependiera de la paciencia y la certeza: \"Y creamos entre ellos imanes que gu\u00edan por Nuestro mandato cuando eran pacientes y ten\u00edan fe en Nuestras revelaciones\" [Al-Saydah: 24].<\/h1>\n<h1 style=\"text-align: center;\">Reuni\u00f3 para la gente paciente estas buenas nuevas que no reuni\u00f3 para otros, diciendo: \"Os pondremos a prueba con cosas de miedo y hambre y escasez de riqueza, vidas y frutos: Y os pondremos a prueba con cosas de temor, hambre y escasez de riquezas, vidas y frutos, y buenas nuevas para los pacientes (155) Quienes, cuando les sobrevenga una calamidad, digan: \"Somos Allah y a \u00c9l volvemos (156) \u00c9sos son los que tienen oraciones de su Se\u00f1or y misericordia, y \u00e9sos son los que son guiados (157)\" [Al-Baqarah].<\/h1>\n<h1 style=\"text-align: center;\">Luego explic\u00f3 el honor de la gente paciente en el Para\u00edso, con los \u00e1ngeles entrando en el Para\u00edso para saludarles y saludarles, diciendo: Los \u00e1ngeles entrar\u00e1n sobre ellos por todas las puertas (23) La paz sea con vosotros por vuestra paciencia, pues hay una buena recompensa para los que son pacientes (24) [Al-Ra'd].<\/h1>\n<h1 style=\"text-align: center;\">Resumi\u00f3 su favor y recompensa ilimitados diciendo: Los que sean pacientes recibir\u00e1n su recompensa sin cuento [Al-Zamar: 10].<\/h1>\n<h1 style=\"text-align: center;\">S\u00ed, la paciencia, como su nombre, es amarga, pero sus consecuencias son m\u00e1s dulces que la miel.<\/h1>\n<h1 style=\"text-align: center;\">\u00bfQu\u00e9 es la paciencia?<\/h1>\n<h1 style=\"text-align: center;\">Paciencia en el lenguaje: Es la prevenci\u00f3n y el confinamiento.<\/h1>\n<h1 style=\"text-align: center;\">La paciencia es un t\u00e9rmino jur\u00eddico: Es la contenci\u00f3n del alma para que no cunda el p\u00e1nico, la contenci\u00f3n de la lengua para que no se queje y la contenci\u00f3n de los miembros para que no peque.<\/h1>\n<h1 style=\"text-align: center;\">* Se divide en tres secciones:<\/h1>\n<h1 style=\"text-align: center;\">- Paciencia para lo que se manda. Es decir, paciencia en la obediencia.<\/h1>\n<h1 style=\"text-align: center;\">- Paciencia de lo prohibido. Es decir, paciencia contra el pecado.<\/h1>\n<h1 style=\"text-align: center;\">- Paciencia para lo que est\u00e1 predestinado. Es decir, paciencia con las calamidades y pruebas que Allah ha decretado para el siervo.<\/h1>\n<h1 style=\"text-align: center;\">La bella paciencia es la que busca el rostro de Dios, no por miedo a la gente para que no digan: \"Tengo miedo\", ni para embellecerse por el bien de la gente para que digan: \"Soy paciente\", sino que es paciente creyendo en el destino bueno y malo de Dios, trascendiendo el dolor y elev\u00e1ndose por encima de la queja.<\/h1>\n<h1 style=\"text-align: center;\">Hay dos tipos de reclamaciones:<\/h1>\n<h1 style=\"text-align: center;\">\u00a1Una queja a Dios, y una queja de Dios!<\/h1>\n<h1 style=\"text-align: center;\">En cuanto a quejarse a Allah, no contradice la paciencia, como dijo Allah sobre Ya'qub, la paz sea con \u00e9l: \"La paciencia es hermosa, y Allah es nuestra ayuda contra lo que describes\" [Yusuf: 18].<\/h1>\n<h1 style=\"text-align: center;\">No obstante, elev\u00f3 su queja a Dios, diciendo: \"S\u00f3lo me quejo de mi pena y mi dolor a Al\u00e1\" [Yusuf: 86].<\/h1>\n<h1 style=\"text-align: center;\">Dios Todopoderoso alab\u00f3 a Job, la paz sea con \u00e9l, sin embargo elev\u00f3 su queja a Dios, diciendo: \"Y Ayyub, cuando invoc\u00f3 a su Se\u00f1or, diciendo: 'Estoy afligido por la angustia, y T\u00fa eres el m\u00e1s misericordioso de los misericordiosos'\" [Al-Anbiya: 83].<\/h1>\n<h1 style=\"text-align: center;\">El creyente debe saber que el mundo es un lugar de prueba y ensayo, y su felicidad es un sue\u00f1o de sue\u00f1o, una sombra fugaz, si r\u00ede un poco hace llorar a muchos, si agrada por un d\u00eda entristece para toda la vida, si da placer por poco lo impide por mucho tiempo, y toda alegr\u00eda tiene su lado malo.<\/h1>\n<h1 style=\"text-align: center;\">El hombre sabio es aquel que mira con los ojos de su visi\u00f3n y la luz de su fe y sabe con certeza que lo que es correcto para \u00e9l no habr\u00eda sido incorrecto para \u00e9l y lo que es incorrecto para \u00e9l no habr\u00eda sido correcto para \u00e9l, as\u00ed que mira el Libro de Allah Todopoderoso y la Sunnah de Su Mensajero (la paz sea con \u00e9l) para averiguar la recompensa para el paciente.<\/h1>\n<h1 style=\"text-align: center;\">Entonces que apague el fuego de las calamidades y las pruebas con la frialdad de imitar al pueblo de la aflicci\u00f3n, encabezado por los mensajeros y profetas.<\/h1>\n<h1 style=\"text-align: center;\">Entonces, si mira y busca entre la gente de la tierra, no ver\u00e1 a nadie entre ellos que no est\u00e9 afligido por la p\u00e9rdida de una cosa amada o por la aparici\u00f3n de una cosa odiada.<\/h1>\n<h1 style=\"text-align: center;\">En una \u00e9poca en la que abundan las pruebas y las tribulaciones, necesitamos recordatorios constantes.<\/h1>\n<h1 style=\"text-align: center;\">Gracias a la paciencia con la aflicci\u00f3n, identificaci\u00f3n de la sabidur\u00eda de la aflicci\u00f3n, reconocimiento de los tipos de aflicci\u00f3n, seguimiento del ejemplo de los profetas y ap\u00f3stoles, y otras cuestiones importantes relacionadas con este venerable tema.<\/h1>\n<h1 style=\"text-align: center;\">Que Allah le recompense bien y nos haga a nosotros y a \u00e9l uno de los pacientes, y que Allah haga brillar nuestros ojos con la victoria de esta religi\u00f3n, y que Allah ruegue, la paz y las bendiciones sean con el Imam de los Profetas y con su familia y compa\u00f1eros.<\/h1>\n<h1 style=\"text-align: center;\">escrito por \u00e9l<\/h1>","protected":false},"excerpt":{"rendered":"<p>\u0645\u0642\u062f\u0645\u0629 \u0627\u0644\u0634\u064a\u062e \u0645\u062d\u0645\u062f \u062d\u0633\u0627\u0646 \u0644\u0643\u062a\u0627\u0628 \u0641\u0636\u0644 \u0627\u0644\u0635\u0628\u0631 \u0639\u0644\u064a \u0627\u0644\u0628\u0644\u0627\u0621 \u0627\u0644\u062d\u0645\u062f \u0644\u0644\u0647 \u0648\u0627\u0644\u0635\u0644\u0627\u0629 \u0648\u0627\u0644\u0633\u0644\u0627\u0645 \u0639\u0644\u0649 \u0631\u0633\u0648\u0644 \u0627\u0644\u0644\u0647 \ufdfa \u0648\u0628\u0639\u062f.. \u0641\u0625\u0646 \u0627\u0644\u0644\u0647 \u062c\u0644 \u0648\u0639\u0644\u0627 \u062c\u0639\u0644 \u0627\u0644\u0635\u0628\u0631 \u062c\u064e\u0648\u064e\u0627\u062f\u064b\u0627 \u0644\u0627 \u064a\u0643\u0628\u0648\u060c \u0648\u062c\u0646\u062f\u064b\u0627 \u0644\u0627 \u064a\u064f\u0647\u0632\u0645\u060c \u0648\u062d\u0635\u0646\u064b\u0627 \u0644\u0627 \u064a\u064f\u0647\u062f\u0645. \u0648\u0623\u062e\u0628\u0631 \u062c\u0644 \u0648\u0639\u0644\u0627 \u0623\u0646 \u0627\u0644\u0635\u0627\u0628\u0631\u064a\u0646 \u0641\u064a \u0645\u0639\u064a\u0629 \u0627\u0644\u0644\u0647 \u0648\u0647\u0648 \u064a\u062d\u0628\u0647\u0645\u060c \u0648\u064a\u0627\u0644\u0647\u0627 \u0645\u0646 \u0643\u0631\u0627\u0645\u0629 !! \u0642\u0627\u0644 \u062a\u0639\u0627\u0644\u0649 : \u0625\u0650\u0646\u064e\u0651 \u0627\u0644\u0644\u064e\u0651\u0647\u064e \u0645\u064e\u0639\u064e \u0627\u0644\u0635\u064e\u0651\u0627\u0628\u0650\u0631\u0650\u064a\u0646\u064e \ufd3e [&hellip;]<\/p>","protected":false},"featured_media":19574,"comment_status":"open","ping_status":"closed","template":"","meta":{"_seopress_robots_primary_cat":"","_seopress_titles_title":"","_seopress_titles_desc":"","_seopress_robots_index":"","inline_featured_image":false,"_uf_show_specific_survey":0,"_uf_disable_surveys":false},"product_brand":[],"product_cat":[191],"product_tag":[],"class_list":{"0":"post-19573","1":"product","2":"type-product","3":"status-publish","4":"has-post-thumbnail","6":"product_cat-191","8":"first","9":"instock","10":"downloadable","11":"shipping-taxable","12":"purchasable","13":"product-type-simple"},"_links":{"self":[{"href":"https:\/\/tamerbadr.com\/es\/wp-json\/wp\/v2\/product\/19573","targetHints":{"allow":["GET"]}}],"collection":[{"href":"https:\/\/tamerbadr.com\/es\/wp-json\/wp\/v2\/product"}],"about":[{"href":"https:\/\/tamerbadr.com\/es\/wp-json\/wp\/v2\/types\/product"}],"replies":[{"embeddable":true,"href":"https:\/\/tamerbadr.com\/es\/wp-json\/wp\/v2\/comments?post=19573"}],"wp:featuredmedia":[{"embeddable":true,"href":"https:\/\/tamerbadr.com\/es\/wp-json\/wp\/v2\/media\/19574"}],"wp:attachment":[{"href":"https:\/\/tamerbadr.com\/es\/wp-json\/wp\/v2\/media?parent=19573"}],"wp:term":[{"taxonomy":"product_brand","embeddable":true,"href":"https:\/\/tamerbadr.com\/es\/wp-json\/wp\/v2\/product_brand?post=19573"},{"taxonomy":"product_cat","embeddable":true,"href":"https:\/\/tamerbadr.com\/es\/wp-json\/wp\/v2\/product_cat?post=19573"},{"taxonomy":"product_tag","embeddable":true,"href":"https:\/\/tamerbadr.com\/es\/wp-json\/wp\/v2\/product_tag?post=19573"}],"curies":[{"name":"gracias","href":"https:\/\/api.w.org\/{rel}","templated":true}]}}