{"id":20178,"date":"2025-03-19T18:42:34","date_gmt":"2025-03-19T18:42:34","guid":{"rendered":"https:\/\/white-ant-267257.hostingersite.com\/?page_id=20178"},"modified":"2025-07-30T19:25:45","modified_gmt":"2025-07-30T19:25:45","slug":"privacy-policy","status":"publish","type":"page","link":"https:\/\/tamerbadr.com\/es\/privacy-policy","title":{"rendered":"Pol\u00edtica de privacidad"},"content":{"rendered":"<div data-elementor-type=\"wp-page\" data-elementor-id=\"20178\" class=\"elementor elementor-20178\" data-elementor-post-type=\"page\">\n\t\t\t\t\t\t<section class=\"elementor-section elementor-top-section elementor-element elementor-element-325f7dc elementor-section-full_width elementor-section-height-default elementor-section-height-default\" data-id=\"325f7dc\" data-element_type=\"section\" data-settings=\"{&quot;background_background&quot;:&quot;classic&quot;}\">\n\t\t\t\t\t\t<div class=\"elementor-container elementor-column-gap-no\">\n\t\t\t\t\t<div class=\"elementor-column elementor-col-100 elementor-top-column elementor-element elementor-element-a5ff8d0\" data-id=\"a5ff8d0\" data-element_type=\"column\">\n\t\t\t<div class=\"elementor-widget-wrap elementor-element-populated\">\n\t\t\t\t\t\t<section class=\"elementor-section elementor-inner-section elementor-element elementor-element-dce55a7 elementor-section-content-middle elementor-section-boxed elementor-section-height-default elementor-section-height-default\" data-id=\"dce55a7\" data-element_type=\"section\" data-settings=\"{&quot;background_background&quot;:&quot;classic&quot;}\">\n\t\t\t\t\t\t<div class=\"elementor-container elementor-column-gap-no\">\n\t\t\t\t\t<div class=\"elementor-column elementor-col-50 elementor-inner-column elementor-element elementor-element-07e74d4\" data-id=\"07e74d4\" data-element_type=\"column\">\n\t\t\t<div class=\"elementor-widget-wrap elementor-element-populated\">\n\t\t\t\t\t\t<div class=\"elementor-element elementor-element-edd75c2 elementor-invisible elementor-widget elementor-widget-heading\" data-id=\"edd75c2\" data-element_type=\"widget\" data-settings=\"{&quot;_animation&quot;:&quot;fadeInLeft&quot;}\" data-widget_type=\"heading.default\">\n\t\t\t\t<div class=\"elementor-widget-container\">\n\t\t\t\t\t<h2 class=\"elementor-heading-title elementor-size-default\">Tamer Badr<\/h2>\t\t\t\t<\/div>\n\t\t\t\t<\/div>\n\t\t\t\t<div class=\"elementor-element elementor-element-3f5a13a elementor-invisible elementor-widget elementor-widget-heading\" data-id=\"3f5a13a\" data-element_type=\"widget\" data-settings=\"{&quot;_animation&quot;:&quot;fadeInRight&quot;}\" data-widget_type=\"heading.default\">\n\t\t\t\t<div class=\"elementor-widget-container\">\n\t\t\t\t\t<h2 class=\"elementor-heading-title elementor-size-default\">Pol\u00edtica de privacidad<\/h2>\t\t\t\t<\/div>\n\t\t\t\t<\/div>\n\t\t\t\t\t<\/div>\n\t\t<\/div>\n\t\t\t\t<div class=\"elementor-column elementor-col-50 elementor-inner-column elementor-element elementor-element-a748cf0\" data-id=\"a748cf0\" data-element_type=\"column\">\n\t\t\t<div class=\"elementor-widget-wrap elementor-element-populated\">\n\t\t\t\t\t\t<div class=\"elementor-element elementor-element-7476b1a elementor-position-left elementor-vertical-align-top elementor-widget elementor-widget-image-box\" data-id=\"7476b1a\" data-element_type=\"widget\" data-widget_type=\"image-box.default\">\n\t\t\t\t<div class=\"elementor-widget-container\">\n\t\t\t\t\t<div class=\"elementor-image-box-wrapper\"><figure class=\"elementor-image-box-img\"><img alt=\"\" decoding=\"async\" width=\"170\" height=\"157\" src=\"https:\/\/tamerbadr.com\/wp-content\/uploads\/2022\/10\/service-1.png\" class=\"elementor-animation-bob attachment-full size-full wp-image-515\" \/><\/figure><\/div>\t\t\t\t<\/div>\n\t\t\t\t<\/div>\n\t\t\t\t\t<\/div>\n\t\t<\/div>\n\t\t\t\t\t<\/div>\n\t\t<\/section>\n\t\t\t\t<div class=\"elementor-element elementor-element-9ae5934 elementor-widget__width-auto elementor-absolute elementor-widget elementor-widget-image\" data-id=\"9ae5934\" data-element_type=\"widget\" data-settings=\"{&quot;_position&quot;:&quot;absolute&quot;}\" data-widget_type=\"image.default\">\n\t\t\t\t<div class=\"elementor-widget-container\">\n\t\t\t\t\t\t\t\t\t\t\t\t\t\t\t<img alt=\"\" fetchpriority=\"high\" decoding=\"async\" width=\"956\" height=\"825\" src=\"https:\/\/tamerbadr.com\/wp-content\/uploads\/2022\/10\/about-dot-vector.png\" class=\"attachment-full size-full wp-image-883\" \/>\t\t\t\t\t\t\t\t\t\t\t\t\t\t\t<\/div>\n\t\t\t\t<\/div>\n\t\t\t\t\t<\/div>\n\t\t<\/div>\n\t\t\t\t\t<\/div>\n\t\t<\/section>\n\t\t\t\t<section class=\"elementor-section elementor-top-section elementor-element elementor-element-b661bd3 elementor-section-full_width elementor-section-height-default elementor-section-height-default\" data-id=\"b661bd3\" data-element_type=\"section\" data-settings=\"{&quot;background_background&quot;:&quot;classic&quot;}\">\n\t\t\t\t\t\t<div class=\"elementor-container elementor-column-gap-no\">\n\t\t\t\t\t<div class=\"elementor-column elementor-col-100 elementor-top-column elementor-element elementor-element-e5c672a\" data-id=\"e5c672a\" data-element_type=\"column\">\n\t\t\t<div class=\"elementor-widget-wrap elementor-element-populated\">\n\t\t\t\t\t\t<div class=\"elementor-element elementor-element-e1053d6 elementor-widget__width-auto elementor-absolute elementor-invisible elementor-widget elementor-widget-image\" data-id=\"e1053d6\" data-element_type=\"widget\" data-settings=\"{&quot;_position&quot;:&quot;absolute&quot;,&quot;_animation&quot;:&quot;fadeInLeft&quot;,&quot;_animation_delay&quot;:200}\" data-widget_type=\"image.default\">\n\t\t\t\t<div class=\"elementor-widget-container\">\n\t\t\t\t\t\t\t\t\t\t\t\t\t\t\t<img alt=\"\" decoding=\"async\" width=\"305\" height=\"227\" src=\"https:\/\/tamerbadr.com\/wp-content\/uploads\/2022\/10\/opening-quote-icon.png\" class=\"attachment-full size-full wp-image-1947\" \/>\t\t\t\t\t\t\t\t\t\t\t\t\t\t\t<\/div>\n\t\t\t\t<\/div>\n\t\t\t\t\t<\/div>\n\t\t<\/div>\n\t\t\t\t\t<\/div>\n\t\t<\/section>\n\t\t<div class=\"elementor-element elementor-element-1a52feb e-flex e-con-boxed e-con e-parent\" data-id=\"1a52feb\" data-element_type=\"container\">\n\t\t\t\t\t<div class=\"e-con-inner\">\n\t\t\t\t<div class=\"elementor-element elementor-element-4b1dd68 elementor-widget elementor-widget-text-editor\" data-id=\"4b1dd68\" data-element_type=\"widget\" data-widget_type=\"text-editor.default\">\n\t\t\t\t<div class=\"elementor-widget-container\">\n\t\t\t\t\t\t\t\t\t<h4>Pol\u00edtica de privacidad - Tamer Badr (tamerbadr.com)<\/h4><h2>\u00daltima actualizaci\u00f3n: (27 de marzo de 2025)<\/h2><h1>Bienvenido al sitio web de Tamer Badr (tamerbadr.com) (\"Sitio\", \"nosotros\", \"nos\", \"nuestro\" o \"nuestra\"). Nos comprometemos a proteger su privacidad y a respetar sus datos personales. Esta pol\u00edtica explica c\u00f3mo recopilamos y utilizamos su informaci\u00f3n cuando navega por nuestro sitio web o compra libros electr\u00f3nicos en nuestra tienda.<\/h1><p>\u2e3b<\/p><h3 class=\"translation-block\">1. La informaci\u00f3n que recogemos<\/h3><h2>a) La informaci\u00f3n que facilite<\/h2><h1 class=\"translation-block\">Cuando realiza compras o se comunica con nosotros, podemos recopilar la siguiente informaci\u00f3n:<br>- Nombre completo<br>- Direcci\u00f3n de correo electr\u00f3nico<br>- N\u00famero de tel\u00e9fono<br>- Datos de pago (no los almacenamos, son procesados por proveedores de pago seguro).<\/h1><h2>b) Informaci\u00f3n recogida autom\u00e1ticamente<\/h2><h4 class=\"translation-block\">Cuando navega por el Sitio, podemos recopilar autom\u00e1ticamente cierta informaci\u00f3n, como:<\/h4><h1 class=\"translation-block\">- La direcci\u00f3n IP de su dispositivo<br> - Tipo de navegador y configuraci\u00f3n<br> - P\u00e1ginas que visita en el sitio web<br> - Hora y fecha de su visita<br> - Cookies y otras tecnolog\u00edas de seguimiento.<\/h1><p>\u2e3b<\/p><h3>2. C\u00f3mo utilizar la informaci\u00f3n<\/h3><h2 class=\"translation-block\">Utilizamos sus datos para:<\/h2><h1 class=\"translation-block\">- Procesar pedidos y proporcionar descargas de libros electr\u00f3nicos.<br>- Mejorar la experiencia del usuario y personalizar el contenido.<br>- Enviar notificaciones de marketing si est\u00e1 de acuerdo.<br>- Analizar el rendimiento del sitio a trav\u00e9s de herramientas como Google Analytics.<br>- Cumplir con las leyes y proteger nuestros derechos.<\/h1><p>\u2e3b<\/p><h3>3. Pol\u00edtica de la tienda en l\u00ednea<\/h3><h2>a) Pago:<\/h2><h1 class=\"translation-block\">- El pago se realiza a trav\u00e9s de Instapay, Visa, Vodafone Cash o cualquier m\u00e9todo de pago electr\u00f3nico. <br>- No almacenamos los datos de pago, ya que las transacciones son gestionadas por proveedores de servicios de pago autorizados.<\/h1><h2 class=\"translation-block\">b) Reembolso:<\/h2><h1 class=\"translation-block\">- Los libros electr\u00f3nicos no son reembolsables despu\u00e9s de la compra y la descarga. <br>- En caso de que haya un problema t\u00e9cnico que le impida descargar el libro, puede ponerse en contacto con nosotros para resolver el problema.<\/h1><h2>c) Descargar libros electr\u00f3nicos:<\/h2><h1>- Una vez efectuado el pago, el usuario podr\u00e1 descargar directamente el libro.<\/h1><h1>- Si tiene problemas para descargarlo, p\u00f3ngase en contacto con nosotros a trav\u00e9s de la p\u00e1gina de contacto.<\/h1><p>\u2e3b<\/p><h3>4. Anuncios y uso de Google AdSense<\/h3><h1>Nuestro sitio web utiliza Google AdSense para publicar anuncios, y Google puede utilizar cookies para recopilar datos sobre su interacci\u00f3n con los anuncios. Puede inhabilitar los anuncios personalizados visitando la configuraci\u00f3n de Google Ads. Para obtener m\u00e1s informaci\u00f3n, consulte la Pol\u00edtica de privacidad de Google.<\/h1><p>\u2e3b<\/p><h3>5. Compartir datos con terceros<\/h3><h2>No vendemos ni compartimos sus datos personales, excepto:<\/h2><h1>- Proveedores de servicios de pago: Para tramitar los pedidos.<\/h1><h1>- Para cumplir la ley: Cuando sea necesario para proteger nuestros derechos o cumplir la ley.<\/h1><p>\u2e3b<\/p><h3>6. Cookies y tecnolog\u00edas de seguimiento<\/h3><h1>Utilizamos cookies para optimizar su experiencia de usuario y usted puede controlarlas a trav\u00e9s de la configuraci\u00f3n de su navegador.<\/h1><p>\u2e3b<\/p><h3>7. 7. Seguridad de la informaci\u00f3n<\/h3><h1>Tomamos medidas de seguridad para proteger sus datos, pero no podemos garantizar una seguridad absoluta en l\u00ednea.<\/h1><p>\u2e3b<\/p><h3>8. Sus derechos<\/h3><h1>Puede solicitar la actualizaci\u00f3n o eliminaci\u00f3n de sus datos o darse de baja de los mensajes de marketing en cualquier momento poni\u00e9ndose en contacto con nosotros.<\/h1><p>\u2e3b<\/p><h3>9. Enmiendas pol\u00edticas<\/h3><h1>Podemos actualizar esta Pol\u00edtica de Privacidad, y cualquier cambio ser\u00e1 publicado en esta p\u00e1gina.<\/h1><p>\u2e3b<\/p><h3>10. C\u00f3mo ponerse en contacto con nosotros<\/h3><h1><img decoding=\"async\" class=\"emoji\" role=\"img\" draggable=\"false\" src=\"https:\/\/s.w.org\/images\/core\/emoji\/15.0.3\/svg\/1f4e7.svg\" alt=\"\ud83d\udce7\" \/> info@tamerbadr.com<\/h1><h5><img decoding=\"async\" class=\"emoji\" role=\"img\" draggable=\"false\" src=\"https:\/\/s.w.org\/images\/core\/emoji\/15.0.3\/svg\/1f310.svg\" alt=\"\ud83c\udf10\" \/> <a href=\"https:\/\/tamerbadr.com\/es\/contact-us\/\">tamerbadr.com\/contacto<\/a><\/h5><p>\u2e3b<\/p>\t\t\t\t\t\t\t\t<\/div>\n\t\t\t\t<\/div>\n\t\t\t\t\t<\/div>\n\t\t\t\t<\/div>\n\t\t\t\t<section class=\"elementor-section elementor-top-section elementor-element elementor-element-8cea59d elementor-section-full_width elementor-section-height-default elementor-section-height-default elementor-invisible\" data-id=\"8cea59d\" data-element_type=\"section\" data-settings=\"{&quot;animation&quot;:&quot;fadeInUp&quot;}\">\n\t\t\t\t\t\t<div class=\"elementor-container elementor-column-gap-no\">\n\t\t\t\t\t<div class=\"elementor-column elementor-col-100 elementor-top-column elementor-element elementor-element-1914be3\" data-id=\"1914be3\" data-element_type=\"column\" data-settings=\"{&quot;background_background&quot;:&quot;classic&quot;}\">\n\t\t\t<div class=\"elementor-widget-wrap elementor-element-populated\">\n\t\t\t\t\t\t<div class=\"elementor-element elementor-element-e88d76f elementor-widget__width-auto elementor-absolute elementor-invisible elementor-widget elementor-widget-image\" data-id=\"e88d76f\" data-element_type=\"widget\" data-settings=\"{&quot;_position&quot;:&quot;absolute&quot;,&quot;_animation&quot;:&quot;fadeInLeft&quot;,&quot;_animation_delay&quot;:200}\" data-widget_type=\"image.default\">\n\t\t\t\t<div class=\"elementor-widget-container\">\n\t\t\t\t\t\t\t\t\t\t\t\t\t\t\t<img alt=\"\" decoding=\"async\" width=\"305\" height=\"227\" src=\"https:\/\/tamerbadr.com\/wp-content\/uploads\/2022\/10\/opening-quote-icon.png\" class=\"attachment-full size-full wp-image-1947\" \/>\t\t\t\t\t\t\t\t\t\t\t\t\t\t\t<\/div>\n\t\t\t\t<\/div>\n\t\t\t\t\t<\/div>\n\t\t<\/div>\n\t\t\t\t\t<\/div>\n\t\t<\/section>\n\t\t\t\t<\/div>","protected":false},"excerpt":{"rendered":"<p>\u062a\u0627\u0645\u0631 \u0628\u062f\u0631 \u0633\u064a\u0627\u0633\u0629 \u0627\u0644\u062e\u0635\u0648\u0635\u064a\u0629 \u0633\u064a\u0627\u0633\u0629 \u0627\u0644\u062e\u0635\u0648\u0635\u064a\u0629 \u2013 \u062a\u0627\u0645\u0631 \u0628\u062f\u0631 (tamerbadr.com) \u0622\u062e\u0631 \u062a\u062d\u062f\u064a\u062b: (27 \u0645\u0627\u0631\u0633 2025) \u0645\u0631\u062d\u0628\u064b\u0627 \u0628\u0643 \u0641\u064a \u0645\u0648\u0642\u0639 \u062a\u0627\u0645\u0631 \u0628\u062f\u0631 (tamerbadr.com) (\u201c\u0627\u0644\u0645\u0648\u0642\u0639\u201d\u060c \u201c\u0646\u062d\u0646\u201d\u060c \u201c\u0644\u0646\u0627\u201d \u0623\u0648 \u201c\u062e\u0627\u0635\u062a\u0646\u0627\u201d). \u0646\u062d\u0646 \u0646\u0644\u062a\u0632\u0645 \u0628\u062d\u0645\u0627\u064a\u0629 \u062e\u0635\u0648\u0635\u064a\u062a\u0643 \u0648\u0627\u062d\u062a\u0631\u0627\u0645 \u0628\u064a\u0627\u0646\u0627\u062a\u0643 \u0627\u0644\u0634\u062e\u0635\u064a\u0629. \u062a\u0648\u0636\u062d \u0647\u0630\u0647 \u0627\u0644\u0633\u064a\u0627\u0633\u0629 \u0643\u064a\u0641\u064a\u0629 \u062c\u0645\u0639 \u0645\u0639\u0644\u0648\u0645\u0627\u062a\u0643 \u0648\u0627\u0633\u062a\u062e\u062f\u0627\u0645\u0647\u0627 \u0639\u0646\u062f \u062a\u0635\u0641\u062d \u0645\u0648\u0642\u0639\u0646\u0627 \u0623\u0648 \u0634\u0631\u0627\u0621 \u0627\u0644\u0643\u062a\u0628 \u0627\u0644\u0625\u0644\u0643\u062a\u0631\u0648\u0646\u064a\u0629 \u0645\u0646 \u0645\u062a\u062c\u0631\u0646\u0627. \u2e3b 1. \u0627\u0644\u0645\u0639\u0644\u0648\u0645\u0627\u062a \u0627\u0644\u062a\u064a \u0646\u062c\u0645\u0639\u0647\u0627 [&hellip;]<\/p>","protected":false},"author":1,"featured_media":4468,"parent":0,"menu_order":0,"comment_status":"closed","ping_status":"closed","template":"elementor_header_footer","meta":{"_seopress_robots_primary_cat":"","_seopress_titles_title":"","_seopress_titles_desc":"","_seopress_robots_index":"","inline_featured_image":false,"_uf_show_specific_survey":0,"_uf_disable_surveys":false,"footnotes":""},"class_list":["post-20178","page","type-page","status-publish","has-post-thumbnail"],"_links":{"self":[{"href":"https:\/\/tamerbadr.com\/es\/wp-json\/wp\/v2\/pages\/20178","targetHints":{"allow":["GET"]}}],"collection":[{"href":"https:\/\/tamerbadr.com\/es\/wp-json\/wp\/v2\/pages"}],"about":[{"href":"https:\/\/tamerbadr.com\/es\/wp-json\/wp\/v2\/types\/page"}],"author":[{"embeddable":true,"href":"https:\/\/tamerbadr.com\/es\/wp-json\/wp\/v2\/users\/1"}],"replies":[{"embeddable":true,"href":"https:\/\/tamerbadr.com\/es\/wp-json\/wp\/v2\/comments?post=20178"}],"version-history":[{"count":0,"href":"https:\/\/tamerbadr.com\/es\/wp-json\/wp\/v2\/pages\/20178\/revisions"}],"wp:featuredmedia":[{"embeddable":true,"href":"https:\/\/tamerbadr.com\/es\/wp-json\/wp\/v2\/media\/4468"}],"wp:attachment":[{"href":"https:\/\/tamerbadr.com\/es\/wp-json\/wp\/v2\/media?parent=20178"}],"curies":[{"name":"gracias","href":"https:\/\/api.w.org\/{rel}","templated":true}]}}