{"id":20137,"date":"2025-03-19T15:40:18","date_gmt":"2025-03-19T15:40:18","guid":{"rendered":"https:\/\/white-ant-267257.hostingersite.com\/?page_id=20137"},"modified":"2025-04-06T08:18:15","modified_gmt":"2025-04-06T08:18:15","slug":"the-book-of-the-virtue-of-patience-in-the-face-of-adversity","status":"publish","type":"page","link":"https:\/\/tamerbadr.com\/es\/the-book-of-the-virtue-of-patience-in-the-face-of-adversity","title":{"rendered":"Las virtudes de la paciencia ante la adversidad"},"content":{"rendered":"<div data-elementor-type=\"wp-page\" data-elementor-id=\"20137\" class=\"elementor elementor-20137\" data-elementor-post-type=\"page\">\n\t\t\t\t<div class=\"elementor-element elementor-element-c8c7aab e-flex e-con-boxed e-con e-parent\" data-id=\"c8c7aab\" data-element_type=\"container\">\n\t\t\t\t\t<div class=\"e-con-inner\">\n\t\t<div class=\"elementor-element elementor-element-6483b1a e-con-full e-flex e-con e-child\" data-id=\"6483b1a\" data-element_type=\"container\">\n\t\t\t\t<div class=\"elementor-element elementor-element-6058eb2 elementor-widget elementor-widget-wc-elements\" data-id=\"6058eb2\" data-element_type=\"widget\" data-widget_type=\"wc-elements.default\">\n\t\t\t\t<div class=\"elementor-widget-container\">\n\t\t\t\t\t<div class=\"woocommerce\">\t\t\t<div class=\"single-product\" data-product-page-preselected-id=\"0\">\n\t\t\t\t<div class=\"woocommerce-notices-wrapper\"><\/div><div id=\"product-19573\" class=\"product type-product post-19573 status-publish first instock product_cat-191 has-post-thumbnail downloadable shipping-taxable purchasable product-type-simple\">\n\n\t<div class=\"woocommerce-product-gallery woocommerce-product-gallery--with-images woocommerce-product-gallery--columns-4 images\" data-columns=\"4\" style=\"opacity: 0; transition: opacity .25s ease-in-out;\">\n\t<div class=\"woocommerce-product-gallery__wrapper\">\n\t\t<div data-thumb=\"https:\/\/tamerbadr.com\/wp-content\/uploads\/2025\/03\/\u0641\u0636\u0644-\u0627\u0644\u0635\u0628\u0631-\u0639\u0644\u0649-\u0627\u0644\u0628\u0644\u0627\u0621.jpg\" data-thumb-alt=\"\u0643\u062a\u0627\u0628 \u0641\u0636\u0644 \u0627\u0644\u0635\u0628\u0631 \u0639\u0644\u064a \u0627\u0644\u0628\u0644\u0627\u0621\" data-thumb-srcset=\"\"  data-thumb-sizes=\"(max-width: 71px) 100vw, 71px\" class=\"woocommerce-product-gallery__image\"><a href=\"https:\/\/tamerbadr.com\/wp-content\/uploads\/2025\/03\/\u0641\u0636\u0644-\u0627\u0644\u0635\u0628\u0631-\u0639\u0644\u0649-\u0627\u0644\u0628\u0644\u0627\u0621.jpg\"><img fetchpriority=\"high\" decoding=\"async\" width=\"480\" height=\"676\" src=\"https:\/\/tamerbadr.com\/wp-content\/uploads\/2025\/03\/\u0641\u0636\u0644-\u0627\u0644\u0635\u0628\u0631-\u0639\u0644\u0649-\u0627\u0644\u0628\u0644\u0627\u0621.jpg\" class=\"wp-post-image\" alt=\"Las virtudes de la paciencia ante la adversidad\" data-caption=\"\" data-src=\"https:\/\/tamerbadr.com\/wp-content\/uploads\/2025\/03\/\u0641\u0636\u0644-\u0627\u0644\u0635\u0628\u0631-\u0639\u0644\u0649-\u0627\u0644\u0628\u0644\u0627\u0621.jpg\" data-large_image=\"https:\/\/tamerbadr.com\/wp-content\/uploads\/2025\/03\/\u0641\u0636\u0644-\u0627\u0644\u0635\u0628\u0631-\u0639\u0644\u0649-\u0627\u0644\u0628\u0644\u0627\u0621.jpg\" data-large_image_width=\"480\" data-large_image_height=\"676\" \/><\/a><\/div><div data-thumb=\"https:\/\/tamerbadr.com\/wp-content\/uploads\/2025\/03\/\u0645\u0624\u0644\u0641\u0627\u062a-\u062a\u0627\u0645\u0631-\u0628\u062f\u0631-1-6.jpg\" data-thumb-alt=\"\u0643\u062a\u0627\u0628 \u0641\u0636\u0644 \u0627\u0644\u0635\u0628\u0631 \u0639\u0644\u064a \u0627\u0644\u0628\u0644\u0627\u0621 - Imagen 2\" data-thumb-srcset=\"\"  data-thumb-sizes=\"(max-width: 92px) 100vw, 92px\" class=\"woocommerce-product-gallery__image\" data-no-translation-data-thumb-alt=\"\"><a href=\"https:\/\/tamerbadr.com\/wp-content\/uploads\/2025\/03\/\u0645\u0624\u0644\u0641\u0627\u062a-\u062a\u0627\u0645\u0631-\u0628\u062f\u0631-1-6.jpg\"><img decoding=\"async\" width=\"389\" height=\"422\" src=\"https:\/\/tamerbadr.com\/wp-content\/uploads\/2025\/03\/\u0645\u0624\u0644\u0641\u0627\u062a-\u062a\u0627\u0645\u0631-\u0628\u062f\u0631-1-6.jpg\" class=\"\" alt=\"\u0643\u062a\u0627\u0628 \u0641\u0636\u0644 \u0627\u0644\u0635\u0628\u0631 \u0639\u0644\u064a \u0627\u0644\u0628\u0644\u0627\u0621 - Imagen 2\" data-caption=\"CREATOR: gd-jpeg v1.0 (using IJG JPEG v62), quality = 90\" data-src=\"https:\/\/tamerbadr.com\/wp-content\/uploads\/2025\/03\/\u0645\u0624\u0644\u0641\u0627\u062a-\u062a\u0627\u0645\u0631-\u0628\u062f\u0631-1-6.jpg\" data-large_image=\"https:\/\/tamerbadr.com\/wp-content\/uploads\/2025\/03\/\u0645\u0624\u0644\u0641\u0627\u062a-\u062a\u0627\u0645\u0631-\u0628\u062f\u0631-1-6.jpg\" data-large_image_width=\"389\" data-large_image_height=\"422\" data-no-translation-alt=\"\" \/><\/a><\/div>\t<\/div>\n<\/div>\n\n\t<div class=\"summary entry-summary\">\n\t\t<h1 class=\"product_title entry-title\">Las virtudes de la paciencia ante la adversidad<\/h1><p class=\"price\"><span class=\"woocommerce-Price-amount amount\"><bdi><span class=\"woocommerce-Price-currencySymbol\">EGP<\/span>40.00<\/bdi><\/span><\/p>\n\n\t\n\t<form class=\"cart\" action=\"\" method=\"post\" enctype='multipart\/form-data' data-trp-original-action=\"\">\n\t\t\n\t\t<div class=\"quantity\">\n\t\t<label class=\"screen-reader-text\" for=\"quantity_69fee6a3ddc0a\" data-no-translation=\"\" data-trp-gettext=\"\">\u0643\u062a\u0627\u0628 \u0641\u0636\u0644 \u0627\u0644\u0635\u0628\u0631 \u0639\u0644\u064a \u0627\u0644\u0628\u0644\u0627\u0621 cantidad<\/label>\n\t<input\n\t\ttype=\"number\"\n\t\t\t\tid=\"quantity_69fee6a3ddc0a\"\n\t\tclass=\"input-text qty text\"\n\t\tname=\"quantity\"\n\t\tvalue=\"1\"\n\t\taria-label=\"Cantidad de productos\"\n\t\t\t\tmin=\"1\"\n\t\t\t\t\t\t\tstep=\"1\"\n\t\t\tplaceholder=\"\"\n\t\t\tinputmode=\"numeric\"\n\t\t\tautocomplete=\"off\" data-no-translation-aria-label=\"\"\n\t\t\t\/>\n\t<\/div>\n\n\t\t<button type=\"submit\" name=\"add-to-cart\" value=\"19573\" class=\"single_add_to_cart_button button alt\" data-no-translation=\"\" data-trp-gettext=\"\">A\u00f1adir al carrito<\/button>\n\n\t\t\n        <script>\n            document.addEventListener('DOMContentLoaded', function(){\n                document.addEventListener('click', function(event){\n                    if(!event.target.matches('.single_add_to_cart_button')){\n                        return;\n                    }\n\n                    const quantity = document.querySelector('input.qty').value || '1';\n                    const formProductVariation = document.querySelector('form[data-product_variations]')\n                    const variationItem = document.querySelector('.variation_id')\n\n                    let price = 40\n                    if(formProductVariation && variationItem){\n                        try{\n                            const variations = JSON.parse(formProductVariation.dataset.product_variations)\n                            const variationId = variationItem.value\n                            for(const variation of variations){\n                                if(variation.variation_id == Number(variationId)){\n                                    price = variation.display_price\n                                }\n                            }\n                        }\n                        catch{\n                        }\n                    }\n\n                    gtag('event', 'add_to_cart', {\n                        'items': [ {\n                            'item_id':'19573',\n                            'item_name': '\u0643\u062a\u0627\u0628 \u0641\u0636\u0644 \u0627\u0644\u0635\u0628\u0631 \u0639\u0644\u064a \u0627\u0644\u0628\u0644\u0627\u0621',\n                            'list_name': '\u0643\u062a\u0627\u0628 \u0641\u0636\u0644 \u0627\u0644\u0635\u0628\u0631 \u0639\u0644\u064a \u0627\u0644\u0628\u0644\u0627\u0621',\n                            'quantity': quantity,\n                            'price': price,\n                            \"item_category\":\"\u062f\u064a\u0646 \u0625\u0633\u0644\u0627\u0645\u064a\"\n                        }]\n                    });\n                })\n            });\n        <\/script>\n        \t<input type=\"hidden\" name=\"trp-form-language\" value=\"es\"\/><\/form>\n\n\t\n<div class=\"product_meta\">\n\n\t\n\t\n\t<span class=\"posted_in\">Categor\u00eda: <a href=\"https:\/\/tamerbadr.com\/es\/categoria-producto\/%d8%af%d9%8a%d9%86-%d8%a5%d8%b3%d9%84%d8%a7%d9%85%d9%8a\" rel=\"tag\">Religi\u00f3n isl\u00e1mica<\/a><\/span>\n\t\n\t\n<\/div>\n\t<\/div>\n\n\t\n\t<div class=\"woocommerce-tabs wc-tabs-wrapper\">\n\t\t<ul class=\"tabs wc-tabs\" role=\"tablist\">\n\t\t\t\t\t\t\t<li role=\"presentation\" class=\"description_tab\" id=\"tab-title-description\">\n\t\t\t\t\t<a href=\"#tab-description\" role=\"tab\" aria-controls=\"tab-description\">\n\t\t\t\t\t\tDescripci\u00f3n\t\t\t\t\t<\/a>\n\t\t\t\t<\/li>\n\t\t\t\t\t\t\t<li role=\"presentation\" class=\"reviews_tab\" id=\"tab-title-reviews\">\n\t\t\t\t\t<a href=\"#tab-reviews\" role=\"tab\" aria-controls=\"tab-reviews\">\n\t\t\t\t\t\tValoraciones (0)\t\t\t\t\t<\/a>\n\t\t\t\t<\/li>\n\t\t\t\t\t<\/ul>\n\t\t\t\t\t<div class=\"woocommerce-Tabs-panel woocommerce-Tabs-panel--description panel entry-content wc-tab\" id=\"tab-description\" role=\"tabpanel\" aria-labelledby=\"tab-title-description\">\n\t\t\t\t\n\t<h2 data-no-translation=\"\" data-trp-gettext=\"\">Descripci\u00f3n<\/h2>\n\n<h1 style=\"text-align: center;\"><strong>Introducci\u00f3n del Jeque Mohammed Hassan al libro La virtud de la paciencia<\/strong><\/h1>\n<h1 style=\"text-align: center;\">Alhamdulillah, la paz y las bendiciones sean con el Mensajero de Allah, que Allah le bendiga y le conceda paz.<\/h1>\n<h1 style=\"text-align: center;\">Dios ha hecho de la paciencia un ej\u00e9rcito imparable, un ej\u00e9rcito invencible y una fortaleza que no puede ser destruida. Dijo que los que son pacientes est\u00e1n en compa\u00f1\u00eda de Allah y \u00c9l los ama, \u00a1y qu\u00e9 dignidad!<\/h1>\n<h1 style=\"text-align: center;\">El Todopoderoso dijo: Allah est\u00e1 con el paciente [Al-Baqarah: 153].<\/h1>\n<h1 style=\"text-align: center;\">Y Allah ama al paciente [Al-Imran: 146].<\/h1>\n<h1 style=\"text-align: center;\">Hizo que el liderazgo en la religi\u00f3n dependiera de la paciencia y la certeza: \"Y creamos entre ellos imanes que gu\u00edan por Nuestro mandato cuando eran pacientes y ten\u00edan fe en Nuestras revelaciones\" [Al-Saydah: 24].<\/h1>\n<h1 style=\"text-align: center;\">Reuni\u00f3 para la gente paciente estas buenas nuevas que no reuni\u00f3 para otros, diciendo: \"Os pondremos a prueba con cosas de miedo y hambre y escasez de riqueza, vidas y frutos: Y os pondremos a prueba con cosas de temor, hambre y escasez de riquezas, vidas y frutos, y buenas nuevas para los pacientes (155) Quienes, cuando les sobrevenga una calamidad, digan: \"Somos Allah y a \u00c9l volvemos (156) \u00c9sos son los que tienen oraciones de su Se\u00f1or y misericordia, y \u00e9sos son los que son guiados (157)\" [Al-Baqarah].<\/h1>\n<h1 style=\"text-align: center;\">Luego explic\u00f3 el honor de la gente paciente en el Para\u00edso, con los \u00e1ngeles entrando en el Para\u00edso para saludarles y saludarles, diciendo: Los \u00e1ngeles entrar\u00e1n sobre ellos por todas las puertas (23) La paz sea con vosotros por vuestra paciencia, pues hay una buena recompensa para los que son pacientes (24) [Al-Ra'd].<\/h1>\n<h1 style=\"text-align: center;\">Resumi\u00f3 su favor y recompensa ilimitados diciendo: Los que sean pacientes recibir\u00e1n su recompensa sin cuento [Al-Zamar: 10].<\/h1>\n<h1 style=\"text-align: center;\">S\u00ed, la paciencia, como su nombre, es amarga, pero sus consecuencias son m\u00e1s dulces que la miel.<\/h1>\n<h1 style=\"text-align: center;\">\u00bfQu\u00e9 es la paciencia?<\/h1>\n<h1 style=\"text-align: center;\">Paciencia en el lenguaje: Es la prevenci\u00f3n y el confinamiento.<\/h1>\n<h1 style=\"text-align: center;\">La paciencia es un t\u00e9rmino jur\u00eddico: Es la contenci\u00f3n del alma para que no cunda el p\u00e1nico, la contenci\u00f3n de la lengua para que no se queje y la contenci\u00f3n de los miembros para que no peque.<\/h1>\n<h1 style=\"text-align: center;\">* Se divide en tres secciones:<\/h1>\n<h1 style=\"text-align: center;\">- Paciencia para lo que se manda. Es decir, paciencia en la obediencia.<\/h1>\n<h1 style=\"text-align: center;\">- Paciencia de lo prohibido. Es decir, paciencia contra el pecado.<\/h1>\n<h1 style=\"text-align: center;\">- Paciencia para lo que est\u00e1 predestinado. Es decir, paciencia con las calamidades y pruebas que Allah ha decretado para el siervo.<\/h1>\n<h1 style=\"text-align: center;\">La bella paciencia es la que busca el rostro de Dios, no por miedo a la gente para que no digan: \"Tengo miedo\", ni para embellecerse por el bien de la gente para que digan: \"Soy paciente\", sino que es paciente creyendo en el destino bueno y malo de Dios, trascendiendo el dolor y elev\u00e1ndose por encima de la queja.<\/h1>\n<h1 style=\"text-align: center;\">Hay dos tipos de reclamaciones:<\/h1>\n<h1 style=\"text-align: center;\">\u00a1Una queja a Dios, y una queja de Dios!<\/h1>\n<h1 style=\"text-align: center;\">En cuanto a quejarse a Allah, no contradice la paciencia, como dijo Allah sobre Ya'qub, la paz sea con \u00e9l: \"La paciencia es hermosa, y Allah es nuestra ayuda contra lo que describes\" [Yusuf: 18].<\/h1>\n<h1 style=\"text-align: center;\">No obstante, elev\u00f3 su queja a Dios, diciendo: \"S\u00f3lo me quejo de mi pena y mi dolor a Al\u00e1\" [Yusuf: 86].<\/h1>\n<h1 style=\"text-align: center;\">Dios Todopoderoso alab\u00f3 a Job, la paz sea con \u00e9l, sin embargo elev\u00f3 su queja a Dios, diciendo: \"Y Ayyub, cuando invoc\u00f3 a su Se\u00f1or, diciendo: 'Estoy afligido por la angustia, y T\u00fa eres el m\u00e1s misericordioso de los misericordiosos'\" [Al-Anbiya: 83].<\/h1>\n<h1 style=\"text-align: center;\">El creyente debe saber que el mundo es un lugar de prueba y ensayo, y su felicidad es un sue\u00f1o de sue\u00f1o, una sombra fugaz, si r\u00ede un poco hace llorar a muchos, si agrada por un d\u00eda entristece para toda la vida, si da placer por poco lo impide por mucho tiempo, y toda alegr\u00eda tiene su lado malo.<\/h1>\n<h1 style=\"text-align: center;\">El hombre sabio es aquel que mira con los ojos de su visi\u00f3n y la luz de su fe y sabe con certeza que lo que es correcto para \u00e9l no habr\u00eda sido incorrecto para \u00e9l y lo que es incorrecto para \u00e9l no habr\u00eda sido correcto para \u00e9l, as\u00ed que mira el Libro de Allah Todopoderoso y la Sunnah de Su Mensajero (la paz sea con \u00e9l) para averiguar la recompensa para el paciente.<\/h1>\n<h1 style=\"text-align: center;\">Entonces que apague el fuego de las calamidades y las pruebas con la frialdad de imitar al pueblo de la aflicci\u00f3n, encabezado por los mensajeros y profetas.<\/h1>\n<h1 style=\"text-align: center;\">Entonces, si mira y busca entre la gente de la tierra, no ver\u00e1 a nadie entre ellos que no est\u00e9 afligido por la p\u00e9rdida de una cosa amada o por la aparici\u00f3n de una cosa odiada.<\/h1>\n<h1 style=\"text-align: center;\">En una \u00e9poca en la que abundan las pruebas y las tribulaciones, necesitamos recordatorios constantes.<\/h1>\n<h1 style=\"text-align: center;\">Gracias a la paciencia con la aflicci\u00f3n, identificaci\u00f3n de la sabidur\u00eda de la aflicci\u00f3n, reconocimiento de los tipos de aflicci\u00f3n, seguimiento del ejemplo de los profetas y ap\u00f3stoles, y otras cuestiones importantes relacionadas con este venerable tema.<\/h1>\n<h1 style=\"text-align: center;\">Que Allah le recompense bien y nos haga a nosotros y a \u00e9l uno de los pacientes, y que Allah haga brillar nuestros ojos con la victoria de esta religi\u00f3n, y que Allah ruegue, la paz y las bendiciones sean con el Imam de los Profetas y con su familia y compa\u00f1eros.<\/h1>\n<h1 style=\"text-align: center;\">escrito por \u00e9l<\/h1>\n\t\t\t<\/div>\n\t\t\t\t\t<div class=\"woocommerce-Tabs-panel woocommerce-Tabs-panel--reviews panel entry-content wc-tab\" id=\"tab-reviews\" role=\"tabpanel\" aria-labelledby=\"tab-title-reviews\">\n\t\t\t\t<div id=\"reviews\" class=\"woocommerce-Reviews\">\n\t<div id=\"comments\">\n\t\t<h2 class=\"woocommerce-Reviews-title\">\n\t\t\tValoraciones\t\t<\/h2>\n\n\t\t\t\t\t<p class=\"woocommerce-noreviews\" data-no-translation=\"\" data-trp-gettext=\"\">No hay valoraciones a\u00fan.<\/p>\n\t\t\t<\/div>\n\n\t\t\t<div id=\"review_form_wrapper\">\n\t\t\t<div id=\"review_form\">\n\t\t\t\t\t<div id=\"respond\" class=\"comment-respond\">\n\t\t<span id=\"reply-title\" class=\"comment-reply-title\" role=\"heading\" aria-level=\"3\">S\u00e9 el primero en valorar &ldquo;\u0643\u062a\u0627\u0628 \u0641\u0636\u0644 \u0627\u0644\u0635\u0628\u0631 \u0639\u0644\u064a \u0627\u0644\u0628\u0644\u0627\u0621&rdquo; <small><a rel=\"nofollow\" id=\"cancel-comment-reply-link\" href=\"\/es\/wp-json\/wp\/v2\/pages\/20137#respond\" style=\"display:none;\">cancelar la respuesta<\/a><\/small><\/span><p class=\"must-log-in\" data-no-translation=\"\" data-trp-gettext=\"\">Debes <a href=\"https:\/\/tamerbadr.com\/es\/\">acceder<\/a> para publicar una valoraci\u00f3n.<\/p>\t<\/div><!-- #respond -->\n\t\t\t\t<\/div>\n\t\t<\/div>\n\t\n\t<div class=\"clear\"><\/div>\n<\/div>\n\t\t\t<\/div>\n\t\t\n\t\t\t<\/div>\n\n<\/div>\n\n\t\t\t<\/div>\n\t\t\t<\/div>\t\t\t\t<\/div>\n\t\t\t\t<\/div>\n\t\t\t\t<\/div>\n\t\t\t\t\t<\/div>\n\t\t\t\t<\/div>\n\t\t\t\t<\/div>","protected":false},"excerpt":{"rendered":"","protected":false},"author":1,"featured_media":0,"parent":0,"menu_order":0,"comment_status":"closed","ping_status":"closed","template":"elementor_header_footer","meta":{"_seopress_robots_primary_cat":"","_seopress_titles_title":"","_seopress_titles_desc":"","_seopress_robots_index":"","inline_featured_image":false,"_uf_show_specific_survey":0,"_uf_disable_surveys":false,"footnotes":""},"class_list":["post-20137","page","type-page","status-publish"],"_links":{"self":[{"href":"https:\/\/tamerbadr.com\/es\/wp-json\/wp\/v2\/pages\/20137","targetHints":{"allow":["GET"]}}],"collection":[{"href":"https:\/\/tamerbadr.com\/es\/wp-json\/wp\/v2\/pages"}],"about":[{"href":"https:\/\/tamerbadr.com\/es\/wp-json\/wp\/v2\/types\/page"}],"author":[{"embeddable":true,"href":"https:\/\/tamerbadr.com\/es\/wp-json\/wp\/v2\/users\/1"}],"replies":[{"embeddable":true,"href":"https:\/\/tamerbadr.com\/es\/wp-json\/wp\/v2\/comments?post=20137"}],"version-history":[{"count":0,"href":"https:\/\/tamerbadr.com\/es\/wp-json\/wp\/v2\/pages\/20137\/revisions"}],"wp:attachment":[{"href":"https:\/\/tamerbadr.com\/es\/wp-json\/wp\/v2\/media?parent=20137"}],"curies":[{"name":"gracias","href":"https:\/\/api.w.org\/{rel}","templated":true}]}}