{"id":20112,"date":"2025-03-19T15:27:38","date_gmt":"2025-03-19T15:27:38","guid":{"rendered":"https:\/\/white-ant-267257.hostingersite.com\/?page_id=20112"},"modified":"2025-04-06T08:15:33","modified_gmt":"2025-04-06T08:15:33","slug":"riyad-as-sunnah-book-from-the-authentic-six-books","status":"publish","type":"page","link":"https:\/\/tamerbadr.com\/es\/riyad-as-sunnah-book-from-the-authentic-six-books","title":{"rendered":"Riad al-Sunnah del Sahih de los Seis Libros"},"content":{"rendered":"<div data-elementor-type=\"wp-page\" data-elementor-id=\"20112\" class=\"elementor elementor-20112\" data-elementor-post-type=\"page\">\n\t\t\t\t<div class=\"elementor-element elementor-element-c8c7aab e-flex e-con-boxed e-con e-parent\" data-id=\"c8c7aab\" data-element_type=\"container\">\n\t\t\t\t\t<div class=\"e-con-inner\">\n\t\t<div class=\"elementor-element elementor-element-6483b1a e-con-full e-flex e-con e-child\" data-id=\"6483b1a\" data-element_type=\"container\">\n\t\t\t\t<div class=\"elementor-element elementor-element-6058eb2 elementor-widget elementor-widget-wc-elements\" data-id=\"6058eb2\" data-element_type=\"widget\" data-widget_type=\"wc-elements.default\">\n\t\t\t\t<div class=\"elementor-widget-container\">\n\t\t\t\t\t<div class=\"woocommerce\">\t\t\t<div class=\"single-product\" data-product-page-preselected-id=\"0\">\n\t\t\t\t<div class=\"woocommerce-notices-wrapper\"><\/div><div id=\"product-19584\" class=\"product type-product post-19584 status-publish first instock product_cat-188 has-post-thumbnail downloadable shipping-taxable purchasable product-type-simple\">\n\n\t<div class=\"woocommerce-product-gallery woocommerce-product-gallery--with-images woocommerce-product-gallery--columns-4 images\" data-columns=\"4\" style=\"opacity: 0; transition: opacity .25s ease-in-out;\">\n\t<div class=\"woocommerce-product-gallery__wrapper\">\n\t\t<div data-thumb=\"https:\/\/tamerbadr.com\/wp-content\/uploads\/2025\/03\/\u0631\u064a\u0627\u0636-\u0627\u0644\u0633\u0646\u0629-\u063a\u0644\u0627\u0641-scaled-scaled.jpg\" data-thumb-alt=\"\u0643\u062a\u0627\u0628 \u0631\u064a\u0627\u0636 \u0627\u0644\u0633\u0646\u0629 \u0645\u0646 \u0635\u062d\u064a\u062d \u0627\u0644\u0643\u062a\u0628 \u0627\u0644\u0633\u062a\u0629\" data-thumb-srcset=\"\"  data-thumb-sizes=\"(max-width: 100px) 100vw, 100px\" class=\"woocommerce-product-gallery__image\"><a href=\"https:\/\/tamerbadr.com\/wp-content\/uploads\/2025\/03\/\u0631\u064a\u0627\u0636-\u0627\u0644\u0633\u0646\u0629-\u063a\u0644\u0627\u0641-scaled-scaled.jpg\"><img fetchpriority=\"high\" decoding=\"async\" width=\"2049\" height=\"1329\" src=\"https:\/\/tamerbadr.com\/wp-content\/uploads\/2025\/03\/\u0631\u064a\u0627\u0636-\u0627\u0644\u0633\u0646\u0629-\u063a\u0644\u0627\u0641-scaled-scaled.jpg\" class=\"wp-post-image\" alt=\"Riad al-Sunnah del Sahih de los Seis Libros\" data-caption=\"\" data-src=\"https:\/\/tamerbadr.com\/wp-content\/uploads\/2025\/03\/\u0631\u064a\u0627\u0636-\u0627\u0644\u0633\u0646\u0629-\u063a\u0644\u0627\u0641-scaled-scaled.jpg\" data-large_image=\"https:\/\/tamerbadr.com\/wp-content\/uploads\/2025\/03\/\u0631\u064a\u0627\u0636-\u0627\u0644\u0633\u0646\u0629-\u063a\u0644\u0627\u0641-scaled-scaled.jpg\" data-large_image_width=\"2049\" data-large_image_height=\"1329\" \/><\/a><\/div><div data-thumb=\"https:\/\/tamerbadr.com\/wp-content\/uploads\/2025\/03\/\u0631\u064a\u0627\u0636-\u0627\u0644\u0633\u0646\u0629-1\u063a\u0644\u0627\u0641-\u0627\u0644\u0644\u0624\u0644\u0624\u0629-scaled.jpg\" data-thumb-alt=\"\u0643\u062a\u0627\u0628 \u0631\u064a\u0627\u0636 \u0627\u0644\u0633\u0646\u0629 \u0645\u0646 \u0635\u062d\u064a\u062d \u0627\u0644\u0643\u062a\u0628 \u0627\u0644\u0633\u062a\u0629 - Imagen 2\" data-thumb-srcset=\"\"  data-thumb-sizes=\"(max-width: 75px) 100vw, 75px\" class=\"woocommerce-product-gallery__image\" data-no-translation-data-thumb-alt=\"\"><a href=\"https:\/\/tamerbadr.com\/wp-content\/uploads\/2025\/03\/\u0631\u064a\u0627\u0636-\u0627\u0644\u0633\u0646\u0629-1\u063a\u0644\u0627\u0641-\u0627\u0644\u0644\u0624\u0644\u0624\u0629-scaled.jpg\"><img decoding=\"async\" width=\"1928\" height=\"2560\" src=\"https:\/\/tamerbadr.com\/wp-content\/uploads\/2025\/03\/\u0631\u064a\u0627\u0636-\u0627\u0644\u0633\u0646\u0629-1\u063a\u0644\u0627\u0641-\u0627\u0644\u0644\u0624\u0644\u0624\u0629-scaled.jpg\" class=\"\" alt=\"\u0643\u062a\u0627\u0628 \u0631\u064a\u0627\u0636 \u0627\u0644\u0633\u0646\u0629 \u0645\u0646 \u0635\u062d\u064a\u062d \u0627\u0644\u0643\u062a\u0628 \u0627\u0644\u0633\u062a\u0629 - Imagen 2\" data-caption=\"\" data-src=\"https:\/\/tamerbadr.com\/wp-content\/uploads\/2025\/03\/\u0631\u064a\u0627\u0636-\u0627\u0644\u0633\u0646\u0629-1\u063a\u0644\u0627\u0641-\u0627\u0644\u0644\u0624\u0644\u0624\u0629-scaled.jpg\" data-large_image=\"https:\/\/tamerbadr.com\/wp-content\/uploads\/2025\/03\/\u0631\u064a\u0627\u0636-\u0627\u0644\u0633\u0646\u0629-1\u063a\u0644\u0627\u0641-\u0627\u0644\u0644\u0624\u0644\u0624\u0629-scaled.jpg\" data-large_image_width=\"1928\" data-large_image_height=\"2560\" data-no-translation-alt=\"\" \/><\/a><\/div><div data-thumb=\"https:\/\/tamerbadr.com\/wp-content\/uploads\/2025\/03\/\u0645\u0624\u0644\u0641\u0627\u062a-\u062a\u0627\u0645\u0631-\u0628\u062f\u0631-1-3.jpg\" data-thumb-alt=\"\u0643\u062a\u0627\u0628 \u0631\u064a\u0627\u0636 \u0627\u0644\u0633\u0646\u0629 \u0645\u0646 \u0635\u062d\u064a\u062d \u0627\u0644\u0643\u062a\u0628 \u0627\u0644\u0633\u062a\u0629 - Imagen 3\" data-thumb-srcset=\"\"  data-thumb-sizes=\"(max-width: 92px) 100vw, 92px\" class=\"woocommerce-product-gallery__image\" data-no-translation-data-thumb-alt=\"\"><a href=\"https:\/\/tamerbadr.com\/wp-content\/uploads\/2025\/03\/\u0645\u0624\u0644\u0641\u0627\u062a-\u062a\u0627\u0645\u0631-\u0628\u062f\u0631-1-3.jpg\"><img decoding=\"async\" width=\"389\" height=\"422\" src=\"https:\/\/tamerbadr.com\/wp-content\/uploads\/2025\/03\/\u0645\u0624\u0644\u0641\u0627\u062a-\u062a\u0627\u0645\u0631-\u0628\u062f\u0631-1-3.jpg\" class=\"\" alt=\"\u0643\u062a\u0627\u0628 \u0631\u064a\u0627\u0636 \u0627\u0644\u0633\u0646\u0629 \u0645\u0646 \u0635\u062d\u064a\u062d \u0627\u0644\u0643\u062a\u0628 \u0627\u0644\u0633\u062a\u0629 - Imagen 3\" data-caption=\"CREATOR: gd-jpeg v1.0 (using IJG JPEG v62), quality = 90\" data-src=\"https:\/\/tamerbadr.com\/wp-content\/uploads\/2025\/03\/\u0645\u0624\u0644\u0641\u0627\u062a-\u062a\u0627\u0645\u0631-\u0628\u062f\u0631-1-3.jpg\" data-large_image=\"https:\/\/tamerbadr.com\/wp-content\/uploads\/2025\/03\/\u0645\u0624\u0644\u0641\u0627\u062a-\u062a\u0627\u0645\u0631-\u0628\u062f\u0631-1-3.jpg\" data-large_image_width=\"389\" data-large_image_height=\"422\" data-no-translation-alt=\"\" \/><\/a><\/div>\t<\/div>\n<\/div>\n\n\t<div class=\"summary entry-summary\">\n\t\t<h1 class=\"product_title entry-title\">Riad al-Sunnah del Sahih de los Seis Libros<\/h1><p class=\"price\"><span class=\"woocommerce-Price-amount amount\"><bdi><span class=\"woocommerce-Price-currencySymbol\">EGP<\/span>80.00<\/bdi><\/span><\/p>\n\n\t\n\t<form class=\"cart\" action=\"\" method=\"post\" enctype='multipart\/form-data' data-trp-original-action=\"\">\n\t\t\n\t\t<div class=\"quantity\">\n\t\t<label class=\"screen-reader-text\" for=\"quantity_69ffc9b0d21d7\" data-no-translation=\"\" data-trp-gettext=\"\">\u0643\u062a\u0627\u0628 \u0631\u064a\u0627\u0636 \u0627\u0644\u0633\u0646\u0629 \u0645\u0646 \u0635\u062d\u064a\u062d \u0627\u0644\u0643\u062a\u0628 \u0627\u0644\u0633\u062a\u0629 cantidad<\/label>\n\t<input\n\t\ttype=\"number\"\n\t\t\t\tid=\"quantity_69ffc9b0d21d7\"\n\t\tclass=\"input-text qty text\"\n\t\tname=\"quantity\"\n\t\tvalue=\"1\"\n\t\taria-label=\"Cantidad de productos\"\n\t\t\t\tmin=\"1\"\n\t\t\t\t\t\t\tstep=\"1\"\n\t\t\tplaceholder=\"\"\n\t\t\tinputmode=\"numeric\"\n\t\t\tautocomplete=\"off\" data-no-translation-aria-label=\"\"\n\t\t\t\/>\n\t<\/div>\n\n\t\t<button type=\"submit\" name=\"add-to-cart\" value=\"19584\" class=\"single_add_to_cart_button button alt\" data-no-translation=\"\" data-trp-gettext=\"\">A\u00f1adir al carrito<\/button>\n\n\t\t\n        <script>\n            document.addEventListener('DOMContentLoaded', function(){\n                document.addEventListener('click', function(event){\n                    if(!event.target.matches('.single_add_to_cart_button')){\n                        return;\n                    }\n\n                    const quantity = document.querySelector('input.qty').value || '1';\n                    const formProductVariation = document.querySelector('form[data-product_variations]')\n                    const variationItem = document.querySelector('.variation_id')\n\n                    let price = 80\n                    if(formProductVariation && variationItem){\n                        try{\n                            const variations = JSON.parse(formProductVariation.dataset.product_variations)\n                            const variationId = variationItem.value\n                            for(const variation of variations){\n                                if(variation.variation_id == Number(variationId)){\n                                    price = variation.display_price\n                                }\n                            }\n                        }\n                        catch{\n                        }\n                    }\n\n                    gtag('event', 'add_to_cart', {\n                        'items': [ {\n                            'item_id':'19584',\n                            'item_name': '\u0643\u062a\u0627\u0628 \u0631\u064a\u0627\u0636 \u0627\u0644\u0633\u0646\u0629 \u0645\u0646 \u0635\u062d\u064a\u062d \u0627\u0644\u0643\u062a\u0628 \u0627\u0644\u0633\u062a\u0629',\n                            'list_name': '\u0643\u062a\u0627\u0628 \u0631\u064a\u0627\u0636 \u0627\u0644\u0633\u0646\u0629 \u0645\u0646 \u0635\u062d\u064a\u062d \u0627\u0644\u0643\u062a\u0628 \u0627\u0644\u0633\u062a\u0629',\n                            'quantity': quantity,\n                            'price': price,\n                            \"item_category\":\"\u0623\u062d\u0627\u062f\u064a\u062b \u0646\u0628\u0648\u064a\u0629\"\n                        }]\n                    });\n                })\n            });\n        <\/script>\n        \t<input type=\"hidden\" name=\"trp-form-language\" value=\"es\"\/><\/form>\n\n\t\n<div class=\"product_meta\">\n\n\t\n\t\n\t<span class=\"posted_in\">Categor\u00eda: <a href=\"https:\/\/tamerbadr.com\/es\/categoria-producto\/%d8%a3%d8%ad%d8%a7%d8%af%d9%8a%d8%ab-%d9%86%d8%a8%d9%88%d9%8a%d8%a9\" rel=\"tag\">Dichos prof\u00e9ticos<\/a><\/span>\n\t\n\t\n<\/div>\n\t<\/div>\n\n\t\n\t<div class=\"woocommerce-tabs wc-tabs-wrapper\">\n\t\t<ul class=\"tabs wc-tabs\" role=\"tablist\">\n\t\t\t\t\t\t\t<li role=\"presentation\" class=\"description_tab\" id=\"tab-title-description\">\n\t\t\t\t\t<a href=\"#tab-description\" role=\"tab\" aria-controls=\"tab-description\">\n\t\t\t\t\t\tDescripci\u00f3n\t\t\t\t\t<\/a>\n\t\t\t\t<\/li>\n\t\t\t\t\t\t\t<li role=\"presentation\" class=\"reviews_tab\" id=\"tab-title-reviews\">\n\t\t\t\t\t<a href=\"#tab-reviews\" role=\"tab\" aria-controls=\"tab-reviews\">\n\t\t\t\t\t\tValoraciones (0)\t\t\t\t\t<\/a>\n\t\t\t\t<\/li>\n\t\t\t\t\t<\/ul>\n\t\t\t\t\t<div class=\"woocommerce-Tabs-panel woocommerce-Tabs-panel--description panel entry-content wc-tab\" id=\"tab-description\" role=\"tabpanel\" aria-labelledby=\"tab-title-description\">\n\t\t\t\t\n\t<h2 data-no-translation=\"\" data-trp-gettext=\"\">Descripci\u00f3n<\/h2>\n\n<h1 style=\"text-align: center;\"><strong>Introducci\u00f3n a Riad al-Sunnah del Sahih de los Seis Libros<\/strong><\/h1>\n<h1 style=\"text-align: center;\">La biograf\u00eda del Profeta es la mejor biograf\u00eda que existe, sus palabras son las mejores palabras, su gu\u00eda es la mejor gu\u00eda y su discurso es el discurso m\u00e1s verdadero. Por ello, Allah ha ordenado a su Ummah que siga su ley y les ha prohibido desobedecerla, diciendo: {Oh vosotros que cre\u00e9is, obedeced a Allah y obedeced al Mensajero y no invalid\u00e9is vuestras obras (33)}. [Surah Muhammad].<\/h1>\n<h1 style=\"text-align: center;\">Y el Exaltado dijo: {Oh, vosotros que cre\u00e9is, obedeced a Dios, obedeced al Mensajero y a quienes est\u00e1n en autoridad sobre vosotros, y si disput\u00e1is algo, remitidlo a Dios y al Mensajero, si cre\u00e9is en Dios y en el \u00daltimo D\u00eda, \u00e9sa es mejor y mejor interpretaci\u00f3n (59)}. [Surat al-Nisa].<\/h1>\n<h1 style=\"text-align: center;\">Y el Exaltado dijo: {Quien obedezca a Dios y al Mensajero, entonces est\u00e1 con aquellos a quienes Dios ha concedido Sus bendiciones entre los profetas, amigos, m\u00e1rtires, hombres justos y los mejores compa\u00f1eros (69)}. [Surat al-Nisa].<\/h1>\n<h1 style=\"text-align: center;\">El Profeta (la paz y las bendiciones de Allah sean con \u00e9l) dijo: \"Un hombre estar\u00e1 recostado en su div\u00e1n hablando sobre uno de mis hadices, y dir\u00e1: 'Entre nosotros y vosotros est\u00e1 el Libro de Allah, el Todopoderoso, y el Santo Profeta: Entre nosotros y vosotros est\u00e1 el Libro de Al\u00e1, el Todopoderoso, y lo que en \u00e9l encontramos que es permisible lo hacemos permisible, y lo que en \u00e9l encontramos que est\u00e1 prohibido lo prohibimos'. Y dir\u00e1: 'Entre nosotros y vosotros est\u00e1 el Libro de Al\u00e1, el Todopoderoso y el Glorioso, y lo que en \u00e9l encontramos que est\u00e1 permitido lo hacemos l\u00edcito, y lo que en \u00e9l encontramos que est\u00e1 prohibido lo prohibimos'.<\/h1>\n<h1 style=\"text-align: center;\">[Sahih].           Narrado por (H).          [Sahih al-Yami'ah: 8186].<\/h1>\n<h1 style=\"text-align: center;\">Por lo tanto, el Hadiz es la segunda fuente de legislaci\u00f3n isl\u00e1mica despu\u00e9s del Sagrado Cor\u00e1n. El Sagrado Cor\u00e1n ordenaba la oraci\u00f3n, el zakat, el ayuno y la peregrinaci\u00f3n sin detalles y sin aclaraciones, por lo que el Hadiz del Profeta los explicaba con detalles y aclaraciones.<\/h1>\n<h1 style=\"text-align: center;\">Los hadices del Profeta est\u00e1n empa\u00f1ados por muchos hadices d\u00e9biles y no probados, pero hay una cantidad grande, suficiente y consistente de hadices aut\u00e9nticos y buenos del Mensajero de Allah (la paz y las bendiciones de Allah sean con \u00e9l) y de los Compa\u00f1eros (que Allah est\u00e9 complacido con ellos), los hadices buenos son de menor rango que los hadices aut\u00e9nticos, pero son invocados y utilizados.<\/h1>\n<h1 style=\"text-align: center;\">Por lo tanto, he recopilado en este libro los hadices aut\u00e9nticos y buenos de las declaraciones m\u00e1s aut\u00e9nticas y famosas de los eruditos del hadiz, con la ayuda de las siguientes fuentes: (Sahih al-Imam al-Bujari, Sahih al-Imam Muslim, Sunan Abu Dawud, Sunan al-Tirmidhi, Sunan al-Nisa'i, Sunan Ibn Majah).<\/h1>\n<h1 style=\"text-align: center;\">He seleccionado de los seis libros los hadices correctos y buenos bas\u00e1ndome en lo corregido por el gran erudito Sheij Muhammad Nasser al-Din al-Albani, que Allah tenga piedad de \u00e9l, uno de los eruditos musulmanes m\u00e1s destacados de la era moderna, Sheij al-Albani es considerado uno de los destacados eruditos del hadiz que es \u00fanico en la ciencia de la correcci\u00f3n y el debilitamiento.<\/h1>\n<h1 style=\"text-align: center;\">Mientras recopilaba los hadices en este libro, tuve presente el hadiz del Profeta (la paz y las bendiciones de Allah desciendan sobre \u00e9l): \"Informad sobre m\u00ed, aunque sea de un vers\u00edculo, y contad sobre los hijos de Israel sin avergonzaros, y quien mienta deliberadamente sobre m\u00ed, que se aparte del fuego.\"<\/h1>\n<h1 style=\"text-align: center;\">[Sahih].           Narrado por (kh,t).              [Sahih al-Yami'ah: 2837].<\/h1>\n<h1 style=\"text-align: center;\">Por lo tanto, en este libro, he seleccionado los hadices aut\u00e9nticos y buenos bas\u00e1ndome en lo siguiente:<\/h1>\n<h1 style=\"text-align: center;\">a- Si el dato del hadiz y el cuerpo del hadiz son similares en dos o m\u00e1s narraciones, como por ejemplo:<\/h1>\n<h1 style=\"text-align: center;\">Abu Sa'id al-Judra (que Allah est\u00e9 complacido con \u00e9l) dijo: El Mensajero de Allah (la paz y las bendiciones de Allah desciendan sobre \u00e9l) dijo: \"Uno de sus mejores perfumes es el almizcle\".<\/h1>\n<h1 style=\"text-align: center;\">[Sahih].           Narrado por (N).           [Sahih al-Yami'ah: 5914].<\/h1>\n<h1 style=\"text-align: center;\">Seg\u00fan la autoridad de Abu Sa'id al-Judri (que Allah est\u00e9 complacido con \u00e9l), el Mensajero de Allah (la paz y las bendiciones de Allah desciendan sobre \u00e9l) dijo: \"El almizcle es la m\u00e1s dulce de todas las cosas buenas\".<\/h1>\n<h1 style=\"text-align: center;\">[Sahih].           Narrado por (T, M, N).            [Sahih al-Yami'ah:1032].<\/h1>\n<h1 style=\"text-align: center;\">He elegido el segundo hadiz por sus m\u00faltiples narraciones.<\/h1>\n<h1 style=\"text-align: center;\">B- Si dos o m\u00e1s hadices honorables son similares, como:<\/h1>\n<h1 style=\"text-align: center;\">Se narr\u00f3 de Abu Huraira (que Allah est\u00e9 complacido con \u00e9l) que el Mensajero de Allah (la paz y las bendiciones de Allah desciendan sobre \u00e9l) dijo: \"Cuando el imam dice: Allah escucha a los que Le alaban. Entonces di: Oh Allah, nuestro Se\u00f1or, T\u00fa tienes la alabanza. Quien est\u00e9 de acuerdo con las palabras de los \u00e1ngeles, ser\u00e1 perdonado de sus pecados pasados\".<\/h1>\n<h1 style=\"text-align: center;\">[Sahih].           Narrado por (J, M, D, N).      [Sahih al-Yami'ah:705].<\/h1>\n<h1 style=\"text-align: center;\">Se narr\u00f3 de Abu Sa'id al-Judra (que Allah est\u00e9 complacido con \u00e9l) que oy\u00f3 decir al Mensajero de Allah (la paz sea con \u00e9l): \"Cuando el imam dice: Allah escucha a los que Le alaban. Entonces di: Allah, nuestro Se\u00f1or, a quien pertenece toda alabanza\".<\/h1>\n<h1 style=\"text-align: center;\">[Sahih].           Narrado por (H).          [Sahih al-Yami'ah:706].<\/h1>\n<h1 style=\"text-align: center;\">Sol\u00eda elegir los hadices que eran completos y claros en su significado, como en el primer hadiz.<\/h1>\n<h1 style=\"text-align: center;\">C- Los hadices mencionados en Sahih al-Yame'eh al-Saghir y la serie Sahih al-Salih de Al-Albani [del Musnad del Imam Ahmad bin Hanbal, al-Tabarani, al-Hakim o al-Bayhaqi] fueron reemplazados en este libro por los hadices de redacci\u00f3n similar de los seis libros de los seis Imames (Imames).<\/h1>\n<h1 style=\"text-align: center;\">Por ejemplo, el hadiz narrado por Buraydah al-Aslamiyyah (que Allah est\u00e9 complacido con \u00e9l) del Profeta (la paz sea con \u00e9l), \"Quien espere a una persona insolvente, por cada d\u00eda que le espere, tendr\u00e1 como caridad cada d\u00eda que le espere antes de que venza la deuda.\" [Sahih]. Narrado por (Ahmad ibn Hanbal, Ibn Majah). Se menciona en Sahih al-Yami'ah No. [6108], por lo que sol\u00eda poner en este libro la versi\u00f3n del hadiz que se encuentra en la Sunnah de Ibn Majah, como en este hadiz.<\/h1>\n<h1 style=\"text-align: center;\">Con la autoridad de Buraydat al-Aslami (que Allah est\u00e9 complacido con \u00e9l), el Profeta (la paz sea con \u00e9l) dijo: \"Quien espera a una persona insolvente, cada d\u00eda es una caridad para \u00e9l, y quien espera por \u00e9l despu\u00e9s de que se resuelva, cada d\u00eda es una caridad para \u00e9l.\"    [Sahih].    Narrado por Ibn Majah.<\/h1>\n<h1 style=\"text-align: center;\">Los hadices incompletos contenidos en Sahih Al-Yame'ee Al-Saghir y Al-Salih Al-Salih de Al-Albani, sol\u00eda completarlos de los libros de los seis imames.<\/h1>\n<h1 style=\"text-align: center;\">Por ejemplo, el hadiz: \"Ayunar tres d\u00edas de cada mes y de Ramad\u00e1n a Ramad\u00e1n es el ayuno y la ruptura del mes\".<\/h1>\n<h1 style=\"text-align: center;\">[Sahih].    Narrado por Abu Qatadah (HAM,M) de Abu Qatadah.      [Sahih al-Yami'ah: 3802].<\/h1>\n<h1 style=\"text-align: center;\">Este hadiz procede del Musnad del Imam Ahmad ibn Hanbal y est\u00e1 incompleto, por lo que lo he complementado con la f\u00f3rmula que se encuentra en Sahih Muslim y lo he colocado en el libro de la siguiente manera.<\/h1>\n<h1 style=\"text-align: center;\">Se narr\u00f3 de Abu Qatadad al-Ansari (que Allah est\u00e9 complacido con \u00e9l) que el Mensajero de Allah (la paz y las bendiciones de Allah desciendan sobre \u00e9l) fue preguntado sobre su ayuno. Dijo: El Mensajero de Allah, que Allah le bendiga y le conceda paz, se enfad\u00f3. Umar (que Allah est\u00e9 complacido con \u00e9l) dijo: Hemos aceptado a Allah como Se\u00f1or, al Islam como nuestra religi\u00f3n, a Muhammad como nuestro mensajero, y nuestro juramento de lealtad como juramento de lealtad. Dijo: Le preguntaron sobre el ayuno del d\u00eda. Dijo: \"Ni ayuna ni rompe el ayuno\". O: \"Ni ayuna ni rompe su ayuno\". Dijo: Le preguntaron sobre ayunar dos d\u00edas y ayunar un d\u00eda. Dijo: \"\u00bfQui\u00e9n es capaz de hacer eso?\". Dijo: Le preguntaron sobre ayunar un d\u00eda y ayunar dos d\u00edas. Dijo: \"Ojal\u00e1 Allah nos hubiera fortalecido para eso\". Dijo: Le preguntaron sobre ayunar un d\u00eda y ayunar dos d\u00edas. Dijo: \"Ese es el ayuno de mi hermano David, la paz sea con \u00e9l\". Dijo: Le preguntaron sobre ayunar el lunes. Dijo: \"Ese es el d\u00eda en que nac\u00ed y el d\u00eda en que fui enviado o se me revel\u00f3\". Dijo: \"Ayunar tres d\u00edas de cada mes y de Ramad\u00e1n a Ramad\u00e1n es el ayuno de toda una vida\". Dijo: Le preguntaron sobre el ayuno en el d\u00eda de 'Arafat. Dijo: \"Exp\u00eda los a\u00f1os pasados y futuros\". Dijo: Le preguntaron sobre el ayuno en el d\u00eda de Ashura. Dijo: \"Exp\u00eda el a\u00f1o pasado\".<\/h1>\n<h1 style=\"text-align: center;\">[Sahih].           Narrado por (M).            [Sahih al-Yami'ah: 3802].<\/h1>\n<h1 style=\"text-align: center;\">E - La f\u00f3rmula de cualquier hadiz en el libro se toma del primer nombre del narrador del hadiz, por ejemplo si est\u00e1 escrito Narrado por (M, M, D, T, N, E). La f\u00f3rmula del hadiz es similar en los seis libros y est\u00e1 disponible en los libros del Sheij Al-Albani, pero la f\u00f3rmula del hadiz en este libro est\u00e1 tomada de Sahih Muslim, por lo que se escribe con la primera abreviatura.<\/h1>\n<h1 style=\"text-align: center;\">No he mencionado la atribuci\u00f3n en los hadices, salvo el nombre del compa\u00f1ero que es el m\u00e1ximo narrador del hadiz, para facilitar al lector el examen del libro sin alargarlo, ya que muchos lectores s\u00f3lo quieren leer el cuerpo del hadiz.<\/h1>\n<h1 style=\"text-align: center;\">En este libro no me he ocupado de los hadices de la biograf\u00eda del Profeta ni de la biograf\u00eda de los Compa\u00f1eros (que Allah est\u00e9 complacido con ellos).<\/h1>\n<h1 style=\"text-align: center;\">H- Los significados de algunas palabras dif\u00edciles que aparecen en los hadices se han colocado al final de cada p\u00e1gina para facilitar al lector la comprensi\u00f3n de los hadices en la medida de lo posible.<\/h1>\n<h1 style=\"text-align: center;\">I- Todos los hadices de este libro han sido resaltados para que puedan leerse correctamente.<\/h1>\n<h1 style=\"text-align: center;\">Este libro fue comenzado a principios de 2009 y completado en 2019. Estos son nuestros intentos de servir a nuestra gran religi\u00f3n y apoyar a nuestro Profeta (la paz y las bendiciones sean con \u00e9l) por lo que dijo e hizo en beneficio de nuestros hermanos, de acuerdo con las palabras del Todopoderoso: {Hab\u00e9is tenido un buen ejemplo en el Mensajero de Allah para aquellos que esperan en Allah y en el \u00daltimo D\u00eda y recuerdan mucho a Allah} [Al-Ahzab 22] [Al-Ahzab 22]. Le pedimos a Allah Todopoderoso que se beneficie de ello y haga que nuestro trabajo sea puramente para Su honorable rostro {Oh Se\u00f1or, no nos castigues si olvidamos o cometemos un error}.<\/h1>\n<h1 style=\"text-align: center;\">El Cairo, 18 de Sha'ban de 1440 AH<\/h1>\n<h1 style=\"text-align: center;\">Correspondiente al 24 de abril de 2019<\/h1>\n<h1 style=\"text-align: center;\">\u00a0\u00a0\u00a0\u00a0\u00a0\u00a0 Tamer Badr<\/h1>\n\t\t\t<\/div>\n\t\t\t\t\t<div class=\"woocommerce-Tabs-panel woocommerce-Tabs-panel--reviews panel entry-content wc-tab\" id=\"tab-reviews\" role=\"tabpanel\" aria-labelledby=\"tab-title-reviews\">\n\t\t\t\t<div id=\"reviews\" class=\"woocommerce-Reviews\">\n\t<div id=\"comments\">\n\t\t<h2 class=\"woocommerce-Reviews-title\">\n\t\t\tValoraciones\t\t<\/h2>\n\n\t\t\t\t\t<p class=\"woocommerce-noreviews\" data-no-translation=\"\" data-trp-gettext=\"\">No hay valoraciones a\u00fan.<\/p>\n\t\t\t<\/div>\n\n\t\t\t<div id=\"review_form_wrapper\">\n\t\t\t<div id=\"review_form\">\n\t\t\t\t\t<div id=\"respond\" class=\"comment-respond\">\n\t\t<span id=\"reply-title\" class=\"comment-reply-title\" role=\"heading\" aria-level=\"3\">S\u00e9 el primero en valorar &ldquo;\u0643\u062a\u0627\u0628 \u0631\u064a\u0627\u0636 \u0627\u0644\u0633\u0646\u0629 \u0645\u0646 \u0635\u062d\u064a\u062d \u0627\u0644\u0643\u062a\u0628 \u0627\u0644\u0633\u062a\u0629&rdquo; <small><a rel=\"nofollow\" id=\"cancel-comment-reply-link\" href=\"\/es\/wp-json\/wp\/v2\/pages\/20112#respond\" style=\"display:none;\">cancelar la respuesta<\/a><\/small><\/span><p class=\"must-log-in\" data-no-translation=\"\" data-trp-gettext=\"\">Debes <a href=\"https:\/\/tamerbadr.com\/es\/\">acceder<\/a> para publicar una valoraci\u00f3n.<\/p>\t<\/div><!-- #respond -->\n\t\t\t\t<\/div>\n\t\t<\/div>\n\t\n\t<div class=\"clear\"><\/div>\n<\/div>\n\t\t\t<\/div>\n\t\t\n\t\t\t<\/div>\n\n<\/div>\n\n\t\t\t<\/div>\n\t\t\t<\/div>\t\t\t\t<\/div>\n\t\t\t\t<\/div>\n\t\t\t\t<\/div>\n\t\t\t\t\t<\/div>\n\t\t\t\t<\/div>\n\t\t\t\t<\/div>","protected":false},"excerpt":{"rendered":"","protected":false},"author":1,"featured_media":0,"parent":0,"menu_order":0,"comment_status":"closed","ping_status":"closed","template":"elementor_header_footer","meta":{"_seopress_robots_primary_cat":"","_seopress_titles_title":"","_seopress_titles_desc":"","_seopress_robots_index":"","inline_featured_image":false,"_uf_show_specific_survey":0,"_uf_disable_surveys":false,"footnotes":""},"class_list":["post-20112","page","type-page","status-publish"],"_links":{"self":[{"href":"https:\/\/tamerbadr.com\/es\/wp-json\/wp\/v2\/pages\/20112","targetHints":{"allow":["GET"]}}],"collection":[{"href":"https:\/\/tamerbadr.com\/es\/wp-json\/wp\/v2\/pages"}],"about":[{"href":"https:\/\/tamerbadr.com\/es\/wp-json\/wp\/v2\/types\/page"}],"author":[{"embeddable":true,"href":"https:\/\/tamerbadr.com\/es\/wp-json\/wp\/v2\/users\/1"}],"replies":[{"embeddable":true,"href":"https:\/\/tamerbadr.com\/es\/wp-json\/wp\/v2\/comments?post=20112"}],"version-history":[{"count":0,"href":"https:\/\/tamerbadr.com\/es\/wp-json\/wp\/v2\/pages\/20112\/revisions"}],"wp:attachment":[{"href":"https:\/\/tamerbadr.com\/es\/wp-json\/wp\/v2\/media?parent=20112"}],"curies":[{"name":"gracias","href":"https:\/\/api.w.org\/{rel}","templated":true}]}}