{"id":19584,"date":"2025-03-16T21:58:48","date_gmt":"2025-03-16T21:58:48","guid":{"rendered":"https:\/\/white-ant-267257.hostingersite.com\/?post_type=product&#038;p=19584"},"modified":"2025-07-13T07:18:47","modified_gmt":"2025-07-13T07:18:47","slug":"riyad-as-sunnah-book-from-the-authentic-six-books","status":"publish","type":"product","link":"https:\/\/tamerbadr.com\/de\/produkt\/riyad-as-sunnah-book-from-the-authentic-six-books","title":{"rendered":"Riyadh al-Sunnah aus dem Sahih der Sechs B\u00fccher"},"content":{"rendered":"<h1 style=\"text-align: center;\"><strong>Einf\u00fchrung in Riyadh al-Sunnah aus dem Sahih der Sechs B\u00fccher<\/strong><\/h1>\n<h1 style=\"text-align: center;\">Die Biographie des Propheten ist die beste Biographie \u00fcberhaupt, seine Worte sind die besten Worte, seine Rechtleitung ist die beste Rechtleitung, und seine Rede ist die wahrhaftigste Rede. Deshalb hat Allah seiner Ummah befohlen, seinem Gesetz zu folgen, und ihnen verboten, es zu missachten, indem er sagte: \"O ihr, die ihr glaubt, gehorcht Allah und gehorcht dem Gesandten, und macht eure Taten nicht ung\u00fcltig (33)} [Surah Muhammad].<\/h1>\n<h1 style=\"text-align: center;\">Und der Erhabene sagte: {Ohr ihr, die ihr glaubt, gehorcht Gott, gehorcht dem Gesandten und denen, die \u00fcber euch Befehlsgewalt haben, und wenn ihr \u00fcber etwas streitet, wendet euch an Gott und den Gesandten, wenn ihr an Gott und den J\u00fcngsten Tag glaubt, dann ist das eine bessere und bessere Auslegung (59)} [Surat al-Nisa].<\/h1>\n<h1 style=\"text-align: center;\">Und der Erhabene sagte: {Wer Gott und dem Gesandten gehorcht, der geh\u00f6rt zu denen, die Gott gesegnet hat unter den Propheten, Freunden, M\u00e4rtyrern, Rechtschaffenen und den besten Gef\u00e4hrten (69) } [Surat al-Nisa].<\/h1>\n<h1 style=\"text-align: center;\">Der Prophet (Friede und Segen Allahs seien auf ihm) sagte: \"Ein Mann wird auf seiner Couch liegen und \u00fcber einen meiner Hadithe sprechen, und er wird sagen: 'Zwischen uns und euch ist das Buch Allahs, des Allm\u00e4chtigen, und der Heilige Prophet: Zwischen uns und euch ist das Buch Allahs, des Allm\u00e4chtigen, und was wir darin finden, was erlaubt ist, machen wir erlaubt, und was wir darin finden, was verboten ist, verbieten wir. Und er wird sagen: \"Zwischen uns und euch ist das Buch Allahs, des Allm\u00e4chtigen und Herrlichen, und was wir darin als Erlaubtes finden, machen wir erlaubt, und was wir darin als Verbotenes finden, verbieten wir.<\/h1>\n<h1 style=\"text-align: center;\">[Sahih].           \u00dcberliefert von (H).          [Sahih al-Jami'ah: 8186].<\/h1>\n<h1 style=\"text-align: center;\">Daher ist der Hadith die zweite Quelle der islamischen Gesetzgebung nach dem Heiligen Koran. Der Heilige Koran ordnete das Gebet, die Zakat, das Fasten und die Pilgerfahrt ohne Details und ohne Erl\u00e4uterungen an, so dass die Hadithe des Propheten sie detailliert und klarstellend erkl\u00e4rten.<\/h1>\n<h1 style=\"text-align: center;\">Die Hadithe des Propheten sind durch viele schwache und unbewiesene Hadithe verunreinigt, aber es gibt eine gro\u00dfe, ausreichende und best\u00e4ndige Menge authentischer und guter Hadithe vom Gesandten Allahs (Allahs Friede und Segen seien auf ihm) und den Gef\u00e4hrten (m\u00f6ge Allah mit ihnen zufrieden sein), die guten Hadithe sind von geringerem Rang als die authentischen Hadithe, aber sie werden angef\u00fchrt und verwendet.<\/h1>\n<h1 style=\"text-align: center;\">Deshalb habe ich in diesem Buch die authentischen und guten Hadithe aus den authentischsten und ber\u00fchmtesten Aussagen der Hadith-Gelehrten mit Hilfe der folgenden Quellen gesammelt: (Sahih al-Imam al-Bukhari, Sahih al-Imam Muslim, Sunnah Abu Dawud, Sunnah al-Tirmidhi, Sunnah al-Nisa'i, Sunnah Ibn Majah).<\/h1>\n<h1 style=\"text-align: center;\">Ich habe aus den sechs B\u00fcchern die richtigen und guten Hadithe ausgew\u00e4hlt, basierend auf dem, was der gro\u00dfe Gelehrte Scheich Muhammad Nasser al-Din al-Albani, m\u00f6ge Allah ihm gn\u00e4dig sein, einer der bedeutendsten muslimischen Gelehrten der Neuzeit, korrigiert hat.<\/h1>\n<h1 style=\"text-align: center;\">Beim Sammeln der Hadithe in diesem Buch habe ich an den Hadith des Propheten (Friede und Segen Allahs seien auf ihm) gedacht: \"Berichtet \u00fcber mich, auch nur einen Vers, und erz\u00e4hlt \u00fcber die Kinder Israels ohne Verlegenheit, und wer absichtlich \u00fcber mich l\u00fcgt, der soll seinen Platz vom Feuer nehmen.\"<\/h1>\n<h1 style=\"text-align: center;\">[Sahih].           \u00dcberliefert von (kh,t).              [Sahih al-Jami'ah: 2837].<\/h1>\n<h1 style=\"text-align: center;\">Deshalb habe ich in diesem Buch die authentischen und guten Hadithe nach folgenden Gesichtspunkten ausgew\u00e4hlt:<\/h1>\n<h1 style=\"text-align: center;\">a- Wenn das Datum des Hadithes und der Hauptteil des Hadithes in zwei oder mehr \u00dcberlieferungen \u00e4hnlich sind, wie z.B.:<\/h1>\n<h1 style=\"text-align: center;\">Abu Sa'id al-Khudra (m\u00f6ge Allah mit ihm zufrieden sein) sagte: Der Gesandte Allahs (Allahs Frieden und Segen seien auf ihm) sagte: \"Eines eurer besten Parf\u00fcms ist Moschus.\"<\/h1>\n<h1 style=\"text-align: center;\">[Sahih].           \u00dcberliefert von (N).           [Sahih al-Jami'ah: 5914].<\/h1>\n<h1 style=\"text-align: center;\">Der Gesandte Allahs (Friede und Segen Allahs seien auf ihm) sagte nach der Aussage von Abu Sa'id al-Khudri (m\u00f6ge Allah mit ihm zufrieden sein): \"Moschus ist das s\u00fc\u00dfeste aller guten Dinge.\"<\/h1>\n<h1 style=\"text-align: center;\">[Sahih].           \u00dcberliefert von (T, M, N).            [Sahih al-Jami'ah:1032].<\/h1>\n<h1 style=\"text-align: center;\">Ich habe mich f\u00fcr den zweiten Hadith entschieden, weil er mehrfach \u00fcberliefert wurde.<\/h1>\n<h1 style=\"text-align: center;\">B- Wenn zwei oder mehr ehrenwerte Hadithe \u00e4hnlich sind, wie z.B.:<\/h1>\n<h1 style=\"text-align: center;\">Von Abu Huraira (m\u00f6ge Allah mit ihm zufrieden sein) wurde \u00fcberliefert, dass der Gesandte Allahs (Friede und Segen Allahs seien auf ihm) sagte: \"Wenn der Imam sagt: Allah h\u00f6rt diejenigen, die Ihn preisen. Dann sage: O Allah, unser Herr, du hast das Lob. Denn wer mit den Worten der Engel \u00fcbereinstimmt, dem werden seine S\u00fcnden vergeben.\"<\/h1>\n<h1 style=\"text-align: center;\">[Sahih].           \u00dcberliefert von (Kh, M, D, N).      [Sahih al-Jami'ah:705].<\/h1>\n<h1 style=\"text-align: center;\">Von Abu Sa'id al-Khudra (m\u00f6ge Allah mit ihm zufrieden sein) wurde \u00fcberliefert, dass er den Gesandten Allahs (Friede sei mit ihm) sagen h\u00f6rte: \"Wenn der Imam sagt: Allah h\u00f6rt diejenigen, die Ihn preisen. Dann sage: O Allah, unser Herr, dem alles Lob geh\u00f6rt.\"<\/h1>\n<h1 style=\"text-align: center;\">[Sahih].           \u00dcberliefert von (H).          [Sahih al-Jami'ah:706].<\/h1>\n<h1 style=\"text-align: center;\">Ich pflegte die Hadithe auszuw\u00e4hlen, die umfassend und klar in ihrer Bedeutung waren, wie im ersten Hadith.<\/h1>\n<h1 style=\"text-align: center;\">C- Die Hadithe, die in Sahih al-Jame'eh al-Saghir und Al-Albanis Sahih al-Salih-Reihe [des Imam Ahmad bin Hanbal Musnad, al-Tabarani, al-Hakim oder al-Bayhaqi] erw\u00e4hnt werden, wurden in diesem Buch durch die \u00e4hnlich formulierten Hadithe aus den sechs B\u00fcchern der sechs Imame (Imame) ersetzt.<\/h1>\n<h1 style=\"text-align: center;\">Zum Beispiel der Hadith, der von Buraydah al-Aslamiyyah (m\u00f6ge Allah mit ihm zufrieden sein) vom Propheten (Friede sei mit ihm) \u00fcberliefert wurde: \"Wer auch immer auf eine zahlungsunf\u00e4hige Person wartet, f\u00fcr jeden Tag, den er auf ihn wartet, hat er jeden Tag, den er auf ihn wartet, als Almosen, bevor die Schuld f\u00e4llig ist.\" [Sahih]. \u00dcberliefert von (Ahmad ibn Hanbal, Ibn Majah). Er wird in Sahih al-Jami'ah Nr. [6108] erw\u00e4hnt, daher habe ich in diesem Buch die Version des Hadithes, die in Ibn Majahs Sunna zu finden ist, wie in diesem Hadith, wiedergegeben.<\/h1>\n<h1 style=\"text-align: center;\">Nach Buraydat al-Aslami (m\u00f6ge Allah mit ihm zufrieden sein) sagte der Prophet (Friede sei mit ihm): \"Wer auch immer auf eine zahlungsunf\u00e4hige Person wartet, f\u00fcr den ist jeder Tag ein Almosen, und wer auch immer auf ihn wartet, nachdem er entschlossen ist, f\u00fcr den ist jeder Tag ein Almosen.\"    [Sahih].    \u00dcberliefert von Ibn Majah.<\/h1>\n<h1 style=\"text-align: center;\">Die unvollst\u00e4ndigen Hadithe, die in Sahih Al-Jame'ee Al-Saghir und Al-Albanis Al-Salih Al-Salih enthalten sind, habe ich aus den B\u00fcchern der sechs Imame erg\u00e4nzt.<\/h1>\n<h1 style=\"text-align: center;\">Zum Beispiel der Hadith: \"Das Fasten an drei Tagen eines jeden Monats und von Ramadan zu Ramadan ist das Fasten und das Brechen des Monats.\"<\/h1>\n<h1 style=\"text-align: center;\">[Sahih].    \u00dcberliefert von Abu Qatadah (HAM,M) von Abu Qatadah.      [Sahih al-Jami'ah: 3802].<\/h1>\n<h1 style=\"text-align: center;\">Dieser Hadith stammt aus dem Musnad von Imam Ahmad ibn Hanbal und ist unvollst\u00e4ndig, daher habe ich ihn mit der Formel aus Sahih Muslim erg\u00e4nzt und wie folgt in das Buch eingef\u00fcgt.<\/h1>\n<h1 style=\"text-align: center;\">Es wird von Abu Qatadad al-Ansari (m\u00f6ge Allah mit ihm zufrieden sein) \u00fcberliefert, dass der Gesandte Allahs (Allahs Frieden und Segen seien auf ihm) \u00fcber sein Fasten befragt wurde. Er sagte: Der Gesandte Allahs, m\u00f6ge Allah ihn segnen und ihm Frieden gew\u00e4hren, wurde zornig. Umar (m\u00f6ge Allah mit ihm zufrieden sein) sagte: Wir haben Allah als Herrn, den Islam als unsere Religion, Muhammad als unseren Gesandten und unser Treuegel\u00f6bnis als Treuegel\u00f6bnis angenommen. Er sagte: Er wurde nach dem Fasten des Tages gefragt. Er sagte: \"Er fastet weder noch bricht er sein Fasten.\" Oder: \"Er fastet weder noch bricht er sein Fasten.\" Er sagte: Er wurde nach dem Fasten von zwei Tagen und dem Fasten von einem Tag gefragt. Er sagte: \"Wer vermag das zu tun?\" Er sagte: \"Er wurde nach dem Fasten von einem Tag und dem Fasten von zwei Tagen gefragt. Er sagte: \"Ich w\u00fcnschte, Allah h\u00e4tte uns daf\u00fcr gest\u00e4rkt.\" Er sagte: \"Er wurde nach dem Fasten an einem Tag und dem Fasten an zwei Tagen gefragt. Er sagte: \"Das ist das Fasten meines Bruders David, Friede sei mit ihm.\" Er sagte: \"Er wurde nach dem Fasten am Montag gefragt. Er sagte: \"Das ist der Tag, an dem ich geboren wurde, und der Tag, an dem ich gesandt oder mir offenbart wurde.\" Er sagte: \"Drei Tage von jedem Monat zu fasten und Ramadan zu Ramadan ist das Fasten eines ganzen Lebens.\" Er sagte: \"Drei Tage von jedem Monat zu fasten und Ramadan zu Ramadan ist das Fasten eines ganzen Lebens. Er sagte: \"Er wurde nach dem Fasten am Tag von 'Arafat gefragt. Er sagte: \"Es s\u00fchnt die vergangenen und zuk\u00fcnftigen Jahre.\" Er sagte: Er wurde \u00fcber das Fasten am Tag von Ashura befragt. Er sagte: \"Es s\u00fchnt das vergangene Jahr.\"<\/h1>\n<h1 style=\"text-align: center;\">[Sahih].           \u00dcberliefert von (M).            [Sahih al-Jami'ah: 3802].<\/h1>\n<h1 style=\"text-align: center;\">E - Die Formel eines jeden Hadith in diesem Buch wird aus dem Vornamen des Erz\u00e4hlers des Hadith genommen, zum Beispiel wenn es hei\u00dft: \"Erz\u00e4hlt von (M, M, D, T, N, E)\". Die Formel des Hadith ist in den sechs B\u00fcchern \u00e4hnlich und ist in den B\u00fcchern von Sheikh Al-Albani verf\u00fcgbar, aber die Formel des Hadith in diesem Buch ist aus Sahih Muslim entnommen, also wird es mit der ersten Abk\u00fcrzung geschrieben.<\/h1>\n<h1 style=\"text-align: center;\">Ich habe die Zuschreibung in den Hadithen nicht erw\u00e4hnt, au\u00dfer dem Namen des Gef\u00e4hrten, der der h\u00f6chste \u00dcberlieferer des Hadith ist, um es dem Leser zu erleichtern, das Buch zu pr\u00fcfen, ohne es zu verl\u00e4ngern, da viele Leser nur den Hauptteil des Hadith lesen wollen.<\/h1>\n<h1 style=\"text-align: center;\">In diesem Buch habe ich die Hadithe \u00fcber die Biographie des Propheten und die Biographie der Gef\u00e4hrten (m\u00f6ge Allah mit ihnen zufrieden sein) nicht behandelt.<\/h1>\n<h1 style=\"text-align: center;\">H- Die Bedeutungen einiger schwieriger W\u00f6rter, die in den Hadithen vorkommen, wurden am Ende jeder Seite angegeben, um dem Leser das Verst\u00e4ndnis der Hadithe so weit wie m\u00f6glich zu erleichtern.<\/h1>\n<h1 style=\"text-align: center;\">I- Alle Hadithe in diesem Buch wurden hervorgehoben, damit sie richtig gelesen werden k\u00f6nnen.<\/h1>\n<h1 style=\"text-align: center;\">Dieses Buch wurde Anfang 2009 begonnen und 2019 fertiggestellt. Dies sind unsere Versuche, unserer gro\u00dfen Religion zu dienen und unseren Propheten (Friede und Segen seien auf ihm) durch das zu unterst\u00fctzen, was er zum Wohle unserer Br\u00fcder gesagt und getan hat, in \u00dcbereinstimmung mit den Worten des Allm\u00e4chtigen: {Ihr hattet in dem Gesandten Allahs ein gutes Beispiel f\u00fcr diejenigen, die auf Allah und den J\u00fcngsten Tag hoffen und Allahs viel gedenken} [Al-Ahzab22]. Wir bitten Allah, den Allm\u00e4chtigen, dass er daraus Nutzen zieht und unser Werk vor Seinem Angesicht aufrichtig macht {Oh Herr, bestrafe uns nicht, wenn wir vergessen oder einen Fehler machen}.<\/h1>\n<h1 style=\"text-align: center;\">Kairo, 18 Sha'ban 1440 AH<\/h1>\n<h1 style=\"text-align: center;\">Entspricht dem 24. April 2019<\/h1>\n<h1 style=\"text-align: center;\">\u00a0\u00a0\u00a0\u00a0\u00a0\u00a0 Tamer Badr<\/h1>","protected":false},"excerpt":{"rendered":"<p>\u0645\u0642\u062f\u0645\u0629 \u0643\u062a\u0627\u0628 \u0631\u064a\u0627\u0636 \u0627\u0644\u0633\u0646\u0629 \u0645\u0646 \u0635\u062d\u064a\u062d \u0627\u0644\u0643\u062a\u0628 \u0627\u0644\u0633\u062a\u0629 \u0625\u0646 \u0633\u064a\u0631\u0629 \u0627\u0644\u0646\u0628\u064a \ufdfa \u0647\u064a \u062e\u064a\u0631 \u0627\u0644\u0633\u064a\u0631 \u0639\u0644\u0649 \u0627\u0644\u0625\u0637\u0644\u0627\u0642\u060c \u0648\u0643\u0644\u0627\u0645\u0647 \ufdfa \u0647\u0648 \u0623\u062d\u0633\u0646 \u0627\u0644\u0643\u0644\u0627\u0645\u060c \u0648\u0647\u062f\u064a\u0647 \u0647\u0648 \u062e\u064a\u0631 \u0627\u0644\u0647\u062f\u064a\u060c \u0648\u062d\u062f\u064a\u062b\u0647 \u0623\u0635\u062f\u0642 \u0627\u0644\u062d\u062f\u064a\u062b \u0635\u0644\u0648\u0627\u062a \u0627\u0644\u0644\u0647 \u0648\u0633\u0644\u0627\u0645\u0647 \u0639\u0644\u064a\u0647\u060c \u0648\u0645\u0646 \u062b\u064e\u0645\u0651\u064e \u0623\u0645\u0631 \u0627\u0644\u0644\u0647 \u0633\u0628\u062d\u0627\u0646\u0647 \u0648\u062a\u0639\u0627\u0644\u0649 \u0623\u0645\u062a\u0647 \u0628\u0627\u062a\u0628\u0627\u0639 \u0634\u0631\u0639\u0647\u060c \u0648\u0646\u0647\u0627\u0647\u0645 \u0639\u064e\u0646\u0652 \u0645\u062e\u0627\u0644\u0641\u062a\u0647\u060c \u0641\u0642\u064e\u0627\u0644\u064e \u062a\u064e\u0639\u064e\u0627\u0644\u064e\u0649: {\u064a\u064e\u0627 \u0623\u064e\u064a\u0651\u064f\u0647\u064e\u0627 \u0627\u0644\u0651\u064e\u0630\u0650\u064a\u0646\u064e \u0622\u0645\u064e\u0646\u064f\u0648\u0627 \u0623\u064e\u0637\u0650\u064a\u0639\u064f\u0648\u0627 \u0627\u0644\u0644\u0651\u064e\u0647\u064e \u0648\u064e\u0623\u064e\u0637\u0650\u064a\u0639\u064f\u0648\u0627 \u0627\u0644\u0631\u0651\u064e\u0633\u064f\u0648\u0644\u064e [&hellip;]<\/p>","protected":false},"featured_media":19691,"comment_status":"open","ping_status":"closed","template":"","meta":{"_seopress_robots_primary_cat":"","_seopress_titles_title":"","_seopress_titles_desc":"","_seopress_robots_index":"","inline_featured_image":false,"_uf_show_specific_survey":0,"_uf_disable_surveys":false},"product_brand":[],"product_cat":[188],"product_tag":[],"class_list":{"0":"post-19584","1":"product","2":"type-product","3":"status-publish","4":"has-post-thumbnail","6":"product_cat-188","8":"first","9":"instock","10":"downloadable","11":"shipping-taxable","12":"purchasable","13":"product-type-simple"},"_links":{"self":[{"href":"https:\/\/tamerbadr.com\/de\/wp-json\/wp\/v2\/product\/19584","targetHints":{"allow":["GET"]}}],"collection":[{"href":"https:\/\/tamerbadr.com\/de\/wp-json\/wp\/v2\/product"}],"about":[{"href":"https:\/\/tamerbadr.com\/de\/wp-json\/wp\/v2\/types\/product"}],"replies":[{"embeddable":true,"href":"https:\/\/tamerbadr.com\/de\/wp-json\/wp\/v2\/comments?post=19584"}],"wp:featuredmedia":[{"embeddable":true,"href":"https:\/\/tamerbadr.com\/de\/wp-json\/wp\/v2\/media\/19691"}],"wp:attachment":[{"href":"https:\/\/tamerbadr.com\/de\/wp-json\/wp\/v2\/media?parent=19584"}],"wp:term":[{"taxonomy":"product_brand","embeddable":true,"href":"https:\/\/tamerbadr.com\/de\/wp-json\/wp\/v2\/product_brand?post=19584"},{"taxonomy":"product_cat","embeddable":true,"href":"https:\/\/tamerbadr.com\/de\/wp-json\/wp\/v2\/product_cat?post=19584"},{"taxonomy":"product_tag","embeddable":true,"href":"https:\/\/tamerbadr.com\/de\/wp-json\/wp\/v2\/product_tag?post=19584"}],"curies":[{"name":"wp","href":"https:\/\/api.w.org\/{rel}","templated":true}]}}