{"id":19582,"date":"2025-03-16T21:56:12","date_gmt":"2025-03-16T21:56:12","guid":{"rendered":"https:\/\/white-ant-267257.hostingersite.com\/?post_type=product&#038;p=19582"},"modified":"2025-07-13T07:21:17","modified_gmt":"2025-07-13T07:21:17","slug":"unforgettable-countries-book","status":"publish","type":"product","link":"https:\/\/tamerbadr.com\/de\/produkt\/unforgettable-countries-book","title":{"rendered":"Unvergessliche L\u00e4nder"},"content":{"rendered":"<h1 style=\"text-align: center;\"><strong>Dr. Ragheb al-Sirjanis Einleitung zu Unforgettable Countries<\/strong><\/h1>\n<h1 style=\"text-align: center;\">Viele Verzerrer und Verf\u00e4lscher verbreiten das Ger\u00fccht, dass die islamische Geschichte keine glorreiche Vergangenheit hat, au\u00dfer in der Zeit des Propheten (Friede sei mit ihm), Abu Bakr und Umar (m\u00f6ge Allah mit ihnen zufrieden sein), und diese Verf\u00e4lschung dient nur dazu, Frustration in den Herzen der Muslime zu s\u00e4en und ihnen das Gef\u00fchl zu geben, dass die M\u00f6glichkeit ihrer Auferstehung in weite Ferne ger\u00fcckt ist, und dass der islamische Ansatz nicht in der Lage ist, einen Staat aufzubauen oder eine Nation wiederzubeleben, was alles nicht stimmt. Daher besteht die dringende Notwendigkeit, die verschiedenen Phasen der Geschichte unserer Nation zu erkl\u00e4ren, und dass, egal wie schwach die Nation geworden ist, sie sich wieder erheben wird, und dass, wenn ein Banner an einem Ort f\u00e4llt, an anderen Orten Banner aufgerichtet werden, und dass das Jahr Allahs darin besteht, dass es aufrichtige Muslime geben wird, die diese Nation tr\u00f6sten und ihre W\u00fcrde bewahren werden, und dies ist die Wahrheit des Hadith des Propheten: \"Keine Gruppe meiner Ummah wird noch f\u00fcr die Wahrheit einstehen, und sie werden \u00fcber diejenigen siegen, die sich ihnen widersetzen.<\/h1>\n<h1 style=\"text-align: center;\">Sie werden von denen, die sich ihnen widersetzen, nicht gesch\u00e4digt werden, bis Allahs Urteil \u00fcber sie kommt, und sie werden so sein\" (\u00dcberliefert von Bukhari und Muslim).<\/h1>\n<h1 style=\"text-align: center;\">Der Prophet (Friede und Segen Allahs seien auf ihm) gab uns ein gro\u00dfartiges Beispiel f\u00fcr die Gr\u00fcndung eines Staates, den Aufbau einer Nation und den Zusammensto\u00df mit den M\u00e4chten der Unterdr\u00fcckung, die zu jener Zeit existierten, die von den Ungl\u00e4ubigen der arabischen Halbinsel, insbesondere den Ungl\u00e4ubigen von Mekka und den Juden mit ihren verschiedenen St\u00e4mmen, sowie dem riesigen r\u00f6mischen Staat repr\u00e4sentiert wurden. Trotz dieses schrecklichen Zusammensto\u00dfes schenkte Allah, der Allm\u00e4chtige, ihm Sieg und Erfolg, bis sein Staat als ein junger und unschuldiger Staat gegr\u00fcndet wurde.<\/h1>\n<h1 style=\"text-align: center;\">Nach dem Gesandten Allahs errichteten die Raschidun-Kalifen einen starken und gro\u00dfen Staat, der in der Lage war, die Throne von Kisra und C\u00e4sar zu zerst\u00f6ren, und der in der Lage war, die Muslime an die Spitze der Welt zu stellen, und der alle politisch, wirtschaftlich, wissenschaftlich, zivilisatorisch und moralisch \u00fcbertraf, und vor und nach all dem \u00fcbertraf er sie ideologisch, so dass er in der Lage war, seine Welt mit seiner Religion zu reformieren und den Lebensstandard in seinem Staat mit dem Gesetz seines Herrn zu erh\u00f6hen, und er erreichte die schwierige Gleichung, die das Gl\u00fcck der beiden Welten verbindet: Diesseits und Jenseits.<\/h1>\n<h1 style=\"text-align: center;\">Der Weg der islamischen Nation endete nicht zur Zeit der Raschidun-Kalifen, sondern setzte sich mit gro\u00dfen und ruhmreichen Staaten fort, die Ruhm und Ehre erlangten und den Namen der Muslime \u00fcberall in die H\u00f6he trieben: das Umayyaden- und das Abbasiden-Kalifat, der Ayyubiden-Staat und die Mamluken, das gro\u00dfe osmanische Kalifat, die vielen m\u00e4chtigen Staaten in der Geschichte Andalusiens und andere Staaten hier und da, die den Weg der Menschheit in einer positiven und wunderbaren Weise ver\u00e4nderten, die dieser riesigen Nation, der Nation des Islam, zur Ehre gereicht.<\/h1>\n<h1 style=\"text-align: center;\">Diese glorreiche Geschichte ist die beste Geschichte der ganzen Welt, doch nur wenige Menschen kennen sie, und leider wissen auch die Muslime selbst nichts von dieser glorreichen Geschichte. Deshalb bin ich sehr gl\u00fccklich, wenn ich ein Buch oder ein literarisches oder k\u00fcnstlerisches Werk sehe, das den Muslimen das wahre Bild ihrer glorreichen Geschichte wiedergibt und ihren Stolz und ihre Ehre f\u00fcr diese ehrenwerte Nation weckt.<\/h1>\n<h1 style=\"text-align: center;\">Wir halten eines dieser wertvollen B\u00fccher in den H\u00e4nden, dessen Autor, Herr Tamer Badr, es sich zur Aufgabe gemacht hat, die verschiedenen Etappen des Ruhmes in unserer Geschichte von den Anf\u00e4ngen bis zum Ende nachzuzeichnen, indem er einige gro\u00dfe Sch\u00e4tze aus dieser Geschichte hervorhebt und uns \u00fcber die Geschichte mehrerer islamischer L\u00e4nder auf dem Laufenden h\u00e4lt, die den Namen der Muslime in die H\u00f6he trieben.<\/h1>\n<h1 style=\"text-align: center;\">Es ist ein wundersch\u00f6nes Buch, elegant geschrieben und wundersch\u00f6n aufgemacht, das viele genaue Informationen enth\u00e4lt und unsere islamische Bibliothek um ein sch\u00f6nes Buch bereichert, auf das jeder Muslim stolz sein kann.<\/h1>\n<h1 style=\"text-align: center;\">M\u00f6ge Allah diese Anstrengung in die Waagschale der guten Taten des Autors werfen und diese Zeilen in die Waagschale der guten Taten all derer werfen, die sie lesen.<\/h1>\n<h1 style=\"text-align: center;\">Ich bitte Allah, den Islam und die Muslime zu st\u00e4rken<\/h1>\n<h1 style=\"text-align: center;\">A. Dr. Ragheb Al-Sarjani<\/h1>\n<h1 style=\"text-align: center;\">Kairo, Mai 2012<\/h1>","protected":false},"excerpt":{"rendered":"<p>\u0645\u0642\u062f\u0645\u0629 \u0627\u0644\u0627\u0633\u062a\u0627\u0630 \u0627\u0644\u062f\u0643\u062a\u0648\u0631 \u0631\u0627\u063a\u0628 \u0627\u0644\u0633\u0631\u062c\u0627\u0646\u064a \u0644\u0643\u062a\u0627\u0628 \u062f\u0648\u0644 \u0644\u0627 \u062a\u0646\u0633\u0649 \u064a\u0634\u064a\u0639 \u0643\u062b\u064a\u0631 \u0645\u0646 \u0627\u0644\u0645\u062d\u0631\u0641\u064a\u0646 \u0648\u0627\u0644\u0645\u0632\u0648\u0631\u064a\u0646 \u0623\u0646 \u0627\u0644\u062a\u0627\u0631\u064a\u062e \u0627\u0644\u0625\u0633\u0644\u0627\u0645\u064a \u0644\u0627 \u064a\u062d\u0648\u064a \u0645\u0627\u0636\u064a\u0627 \u0645\u062c\u064a\u062f\u0627\u061b \u0625\u0644\u0627 \u0641\u064a \u0641\u062a\u0631\u0629 \u0627\u0644\u0631\u0633\u0648\u0644 \ufdfa \u0648\u0623\u0628\u064a \u0628\u0643\u0631 \u0648\u0639\u0645\u0631 \u0631\u0636\u064a \u0627\u0644\u0644\u0647 \u0639\u0646\u0647\u0645\u0627 \u060c \u0648\u0644\u064a\u0633 \u0647\u0630\u0627 \u0627\u0644\u062a\u0632\u0648\u064a\u0631 \u0625\u0644\u0627 \u0644\u0628\u062b \u0627\u0644\u0625\u062d\u0628\u0627\u0637 \u0641\u064a \u0642\u0644\u0648\u0628 \u0627\u0644\u0645\u0633\u0644\u0645\u064a\u0646 \u0648\u0625\u0634\u0639\u0627\u0631\u0647\u0645 \u0623\u0646 \u0627\u062d\u062a\u0645\u0627\u0644\u064a\u0629 \u0642\u064a\u0627\u0645\u0647\u0645 \u0635\u0627\u0631\u062a \u0628\u0639\u064a\u062f\u0629 \u062c\u062f\u0627\u060c \u0648\u0623\u0646 \u0627\u0644\u0645\u0646\u0647\u062c \u0627\u0644\u0625\u0633\u0644\u0627\u0645\u064a \u063a\u064a\u0631 \u0642\u0627\u062f\u0631 \u0639\u0644\u0649 [&hellip;]<\/p>","protected":false},"featured_media":19690,"comment_status":"open","ping_status":"closed","template":"","meta":{"_seopress_robots_primary_cat":"","_seopress_titles_title":"","_seopress_titles_desc":"","_seopress_robots_index":"","inline_featured_image":false,"_uf_show_specific_survey":0,"_uf_disable_surveys":false},"product_brand":[],"product_cat":[190],"product_tag":[],"class_list":{"0":"post-19582","1":"product","2":"type-product","3":"status-publish","4":"has-post-thumbnail","6":"product_cat-190","8":"first","9":"instock","10":"downloadable","11":"shipping-taxable","12":"purchasable","13":"product-type-simple"},"_links":{"self":[{"href":"https:\/\/tamerbadr.com\/de\/wp-json\/wp\/v2\/product\/19582","targetHints":{"allow":["GET"]}}],"collection":[{"href":"https:\/\/tamerbadr.com\/de\/wp-json\/wp\/v2\/product"}],"about":[{"href":"https:\/\/tamerbadr.com\/de\/wp-json\/wp\/v2\/types\/product"}],"replies":[{"embeddable":true,"href":"https:\/\/tamerbadr.com\/de\/wp-json\/wp\/v2\/comments?post=19582"}],"wp:featuredmedia":[{"embeddable":true,"href":"https:\/\/tamerbadr.com\/de\/wp-json\/wp\/v2\/media\/19690"}],"wp:attachment":[{"href":"https:\/\/tamerbadr.com\/de\/wp-json\/wp\/v2\/media?parent=19582"}],"wp:term":[{"taxonomy":"product_brand","embeddable":true,"href":"https:\/\/tamerbadr.com\/de\/wp-json\/wp\/v2\/product_brand?post=19582"},{"taxonomy":"product_cat","embeddable":true,"href":"https:\/\/tamerbadr.com\/de\/wp-json\/wp\/v2\/product_cat?post=19582"},{"taxonomy":"product_tag","embeddable":true,"href":"https:\/\/tamerbadr.com\/de\/wp-json\/wp\/v2\/product_tag?post=19582"}],"curies":[{"name":"wp","href":"https:\/\/api.w.org\/{rel}","templated":true}]}}