{"id":19581,"date":"2025-03-16T21:53:58","date_gmt":"2025-03-16T21:53:58","guid":{"rendered":"https:\/\/white-ant-267257.hostingersite.com\/?post_type=product&#038;p=19581"},"modified":"2025-07-13T07:21:59","modified_gmt":"2025-07-13T07:21:59","slug":"unforgettable-leaders-book","status":"publish","type":"product","link":"https:\/\/tamerbadr.com\/de\/produkt\/unforgettable-leaders-book","title":{"rendered":"Unvergessliche F\u00fchrungspers\u00f6nlichkeiten"},"content":{"rendered":"<h1 style=\"text-align: center;\"><strong>Dr. Ragheb Al-Sarjanis Einleitung zu Unforgettable Leaders<\/strong><\/h1>\n<h1 style=\"text-align: center;\">In der Geschichte der Nation of Islam gibt es M\u00e4nner, die die Geschichte f\u00fcr ihre Nachfolger erhellt haben, M\u00e4nner, die sich auf allen Gebieten ausgezeichnet haben.<\/h1>\n<h1 style=\"text-align: center;\">In der Geschichte eines Volkes findet man nicht so viele leuchtende Symbole; Ibn Umar (m\u00f6ge Allah mit ihm zufrieden sein) sagte: Der Gesandte Allahs, m\u00f6ge Allah ihn segnen und ihm Frieden gew\u00e4hren, sagte: \"Du wirst Leute finden wie hundert St\u00e4mme, in denen ein Mann kein Kamel finden kann.\") \u00dcberliefert von al-Bahari und Muslim.<\/h1>\n<h1 style=\"text-align: center;\">Daher gibt es in der allgemeinen Geschichte nur wenige herausragende M\u00e4nner, aber viele dieser wenigen sind in der islamischen Geschichte und Zivilisation hervorgetreten und haben sich hervorgetan.<\/h1>\n<h1 style=\"text-align: center;\">Der Islamische Staat wurde mit tapferen Helden und Mudschahedin geboren, und wie viele F\u00fchrer sind hervorgetreten und haben die islamischen Armeen zu gro\u00dfen Siegen gef\u00fchrt, dank Allah, dem Allm\u00e4chtigen, und dann durch ihre Genialit\u00e4t und ihren Mut!<\/h1>\n<h1 style=\"text-align: center;\">Der Gesandte Allahs, m\u00f6ge Allah ihn segnen und ihm Frieden gew\u00e4hren, w\u00e4hlte Osama ibn Zayd im Alter von achtzehn Jahren zum Anf\u00fchrer einer Armee, die gegen die R\u00f6mer k\u00e4mpfte, wobei ihm Abu Bakr und Umar ibn al-Khattab zur Seite standen.<\/h1>\n<h1 style=\"text-align: center;\">Der Prophet (Friede und Segen Allahs seien auf ihm) befehligte Amr ibn al-'As (m\u00f6ge Allah mit ihm zufrieden sein) \u00fcber die \u00e4lteren Gef\u00e4hrten in der Schlacht an den Ketten, und er war erst wenige Tage zuvor zum Islam \u00fcbergetreten, und Khalid ibn al-Walid (m\u00f6ge Allah mit ihm zufrieden sein) f\u00fchrte die \u00e4lteren Gef\u00e4hrten in der Schlacht von Mu'ata an, w\u00e4hrend er ein Neubekehrter zum Islam war.<\/h1>\n<h1 style=\"text-align: center;\">Die Kriterien f\u00fcr die Auswahl von F\u00fchrungspers\u00f6nlichkeiten in der islamischen Geschichte waren objektiv und bezogen sich ausschlie\u00dflich auf die Kompetenz, weshalb die islamische Zivilisation im Laufe ihrer Geschichte herausragende F\u00fchrungspers\u00f6nlichkeiten hervorgebracht hat.<\/h1>\n<h1 style=\"text-align: center;\">Danach lernten die Muslime, dass sie k\u00fcnftige F\u00fchrungspers\u00f6nlichkeiten vorbereiten mussten, und so verbreitete sich die Ausbildung in Reiterei, Dschihad und Bogenschie\u00dfen.<\/h1>\n<h1 style=\"text-align: center;\">Die Geschichte der F\u00fchrung im Islam ist reich an Bedeutungen, tiefgr\u00fcndigen Konzepten und herausragenden Pers\u00f6nlichkeiten; daher die Bedeutung dieses Buches.<\/h1>\n<h1 style=\"text-align: center;\">Der Autor, Bruder Tamer Badr - m\u00f6ge Allah ihn besch\u00fctzen - hat sich mit den Biografien muslimischer F\u00fchrer besch\u00e4ftigt und sie uns in diesem Buch vorgestellt.<\/h1>\n<h1 style=\"text-align: center;\">In einem einfachen, anmutigen und pr\u00e4gnanten Stil fasst er die wichtigsten Punkte zusammen, die die Ummah braucht, um zu verstehen, wie es war<\/h1>\n<h1 style=\"text-align: center;\">F\u00fchrungspers\u00f6nlichkeiten werden geschaffen, damit man neue Generationen von ihnen hervorbringen kann.<\/h1>\n<h1 style=\"text-align: center;\">Wie schon bei seinem vorherigen Buch Unforgettable Days\" werden Sie den Stil des Buches fesselnd finden, und wenn Sie einmal angefangen haben zu lesen, werden Sie sich gezwungen sehen, bis zum Ende durchzuhalten.<\/h1>\n<h1 style=\"text-align: center;\">Ich bitte Allah, den Allm\u00e4chtigen, die Bem\u00fchungen des Autors in seinem Buch anzunehmen, dem Buch Akzeptanz zu gew\u00e4hren und den Muslimen Nutzen zu bringen; Er ist der H\u00fcter dessen und derjenige, der dazu in der Lage ist.<\/h1>\n<h1 style=\"text-align: center;\">\u00a0A. Dr. Ragheb Al-Sarjani<\/h1>\n<h1 style=\"text-align: center;\">Kairo, November 2011<\/h1>","protected":false},"excerpt":{"rendered":"<p>\u0645\u0642\u062f\u0645\u0629 \u0627\u0644\u0627\u0633\u062a\u0627\u0630 \u0627\u0644\u062f\u0643\u062a\u0648\u0631 \u0631\u0627\u063a\u0628 \u0627\u0644\u0633\u0631\u062c\u0627\u0646\u064a \u0644\u0643\u062a\u0627\u0628 \u0642\u0627\u062f\u0629 \u0644\u0627 \u062a\u0646\u0633\u0649 \u0641\u064a \u062a\u0627\u0631\u064a\u062e \u0623\u064f\u0645\u0629 \u0627\u0644\u0625\u0633\u0644\u0627\u0645 \u0631\u062c\u0627\u0644 \u0623\u0636\u0627\u0621\u0648\u0627 \u0627\u0644\u062a\u0627\u0631\u064a\u062e \u0644\u0645\u0646 \u062c\u0627\u0621 \u0628\u0639\u062f\u0647\u0645\u060c \u0631\u062c\u0627\u0644 \u062a\u0645\u064a\u0632\u0648\u0627 \u0641\u064a \u0643\u0644 \u0645\u062c\u0627\u0644\u060c \u0648\u0631\u0628\u0645\u0627 \u0644\u0627 \u062a\u062c\u062f \u0641\u064a \u062a\u0627\u0631\u064a\u062e \u0623\u064f\u0645\u0629 \u0645\u0646 \u0627\u0644\u0623\u0645\u0645 \u0647\u0630\u0627 \u0627\u0644\u0639\u062f\u062f \u0645\u0646 \u0627\u0644\u0631\u0645\u0648\u0632 \u0627\u0644\u0644\u0627\u0645\u0639\u0629\u061b \u0641\u0639\u0646 \u0627\u0628\u0646 \u0639\u0645\u0631 \u0631\u0636\u064a \u0627\u0644\u0644\u0647 \u0639\u0646\u0647 \u0642\u0627\u0644: \u0642\u0627\u0644 \u0631\u0633\u0648\u0644 \u0627\u0644\u0644\u0647 \ufdfa: \u00ab\u062a\u064e\u062c\u0650\u062f\u064f\u0648\u0646\u064e \u0627\u0644\u0646\u0651\u064e\u0627\u0633\u064e \u0643\u064e\u0627\u0628\u0650\u0644 \u0645\u0650\u0627\u0626\u064e\u0629\u064d \u0644\u064e\u0627 \u064a\u064e\u062c\u0650\u062f\u064f \u0627\u0644\u0631\u0651\u064e\u062c\u064f\u0644\u064f [&hellip;]<\/p>","protected":false},"featured_media":19693,"comment_status":"open","ping_status":"closed","template":"","meta":{"_seopress_robots_primary_cat":"","_seopress_titles_title":"","_seopress_titles_desc":"","_seopress_robots_index":"","inline_featured_image":false,"_uf_show_specific_survey":0,"_uf_disable_surveys":false},"product_brand":[],"product_cat":[189],"product_tag":[],"class_list":{"0":"post-19581","1":"product","2":"type-product","3":"status-publish","4":"has-post-thumbnail","6":"product_cat-189","8":"first","9":"instock","10":"downloadable","11":"shipping-taxable","12":"purchasable","13":"product-type-simple"},"_links":{"self":[{"href":"https:\/\/tamerbadr.com\/de\/wp-json\/wp\/v2\/product\/19581","targetHints":{"allow":["GET"]}}],"collection":[{"href":"https:\/\/tamerbadr.com\/de\/wp-json\/wp\/v2\/product"}],"about":[{"href":"https:\/\/tamerbadr.com\/de\/wp-json\/wp\/v2\/types\/product"}],"replies":[{"embeddable":true,"href":"https:\/\/tamerbadr.com\/de\/wp-json\/wp\/v2\/comments?post=19581"}],"wp:featuredmedia":[{"embeddable":true,"href":"https:\/\/tamerbadr.com\/de\/wp-json\/wp\/v2\/media\/19693"}],"wp:attachment":[{"href":"https:\/\/tamerbadr.com\/de\/wp-json\/wp\/v2\/media?parent=19581"}],"wp:term":[{"taxonomy":"product_brand","embeddable":true,"href":"https:\/\/tamerbadr.com\/de\/wp-json\/wp\/v2\/product_brand?post=19581"},{"taxonomy":"product_cat","embeddable":true,"href":"https:\/\/tamerbadr.com\/de\/wp-json\/wp\/v2\/product_cat?post=19581"},{"taxonomy":"product_tag","embeddable":true,"href":"https:\/\/tamerbadr.com\/de\/wp-json\/wp\/v2\/product_tag?post=19581"}],"curies":[{"name":"wp","href":"https:\/\/api.w.org\/{rel}","templated":true}]}}