{"id":20308,"date":"2025-03-21T17:41:30","date_gmt":"2025-03-21T17:41:30","guid":{"rendered":"https:\/\/white-ant-267257.hostingersite.com\/?page_id=20308"},"modified":"2025-07-31T13:32:16","modified_gmt":"2025-07-31T13:32:16","slug":"visions-1980-2010","status":"publish","type":"page","link":"https:\/\/tamerbadr.com\/de\/visions-1980-2010","title":{"rendered":"Visionen 1980-2010"},"content":{"rendered":"<div data-elementor-type=\"wp-page\" data-elementor-id=\"20308\" class=\"elementor elementor-20308\" data-elementor-post-type=\"page\">\n\t\t\t\t\t\t<section class=\"elementor-section elementor-top-section elementor-element elementor-element-325f7dc elementor-section-full_width elementor-section-height-default elementor-section-height-default\" data-id=\"325f7dc\" data-element_type=\"section\" data-settings=\"{&quot;background_background&quot;:&quot;classic&quot;}\">\n\t\t\t\t\t\t<div class=\"elementor-container elementor-column-gap-no\">\n\t\t\t\t\t<div class=\"elementor-column elementor-col-100 elementor-top-column elementor-element elementor-element-a5ff8d0\" data-id=\"a5ff8d0\" data-element_type=\"column\">\n\t\t\t<div class=\"elementor-widget-wrap elementor-element-populated\">\n\t\t\t\t\t\t<section class=\"elementor-section elementor-inner-section elementor-element elementor-element-dce55a7 elementor-section-content-middle elementor-section-boxed elementor-section-height-default elementor-section-height-default\" data-id=\"dce55a7\" data-element_type=\"section\" data-settings=\"{&quot;background_background&quot;:&quot;classic&quot;}\">\n\t\t\t\t\t\t<div class=\"elementor-container elementor-column-gap-no\">\n\t\t\t\t\t<div class=\"elementor-column elementor-col-50 elementor-inner-column elementor-element elementor-element-07e74d4\" data-id=\"07e74d4\" data-element_type=\"column\">\n\t\t\t<div class=\"elementor-widget-wrap elementor-element-populated\">\n\t\t\t\t\t\t<div class=\"elementor-element elementor-element-55c2aa3 elementor-invisible elementor-widget elementor-widget-heading\" data-id=\"55c2aa3\" data-element_type=\"widget\" data-settings=\"{&quot;_animation&quot;:&quot;fadeInLeft&quot;}\" data-widget_type=\"heading.default\">\n\t\t\t\t<div class=\"elementor-widget-container\">\n\t\t\t\t\t<h3 class=\"elementor-heading-title elementor-size-default\">Roya Tamer Badr<\/h3>\t\t\t\t<\/div>\n\t\t\t\t<\/div>\n\t\t\t\t<div class=\"elementor-element elementor-element-3f5a13a elementor-invisible elementor-widget elementor-widget-heading\" data-id=\"3f5a13a\" data-element_type=\"widget\" data-settings=\"{&quot;_animation&quot;:&quot;fadeInRight&quot;}\" data-widget_type=\"heading.default\">\n\t\t\t\t<div class=\"elementor-widget-container\">\n\t\t\t\t\t<h2 class=\"elementor-heading-title elementor-size-default\">1980-2010\n<\/h2>\t\t\t\t<\/div>\n\t\t\t\t<\/div>\n\t\t\t\t\t<\/div>\n\t\t<\/div>\n\t\t\t\t<div class=\"elementor-column elementor-col-50 elementor-inner-column elementor-element elementor-element-a748cf0\" data-id=\"a748cf0\" data-element_type=\"column\">\n\t\t\t<div class=\"elementor-widget-wrap elementor-element-populated\">\n\t\t\t\t\t\t<div class=\"elementor-element elementor-element-cfa6201 elementor-widget__width-auto elementor-widget-laptop__width-initial elementor-widget-tablet__width-auto elementor-invisible elementor-widget elementor-widget-image\" data-id=\"cfa6201\" data-element_type=\"widget\" data-settings=\"{&quot;_animation&quot;:&quot;fadeInLeft&quot;}\" data-widget_type=\"image.default\">\n\t\t\t\t<div class=\"elementor-widget-container\">\n\t\t\t\t\t\t\t\t\t\t\t\t\t\t\t<img alt=\"\" fetchpriority=\"high\" decoding=\"async\" width=\"330\" height=\"250\" src=\"https:\/\/tamerbadr.com\/wp-content\/uploads\/2025\/03\/463441143_8625855717500959_1120569030532963356_n-1.jpg\" class=\"elementor-animation-float attachment-full size-full wp-image-20368\" \/>\t\t\t\t\t\t\t\t\t\t\t\t\t\t\t<\/div>\n\t\t\t\t<\/div>\n\t\t\t\t\t<\/div>\n\t\t<\/div>\n\t\t\t\t\t<\/div>\n\t\t<\/section>\n\t\t\t\t<div class=\"elementor-element elementor-element-95be648 elementor-widget__width-auto elementor-absolute elementor-widget elementor-widget-image\" data-id=\"95be648\" data-element_type=\"widget\" data-settings=\"{&quot;_position&quot;:&quot;absolute&quot;}\" data-widget_type=\"image.default\">\n\t\t\t\t<div class=\"elementor-widget-container\">\n\t\t\t\t\t\t\t\t\t\t\t\t\t\t\t<img alt=\"\" decoding=\"async\" width=\"956\" height=\"825\" src=\"https:\/\/tamerbadr.com\/wp-content\/uploads\/2022\/10\/about-dot-vector.png\" class=\"attachment-full size-full wp-image-883\" \/>\t\t\t\t\t\t\t\t\t\t\t\t\t\t\t<\/div>\n\t\t\t\t<\/div>\n\t\t\t\t\t<\/div>\n\t\t<\/div>\n\t\t\t\t\t<\/div>\n\t\t<\/section>\n\t\t\t\t<section class=\"elementor-section elementor-top-section elementor-element elementor-element-b661bd3 elementor-section-full_width elementor-section-height-default elementor-section-height-default\" data-id=\"b661bd3\" data-element_type=\"section\" data-settings=\"{&quot;background_background&quot;:&quot;classic&quot;}\">\n\t\t\t\t\t\t<div class=\"elementor-container elementor-column-gap-no\">\n\t\t\t\t\t<div class=\"elementor-column elementor-col-100 elementor-top-column elementor-element elementor-element-e5c672a\" data-id=\"e5c672a\" data-element_type=\"column\">\n\t\t\t<div class=\"elementor-widget-wrap elementor-element-populated\">\n\t\t\t\t\t\t<div class=\"elementor-element elementor-element-e1053d6 elementor-widget__width-auto elementor-absolute elementor-invisible elementor-widget elementor-widget-image\" data-id=\"e1053d6\" data-element_type=\"widget\" data-settings=\"{&quot;_position&quot;:&quot;absolute&quot;,&quot;_animation&quot;:&quot;fadeInLeft&quot;,&quot;_animation_delay&quot;:200}\" data-widget_type=\"image.default\">\n\t\t\t\t<div class=\"elementor-widget-container\">\n\t\t\t\t\t\t\t\t\t\t\t\t\t\t\t<img alt=\"\" decoding=\"async\" width=\"305\" height=\"227\" src=\"https:\/\/tamerbadr.com\/wp-content\/uploads\/2022\/10\/opening-quote-icon.png\" class=\"attachment-full size-full wp-image-1947\" \/>\t\t\t\t\t\t\t\t\t\t\t\t\t\t\t<\/div>\n\t\t\t\t<\/div>\n\t\t\t\t\t<\/div>\n\t\t<\/div>\n\t\t\t\t\t<\/div>\n\t\t<\/section>\n\t\t<div class=\"elementor-element elementor-element-e0f9712 e-flex e-con-boxed e-con e-parent\" data-id=\"e0f9712\" data-element_type=\"container\">\n\t\t\t\t\t<div class=\"e-con-inner\">\n\t\t\t\t<div class=\"elementor-element elementor-element-b5bb3b1 elementor-grid-3 elementor-grid-tablet-2 elementor-grid-mobile-1 elementor-posts--thumbnail-top elementor-widget elementor-widget-posts\" data-id=\"b5bb3b1\" data-element_type=\"widget\" data-settings=\"{&quot;pagination_type&quot;:&quot;numbers_and_prev_next&quot;,&quot;classic_columns&quot;:&quot;3&quot;,&quot;classic_columns_tablet&quot;:&quot;2&quot;,&quot;classic_columns_mobile&quot;:&quot;1&quot;,&quot;classic_row_gap&quot;:{&quot;unit&quot;:&quot;px&quot;,&quot;size&quot;:35,&quot;sizes&quot;:[]},&quot;classic_row_gap_laptop&quot;:{&quot;unit&quot;:&quot;px&quot;,&quot;size&quot;:&quot;&quot;,&quot;sizes&quot;:[]},&quot;classic_row_gap_tablet&quot;:{&quot;unit&quot;:&quot;px&quot;,&quot;size&quot;:&quot;&quot;,&quot;sizes&quot;:[]},&quot;classic_row_gap_mobile&quot;:{&quot;unit&quot;:&quot;px&quot;,&quot;size&quot;:&quot;&quot;,&quot;sizes&quot;:[]}}\" data-widget_type=\"posts.classic\">\n\t\t\t\t<div class=\"elementor-widget-container\">\n\t\t\t\t\t\t\t<div class=\"elementor-posts-container elementor-posts elementor-posts--skin-classic elementor-grid\">\n\t\t\t\t<article class=\"elementor-post elementor-grid-item post-20388 post type-post status-publish format-standard has-post-thumbnail category--1980-2010\">\n\t\t\t\t<a class=\"elementor-post__thumbnail__link\" href=\"https:\/\/tamerbadr.com\/de\/archives\/20388\" tabindex=\"-1\" >\n\t\t\t<div class=\"elementor-post__thumbnail\"><img alt=\"\" loading=\"lazy\" decoding=\"async\" width=\"300\" height=\"248\" src=\"https:\/\/tamerbadr.com\/wp-content\/uploads\/2025\/03\/43255793_1980585872028010_3396593397627092992_n.jpg\" class=\"attachment-medium size-medium wp-image-20389\" \/><\/div>\n\t\t<\/a>\n\t\t\t\t<div class=\"elementor-post__text\">\n\t\t\t\t<h3 class=\"elementor-post__title\">\n\t\t\t<a href=\"https:\/\/tamerbadr.com\/de\/archives\/20388\" >\n\t\t\t\tVision des Antichristen und meines verstorbenen Vaters um 2010\t\t\t<\/a>\n\t\t<\/h3>\n\t\t\t\t<div class=\"elementor-post__meta-data\">\n\t\t\t\t\t<span class=\"elementor-post-date\">\n\t\t\t23\/03\/2025\t\t<\/span>\n\t\t\t\t<span class=\"elementor-post-avatar\">\n\t\t\tKein Kommentar\t\t<\/span>\n\t\t\t\t<\/div>\n\t\t\t\t<div class=\"elementor-post__excerpt\">\n\t\t\t<p>Ich sah, dass ich im Haus meiner Mutter in El Manial war und im Bett schlief. Dann ging ich auf den Balkon und sah die Sonnenscheibe deutlich. Dann passierte etwas wie ein Erdbeben, und es eskalierte.<\/p>\n\t\t<\/div>\n\t\t\n\t\t<a class=\"elementor-post__read-more\" href=\"https:\/\/tamerbadr.com\/de\/archives\/20388\" aria-label=\"Read more about \u0631\u0624\u064a\u0627 \u0627\u0644\u0645\u0633\u064a\u062d \u0627\u0644\u062f\u062c\u0627\u0644 \u0648\u0648\u0627\u0644\u062f\u064a \u0627\u0644\u0645\u062a\u0648\u0641\u064a \u0641\u064a \u0639\u0627\u0645 2010 \u062a\u0642\u0631\u064a\u0628\u0627\" tabindex=\"-1\" >\n\t\t\tMehr lesen \"\t\t<\/a>\n\n\t\t\t\t<\/div>\n\t\t\t\t<\/article>\n\t\t\t\t<article class=\"elementor-post elementor-grid-item post-20385 post type-post status-publish format-standard has-post-thumbnail category--1980-2010\">\n\t\t\t\t<a class=\"elementor-post__thumbnail__link\" href=\"https:\/\/tamerbadr.com\/de\/archives\/20385\" tabindex=\"-1\" >\n\t\t\t<div class=\"elementor-post__thumbnail\"><img alt=\"\" loading=\"lazy\" decoding=\"async\" width=\"300\" height=\"169\" src=\"https:\/\/tamerbadr.com\/wp-content\/uploads\/2025\/03\/465225226_8718923471527516_4759004299254707689_n-1.jpg\" class=\"attachment-medium size-medium wp-image-20386\" \/><\/div>\n\t\t<\/a>\n\t\t\t\t<div class=\"elementor-post__text\">\n\t\t\t\t<h3 class=\"elementor-post__title\">\n\t\t\t<a href=\"https:\/\/tamerbadr.com\/de\/archives\/20385\" >\n\t\t\t\tWeltuntergangsvision um 2008\t\t\t<\/a>\n\t\t<\/h3>\n\t\t\t\t<div class=\"elementor-post__meta-data\">\n\t\t\t\t\t<span class=\"elementor-post-date\">\n\t\t\t23\/03\/2025\t\t<\/span>\n\t\t\t\t<span class=\"elementor-post-avatar\">\n\t\t\tKein Kommentar\t\t<\/span>\n\t\t\t\t<\/div>\n\t\t\t\t<div class=\"elementor-post__excerpt\">\n\t\t\t<p>Hadith von Lady Aisha \u2013 m\u00f6ge Gott der Allm\u00e4chtige mit ihr zufrieden sein \u2013 als sie sagte: Ich h\u00f6rte den Gesandten Gottes \u2013 m\u00f6ge Gott ihn segnen und ihm Frieden gew\u00e4hren \u2013 sagen: ((Die Menschen werden am Tag der Auferstehung barfu\u00df, nackt und unbeschnitten versammelt sein.)) Ich sagte:<\/p>\n\t\t<\/div>\n\t\t\n\t\t<a class=\"elementor-post__read-more\" href=\"https:\/\/tamerbadr.com\/de\/archives\/20385\" aria-label=\"Read more about \u0631\u0624\u064a\u0627 \u064a\u0648\u0645 \u0627\u0644\u0642\u064a\u0627\u0645\u0629 \u0641\u064a \u0639\u0627\u0645 2008 \u062a\u0642\u0631\u064a\u0628\u0627\u064b\" tabindex=\"-1\" >\n\t\t\tMehr lesen \"\t\t<\/a>\n\n\t\t\t\t<\/div>\n\t\t\t\t<\/article>\n\t\t\t\t<article class=\"elementor-post elementor-grid-item post-20382 post type-post status-publish format-standard has-post-thumbnail category--1980-2010\">\n\t\t\t\t<a class=\"elementor-post__thumbnail__link\" href=\"https:\/\/tamerbadr.com\/de\/archives\/20382\" tabindex=\"-1\" >\n\t\t\t<div class=\"elementor-post__thumbnail\"><img alt=\"\" loading=\"lazy\" decoding=\"async\" width=\"300\" height=\"148\" src=\"https:\/\/tamerbadr.com\/wp-content\/uploads\/2025\/03\/464343130_8476472379113375_5020772890705759241_n.jpg\" class=\"attachment-medium size-medium wp-image-20383\" \/><\/div>\n\t\t<\/a>\n\t\t\t\t<div class=\"elementor-post__text\">\n\t\t\t\t<h3 class=\"elementor-post__title\">\n\t\t\t<a href=\"https:\/\/tamerbadr.com\/de\/archives\/20382\" >\n\t\t\t\tVision von Kriegsschiffen, die um 2004 getroffen werden\t\t\t<\/a>\n\t\t<\/h3>\n\t\t\t\t<div class=\"elementor-post__meta-data\">\n\t\t\t\t\t<span class=\"elementor-post-date\">\n\t\t\t23\/03\/2025\t\t<\/span>\n\t\t\t\t<span class=\"elementor-post-avatar\">\n\t\t\tKein Kommentar\t\t<\/span>\n\t\t\t\t<\/div>\n\t\t\t\t<div class=\"elementor-post__excerpt\">\n\t\t\t<p>Ich sah, dass ich mich hoch oben im Himmel \u00fcber \u00c4gypten befand. Ich sah Kriegsschiffe voller europ\u00e4ischer Soldaten, die von Europa \u00fcber das Mittelmeer in die Levante aufbrachen, um an \u2026 teilzunehmen.<\/p>\n\t\t<\/div>\n\t\t\n\t\t<a class=\"elementor-post__read-more\" href=\"https:\/\/tamerbadr.com\/de\/archives\/20382\" aria-label=\"Read more about \u0631\u0624\u064a\u0627 \u0636\u0631\u0628 \u0627\u0644\u0633\u0641\u0646 \u0627\u0644\u062d\u0631\u0628\u064a\u0629 \u0641\u064a \u0639\u0627\u0645 2004 \u062a\u0642\u0631\u064a\u0628\u0627\" tabindex=\"-1\" >\n\t\t\tMehr lesen \"\t\t<\/a>\n\n\t\t\t\t<\/div>\n\t\t\t\t<\/article>\n\t\t\t\t<article class=\"elementor-post elementor-grid-item post-20379 post type-post status-publish format-standard has-post-thumbnail category--1980-2010\">\n\t\t\t\t<a class=\"elementor-post__thumbnail__link\" href=\"https:\/\/tamerbadr.com\/de\/archives\/20379\" tabindex=\"-1\" >\n\t\t\t<div class=\"elementor-post__thumbnail\"><img alt=\"\" loading=\"lazy\" decoding=\"async\" width=\"300\" height=\"196\" src=\"https:\/\/tamerbadr.com\/wp-content\/uploads\/2025\/03\/ScreenShot001.jpg\" class=\"attachment-medium size-medium wp-image-20380\" \/><\/div>\n\t\t<\/a>\n\t\t\t\t<div class=\"elementor-post__text\">\n\t\t\t\t<h3 class=\"elementor-post__title\">\n\t\t\t<a href=\"https:\/\/tamerbadr.com\/de\/archives\/20379\" >\n\t\t\t\tDie Vision des Propheten, Friede und Segen seien auf ihm, und das Singen von \u201eGott ist gro\u00df\u201c w\u00e4hrend der Demonstrationen um 1992\t\t\t<\/a>\n\t\t<\/h3>\n\t\t\t\t<div class=\"elementor-post__meta-data\">\n\t\t\t\t\t<span class=\"elementor-post-date\">\n\t\t\t23\/03\/2025\t\t<\/span>\n\t\t\t\t<span class=\"elementor-post-avatar\">\n\t\t\tKein Kommentar\t\t<\/span>\n\t\t\t\t<\/div>\n\t\t\t\t<div class=\"elementor-post__excerpt\">\n\t\t\t<p>Meine zweite Vision mit dem Propheten (Friede und Segen seien mit ihm) hatte ich, als ich noch jung und allein war. Einige Monate nach meiner ersten Vision mit dem Propheten (Friede und Segen seien mit ihm) \u2026<\/p>\n\t\t<\/div>\n\t\t\n\t\t<a class=\"elementor-post__read-more\" href=\"https:\/\/tamerbadr.com\/de\/archives\/20379\" aria-label=\"Read more about \u0631\u0624\u064a\u0627 \u0627\u0644\u0646\u0628\u064a \ufdfa \u0648\u0647\u062a\u0627\u0641 \u0627\u0644\u0644\u0647 \u0623\u0643\u0628\u0631 \u0641\u064a \u0627\u0644\u0645\u0638\u0627\u0647\u0631\u0627\u062a \u062e\u0644\u0627\u0644 \u0639\u0627\u0645 1992 \u062a\u0642\u0631\u064a\u0628\u0627\u064b\" tabindex=\"-1\" >\n\t\t\tMehr lesen \"\t\t<\/a>\n\n\t\t\t\t<\/div>\n\t\t\t\t<\/article>\n\t\t\t\t<article class=\"elementor-post elementor-grid-item post-20377 post type-post status-publish format-standard has-post-thumbnail category--1980-2010\">\n\t\t\t\t<a class=\"elementor-post__thumbnail__link\" href=\"https:\/\/tamerbadr.com\/de\/archives\/20377\" tabindex=\"-1\" >\n\t\t\t<div class=\"elementor-post__thumbnail\"><img alt=\"\" loading=\"lazy\" decoding=\"async\" width=\"300\" height=\"263\" src=\"https:\/\/tamerbadr.com\/wp-content\/uploads\/2025\/03\/463481849_8625204197566111_7667057720993497402_n.jpg\" class=\"attachment-medium size-medium wp-image-20363\" \/><\/div>\n\t\t<\/a>\n\t\t\t\t<div class=\"elementor-post__text\">\n\t\t\t\t<h3 class=\"elementor-post__title\">\n\t\t\t<a href=\"https:\/\/tamerbadr.com\/de\/archives\/20377\" >\n\t\t\t\tEine Vision des Propheten, Friede und Segen seien auf ihm, und der Moschee im Jahr 1992, ungef\u00e4hr um sieben Uhr morgens\t\t\t<\/a>\n\t\t<\/h3>\n\t\t\t\t<div class=\"elementor-post__meta-data\">\n\t\t\t\t\t<span class=\"elementor-post-date\">\n\t\t\t23\/03\/2025\t\t<\/span>\n\t\t\t\t<span class=\"elementor-post-avatar\">\n\t\t\tKein Kommentar\t\t<\/span>\n\t\t\t\t<\/div>\n\t\t\t\t<div class=\"elementor-post__excerpt\">\n\t\t\t<p>Meine erste Vision, in der mich der geliebte Mustafa besuchte, hatte ich, als ich in der Highschool dem allm\u00e4chtigen Gott sehr nahe war und mir w\u00fcnschte, in diesem Alter mit einem leeren Blatt zu sterben.<\/p>\n\t\t<\/div>\n\t\t\n\t\t<a class=\"elementor-post__read-more\" href=\"https:\/\/tamerbadr.com\/de\/archives\/20377\" aria-label=\"Read more about \u0631\u0624\u064a\u0627 \u0627\u0644\u0646\u0628\u064a \ufdfa \u0648\u0627\u0644\u0645\u0633\u062c\u062f \u062e\u0644\u0627\u0644 \u0639\u0627\u0645 1992 \u062a\u0642\u0631\u064a\u0628\u0627\u064b \u0627\u0644\u0633\u0627\u0639\u0629 \u0627\u0644\u0633\u0627\u0628\u0639\u0629 \u0635\u0628\u0627\u062d\u0627\u064b\" tabindex=\"-1\" >\n\t\t\tMehr lesen \"\t\t<\/a>\n\n\t\t\t\t<\/div>\n\t\t\t\t<\/article>\n\t\t\t\t<article class=\"elementor-post elementor-grid-item post-20374 post type-post status-publish format-standard has-post-thumbnail category--1980-2010\">\n\t\t\t\t<a class=\"elementor-post__thumbnail__link\" href=\"https:\/\/tamerbadr.com\/de\/archives\/20374\" tabindex=\"-1\" >\n\t\t\t<div class=\"elementor-post__thumbnail\"><img alt=\"\" loading=\"lazy\" decoding=\"async\" width=\"300\" height=\"220\" src=\"https:\/\/tamerbadr.com\/wp-content\/uploads\/2025\/03\/464418589_8683339525085911_3232772960030198831_n-1.jpg\" class=\"attachment-medium size-medium wp-image-20375\" \/><\/div>\n\t\t<\/a>\n\t\t\t\t<div class=\"elementor-post__text\">\n\t\t\t\t<h3 class=\"elementor-post__title\">\n\t\t\t<a href=\"https:\/\/tamerbadr.com\/de\/archives\/20374\" >\n\t\t\t\tVision des Himmels in der High School\t\t\t<\/a>\n\t\t<\/h3>\n\t\t\t\t<div class=\"elementor-post__meta-data\">\n\t\t\t\t\t<span class=\"elementor-post-date\">\n\t\t\t23\/03\/2025\t\t<\/span>\n\t\t\t\t<span class=\"elementor-post-avatar\">\n\t\t\tKein Kommentar\t\t<\/span>\n\t\t\t\t<\/div>\n\t\t\t\t<div class=\"elementor-post__excerpt\">\n\t\t\t<p>Als ich jung war und auf der High School war, war die sch\u00f6nste Farbe, die ich liebte, Blau, und ich war \u00fcberrascht, dass die Farbe der B\u00e4ume und Bauernh\u00f6fe im Himmel gr\u00fcn war, und ich<\/p>\n\t\t<\/div>\n\t\t\n\t\t<a class=\"elementor-post__read-more\" href=\"https:\/\/tamerbadr.com\/de\/archives\/20374\" aria-label=\"Read more about \u0631\u0624\u064a\u0627 \u0627\u0644\u062c\u0646\u0629 \u0641\u064a \u0627\u0644\u0645\u0631\u062d\u0644\u0629 \u0627\u0644\u062b\u0627\u0646\u0648\u064a\u0629\" tabindex=\"-1\" >\n\t\t\tMehr lesen \"\t\t<\/a>\n\n\t\t\t\t<\/div>\n\t\t\t\t<\/article>\n\t\t\t\t<\/div>\n\t\t\n\t\t\t\t\t\t<\/div>\n\t\t\t\t<\/div>\n\t\t\t\t\t<\/div>\n\t\t\t\t<\/div>\n\t\t\t\t<section class=\"elementor-section elementor-top-section elementor-element elementor-element-5614d92 elementor-section-full_width elementor-section-height-default elementor-section-height-default elementor-invisible\" data-id=\"5614d92\" data-element_type=\"section\" data-settings=\"{&quot;animation&quot;:&quot;fadeInUp&quot;}\">\n\t\t\t\t\t\t<div class=\"elementor-container elementor-column-gap-no\">\n\t\t\t\t\t<div class=\"elementor-column elementor-col-100 elementor-top-column elementor-element elementor-element-5e8944f\" data-id=\"5e8944f\" data-element_type=\"column\" data-settings=\"{&quot;background_background&quot;:&quot;classic&quot;}\">\n\t\t\t<div class=\"elementor-widget-wrap elementor-element-populated\">\n\t\t\t\t\t\t<div class=\"elementor-element elementor-element-b8fdb36 elementor-widget__width-auto elementor-absolute elementor-invisible elementor-widget elementor-widget-image\" data-id=\"b8fdb36\" data-element_type=\"widget\" data-settings=\"{&quot;_position&quot;:&quot;absolute&quot;,&quot;_animation&quot;:&quot;fadeInLeft&quot;,&quot;_animation_delay&quot;:200}\" data-widget_type=\"image.default\">\n\t\t\t\t<div class=\"elementor-widget-container\">\n\t\t\t\t\t\t\t\t\t\t\t\t\t\t\t<img alt=\"\" decoding=\"async\" width=\"305\" height=\"227\" src=\"https:\/\/tamerbadr.com\/wp-content\/uploads\/2022\/10\/opening-quote-icon.png\" class=\"attachment-full size-full wp-image-1947\" \/>\t\t\t\t\t\t\t\t\t\t\t\t\t\t\t<\/div>\n\t\t\t\t<\/div>\n\t\t\t\t\t<\/div>\n\t\t<\/div>\n\t\t\t\t\t<\/div>\n\t\t<\/section>\n\t\t\t\t<\/div>","protected":false},"excerpt":{"rendered":"<p>Tamer Badrs Visionen 1980\u20132010<\/p>","protected":false},"author":1,"featured_media":4468,"parent":0,"menu_order":0,"comment_status":"closed","ping_status":"closed","template":"elementor_header_footer","meta":{"_seopress_robots_primary_cat":"","_seopress_titles_title":"","_seopress_titles_desc":"","_seopress_robots_index":"","inline_featured_image":false,"_uf_show_specific_survey":0,"_uf_disable_surveys":false,"footnotes":""},"class_list":["post-20308","page","type-page","status-publish","has-post-thumbnail"],"_links":{"self":[{"href":"https:\/\/tamerbadr.com\/de\/wp-json\/wp\/v2\/pages\/20308","targetHints":{"allow":["GET"]}}],"collection":[{"href":"https:\/\/tamerbadr.com\/de\/wp-json\/wp\/v2\/pages"}],"about":[{"href":"https:\/\/tamerbadr.com\/de\/wp-json\/wp\/v2\/types\/page"}],"author":[{"embeddable":true,"href":"https:\/\/tamerbadr.com\/de\/wp-json\/wp\/v2\/users\/1"}],"replies":[{"embeddable":true,"href":"https:\/\/tamerbadr.com\/de\/wp-json\/wp\/v2\/comments?post=20308"}],"version-history":[{"count":0,"href":"https:\/\/tamerbadr.com\/de\/wp-json\/wp\/v2\/pages\/20308\/revisions"}],"wp:featuredmedia":[{"embeddable":true,"href":"https:\/\/tamerbadr.com\/de\/wp-json\/wp\/v2\/media\/4468"}],"wp:attachment":[{"href":"https:\/\/tamerbadr.com\/de\/wp-json\/wp\/v2\/media?parent=20308"}],"curies":[{"name":"wp","href":"https:\/\/api.w.org\/{rel}","templated":true}]}}