{"id":20178,"date":"2025-03-19T18:42:34","date_gmt":"2025-03-19T18:42:34","guid":{"rendered":"https:\/\/white-ant-267257.hostingersite.com\/?page_id=20178"},"modified":"2025-07-30T19:25:45","modified_gmt":"2025-07-30T19:25:45","slug":"privacy-policy","status":"publish","type":"page","link":"https:\/\/tamerbadr.com\/de\/privacy-policy","title":{"rendered":"Datenschutzbestimmungen"},"content":{"rendered":"<div data-elementor-type=\"wp-page\" data-elementor-id=\"20178\" class=\"elementor elementor-20178\" data-elementor-post-type=\"page\">\n\t\t\t\t\t\t<section class=\"elementor-section elementor-top-section elementor-element elementor-element-325f7dc elementor-section-full_width elementor-section-height-default elementor-section-height-default\" data-id=\"325f7dc\" data-element_type=\"section\" data-settings=\"{&quot;background_background&quot;:&quot;classic&quot;}\">\n\t\t\t\t\t\t<div class=\"elementor-container elementor-column-gap-no\">\n\t\t\t\t\t<div class=\"elementor-column elementor-col-100 elementor-top-column elementor-element elementor-element-a5ff8d0\" data-id=\"a5ff8d0\" data-element_type=\"column\">\n\t\t\t<div class=\"elementor-widget-wrap elementor-element-populated\">\n\t\t\t\t\t\t<section class=\"elementor-section elementor-inner-section elementor-element elementor-element-dce55a7 elementor-section-content-middle elementor-section-boxed elementor-section-height-default elementor-section-height-default\" data-id=\"dce55a7\" data-element_type=\"section\" data-settings=\"{&quot;background_background&quot;:&quot;classic&quot;}\">\n\t\t\t\t\t\t<div class=\"elementor-container elementor-column-gap-no\">\n\t\t\t\t\t<div class=\"elementor-column elementor-col-50 elementor-inner-column elementor-element elementor-element-07e74d4\" data-id=\"07e74d4\" data-element_type=\"column\">\n\t\t\t<div class=\"elementor-widget-wrap elementor-element-populated\">\n\t\t\t\t\t\t<div class=\"elementor-element elementor-element-edd75c2 elementor-invisible elementor-widget elementor-widget-heading\" data-id=\"edd75c2\" data-element_type=\"widget\" data-settings=\"{&quot;_animation&quot;:&quot;fadeInLeft&quot;}\" data-widget_type=\"heading.default\">\n\t\t\t\t<div class=\"elementor-widget-container\">\n\t\t\t\t\t<h2 class=\"elementor-heading-title elementor-size-default\">Tamer Badr<\/h2>\t\t\t\t<\/div>\n\t\t\t\t<\/div>\n\t\t\t\t<div class=\"elementor-element elementor-element-3f5a13a elementor-invisible elementor-widget elementor-widget-heading\" data-id=\"3f5a13a\" data-element_type=\"widget\" data-settings=\"{&quot;_animation&quot;:&quot;fadeInRight&quot;}\" data-widget_type=\"heading.default\">\n\t\t\t\t<div class=\"elementor-widget-container\">\n\t\t\t\t\t<h2 class=\"elementor-heading-title elementor-size-default\">Datenschutzbestimmungen<\/h2>\t\t\t\t<\/div>\n\t\t\t\t<\/div>\n\t\t\t\t\t<\/div>\n\t\t<\/div>\n\t\t\t\t<div class=\"elementor-column elementor-col-50 elementor-inner-column elementor-element elementor-element-a748cf0\" data-id=\"a748cf0\" data-element_type=\"column\">\n\t\t\t<div class=\"elementor-widget-wrap elementor-element-populated\">\n\t\t\t\t\t\t<div class=\"elementor-element elementor-element-7476b1a elementor-position-left elementor-vertical-align-top elementor-widget elementor-widget-image-box\" data-id=\"7476b1a\" data-element_type=\"widget\" data-widget_type=\"image-box.default\">\n\t\t\t\t<div class=\"elementor-widget-container\">\n\t\t\t\t\t<div class=\"elementor-image-box-wrapper\"><figure class=\"elementor-image-box-img\"><img alt=\"\" decoding=\"async\" width=\"170\" height=\"157\" src=\"https:\/\/tamerbadr.com\/wp-content\/uploads\/2022\/10\/service-1.png\" class=\"elementor-animation-bob attachment-full size-full wp-image-515\" \/><\/figure><\/div>\t\t\t\t<\/div>\n\t\t\t\t<\/div>\n\t\t\t\t\t<\/div>\n\t\t<\/div>\n\t\t\t\t\t<\/div>\n\t\t<\/section>\n\t\t\t\t<div class=\"elementor-element elementor-element-9ae5934 elementor-widget__width-auto elementor-absolute elementor-widget elementor-widget-image\" data-id=\"9ae5934\" data-element_type=\"widget\" data-settings=\"{&quot;_position&quot;:&quot;absolute&quot;}\" data-widget_type=\"image.default\">\n\t\t\t\t<div class=\"elementor-widget-container\">\n\t\t\t\t\t\t\t\t\t\t\t\t\t\t\t<img alt=\"\" fetchpriority=\"high\" decoding=\"async\" width=\"956\" height=\"825\" src=\"https:\/\/tamerbadr.com\/wp-content\/uploads\/2022\/10\/about-dot-vector.png\" class=\"attachment-full size-full wp-image-883\" \/>\t\t\t\t\t\t\t\t\t\t\t\t\t\t\t<\/div>\n\t\t\t\t<\/div>\n\t\t\t\t\t<\/div>\n\t\t<\/div>\n\t\t\t\t\t<\/div>\n\t\t<\/section>\n\t\t\t\t<section class=\"elementor-section elementor-top-section elementor-element elementor-element-b661bd3 elementor-section-full_width elementor-section-height-default elementor-section-height-default\" data-id=\"b661bd3\" data-element_type=\"section\" data-settings=\"{&quot;background_background&quot;:&quot;classic&quot;}\">\n\t\t\t\t\t\t<div class=\"elementor-container elementor-column-gap-no\">\n\t\t\t\t\t<div class=\"elementor-column elementor-col-100 elementor-top-column elementor-element elementor-element-e5c672a\" data-id=\"e5c672a\" data-element_type=\"column\">\n\t\t\t<div class=\"elementor-widget-wrap elementor-element-populated\">\n\t\t\t\t\t\t<div class=\"elementor-element elementor-element-e1053d6 elementor-widget__width-auto elementor-absolute elementor-invisible elementor-widget elementor-widget-image\" data-id=\"e1053d6\" data-element_type=\"widget\" data-settings=\"{&quot;_position&quot;:&quot;absolute&quot;,&quot;_animation&quot;:&quot;fadeInLeft&quot;,&quot;_animation_delay&quot;:200}\" data-widget_type=\"image.default\">\n\t\t\t\t<div class=\"elementor-widget-container\">\n\t\t\t\t\t\t\t\t\t\t\t\t\t\t\t<img alt=\"\" decoding=\"async\" width=\"305\" height=\"227\" src=\"https:\/\/tamerbadr.com\/wp-content\/uploads\/2022\/10\/opening-quote-icon.png\" class=\"attachment-full size-full wp-image-1947\" \/>\t\t\t\t\t\t\t\t\t\t\t\t\t\t\t<\/div>\n\t\t\t\t<\/div>\n\t\t\t\t\t<\/div>\n\t\t<\/div>\n\t\t\t\t\t<\/div>\n\t\t<\/section>\n\t\t<div class=\"elementor-element elementor-element-1a52feb e-flex e-con-boxed e-con e-parent\" data-id=\"1a52feb\" data-element_type=\"container\">\n\t\t\t\t\t<div class=\"e-con-inner\">\n\t\t\t\t<div class=\"elementor-element elementor-element-4b1dd68 elementor-widget elementor-widget-text-editor\" data-id=\"4b1dd68\" data-element_type=\"widget\" data-widget_type=\"text-editor.default\">\n\t\t\t\t<div class=\"elementor-widget-container\">\n\t\t\t\t\t\t\t\t\t<h4>Datenschutzrichtlinie - Tamer Badr (tamerbadr.com)<\/h4><h2>Zuletzt aktualisiert: (27. M\u00e4rz 2025)<\/h2><h1>Willkommen auf der Website von Tamer Badr (tamerbadr.com) (\"Website\", \"wir\", \"uns\", \"unser\" oder \"unser\"). Wir verpflichten uns, Ihre Privatsph\u00e4re zu sch\u00fctzen und Ihre pers\u00f6nlichen Daten zu respektieren. In dieser Richtlinie wird erl\u00e4utert, wie wir Ihre Daten erfassen und verwenden, wenn Sie auf unserer Website surfen oder E-Books in unserem Shop kaufen.<\/h1><p>\u2e3b<\/p><h3 class=\"translation-block\">1. Die Informationen, die wir sammeln<\/h3><h2>a) Die von Ihnen bereitgestellten Informationen<\/h2><h1 class=\"translation-block\">Wenn Sie bei uns einkaufen oder mit uns kommunizieren, k\u00f6nnen wir die folgenden Informationen erfassen:<br>- Vollst\u00e4ndiger Name<br>- E-Mail-Adresse<br>- Telefonnummer<br>- Zahlungsdaten (diese werden nicht gespeichert, sondern von sicheren Zahlungsanbietern verarbeitet)<\/h1><h2>b) Automatisch erfasste Informationen<\/h2><h4 class=\"translation-block\">Wenn Sie auf der Website surfen, k\u00f6nnen wir automatisch bestimmte Informationen sammeln, wie z. B.:<\/h4><h1 class=\"translation-block\">- IP-Adresse Ihres Ger\u00e4ts<br> - Browsertyp und -einstellungen<br> - Seiten, die Sie auf der Website besuchen<br> - Uhrzeit und Datum Ihres Besuchs<br> - Cookies und andere Tracking-Technologien<\/h1><p>\u2e3b<\/p><h3>2. Wie man die Informationen nutzt<\/h3><h2 class=\"translation-block\">Wir verwenden Ihre Daten, um:<\/h2><h1 class=\"translation-block\">- Bestellungen bearbeiten und E-Book-Downloads bereitstellen.<br>- Die Benutzerfreundlichkeit verbessern und Inhalte personalisieren.<br>- Marketing-Benachrichtigungen versenden, wenn Sie damit einverstanden sind.<br>- Die Leistung der Website mit Hilfe von Tools wie Google Analytics analysieren.<br>- Gesetze einhalten und unsere Rechte sch\u00fctzen.<\/h1><p>\u2e3b<\/p><h3>3. Politik des Online-Shops<\/h3><h2>a) Bezahlung:<\/h2><h1 class=\"translation-block\">- Die Zahlung erfolgt \u00fcber Instapay, Visa, Vodafone Cash oder eine andere elektronische Zahlungsmethode. <br>- Wir speichern keine Zahlungsdaten, da die Transaktionen von autorisierten Zahlungsdienstleistern abgewickelt werden.<\/h1><h2 class=\"translation-block\">b) Erstattung:<\/h2><h1 class=\"translation-block\">- E-Books k\u00f6nnen nach dem Kauf und dem Download nicht zur\u00fcckerstattet werden. <br>- Sollte es ein technisches Problem geben, das Sie am Download des Buches hindert, k\u00f6nnen Sie uns kontaktieren, um das Problem zu l\u00f6sen.<\/h1><h2>c) E-B\u00fccher herunterladen:<\/h2><h1>- Nach erfolgreicher Zahlung kann der Nutzer das Buch direkt herunterladen.<\/h1><h1>- Sollten Sie Probleme beim Herunterladen haben, kontaktieren Sie uns bitte \u00fcber die Kontaktseite.<\/h1><p>\u2e3b<\/p><h3>4. Anzeigen und die Verwendung von Google AdSense<\/h3><h1>Unsere Website verwendet Google AdSense, um Anzeigen zu schalten, und Google kann Cookies verwenden, um Daten \u00fcber Ihre Interaktion mit den Anzeigen zu sammeln. Sie k\u00f6nnen personalisierte Anzeigen deaktivieren, indem Sie Ihre Google Ads-Einstellungen aufrufen. Weitere Informationen finden Sie in den Datenschutzbestimmungen von Google.<\/h1><p>\u2e3b<\/p><h3>5. Weitergabe von Daten an Dritte<\/h3><h2>Wir verkaufen Ihre pers\u00f6nlichen Daten nicht und geben sie nicht weiter, au\u00dfer:<\/h2><h1>- Anbieter von Zahlungsdiensten: Zur Bearbeitung von Bestellungen.<\/h1><h1>- Zur Einhaltung von Gesetzen: Wenn dies zum Schutz unserer Rechte oder zur Einhaltung von Gesetzen erforderlich ist.<\/h1><p>\u2e3b<\/p><h3>6. Cookies und Tracking-Technologien<\/h3><h1>Wir verwenden Cookies, um Ihre Nutzererfahrung zu optimieren, und Sie k\u00f6nnen sie \u00fcber Ihre Browsereinstellungen steuern.<\/h1><p>\u2e3b<\/p><h3>7. Informationssicherheit<\/h3><h1>Wir ergreifen Sicherheitsma\u00dfnahmen, um Ihre Daten zu sch\u00fctzen, aber wir k\u00f6nnen keine absolute Sicherheit im Internet garantieren.<\/h1><p>\u2e3b<\/p><h3>8. Deine Rechte<\/h3><h1>Sie k\u00f6nnen jederzeit eine Aktualisierung oder L\u00f6schung Ihrer Daten beantragen oder sich von Marketingnachrichten abmelden, indem Sie sich mit uns in Verbindung setzen.<\/h1><p>\u2e3b<\/p><h3>9. \u00c4nderungen der Politik<\/h3><h1>Wir k\u00f6nnen diese Datenschutzrichtlinie aktualisieren, und alle \u00c4nderungen werden auf dieser Seite ver\u00f6ffentlicht.<\/h1><p>\u2e3b<\/p><h3>10. Wie Sie uns kontaktieren k\u00f6nnen<\/h3><h1><img decoding=\"async\" class=\"emoji\" role=\"img\" draggable=\"false\" src=\"https:\/\/s.w.org\/images\/core\/emoji\/15.0.3\/svg\/1f4e7.svg\" alt=\"\ud83d\udce7\" \/> info@tamerbadr.com<\/h1><h5><img decoding=\"async\" class=\"emoji\" role=\"img\" draggable=\"false\" src=\"https:\/\/s.w.org\/images\/core\/emoji\/15.0.3\/svg\/1f310.svg\" alt=\"\ud83c\udf10\" \/> <a href=\"https:\/\/tamerbadr.com\/de\/contact-us\/\">tamerbadr.com\/kontakt<\/a><\/h5><p>\u2e3b<\/p>\t\t\t\t\t\t\t\t<\/div>\n\t\t\t\t<\/div>\n\t\t\t\t\t<\/div>\n\t\t\t\t<\/div>\n\t\t\t\t<section class=\"elementor-section elementor-top-section elementor-element elementor-element-8cea59d elementor-section-full_width elementor-section-height-default elementor-section-height-default elementor-invisible\" data-id=\"8cea59d\" data-element_type=\"section\" data-settings=\"{&quot;animation&quot;:&quot;fadeInUp&quot;}\">\n\t\t\t\t\t\t<div class=\"elementor-container elementor-column-gap-no\">\n\t\t\t\t\t<div class=\"elementor-column elementor-col-100 elementor-top-column elementor-element elementor-element-1914be3\" data-id=\"1914be3\" data-element_type=\"column\" data-settings=\"{&quot;background_background&quot;:&quot;classic&quot;}\">\n\t\t\t<div class=\"elementor-widget-wrap elementor-element-populated\">\n\t\t\t\t\t\t<div class=\"elementor-element elementor-element-e88d76f elementor-widget__width-auto elementor-absolute elementor-invisible elementor-widget elementor-widget-image\" data-id=\"e88d76f\" data-element_type=\"widget\" data-settings=\"{&quot;_position&quot;:&quot;absolute&quot;,&quot;_animation&quot;:&quot;fadeInLeft&quot;,&quot;_animation_delay&quot;:200}\" data-widget_type=\"image.default\">\n\t\t\t\t<div class=\"elementor-widget-container\">\n\t\t\t\t\t\t\t\t\t\t\t\t\t\t\t<img alt=\"\" decoding=\"async\" width=\"305\" height=\"227\" src=\"https:\/\/tamerbadr.com\/wp-content\/uploads\/2022\/10\/opening-quote-icon.png\" class=\"attachment-full size-full wp-image-1947\" \/>\t\t\t\t\t\t\t\t\t\t\t\t\t\t\t<\/div>\n\t\t\t\t<\/div>\n\t\t\t\t\t<\/div>\n\t\t<\/div>\n\t\t\t\t\t<\/div>\n\t\t<\/section>\n\t\t\t\t<\/div>","protected":false},"excerpt":{"rendered":"<p>\u062a\u0627\u0645\u0631 \u0628\u062f\u0631 \u0633\u064a\u0627\u0633\u0629 \u0627\u0644\u062e\u0635\u0648\u0635\u064a\u0629 \u0633\u064a\u0627\u0633\u0629 \u0627\u0644\u062e\u0635\u0648\u0635\u064a\u0629 \u2013 \u062a\u0627\u0645\u0631 \u0628\u062f\u0631 (tamerbadr.com) \u0622\u062e\u0631 \u062a\u062d\u062f\u064a\u062b: (27 \u0645\u0627\u0631\u0633 2025) \u0645\u0631\u062d\u0628\u064b\u0627 \u0628\u0643 \u0641\u064a \u0645\u0648\u0642\u0639 \u062a\u0627\u0645\u0631 \u0628\u062f\u0631 (tamerbadr.com) (\u201c\u0627\u0644\u0645\u0648\u0642\u0639\u201d\u060c \u201c\u0646\u062d\u0646\u201d\u060c \u201c\u0644\u0646\u0627\u201d \u0623\u0648 \u201c\u062e\u0627\u0635\u062a\u0646\u0627\u201d). \u0646\u062d\u0646 \u0646\u0644\u062a\u0632\u0645 \u0628\u062d\u0645\u0627\u064a\u0629 \u062e\u0635\u0648\u0635\u064a\u062a\u0643 \u0648\u0627\u062d\u062a\u0631\u0627\u0645 \u0628\u064a\u0627\u0646\u0627\u062a\u0643 \u0627\u0644\u0634\u062e\u0635\u064a\u0629. \u062a\u0648\u0636\u062d \u0647\u0630\u0647 \u0627\u0644\u0633\u064a\u0627\u0633\u0629 \u0643\u064a\u0641\u064a\u0629 \u062c\u0645\u0639 \u0645\u0639\u0644\u0648\u0645\u0627\u062a\u0643 \u0648\u0627\u0633\u062a\u062e\u062f\u0627\u0645\u0647\u0627 \u0639\u0646\u062f \u062a\u0635\u0641\u062d \u0645\u0648\u0642\u0639\u0646\u0627 \u0623\u0648 \u0634\u0631\u0627\u0621 \u0627\u0644\u0643\u062a\u0628 \u0627\u0644\u0625\u0644\u0643\u062a\u0631\u0648\u0646\u064a\u0629 \u0645\u0646 \u0645\u062a\u062c\u0631\u0646\u0627. \u2e3b 1. \u0627\u0644\u0645\u0639\u0644\u0648\u0645\u0627\u062a \u0627\u0644\u062a\u064a \u0646\u062c\u0645\u0639\u0647\u0627 [&hellip;]<\/p>","protected":false},"author":1,"featured_media":4468,"parent":0,"menu_order":0,"comment_status":"closed","ping_status":"closed","template":"elementor_header_footer","meta":{"_seopress_robots_primary_cat":"","_seopress_titles_title":"","_seopress_titles_desc":"","_seopress_robots_index":"","inline_featured_image":false,"_uf_show_specific_survey":0,"_uf_disable_surveys":false,"footnotes":""},"class_list":["post-20178","page","type-page","status-publish","has-post-thumbnail"],"_links":{"self":[{"href":"https:\/\/tamerbadr.com\/de\/wp-json\/wp\/v2\/pages\/20178","targetHints":{"allow":["GET"]}}],"collection":[{"href":"https:\/\/tamerbadr.com\/de\/wp-json\/wp\/v2\/pages"}],"about":[{"href":"https:\/\/tamerbadr.com\/de\/wp-json\/wp\/v2\/types\/page"}],"author":[{"embeddable":true,"href":"https:\/\/tamerbadr.com\/de\/wp-json\/wp\/v2\/users\/1"}],"replies":[{"embeddable":true,"href":"https:\/\/tamerbadr.com\/de\/wp-json\/wp\/v2\/comments?post=20178"}],"version-history":[{"count":0,"href":"https:\/\/tamerbadr.com\/de\/wp-json\/wp\/v2\/pages\/20178\/revisions"}],"wp:featuredmedia":[{"embeddable":true,"href":"https:\/\/tamerbadr.com\/de\/wp-json\/wp\/v2\/media\/4468"}],"wp:attachment":[{"href":"https:\/\/tamerbadr.com\/de\/wp-json\/wp\/v2\/media?parent=20178"}],"curies":[{"name":"wp","href":"https:\/\/api.w.org\/{rel}","templated":true}]}}