{"id":20137,"date":"2025-03-19T15:40:18","date_gmt":"2025-03-19T15:40:18","guid":{"rendered":"https:\/\/white-ant-267257.hostingersite.com\/?page_id=20137"},"modified":"2025-04-06T08:18:15","modified_gmt":"2025-04-06T08:18:15","slug":"the-book-of-the-virtue-of-patience-in-the-face-of-adversity","status":"publish","type":"page","link":"https:\/\/tamerbadr.com\/de\/the-book-of-the-virtue-of-patience-in-the-face-of-adversity","title":{"rendered":"Die Tugenden der Geduld im Angesicht des Ungl\u00fccks"},"content":{"rendered":"<div data-elementor-type=\"wp-page\" data-elementor-id=\"20137\" class=\"elementor elementor-20137\" data-elementor-post-type=\"page\">\n\t\t\t\t<div class=\"elementor-element elementor-element-c8c7aab e-flex e-con-boxed e-con e-parent\" data-id=\"c8c7aab\" data-element_type=\"container\">\n\t\t\t\t\t<div class=\"e-con-inner\">\n\t\t<div class=\"elementor-element elementor-element-6483b1a e-con-full e-flex e-con e-child\" data-id=\"6483b1a\" data-element_type=\"container\">\n\t\t\t\t<div class=\"elementor-element elementor-element-6058eb2 elementor-widget elementor-widget-wc-elements\" data-id=\"6058eb2\" data-element_type=\"widget\" data-widget_type=\"wc-elements.default\">\n\t\t\t\t<div class=\"elementor-widget-container\">\n\t\t\t\t\t<div class=\"woocommerce\">\t\t\t<div class=\"single-product\" data-product-page-preselected-id=\"0\">\n\t\t\t\t<div class=\"woocommerce-notices-wrapper\"><\/div><div id=\"product-19573\" class=\"product type-product post-19573 status-publish first instock product_cat-191 has-post-thumbnail downloadable shipping-taxable purchasable product-type-simple\">\n\n\t<div class=\"woocommerce-product-gallery woocommerce-product-gallery--with-images woocommerce-product-gallery--columns-4 images\" data-columns=\"4\" style=\"opacity: 0; transition: opacity .25s ease-in-out;\">\n\t<div class=\"woocommerce-product-gallery__wrapper\">\n\t\t<div data-thumb=\"https:\/\/tamerbadr.com\/wp-content\/uploads\/2025\/03\/\u0641\u0636\u0644-\u0627\u0644\u0635\u0628\u0631-\u0639\u0644\u0649-\u0627\u0644\u0628\u0644\u0627\u0621.jpg\" data-thumb-alt=\"\u0643\u062a\u0627\u0628 \u0641\u0636\u0644 \u0627\u0644\u0635\u0628\u0631 \u0639\u0644\u064a \u0627\u0644\u0628\u0644\u0627\u0621\" data-thumb-srcset=\"\"  data-thumb-sizes=\"(max-width: 71px) 100vw, 71px\" class=\"woocommerce-product-gallery__image\"><a href=\"https:\/\/tamerbadr.com\/wp-content\/uploads\/2025\/03\/The-Value-of-Patience-on-Afflictions.jpg\"><img fetchpriority=\"high\" decoding=\"async\" width=\"480\" height=\"676\" src=\"https:\/\/tamerbadr.com\/wp-content\/uploads\/2025\/03\/The-Value-of-Patience-on-Afflictions.jpg\" class=\"wp-post-image\" alt=\"Die Tugenden der Geduld im Angesicht des Ungl\u00fccks\" data-caption=\"\" data-src=\"https:\/\/tamerbadr.com\/wp-content\/uploads\/2025\/03\/The-Value-of-Patience-on-Afflictions.jpg\" data-large_image=\"https:\/\/tamerbadr.com\/wp-content\/uploads\/2025\/03\/\u0641\u0636\u0644-\u0627\u0644\u0635\u0628\u0631-\u0639\u0644\u0649-\u0627\u0644\u0628\u0644\u0627\u0621.jpg\" data-large_image_width=\"480\" data-large_image_height=\"676\" \/><\/a><\/div><div data-thumb=\"https:\/\/tamerbadr.com\/wp-content\/uploads\/2025\/03\/\u0645\u0624\u0644\u0641\u0627\u062a-\u062a\u0627\u0645\u0631-\u0628\u062f\u0631-1-6.jpg\" data-thumb-alt=\"\u0643\u062a\u0627\u0628 \u0641\u0636\u0644 \u0627\u0644\u0635\u0628\u0631 \u0639\u0644\u064a \u0627\u0644\u0628\u0644\u0627\u0621 \u2013 Bild 2\" data-thumb-srcset=\"\"  data-thumb-sizes=\"(max-width: 92px) 100vw, 92px\" class=\"woocommerce-product-gallery__image\" data-no-translation-data-thumb-alt=\"\"><a href=\"https:\/\/tamerbadr.com\/wp-content\/uploads\/2025\/03\/\u0645\u0624\u0644\u0641\u0627\u062a-\u062a\u0627\u0645\u0631-\u0628\u062f\u0631-1-6.jpg\"><img decoding=\"async\" width=\"389\" height=\"422\" src=\"https:\/\/tamerbadr.com\/wp-content\/uploads\/2025\/03\/\u0645\u0624\u0644\u0641\u0627\u062a-\u062a\u0627\u0645\u0631-\u0628\u062f\u0631-1-6.jpg\" class=\"\" alt=\"\u0643\u062a\u0627\u0628 \u0641\u0636\u0644 \u0627\u0644\u0635\u0628\u0631 \u0639\u0644\u064a \u0627\u0644\u0628\u0644\u0627\u0621 \u2013 Bild 2\" data-caption=\"CREATOR: gd-jpeg v1.0 (using IJG JPEG v62), quality = 90\" data-src=\"https:\/\/tamerbadr.com\/wp-content\/uploads\/2025\/03\/\u0645\u0624\u0644\u0641\u0627\u062a-\u062a\u0627\u0645\u0631-\u0628\u062f\u0631-1-6.jpg\" data-large_image=\"https:\/\/tamerbadr.com\/wp-content\/uploads\/2025\/03\/\u0645\u0624\u0644\u0641\u0627\u062a-\u062a\u0627\u0645\u0631-\u0628\u062f\u0631-1-6.jpg\" data-large_image_width=\"389\" data-large_image_height=\"422\" data-no-translation-alt=\"\" \/><\/a><\/div>\t<\/div>\n<\/div>\n\n\t<div class=\"summary entry-summary\">\n\t\t<h1 class=\"product_title entry-title\">Die Tugenden der Geduld im Angesicht des Ungl\u00fccks<\/h1><p class=\"price\"><span class=\"woocommerce-Price-amount amount\"><bdi><span class=\"woocommerce-Price-currencySymbol\">EGP<\/span>40.00<\/bdi><\/span><\/p>\n\n\t\n\t<form class=\"cart\" action=\"\" method=\"post\" enctype='multipart\/form-data' data-trp-original-action=\"\">\n\t\t\n\t\t<div class=\"quantity\">\n\t\t<label class=\"screen-reader-text\" for=\"quantity_69fee63f88740\" data-no-translation=\"\" data-trp-gettext=\"\">\u0643\u062a\u0627\u0628 \u0641\u0636\u0644 \u0627\u0644\u0635\u0628\u0631 \u0639\u0644\u064a \u0627\u0644\u0628\u0644\u0627\u0621 Menge<\/label>\n\t<input\n\t\ttype=\"number\"\n\t\t\t\tid=\"quantity_69fee63f88740\"\n\t\tclass=\"input-text qty text\"\n\t\tname=\"quantity\"\n\t\tvalue=\"1\"\n\t\taria-label=\"Produktmenge\"\n\t\t\t\tmin=\"1\"\n\t\t\t\t\t\t\tstep=\"1\"\n\t\t\tplaceholder=\"\"\n\t\t\tinputmode=\"numeric\"\n\t\t\tautocomplete=\"off\" data-no-translation-aria-label=\"\"\n\t\t\t\/>\n\t<\/div>\n\n\t\t<button type=\"submit\" name=\"add-to-cart\" value=\"19573\" class=\"single_add_to_cart_button button alt\" data-no-translation=\"\" data-trp-gettext=\"\">In den Warenkorb<\/button>\n\n\t\t\n        <script>\n            document.addEventListener('DOMContentLoaded', function(){\n                document.addEventListener('click', function(event){\n                    if(!event.target.matches('.single_add_to_cart_button')){\n                        return;\n                    }\n\n                    const quantity = document.querySelector('input.qty').value || '1';\n                    const formProductVariation = document.querySelector('form[data-product_variations]')\n                    const variationItem = document.querySelector('.variation_id')\n\n                    let price = 40\n                    if(formProductVariation && variationItem){\n                        try{\n                            const variations = JSON.parse(formProductVariation.dataset.product_variations)\n                            const variationId = variationItem.value\n                            for(const variation of variations){\n                                if(variation.variation_id == Number(variationId)){\n                                    price = variation.display_price\n                                }\n                            }\n                        }\n                        catch{\n                        }\n                    }\n\n                    gtag('event', 'add_to_cart', {\n                        'items': [ {\n                            'item_id':'19573',\n                            'item_name': '\u0643\u062a\u0627\u0628 \u0641\u0636\u0644 \u0627\u0644\u0635\u0628\u0631 \u0639\u0644\u064a \u0627\u0644\u0628\u0644\u0627\u0621',\n                            'list_name': '\u0643\u062a\u0627\u0628 \u0641\u0636\u0644 \u0627\u0644\u0635\u0628\u0631 \u0639\u0644\u064a \u0627\u0644\u0628\u0644\u0627\u0621',\n                            'quantity': quantity,\n                            'price': price,\n                            \"item_category\":\"\u062f\u064a\u0646 \u0625\u0633\u0644\u0627\u0645\u064a\"\n                        }]\n                    });\n                })\n            });\n        <\/script>\n        \t<input type=\"hidden\" name=\"trp-form-language\" value=\"de\"\/><\/form>\n\n\t\n<div class=\"product_meta\">\n\n\t\n\t\n\t<span class=\"posted_in\">Kategorie: <a href=\"https:\/\/tamerbadr.com\/de\/produkt-kategorie\/%d8%af%d9%8a%d9%86-%d8%a5%d8%b3%d9%84%d8%a7%d9%85%d9%8a\" rel=\"tag\">islamische Religion<\/a><\/span>\n\t\n\t\n<\/div>\n\t<\/div>\n\n\t\n\t<div class=\"woocommerce-tabs wc-tabs-wrapper\">\n\t\t<ul class=\"tabs wc-tabs\" role=\"tablist\">\n\t\t\t\t\t\t\t<li role=\"presentation\" class=\"description_tab\" id=\"tab-title-description\">\n\t\t\t\t\t<a href=\"#tab-description\" role=\"tab\" aria-controls=\"tab-description\">\n\t\t\t\t\t\tBeschreibung\t\t\t\t\t<\/a>\n\t\t\t\t<\/li>\n\t\t\t\t\t\t\t<li role=\"presentation\" class=\"reviews_tab\" id=\"tab-title-reviews\">\n\t\t\t\t\t<a href=\"#tab-reviews\" role=\"tab\" aria-controls=\"tab-reviews\">\n\t\t\t\t\t\tBewertungen (0)\t\t\t\t\t<\/a>\n\t\t\t\t<\/li>\n\t\t\t\t\t<\/ul>\n\t\t\t\t\t<div class=\"woocommerce-Tabs-panel woocommerce-Tabs-panel--description panel entry-content wc-tab\" id=\"tab-description\" role=\"tabpanel\" aria-labelledby=\"tab-title-description\">\n\t\t\t\t\n\t<h2 data-no-translation=\"\" data-trp-gettext=\"\">Beschreibung<\/h2>\n\n<h1 style=\"text-align: center;\"><strong>Scheich Mohammed Hassans Einleitung zu dem Buch Die Tugend der Geduld<\/strong><\/h1>\n<h1 style=\"text-align: center;\">Alhamdulillah, Frieden und Segen seien auf dem Gesandten Allahs, m\u00f6ge Allah ihn segnen und ihm Frieden gew\u00e4hren.<\/h1>\n<h1 style=\"text-align: center;\">Gott hat die Geduld zu einer unaufhaltsamen Armee gemacht, zu einer unbesiegbaren Armee und zu einer Festung, die nicht zerst\u00f6rt werden kann. Er sagte, dass diejenigen, die geduldig sind, in der Gesellschaft Allahs sind, und Er liebt sie, und was f\u00fcr eine W\u00fcrde!<\/h1>\n<h1 style=\"text-align: center;\">Der Allm\u00e4chtige sagte: Allah ist mit den Geduldigen [Al-Baqarah: 153].<\/h1>\n<h1 style=\"text-align: center;\">Und Allah liebt die Geduldigen [Al-Imran: 146].<\/h1>\n<h1 style=\"text-align: center;\">Er machte die F\u00fchrung in der Religion von Geduld und Gewissheit abh\u00e4ngig: \"Und Wir machten unter ihnen Imame, die auf Unser Gehei\u00df leiten, wenn sie geduldig sind und an Unsere Offenbarungen glauben\" [Al-Sajda: 24].<\/h1>\n<h1 style=\"text-align: center;\">Er hat f\u00fcr die Geduldigen diese frohe Botschaft gesammelt, die er f\u00fcr die anderen nicht gesammelt hat: Und Wir werden euch auf die Probe stellen mit etwas Angst und Hunger und einem Mangel an Reichtum, Leben und Fr\u00fcchten, und eine gute Nachricht f\u00fcr die Geduldigen (155), die, wenn ein Ungl\u00fcck \u00fcber sie hereinbricht, sagen: \"Wir sind Allah, und zu Ihm werden wir zur\u00fcckkehren (156). Das sind diejenigen, die Gebete von ihrem Herrn haben, und Barmherzigkeit, und das sind diejenigen, die rechtgeleitet sind (157)\" [Al-Baqarah].<\/h1>\n<h1 style=\"text-align: center;\">Dann erl\u00e4uterte er die Ehre der geduldigen Menschen im Paradies, wobei die Engel das Paradies betreten, um sie zu begr\u00fc\u00dfen und sie zu gr\u00fc\u00dfen, indem er sagte: \"Und die Engel werden sie von jeder T\u00fcr aus betreten (23) Friede sei mit euch f\u00fcr das, was ihr ertragen habt, denn gut ist der Lohn f\u00fcr diejenigen, die geduldig sind (24) ([Al-Ra'd]) [Al-Ra'd].<\/h1>\n<h1 style=\"text-align: center;\">Er fasste ihre unbegrenzte Gunst und Belohnung zusammen, indem er sagte: Diejenigen, die geduldig sind, werden ihren Lohn erhalten, ohne zu rechnen [Al-Zamar: 10].<\/h1>\n<h1 style=\"text-align: center;\">Ja, Geduld ist, wie ihr Name schon sagt, bitter, aber ihre Folgen sind s\u00fc\u00dfer als Honig.<\/h1>\n<h1 style=\"text-align: center;\">Was ist Geduld?<\/h1>\n<h1 style=\"text-align: center;\">Geduld in der Sprache: Sie ist die Vorbeugung und Begrenzung.<\/h1>\n<h1 style=\"text-align: center;\">Geduld ist ein Rechtsbegriff: Es ist die Zur\u00fcckhaltung der Seele, nicht in Panik zu geraten, die Zur\u00fcckhaltung der Zunge, nicht zu klagen, und die Zur\u00fcckhaltung der Glieder, nicht zu s\u00fcndigen.<\/h1>\n<h1 style=\"text-align: center;\">* Sie ist in drei Abschnitte unterteilt:<\/h1>\n<h1 style=\"text-align: center;\">- Geduld f\u00fcr das, was befohlen wird. Das hei\u00dft, Geduld im Gehorsam.<\/h1>\n<h1 style=\"text-align: center;\">- Geduld mit dem Verbotenen. Das hei\u00dft, Geduld gegen die S\u00fcnde.<\/h1>\n<h1 style=\"text-align: center;\">- Geduld f\u00fcr das, was vorherbestimmt ist. Das hei\u00dft, Geduld mit dem Ungl\u00fcck und den Pr\u00fcfungen, die Allah f\u00fcr den Sklaven bestimmt hat.<\/h1>\n<h1 style=\"text-align: center;\">Die sch\u00f6ne Geduld ist diejenige, die das Antlitz Allahs sucht, nicht aus Furcht vor den Menschen, damit sie nicht \"jazza'a\" sagen, und auch nicht, um sich den Menschen zuliebe zu versch\u00f6nern, damit sie \"Geduld\" sagen, sondern um geduldig zu sein, an das gute und b\u00f6se Schicksal Allahs zu glauben, den Schmerz zu \u00fcberwinden und sich \u00fcber die Klage zu erheben.<\/h1>\n<h1 style=\"text-align: center;\">Es gibt zwei Arten von Beschwerden:<\/h1>\n<h1 style=\"text-align: center;\">Eine Klage bei Gott und eine Klage von Gott!<\/h1>\n<h1 style=\"text-align: center;\">Sich bei Allah zu beschweren, steht nicht im Widerspruch zur Geduld, wie Allah \u00fcber Ya'qub, Friede sei mit ihm, sagte: \"Geduld ist sch\u00f6n, und Allah ist unsere Hilfe gegen das, was ihr beschreibt\" [Yusuf: 18].<\/h1>\n<h1 style=\"text-align: center;\">Dennoch erhob er seine Klage zu Gott und sagte: \"Ich klage nur bei Allah \u00fcber meinen Kummer und mein Leid\" [Yusuf: 86].<\/h1>\n<h1 style=\"text-align: center;\">Gott, der Allm\u00e4chtige, lobte Hiob, Friede sei mit ihm, und doch erhob er seine Klage zu Gott und sagte: \"Und Ayyub, als er seinen Herrn anrief und sagte: 'Ich bin von Not geplagt, und Du bist der Barmherzigste der Barmherzigen'\" [Al-Anbiya: 83].<\/h1>\n<h1 style=\"text-align: center;\">Der vern\u00fcnftige Gl\u00e4ubige muss wissen, dass die Welt ein Ort der Pr\u00fcfung ist und ihr Gl\u00fcck ein Traum des Schlafes und ein fl\u00fcchtiger Schatten, wenn sie dich ein wenig zum Lachen bringt, bringt sie dich viel zum Weinen, wenn sie dich f\u00fcr einen Tag gl\u00fccklich macht, macht sie dich f\u00fcr ein ganzes Leben traurig, wenn sie dich f\u00fcr ein wenig gl\u00fccklich macht, macht sie dich f\u00fcr eine lange Zeit traurig, und f\u00fcr jede Freude gibt es einen Schmerz!<\/h1>\n<h1 style=\"text-align: center;\">Der Weise ist derjenige, der mit den Augen seiner Vision und dem Licht seines Glaubens schaut und mit Sicherheit wei\u00df, dass das, was f\u00fcr ihn richtig ist, f\u00fcr ihn nicht falsch gewesen w\u00e4re, und dass das, was f\u00fcr ihn falsch ist, f\u00fcr ihn nicht richtig gewesen w\u00e4re, also schaut er auf das Buch Allahs, des Allm\u00e4chtigen, und die Sunna Seines Gesandten (Friede sei mit ihm), um den Lohn f\u00fcr den Geduldigen herauszufinden.<\/h1>\n<h1 style=\"text-align: center;\">Dann soll er das Feuer des Unheils und der Pr\u00fcfungen mit der Gelassenheit der Nachahmung des Volkes der Bedr\u00e4nger, an dessen Spitze die Gesandten und Propheten stehen, ausl\u00f6schen.<\/h1>\n<h1 style=\"text-align: center;\">Wenn er dann unter den Menschen auf der Erde sucht, wird er niemanden unter ihnen finden, der nicht vom Verlust eines geliebten Gegenstandes oder vom Auftreten eines verhassten Gegenstandes betroffen ist!<\/h1>\n<h1 style=\"text-align: center;\">In einer Zeit, in der es viele Pr\u00fcfungen und Schwierigkeiten gibt, brauchen wir st\u00e4ndige Ermahnungen.<\/h1>\n<h1 style=\"text-align: center;\">Dank der Geduld mit dem Leid, Erkennen der Weisheit des Leids, Erkennen der Arten des Leids, Nachahmen des Beispiels der Propheten und Apostel und andere wichtige Fragen im Zusammenhang mit diesem ehrw\u00fcrdigen Thema.<\/h1>\n<h1 style=\"text-align: center;\">M\u00f6ge Allah ihn gut belohnen und uns und ihn zu einem der Geduldigen machen, und m\u00f6ge Allah uns allen die Augen \u00f6ffnen, um diese Religion zu unterst\u00fctzen, und m\u00f6ge Allah dem Imam der Propheten und seiner Familie und seinen Gef\u00e4hrten Frieden und Segen schenken.<\/h1>\n<h1 style=\"text-align: center;\">von ihm geschrieben<\/h1>\n\t\t\t<\/div>\n\t\t\t\t\t<div class=\"woocommerce-Tabs-panel woocommerce-Tabs-panel--reviews panel entry-content wc-tab\" id=\"tab-reviews\" role=\"tabpanel\" aria-labelledby=\"tab-title-reviews\">\n\t\t\t\t<div id=\"reviews\" class=\"woocommerce-Reviews\">\n\t<div id=\"comments\">\n\t\t<h2 class=\"woocommerce-Reviews-title\">\n\t\t\tRezensionen\t\t<\/h2>\n\n\t\t\t\t\t<p class=\"woocommerce-noreviews\" data-no-translation=\"\" data-trp-gettext=\"\">Es gibt noch keine Rezensionen.<\/p>\n\t\t\t<\/div>\n\n\t\t\t<div id=\"review_form_wrapper\">\n\t\t\t<div id=\"review_form\">\n\t\t\t\t\t<div id=\"respond\" class=\"comment-respond\">\n\t\t<span id=\"reply-title\" class=\"comment-reply-title\" role=\"heading\" aria-level=\"3\">Schreibe die erste Rezension f\u00fcr \u201e\u0643\u062a\u0627\u0628 \u0641\u0636\u0644 \u0627\u0644\u0635\u0628\u0631 \u0639\u0644\u064a \u0627\u0644\u0628\u0644\u0627\u0621\u201c <small><a rel=\"nofollow\" id=\"cancel-comment-reply-link\" href=\"\/de\/wp-json\/wp\/v2\/pages\/20137#respond\" style=\"display:none;\">Antwort abbrechen<\/a><\/small><\/span><p class=\"must-log-in\" data-no-translation=\"\" data-trp-gettext=\"\">Du musst <a href=\"https:\/\/tamerbadr.com\/de\/\">angemeldet<\/a> sein, um eine Rezension ver\u00f6ffentlichen zu k\u00f6nnen.<\/p>\t<\/div><!-- #respond -->\n\t\t\t\t<\/div>\n\t\t<\/div>\n\t\n\t<div class=\"clear\"><\/div>\n<\/div>\n\t\t\t<\/div>\n\t\t\n\t\t\t<\/div>\n\n<\/div>\n\n\t\t\t<\/div>\n\t\t\t<\/div>\t\t\t\t<\/div>\n\t\t\t\t<\/div>\n\t\t\t\t<\/div>\n\t\t\t\t\t<\/div>\n\t\t\t\t<\/div>\n\t\t\t\t<\/div>","protected":false},"excerpt":{"rendered":"","protected":false},"author":1,"featured_media":0,"parent":0,"menu_order":0,"comment_status":"closed","ping_status":"closed","template":"elementor_header_footer","meta":{"_seopress_robots_primary_cat":"","_seopress_titles_title":"","_seopress_titles_desc":"","_seopress_robots_index":"","inline_featured_image":false,"_uf_show_specific_survey":0,"_uf_disable_surveys":false,"footnotes":""},"class_list":["post-20137","page","type-page","status-publish"],"_links":{"self":[{"href":"https:\/\/tamerbadr.com\/de\/wp-json\/wp\/v2\/pages\/20137","targetHints":{"allow":["GET"]}}],"collection":[{"href":"https:\/\/tamerbadr.com\/de\/wp-json\/wp\/v2\/pages"}],"about":[{"href":"https:\/\/tamerbadr.com\/de\/wp-json\/wp\/v2\/types\/page"}],"author":[{"embeddable":true,"href":"https:\/\/tamerbadr.com\/de\/wp-json\/wp\/v2\/users\/1"}],"replies":[{"embeddable":true,"href":"https:\/\/tamerbadr.com\/de\/wp-json\/wp\/v2\/comments?post=20137"}],"version-history":[{"count":0,"href":"https:\/\/tamerbadr.com\/de\/wp-json\/wp\/v2\/pages\/20137\/revisions"}],"wp:attachment":[{"href":"https:\/\/tamerbadr.com\/de\/wp-json\/wp\/v2\/media?parent=20137"}],"curies":[{"name":"wp","href":"https:\/\/api.w.org\/{rel}","templated":true}]}}