{"id":19582,"date":"2025-03-16T21:56:12","date_gmt":"2025-03-16T21:56:12","guid":{"rendered":"https:\/\/white-ant-267257.hostingersite.com\/?post_type=product&#038;p=19582"},"modified":"2025-07-13T07:21:17","modified_gmt":"2025-07-13T07:21:17","slug":"unforgettable-countries-book","status":"publish","type":"product","link":"https:\/\/tamerbadr.com\/da\/vare\/unforgettable-countries-book","title":{"rendered":"Uforglemmelige lande - bog"},"content":{"rendered":"<h1 style=\"text-align: center;\"><strong>Introduktion af professor Dr. Ragheb El-Sergany til bogen &quot;Uforglemmelige lande&quot;<\/strong><\/h1>\n<h1 style=\"text-align: center;\">Mange forvr\u00e6ngere og forfalskere spreder ideen om, at islamisk historie ikke indeholder en glorv\u00e6rdig fortid, undtagen i Sendebuddets periode, m\u00e5 Gud velsigne ham og give ham fred, Abu Bakr og Umar, m\u00e5 Gud v\u00e6re tilfreds med dem. Denne forfalskning er kun for at sprede frustration i muslimernes hjerter og f\u00e5 dem til at f\u00f8le, at muligheden for deres opr\u00f8r er blevet meget fjern, og at den islamiske tilgang er ude af stand til at opbygge en stat eller genoplive en nation. Alt dette er i strid med sandheden og langt fra sandheden. Derfor er der et presserende behov for at forklare de forskellige stadier af vores nations historie, og at nationen, uanset hvor svag den bliver, vil rejse sig igen, og hvis dens banner falder \u00e9t sted, vil dens bannere blive hejst andre steder. Og at Guds lov er, at der vil forblive oprigtige muslimer, der opretholder denne nations sag og bevarer dens v\u00e6rdighed. Dette er sandheden i Guds Sendebuds hadith, m\u00e5 Gud velsigne ham og give ham fred: &quot;En gruppe af min nation vil altid sejre over den, der...&quot;<\/h1>\n<h1 style=\"text-align: center;\">De vil angribe dem og besejre dem, og de, der mods\u00e6tter sig dem, vil ikke skade dem, f\u00f8r Allahs befaling kommer til dem, og de vil forblive s\u00e5dan. (Fortalt af Al-Bukhari og Muslim)<\/h1>\n<h1 style=\"text-align: center;\">Guds sendebud, m\u00e5 Gud velsigne ham og give ham fred, satte et stort eksempel for os i at etablere en stat og opbygge en nation. Derved st\u00f8dte han sammen med de undertrykkende kr\u00e6fter, der eksisterede p\u00e5 det tidspunkt, som var repr\u00e6senteret af de vantro p\u00e5 den arabiske halv\u00f8, anf\u00f8rt af de vantro i Mekka, og j\u00f8derne med deres forskellige stammer, s\u00e5vel som det gigantiske romerske imperium. Trods dette forf\u00e6rdelige sammenst\u00f8d bestemte Gud den Alm\u00e6gtige sejr og succes for ham, indtil hans stat var etableret som en ung og stolt nation.<\/h1>\n<h1 style=\"text-align: center;\">Efter Allahs Sendebud, fred og velsignelser v\u00e6re med ham, byggede de retledte kaliffer en st\u00e6rk og stor stat, der var i stand til at \u00f8del\u00e6gge Khosraus og C\u00e6sars troner, og som var i stand til at placere muslimerne i verdens forreste r\u00e6kke, og som overgik alle politisk, \u00f8konomisk, videnskabeligt, kulturelt og moralsk. F\u00f8r og efter alt dette overgik den dem i doktrin, s\u00e5 den var i stand til at reformere sin verden med sin religion og h\u00e6ve livsstandarden i sin stat med sin Herres lov, og opn\u00e5ede den vanskelige ligning, der kombinerer lykke i begge verdener: denne verden og det hinsides.<\/h1>\n<h1 style=\"text-align: center;\">Den islamiske nations rejse stoppede ikke p\u00e5 de retledte kaliffers tid, men fortsatte snarere sin civilisationsrejse med store og \u00e6dle nationer, der opn\u00e5ede \u00e6re og herlighed og h\u00e6vede muslimernes navn h\u00f8jt overalt. Der var de umayyadiske og abbasidiske kalifater, de ayyubidiske og mamlukiske stater, det store osmanniske kalifat og de mange magtfulde nationer i Andalusiens historie. Der var andre nationer hist og her, der \u00e6ndrede menneskehedens kurs med en vidunderlig, positiv forandring, der bidrager til denne gigantiske nations, den islamiske nations, \u00e6re.<\/h1>\n<h1 style=\"text-align: center;\">Denne str\u00e5lende historie er den bedste historie i hele verden, men kun f\u00e5 mennesker kender til den. Desv\u00e6rre er selv muslimer uvidende om denne glorv\u00e6rdige historie. Derfor bliver jeg meget glad, n\u00e5r jeg ser en bog eller et hvilket som helst litter\u00e6rt eller kunstnerisk v\u00e6rk, der gengiver det sande billede af deres glorv\u00e6rdige historie til muslimer og forst\u00e6rker deres stolthed og \u00e6re i denne \u00e6dle nation.<\/h1>\n<h1 style=\"text-align: center;\">Vi har foran os en af disse v\u00e6rdifulde b\u00f8ger, hvis forfatter, hr. Tamer Badr, var ivrig efter at spore de forskellige stadier af storhedstid i vores historie fra begyndelse til slut, pr\u00e6sentere os for nogle af de store skatte i denne historie og fort\u00e6lle os om historien om adskillige islamiske lande, der har h\u00e6vet muslimernes navn h\u00f8jt i himlen.<\/h1>\n<h1 style=\"text-align: center;\">Det er en smuk bog, elegant skrevet og smukt pr\u00e6senteret, der indeholder et v\u00e6ld af pr\u00e6cise oplysninger, og som tilf\u00f8jer en smuk bog til vores islamiske bibliotek, som enhver muslim vil v\u00e6re stolt af.<\/h1>\n<h1 style=\"text-align: center;\">O Gud, g\u00f8r denne indsats til en god gerning for forfatteren, og g\u00f8r disse linjer til en god gerning for enhver, der l\u00e6ser dem ...<\/h1>\n<h1 style=\"text-align: center;\">Jeg beder Gud om at herligg\u00f8re islam og muslimer<\/h1>\n<h1 style=\"text-align: center;\">Professor Dr. Ragheb Al-Sergani<\/h1>\n<h1 style=\"text-align: center;\">Kairo, maj 2012<\/h1>","protected":false},"excerpt":{"rendered":"<p>\u0645\u0642\u062f\u0645\u0629 \u0627\u0644\u0627\u0633\u062a\u0627\u0630 \u0627\u0644\u062f\u0643\u062a\u0648\u0631 \u0631\u0627\u063a\u0628 \u0627\u0644\u0633\u0631\u062c\u0627\u0646\u064a \u0644\u0643\u062a\u0627\u0628 \u062f\u0648\u0644 \u0644\u0627 \u062a\u0646\u0633\u0649 \u064a\u0634\u064a\u0639 \u0643\u062b\u064a\u0631 \u0645\u0646 \u0627\u0644\u0645\u062d\u0631\u0641\u064a\u0646 \u0648\u0627\u0644\u0645\u0632\u0648\u0631\u064a\u0646 \u0623\u0646 \u0627\u0644\u062a\u0627\u0631\u064a\u062e \u0627\u0644\u0625\u0633\u0644\u0627\u0645\u064a \u0644\u0627 \u064a\u062d\u0648\u064a \u0645\u0627\u0636\u064a\u0627 \u0645\u062c\u064a\u062f\u0627\u061b \u0625\u0644\u0627 \u0641\u064a \u0641\u062a\u0631\u0629 \u0627\u0644\u0631\u0633\u0648\u0644 \ufdfa \u0648\u0623\u0628\u064a \u0628\u0643\u0631 \u0648\u0639\u0645\u0631 \u0631\u0636\u064a \u0627\u0644\u0644\u0647 \u0639\u0646\u0647\u0645\u0627 \u060c \u0648\u0644\u064a\u0633 \u0647\u0630\u0627 \u0627\u0644\u062a\u0632\u0648\u064a\u0631 \u0625\u0644\u0627 \u0644\u0628\u062b \u0627\u0644\u0625\u062d\u0628\u0627\u0637 \u0641\u064a \u0642\u0644\u0648\u0628 \u0627\u0644\u0645\u0633\u0644\u0645\u064a\u0646 \u0648\u0625\u0634\u0639\u0627\u0631\u0647\u0645 \u0623\u0646 \u0627\u062d\u062a\u0645\u0627\u0644\u064a\u0629 \u0642\u064a\u0627\u0645\u0647\u0645 \u0635\u0627\u0631\u062a \u0628\u0639\u064a\u062f\u0629 \u062c\u062f\u0627\u060c \u0648\u0623\u0646 \u0627\u0644\u0645\u0646\u0647\u062c \u0627\u0644\u0625\u0633\u0644\u0627\u0645\u064a \u063a\u064a\u0631 \u0642\u0627\u062f\u0631 \u0639\u0644\u0649 [&hellip;]<\/p>","protected":false},"featured_media":19690,"comment_status":"open","ping_status":"closed","template":"","meta":{"_seopress_robots_primary_cat":"","_seopress_titles_title":"","_seopress_titles_desc":"","_seopress_robots_index":"","inline_featured_image":false,"_uf_show_specific_survey":0,"_uf_disable_surveys":false},"product_brand":[],"product_cat":[190],"product_tag":[],"class_list":{"0":"post-19582","1":"product","2":"type-product","3":"status-publish","4":"has-post-thumbnail","6":"product_cat-190","8":"first","9":"instock","10":"downloadable","11":"shipping-taxable","12":"purchasable","13":"product-type-simple"},"_links":{"self":[{"href":"https:\/\/tamerbadr.com\/da\/wp-json\/wp\/v2\/product\/19582","targetHints":{"allow":["GET"]}}],"collection":[{"href":"https:\/\/tamerbadr.com\/da\/wp-json\/wp\/v2\/product"}],"about":[{"href":"https:\/\/tamerbadr.com\/da\/wp-json\/wp\/v2\/types\/product"}],"replies":[{"embeddable":true,"href":"https:\/\/tamerbadr.com\/da\/wp-json\/wp\/v2\/comments?post=19582"}],"wp:featuredmedia":[{"embeddable":true,"href":"https:\/\/tamerbadr.com\/da\/wp-json\/wp\/v2\/media\/19690"}],"wp:attachment":[{"href":"https:\/\/tamerbadr.com\/da\/wp-json\/wp\/v2\/media?parent=19582"}],"wp:term":[{"taxonomy":"product_brand","embeddable":true,"href":"https:\/\/tamerbadr.com\/da\/wp-json\/wp\/v2\/product_brand?post=19582"},{"taxonomy":"product_cat","embeddable":true,"href":"https:\/\/tamerbadr.com\/da\/wp-json\/wp\/v2\/product_cat?post=19582"},{"taxonomy":"product_tag","embeddable":true,"href":"https:\/\/tamerbadr.com\/da\/wp-json\/wp\/v2\/product_tag?post=19582"}],"curies":[{"name":"wp","href":"https:\/\/api.w.org\/{rel}","templated":true}]}}