{"id":19581,"date":"2025-03-16T21:53:58","date_gmt":"2025-03-16T21:53:58","guid":{"rendered":"https:\/\/white-ant-267257.hostingersite.com\/?post_type=product&#038;p=19581"},"modified":"2025-07-13T07:21:59","modified_gmt":"2025-07-13T07:21:59","slug":"unforgettable-leaders-book","status":"publish","type":"product","link":"https:\/\/tamerbadr.com\/da\/vare\/unforgettable-leaders-book","title":{"rendered":"Bogen &quot;Uforglemmelige ledere&quot;"},"content":{"rendered":"<h1 style=\"text-align: center;\"><strong>Introduktion af professor Dr. Ragheb El-Sergany til bogen Uforglemmelige ledere<\/strong><\/h1>\n<h1 style=\"text-align: center;\">I den islamiske nations historie er der m\u00e6nd, der har belyst historien for dem, der kom efter dem, m\u00e6nd, der udm\u00e6rkede sig p\u00e5 alle omr\u00e5der.<\/h1>\n<h1 style=\"text-align: center;\">M\u00e5ske vil du ikke finde s\u00e5 mange str\u00e5lende skikkelser i nogen nations historie. P\u00e5 Ibn Umars autoritet, m\u00e5 Gud v\u00e6re tilfreds med ham, som sagde: Guds sendebud, m\u00e5 Gud velsigne ham og give ham fred, sagde: &quot;Du vil finde mennesker samlet p\u00e5 hundrede steder, og ikke en eneste mand vil finde et ridedyr iblandt dem.&quot; Fortalt af Al-Bukhari og Muslim.<\/h1>\n<h1 style=\"text-align: center;\">S\u00e5 de fremtr\u00e6dende m\u00e6nd i den generelle historie er f\u00e5, men mange af disse f\u00e5 er dukket op og har udm\u00e6rket sig i islamisk historie og islamisk civilisation.<\/h1>\n<h1 style=\"text-align: center;\">Islamisk Stat blev f\u00f8dt af modige, heroiske mujahediner. Islamisk historie har vidst, hvor mange ledere der opstod og f\u00f8rte islamiske h\u00e6re til store sejre, takket v\u00e6re Gud den Alm\u00e6gtige, og dern\u00e6st takket v\u00e6re deres genialitet og mod!<\/h1>\n<h1 style=\"text-align: center;\">Alder var ikke en faktor i bestemmelsen af ledere i islam, men snarere kompetence og evner. Guds sendebud, m\u00e5 Gud velsigne ham og give ham fred, valgte Usama bin Zaid, som var atten \u00e5r gammel, til at lede en h\u00e6r for at bek\u00e6mpe romerne, og under hans kommando var Abu Bakr og Umar bin Al-Khattab.<\/h1>\n<h1 style=\"text-align: center;\">At v\u00e6re den f\u00f8rste til at omfavne islam var heller ikke en faktor. Guds sendebud, m\u00e5 Gud velsigne ham og give ham fred, udn\u00e6vnte Amr ibn al-Aas (m\u00e5 Gud v\u00e6re tilfreds med ham) til at v\u00e6re over de \u00e6ldre ledsagere i slaget ved Dhat al-Salasil, selvom han kun var konverteret til islam et par dage tidligere. Ligeledes ledte Khalid ibn al-Walid (m\u00e5 Gud v\u00e6re tilfreds med ham) de \u00e6ldre ledsagere i slaget ved Mu&#039;tah, selvom han for nylig var konverteret til islam.<\/h1>\n<h1 style=\"text-align: center;\">Kriterierne for udv\u00e6lgelse af ledere i islamisk historie var objektive og udelukkende relateret til kompetence. Derfor har den islamiske civilisation gennem hele sin historie produceret exceptionelle ledere, der var uovertrufne.<\/h1>\n<h1 style=\"text-align: center;\">Derefter l\u00e6rte muslimer, at de skulle forberede fremtidige ledere; derfor finder vi udbredelsen af tr\u00e6ning i hestekunst, jihad og bueskydning.<\/h1>\n<h1 style=\"text-align: center;\">Lederskabets historie i islam er rig p\u00e5 dybe betydninger, begreber og unikke personligheder; deraf vigtigheden af denne bog.<\/h1>\n<h1 style=\"text-align: center;\">Forfatteren, broder Tamer Badr - m\u00e5 Gud beskytte ham - var interesseret i at spore biografierne om muslimske ledere og pr\u00e6senterede dem for os i...<\/h1>\n<h1 style=\"text-align: center;\">En let, elegant og pr\u00e6cis stil, hvor han uddrog de vigtigste pointer, som nationen har brug for for at forst\u00e5, hvordan den var.<\/h1>\n<h1 style=\"text-align: center;\">Ledere er forberedte, s\u00e5 du kan frembringe nye generationer af dem.<\/h1>\n<h1 style=\"text-align: center;\">Som forfatteren har v\u00e6nnet os til i sin forrige bog (Uforglemmelige dage), vil du finde bogen medrivende i stil. N\u00e5r du f\u00f8rst begynder at l\u00e6se den, vil du f\u00f8le dig tvunget til at forts\u00e6tte til slutningen.<\/h1>\n<h1 style=\"text-align: center;\">Jeg beder Gud den Alm\u00e6gtige om at acceptere forfatterens indsats i sin bog, at give bogen accept og at gavne muslimer gennem den. Han er Beskytteren af det og er i stand til at g\u00f8re det.<\/h1>\n<h1 style=\"text-align: center;\">\u00a0Professor Dr. Ragheb Al-Sergani<\/h1>\n<h1 style=\"text-align: center;\">Kairo i november 2011<\/h1>","protected":false},"excerpt":{"rendered":"<p>\u0645\u0642\u062f\u0645\u0629 \u0627\u0644\u0627\u0633\u062a\u0627\u0630 \u0627\u0644\u062f\u0643\u062a\u0648\u0631 \u0631\u0627\u063a\u0628 \u0627\u0644\u0633\u0631\u062c\u0627\u0646\u064a \u0644\u0643\u062a\u0627\u0628 \u0642\u0627\u062f\u0629 \u0644\u0627 \u062a\u0646\u0633\u0649 \u0641\u064a \u062a\u0627\u0631\u064a\u062e \u0623\u064f\u0645\u0629 \u0627\u0644\u0625\u0633\u0644\u0627\u0645 \u0631\u062c\u0627\u0644 \u0623\u0636\u0627\u0621\u0648\u0627 \u0627\u0644\u062a\u0627\u0631\u064a\u062e \u0644\u0645\u0646 \u062c\u0627\u0621 \u0628\u0639\u062f\u0647\u0645\u060c \u0631\u062c\u0627\u0644 \u062a\u0645\u064a\u0632\u0648\u0627 \u0641\u064a \u0643\u0644 \u0645\u062c\u0627\u0644\u060c \u0648\u0631\u0628\u0645\u0627 \u0644\u0627 \u062a\u062c\u062f \u0641\u064a \u062a\u0627\u0631\u064a\u062e \u0623\u064f\u0645\u0629 \u0645\u0646 \u0627\u0644\u0623\u0645\u0645 \u0647\u0630\u0627 \u0627\u0644\u0639\u062f\u062f \u0645\u0646 \u0627\u0644\u0631\u0645\u0648\u0632 \u0627\u0644\u0644\u0627\u0645\u0639\u0629\u061b \u0641\u0639\u0646 \u0627\u0628\u0646 \u0639\u0645\u0631 \u0631\u0636\u064a \u0627\u0644\u0644\u0647 \u0639\u0646\u0647 \u0642\u0627\u0644: \u0642\u0627\u0644 \u0631\u0633\u0648\u0644 \u0627\u0644\u0644\u0647 \ufdfa: \u00ab\u062a\u064e\u062c\u0650\u062f\u064f\u0648\u0646\u064e \u0627\u0644\u0646\u0651\u064e\u0627\u0633\u064e \u0643\u064e\u0627\u0628\u0650\u0644 \u0645\u0650\u0627\u0626\u064e\u0629\u064d \u0644\u064e\u0627 \u064a\u064e\u062c\u0650\u062f\u064f \u0627\u0644\u0631\u0651\u064e\u062c\u064f\u0644\u064f [&hellip;]<\/p>","protected":false},"featured_media":19693,"comment_status":"open","ping_status":"closed","template":"","meta":{"_seopress_robots_primary_cat":"","_seopress_titles_title":"","_seopress_titles_desc":"","_seopress_robots_index":"","inline_featured_image":false,"_uf_show_specific_survey":0,"_uf_disable_surveys":false},"product_brand":[],"product_cat":[189],"product_tag":[],"class_list":{"0":"post-19581","1":"product","2":"type-product","3":"status-publish","4":"has-post-thumbnail","6":"product_cat-189","8":"first","9":"instock","10":"downloadable","11":"shipping-taxable","12":"purchasable","13":"product-type-simple"},"_links":{"self":[{"href":"https:\/\/tamerbadr.com\/da\/wp-json\/wp\/v2\/product\/19581","targetHints":{"allow":["GET"]}}],"collection":[{"href":"https:\/\/tamerbadr.com\/da\/wp-json\/wp\/v2\/product"}],"about":[{"href":"https:\/\/tamerbadr.com\/da\/wp-json\/wp\/v2\/types\/product"}],"replies":[{"embeddable":true,"href":"https:\/\/tamerbadr.com\/da\/wp-json\/wp\/v2\/comments?post=19581"}],"wp:featuredmedia":[{"embeddable":true,"href":"https:\/\/tamerbadr.com\/da\/wp-json\/wp\/v2\/media\/19693"}],"wp:attachment":[{"href":"https:\/\/tamerbadr.com\/da\/wp-json\/wp\/v2\/media?parent=19581"}],"wp:term":[{"taxonomy":"product_brand","embeddable":true,"href":"https:\/\/tamerbadr.com\/da\/wp-json\/wp\/v2\/product_brand?post=19581"},{"taxonomy":"product_cat","embeddable":true,"href":"https:\/\/tamerbadr.com\/da\/wp-json\/wp\/v2\/product_cat?post=19581"},{"taxonomy":"product_tag","embeddable":true,"href":"https:\/\/tamerbadr.com\/da\/wp-json\/wp\/v2\/product_tag?post=19581"}],"curies":[{"name":"wp","href":"https:\/\/api.w.org\/{rel}","templated":true}]}}