{"id":19575,"date":"2025-03-16T21:38:04","date_gmt":"2025-03-16T21:38:04","guid":{"rendered":"https:\/\/white-ant-267257.hostingersite.com\/?post_type=product&#038;p=19575"},"modified":"2025-07-13T07:22:37","modified_gmt":"2025-07-13T07:22:37","slug":"unforgettable-days-book","status":"publish","type":"product","link":"https:\/\/tamerbadr.com\/da\/vare\/unforgettable-days-book","title":{"rendered":"Uforglemmelige dage bog"},"content":{"rendered":"<h1 style=\"text-align: center;\"><strong>Introduktion af professor Dr. Ragheb Al-Sarjani til bogen Unforgettable Days<\/strong><\/h1>\n<h1 style=\"text-align: center;\">Islamisk historie har lidt under stor fors\u00f8mmelse gennem \u00e5rene og \u00e5rhundrederne. Resultatet har v\u00e6ret, at mange orientalister og vesterl\u00e6ndinge har manipuleret med denne historie. Som f\u00f8lge heraf har vi en historie, der er meget forskellig fra sandheden. V\u00e6rre endnu er det, at l\u00e6rdomme og moral er g\u00e5et tabt midt i disse forvr\u00e6ngninger. Historie er s\u00e5ledes blevet et akademisk studie uden mening for l\u00e6serne. F\u00f8lgelig har de afholdt sig fra at l\u00e6se og studere den.<\/h1>\n<h1 style=\"text-align: center;\">Stillet over for denne alvorlige situation m\u00e5tte nogle ivrige mennesker rejse sig for at redde denne lange historie; ja, for at redde den muslimske ungdom, som ikke havde fundet en passende og p\u00e5lidelig kilde til at l\u00e6se om nationens historie. Jeg overdriver sandelig ikke, n\u00e5r jeg siger: Hele verden - muslim eller ikke-muslim - har brug for denne glorv\u00e6rdige islamiske historie, for verden har aldrig kendt noget s\u00e5 storsl\u00e5et eller bl\u00e6ndende som det, vi har fundet i vores store historie.<\/h1>\n<h1 style=\"text-align: center;\">Bogen i vores h\u00e6nder er en slags s\u00e5dan hj\u00e6lp!<\/h1>\n<h1 style=\"text-align: center;\">Dette er en v\u00e6rdifuld bog, der dygtigt samler et stort antal afg\u00f8rende dage i den islamiske nations historie. Denne enorme samling resulterede dog ikke i et tilsvarende enormt antal sider! Dette indikerer forfatterens enest\u00e5ende mester i at udv\u00e6lge det nyttige fra hvert slag og det vigtige fra hvert m\u00f8de. M\u00e5ske er dette et af de mest bem\u00e6rkelsesv\u00e6rdige tr\u00e6k, der adskiller denne bog fra andre, da forfatteren udm\u00e6rker sig ved sin str\u00e5lende evne til at kondensere og fokusere, s\u00e5 man f\u00f8ler, at man efter at have l\u00e6st fire eller fem sider om et massivt slag har d\u00e6kket alt og ikke har brug for yderligere information, mens specialister ved, at en historiker kan skrive hele bind om s\u00e5danne slag!<\/h1>\n<h1 style=\"text-align: center;\">Denne bog udm\u00e6rker sig ogs\u00e5 ved sin lette navigation mellem de forskellige stadier af islamisk historie. Den begynder med den profetiske \u00e6ra og springer derefter i et passende tempo mellem de forskellige historiske epoker, s\u00e5som Rashidun-, Umayyad-, Abbasid-, Ayyubid-, Mamluk- og Osmannisk-\u00e6raen. Den fors\u00f8mmer heller ikke den geografiske navigation i de forskellige hj\u00f8rner af verden. Den n\u00e5r \u00f8sten og taler om slagene i Indien, og forlader \u00f8sten for vesten og beskriver slagene i Andalusien!<\/h1>\n<h1 style=\"text-align: center;\">Et andet kendetegn ved denne bog er, at den omtaler mange slag, som mange muslimer ikke kender nogen detaljer om. Faktisk overdriver jeg ikke, n\u00e5r jeg siger: Muslimer kender ikke engang deres navne! Det er tilstr\u00e6kkeligt for mig at p\u00e5pege for eksempel slagene ved Ain al-Tamr, erobringen af Dibal, slaget ved Talas, erobringen af Somnath, slaget ved Nicopolis, slaget ved Mohacs og andre slag, hvis omtale blev glemt, og hvis sider var d\u00e6kket af st\u00f8v, indtil denne forfatter med \u00e6rlighed og omhu kom for at afd\u00e6kke sandheden om disse afg\u00f8rende dage.<\/h1>\n<h1 style=\"text-align: center;\">Frem for alt ovenst\u00e5ende udm\u00e6rker denne v\u00e6rdifulde bog sig ved to ting, der adskiller den fra mange af de v\u00e6rker, der fylder det islamiske bibliotek, hvilket g\u00f8r den unik inden for sit felt.<\/h1>\n<h1 style=\"text-align: center;\">Det f\u00f8rste punkt er, at den ikke begr\u00e6nser sig til muslimernes sejre, men snarere, med smuk upartiskhed og ekstrem pr\u00e6cision, n\u00e6vner de store slag, hvor muslimerne blev besejret! S\u00e5som slaget ved Uhud, slaget ved Tours, slaget ved Al-Uqab og andre nederlag. Dette er faktisk et klart eksempel p\u00e5 forfatterens intelligens, da han demonstrerer for l\u00e6seren sin \u00e6rlighed i pr\u00e6sentationen af begivenheder og understreger, at tiden er en cyklus mellem nationer. Han fratager heller ikke l\u00e6serne muligheden for at drage fordel af de vigtige lektioner, der er l\u00e6rt i disse slag.<\/h1>\n<h1 style=\"text-align: center;\">For det andet stoppede forfatteren ikke med at fort\u00e6lle begivenhederne, som mange forfattere g\u00f8r, men snarere dykkede han ned i tingene og s\u00f8gte efter faktorerne bag sejren og \u00e5rsagerne til nederlaget, s\u00e5 l\u00e6seren af bogen kommer derfra med en righoldig samling af \u00e5rsagerne til nationers opst\u00e5en eller fald, og dermed opn\u00e5s m\u00e5let med at fort\u00e6lle historien; som vor Herre viste os, da Han sagde: {Sandelig er der i deres historier en lektie for de forst\u00e5ende} [Yusuf: 111]... Sandheden er, at forfatteren udformede alt dette med et h\u00f8jt og fornemt h\u00e5ndv\u00e6rk.<\/h1>\n<h1 style=\"text-align: center;\">Endelig:<\/h1>\n<h1 style=\"text-align: center;\">Dette h\u00e5ndv\u00e6rk fra forfatterens side forhindrede ikke hans stil i at v\u00e6re delikat og smuk. Bogens udtryk er elegante, dens ord er smukke, og dens pr\u00e6sentation er j\u00e6vn og behagelig, hvilket tilf\u00f8jer bogen pragt og elegance.<\/h1>\n<h1 style=\"text-align: center;\">Selvom jeg ved, at dette er forfatterens f\u00f8rste fors\u00f8g p\u00e5 milit\u00e6r litteratur, er jeg sikker p\u00e5, at det ikke bliver hans sidste fors\u00f8g. Kampene i islamisk historie og deres detaljer kr\u00e6ver hundredvis af bind og tusindvis af forklaringer og analyser.<\/h1>\n<h1 style=\"text-align: center;\">M\u00e5 Allah bel\u00f8nne professor Tamer Badr for hans store indsats. Mit r\u00e5d til ham er altid at forny sin intention med hver bog, s\u00e5 Allah, den Alm\u00e6gtige, m\u00e5 give hans b\u00f8ger bred distribution og give ham rigelig bel\u00f8nning og omfattende bel\u00f8nning.<\/h1>\n<h1 style=\"text-align: center;\">Jeg beder Gud om at herligg\u00f8re islam og muslimer<\/h1>\n<h1 style=\"text-align: center;\">Professor Dr. Ragheb Al-Sarjani<\/h1>","protected":false},"excerpt":{"rendered":"<p>\u0645\u0642\u062f\u0645\u0629 \u0627\u0644\u0627\u0633\u062a\u0627\u0630 \u0627\u0644\u062f\u0643\u062a\u0648\u0631 \u0631\u0627\u063a\u0628 \u0627\u0644\u0633\u0631\u062c\u0627\u0646\u064a \u0644\u0643\u062a\u0627\u0628 \u0623\u064a\u0627\u0645 \u0644\u0627 \u062a\u0646\u0633\u0649 \u0639\u0627\u0646\u064a \u0627\u0644\u062a\u0627\u0631\u064a\u062e \u0627\u0644\u0625\u0633\u0644\u0627\u0645\u064a \u0643\u062b\u064a\u0631\u064b\u0627 \u0645\u0646 \u0627\u0644\u0625\u0647\u0645\u0627\u0644 \u0639\u0644\u0649 \u0645\u062f\u0627\u0631 \u0627\u0644\u0633\u0646\u0648\u0627\u062a \u0648\u0627\u0644\u0642\u0631\u0648\u0646\u060c \u0648\u0643\u0627\u0646\u062a \u0627\u0644\u0646\u062a\u064a\u062c\u0629 \u0623\u0646 \u0639\u0628\u062b \u0643\u062b\u064a\u0631 \u0645\u0646 \u0627\u0644\u0645\u0633\u062a\u0634\u0631\u0642\u064a\u0646 \u0648\u0627\u0644\u0645\u0633\u062a\u063a\u0631\u0628\u064a\u0646 \u0641\u064a \u0647\u0630\u0627 \u0627\u0644\u062a\u0627\u0631\u064a\u062e\u061b \u0648\u0628\u0627\u0644\u062a\u0627\u0644\u064a \u062e\u0631\u062c \u0644\u0646\u0627 \u0627\u0644\u062a\u0627\u0631\u064a\u062e \u0628\u0635\u0648\u0631\u0629 \u0645\u063a\u0627\u064a\u0631\u0629 \u0643\u062b\u064a\u0631\u064b\u0627 \u0639\u0646 \u0627\u0644\u062d\u0642\u064a\u0642\u0629\u060c \u0648\u0627\u0644\u0623\u0646\u0643\u0649 \u0645\u0646 \u0630\u0644\u0643 \u0623\u0646 \u0627\u0644\u062f\u0631\u0648\u0633 \u0648\u0627\u0644\u0639\u0628\u0631 \u062a\u0627\u0647\u062a \u0648\u0633\u0637 \u0647\u0630\u0647 \u0627\u0644\u062a\u062d\u0631\u064a\u0641\u0627\u062a\u060c \u0641\u0635\u0627\u0631 \u0627\u0644\u062a\u0627\u0631\u064a\u062e \u062f\u0631\u0627\u0633\u0629 \u0623\u0643\u0627\u062f\u064a\u0645\u064a\u0629 \u0644\u0627 \u0645\u0639\u0646\u0649 [&hellip;]<\/p>","protected":false},"featured_media":19689,"comment_status":"open","ping_status":"closed","template":"","meta":{"_seopress_robots_primary_cat":"","_seopress_titles_title":"","_seopress_titles_desc":"","_seopress_robots_index":"","inline_featured_image":false,"_uf_show_specific_survey":0,"_uf_disable_surveys":false},"product_brand":[],"product_cat":[189],"product_tag":[],"class_list":{"0":"post-19575","1":"product","2":"type-product","3":"status-publish","4":"has-post-thumbnail","6":"product_cat-189","8":"first","9":"instock","10":"downloadable","11":"shipping-taxable","12":"purchasable","13":"product-type-simple"},"_links":{"self":[{"href":"https:\/\/tamerbadr.com\/da\/wp-json\/wp\/v2\/product\/19575","targetHints":{"allow":["GET"]}}],"collection":[{"href":"https:\/\/tamerbadr.com\/da\/wp-json\/wp\/v2\/product"}],"about":[{"href":"https:\/\/tamerbadr.com\/da\/wp-json\/wp\/v2\/types\/product"}],"replies":[{"embeddable":true,"href":"https:\/\/tamerbadr.com\/da\/wp-json\/wp\/v2\/comments?post=19575"}],"wp:featuredmedia":[{"embeddable":true,"href":"https:\/\/tamerbadr.com\/da\/wp-json\/wp\/v2\/media\/19689"}],"wp:attachment":[{"href":"https:\/\/tamerbadr.com\/da\/wp-json\/wp\/v2\/media?parent=19575"}],"wp:term":[{"taxonomy":"product_brand","embeddable":true,"href":"https:\/\/tamerbadr.com\/da\/wp-json\/wp\/v2\/product_brand?post=19575"},{"taxonomy":"product_cat","embeddable":true,"href":"https:\/\/tamerbadr.com\/da\/wp-json\/wp\/v2\/product_cat?post=19575"},{"taxonomy":"product_tag","embeddable":true,"href":"https:\/\/tamerbadr.com\/da\/wp-json\/wp\/v2\/product_tag?post=19575"}],"curies":[{"name":"wp","href":"https:\/\/api.w.org\/{rel}","templated":true}]}}