{"id":19573,"date":"2025-03-16T21:36:30","date_gmt":"2025-03-16T21:36:30","guid":{"rendered":"https:\/\/white-ant-267257.hostingersite.com\/?post_type=product&#038;p=19573"},"modified":"2025-12-22T11:39:34","modified_gmt":"2025-12-22T11:39:34","slug":"the-book-of-the-virtue-of-patience-in-the-face-of-adversity","status":"publish","type":"product","link":"https:\/\/tamerbadr.com\/da\/vare\/the-book-of-the-virtue-of-patience-in-the-face-of-adversity","title":{"rendered":"Bogen om dyden t\u00e5lmodighed i m\u00f8det med modgang"},"content":{"rendered":"<h1 style=\"text-align: center;\"><strong>Introduktion af Sheikh Muhammad Hassan til bogen T\u00e5lmodighedens dyd i modgang<\/strong><\/h1>\n<h1 style=\"text-align: center;\">Lovet v\u00e6re Gud, og m\u00e5 Guds b\u00f8nner og fred v\u00e6re med Guds Sendebud, m\u00e5 Gud velsigne ham og give ham fred.<\/h1>\n<h1 style=\"text-align: center;\">Allah, den Alm\u00e6gtige, gjorde t\u00e5lmodighed til en urokkelig hest, en uovervindelig h\u00e6r og en uforg\u00e6ngelig f\u00e6stning. Han, den Alm\u00e6gtige, sagde, at de t\u00e5lmodige er i Allahs selskab, og at Han elsker dem. Hvilken \u00e6re!!<\/h1>\n<h1 style=\"text-align: center;\">Gud den Alm\u00e6gtige sagde: &quot;Sandelig, Gud er med den t\u00e5lmodige.&quot; (Al-Baqarah: 153)<\/h1>\n<h1 style=\"text-align: center;\">Gud den Alm\u00e6gtige sagde: &quot;Og Gud elsker de t\u00e5lmodige.&quot; (Al Imran: 146)<\/h1>\n<h1 style=\"text-align: center;\">Og Han gjorde religionens lederskab afh\u00e6ngigt af t\u00e5lmodighed og sikkerhed, s\u00e5 Han, den Alm\u00e6gtige, sagde: &quot;Og Vi skabte blandt dem ledere, der vejledte efter Vores befaling, n\u00e5r de var t\u00e5lmodige og sikre p\u00e5 Vores tegn.&quot; [As-Sajdah: 24]<\/h1>\n<h1 style=\"text-align: center;\">Og Han har samlet disse glade budskaber til de t\u00e5lmodige, som Han ikke har samlet til andre, derfor sagde Han, den H\u00f8jeste: &quot;Og Vi vil visselig s\u00e6tte jer p\u00e5 pr\u00f8ve med frygt og sult og tab af rigdom og liv og frugter, men give gode budskaber til de t\u00e5lmodige (155) Som, n\u00e5r ulykken rammer dem, siger: &quot;Sandelig tilh\u00f8rer vi Gud, og til Ham vil vi vende tilbage.&quot; (156) De vil modtage velsignelser fra deres Herre og barmhjertighed. Og det er dem, der er de [ret]ledede.&quot; (157) [Al-Baqarah]<\/h1>\n<h1 style=\"text-align: center;\">S\u00e5 forklarede den Alm\u00e6gtige de t\u00e5lmodiges \u00e6re i Paradis ved, at englene kom ind for at hilse p\u00e5 dem og hilse p\u00e5 dem, som Han, den Alm\u00e6gtige, sagde: &quot;Og englene vil tr\u00e6de ind imod dem fra alle porte og sige: &#039;Fred v\u00e6re med jer for det, I t\u00e5lmodigt har udholdt. Og det endelige hjem er fremragende!&#039;&quot; (Al-Ra&#039;d).<\/h1>\n<h1 style=\"text-align: center;\">Han opsummerede deres fortjeneste og deres ubegr\u00e6nsede bel\u00f8nning og sagde: &quot;Kun den t\u00e5lmodige vil modtage deres fulde bel\u00f8nning uden regnskab.&quot; (Az-Zumar: 10)<\/h1>\n<h1 style=\"text-align: center;\">Ja, t\u00e5lmodighed er, som navnet antyder, dens smag er bitter, men dens konsekvenser er s\u00f8dere end honning.<\/h1>\n<h1 style=\"text-align: center;\">Hvad er t\u00e5lmodighed?<\/h1>\n<h1 style=\"text-align: center;\">T\u00e5lmodighed i sproget: er forebyggelse og indesp\u00e6rring.<\/h1>\n<h1 style=\"text-align: center;\">T\u00e5lmodighed betyder if\u00f8lge islamisk lov at afholde sig fra bekymringer, at afholde tungen fra at klage og at afholde sine lemmer fra at beg\u00e5 synder.<\/h1>\n<h1 style=\"text-align: center;\">* Den er opdelt i tre sektioner:<\/h1>\n<h1 style=\"text-align: center;\">T\u00e5lmodighed med kommandoen. Det vil sige t\u00e5lmodighed med lydighed.<\/h1>\n<h1 style=\"text-align: center;\">- Og t\u00e5lmodighed med at undg\u00e5 det, der er forbudt. Det vil sige t\u00e5lmodighed med at undg\u00e5 synd.<\/h1>\n<h1 style=\"text-align: center;\">- Og t\u00e5lmodighed i m\u00f8det med sk\u00e6bnen. Det vil sige t\u00e5lmodighed i m\u00f8det med de ulykker og pr\u00f8velser, som Gud den Alm\u00e6gtige har bestemt for tjeneren.<\/h1>\n<h1 style=\"text-align: center;\">Smuk t\u00e5lmodighed er den, som dens ejer s\u00f8ger Allahs, den H\u00f8jestes, den St\u00f8rstes, velbehag, ikke af frygt for mennesker, for at de ikke skal sige, at han er ut\u00e5lmodig, og heller ikke af pynt for menneskers skyld, for at de ikke skal sige, at han er t\u00e5lmodig. Snarere er han t\u00e5lmodig, tror p\u00e5 Allahs bestemmelse, b\u00e5de god og d\u00e5rlig, h\u00e6ver sig over smerte og h\u00e6ver sig over klage.<\/h1>\n<h1 style=\"text-align: center;\">Unders\u00f8gelsen viser, at der er to typer klager:<\/h1>\n<h1 style=\"text-align: center;\">En klage til Gud, og en klage fra Gud!!<\/h1>\n<h1 style=\"text-align: center;\">Hvad ang\u00e5r at klage til Gud, modsiger det ikke t\u00e5lmodighed, som Gud sagde i en beretning fra Jakob, fred v\u00e6re med ham: &quot;T\u00e5lmodighed er derfor den mest passende, og Gud er den, der s\u00f8ges hj\u00e6lp mod det, du beskriver.&quot; (Yusuf: 18)<\/h1>\n<h1 style=\"text-align: center;\">Han klagede dog til Gud og sagde: &quot;Jeg klager kun over min lidelse og min sorg til Gud&quot; (Yusuf: 86).<\/h1>\n<h1 style=\"text-align: center;\">Gud den Alm\u00e6gtige priste Job, fred v\u00e6re med ham, men han klagede til Gud og sagde: &quot;Og Job, da han r\u00e5bte til sin Herre, &#039;Sandelig, modgang har grebet mig, og Du er den Mest Barmhjertige af de barmhjertige.&#039;&quot; (Al-Anbiya: 83)<\/h1>\n<h1 style=\"text-align: center;\">Den kloge troende b\u00f8r vide, at denne verden er et sted for pr\u00f8velser og pr\u00f8velser, og dens gl\u00e6de er dr\u00f8mme og en flygtig skygge. Hvis den f\u00e5r dig til at grine lidt, f\u00e5r den dig til at gr\u00e6de meget. Hvis den g\u00f8r dig glad i en dag, g\u00f8r den dig trist for livet. Hvis den giver dig lidt gl\u00e6de, ber\u00f8ver den dig i lang tid. Og for enhver gl\u00e6de er der en sorg!!<\/h1>\n<h1 style=\"text-align: center;\">Den vise person er den, der ser med sin indsigts \u00f8jne og sin tros lys og ved med sikkerhed, at det, der skete ham, ikke kunne have undg\u00e5et ham, og at det, der gik ham forbi, ikke kunne have overg\u00e5et ham. S\u00e5 han ser i Guds Alm\u00e6gtiges Bog og Hans Sendebuds Sunnah, m\u00e5 Gud velsigne ham og give ham fred, for at forst\u00e5 t\u00e5lmodighedens bel\u00f8nning.<\/h1>\n<h1 style=\"text-align: center;\">Lad ham s\u00e5 slukke ulykkernes og pr\u00f8velsernes ild med den k\u00f8lighed, at han f\u00f8lger eksemplet fra dem, der er blevet ramt, is\u00e6r Sendebudene og Profeterne.<\/h1>\n<h1 style=\"text-align: center;\">S\u00e5, hvis han s\u00e5 og s\u00f8gte blandt jordens folk, ville han ikke se nogen iblandt dem undtagen en person, der var ramt af tabet af en elsket person eller h\u00e6ndelsen af noget ubehageligt!!<\/h1>\n<h1 style=\"text-align: center;\">Hvor har vi ikke brug for en konstant p\u00e5mindelse i en tid, hvor pr\u00f8velserne er mange, og pr\u00f8velserne er alvorlige.<\/h1>\n<h1 style=\"text-align: center;\">Takket v\u00e6re t\u00e5lmodighed i m\u00f8det med modgang, forst\u00e5else af visdommen bag modgang, l\u00e6ring om typerne af modgang, at f\u00f8lge budbringernes og profeternes eksempel og andre vigtige sp\u00f8rgsm\u00e5l relateret til dette \u00e6dle emne.<\/h1>\n<h1 style=\"text-align: center;\">Jeg har en dejlig besked i mine h\u00e6nder om dette fra vores k\u00e6re broder Tamer Badr. M\u00e5 Gud bel\u00f8nne ham med godt og g\u00f8re os og ham til de t\u00e5lmodige, og m\u00e5 Han gl\u00e6de vores \u00f8jne med denne religions sejr. M\u00e5 Guds b\u00f8nner og fred v\u00e6re over profeternes leder og over hele hans familie og ledsagere.<\/h1>\n<h1 style=\"text-align: center;\">Skrevet af<\/h1>","protected":false},"excerpt":{"rendered":"<p>\u0645\u0642\u062f\u0645\u0629 \u0627\u0644\u0634\u064a\u062e \u0645\u062d\u0645\u062f \u062d\u0633\u0627\u0646 \u0644\u0643\u062a\u0627\u0628 \u0641\u0636\u0644 \u0627\u0644\u0635\u0628\u0631 \u0639\u0644\u064a \u0627\u0644\u0628\u0644\u0627\u0621 \u0627\u0644\u062d\u0645\u062f \u0644\u0644\u0647 \u0648\u0627\u0644\u0635\u0644\u0627\u0629 \u0648\u0627\u0644\u0633\u0644\u0627\u0645 \u0639\u0644\u0649 \u0631\u0633\u0648\u0644 \u0627\u0644\u0644\u0647 \ufdfa \u0648\u0628\u0639\u062f.. \u0641\u0625\u0646 \u0627\u0644\u0644\u0647 \u062c\u0644 \u0648\u0639\u0644\u0627 \u062c\u0639\u0644 \u0627\u0644\u0635\u0628\u0631 \u062c\u064e\u0648\u064e\u0627\u062f\u064b\u0627 \u0644\u0627 \u064a\u0643\u0628\u0648\u060c \u0648\u062c\u0646\u062f\u064b\u0627 \u0644\u0627 \u064a\u064f\u0647\u0632\u0645\u060c \u0648\u062d\u0635\u0646\u064b\u0627 \u0644\u0627 \u064a\u064f\u0647\u062f\u0645. \u0648\u0623\u062e\u0628\u0631 \u062c\u0644 \u0648\u0639\u0644\u0627 \u0623\u0646 \u0627\u0644\u0635\u0627\u0628\u0631\u064a\u0646 \u0641\u064a \u0645\u0639\u064a\u0629 \u0627\u0644\u0644\u0647 \u0648\u0647\u0648 \u064a\u062d\u0628\u0647\u0645\u060c \u0648\u064a\u0627\u0644\u0647\u0627 \u0645\u0646 \u0643\u0631\u0627\u0645\u0629 !! \u0642\u0627\u0644 \u062a\u0639\u0627\u0644\u0649 : \u0625\u0650\u0646\u064e\u0651 \u0627\u0644\u0644\u064e\u0651\u0647\u064e \u0645\u064e\u0639\u064e \u0627\u0644\u0635\u064e\u0651\u0627\u0628\u0650\u0631\u0650\u064a\u0646\u064e \ufd3e [&hellip;]<\/p>","protected":false},"featured_media":19574,"comment_status":"open","ping_status":"closed","template":"","meta":{"_seopress_robots_primary_cat":"","_seopress_titles_title":"","_seopress_titles_desc":"","_seopress_robots_index":"","inline_featured_image":false,"_uf_show_specific_survey":0,"_uf_disable_surveys":false},"product_brand":[],"product_cat":[191],"product_tag":[],"class_list":{"0":"post-19573","1":"product","2":"type-product","3":"status-publish","4":"has-post-thumbnail","6":"product_cat-191","8":"first","9":"instock","10":"downloadable","11":"shipping-taxable","12":"purchasable","13":"product-type-simple"},"_links":{"self":[{"href":"https:\/\/tamerbadr.com\/da\/wp-json\/wp\/v2\/product\/19573","targetHints":{"allow":["GET"]}}],"collection":[{"href":"https:\/\/tamerbadr.com\/da\/wp-json\/wp\/v2\/product"}],"about":[{"href":"https:\/\/tamerbadr.com\/da\/wp-json\/wp\/v2\/types\/product"}],"replies":[{"embeddable":true,"href":"https:\/\/tamerbadr.com\/da\/wp-json\/wp\/v2\/comments?post=19573"}],"wp:featuredmedia":[{"embeddable":true,"href":"https:\/\/tamerbadr.com\/da\/wp-json\/wp\/v2\/media\/19574"}],"wp:attachment":[{"href":"https:\/\/tamerbadr.com\/da\/wp-json\/wp\/v2\/media?parent=19573"}],"wp:term":[{"taxonomy":"product_brand","embeddable":true,"href":"https:\/\/tamerbadr.com\/da\/wp-json\/wp\/v2\/product_brand?post=19573"},{"taxonomy":"product_cat","embeddable":true,"href":"https:\/\/tamerbadr.com\/da\/wp-json\/wp\/v2\/product_cat?post=19573"},{"taxonomy":"product_tag","embeddable":true,"href":"https:\/\/tamerbadr.com\/da\/wp-json\/wp\/v2\/product_tag?post=19573"}],"curies":[{"name":"wp","href":"https:\/\/api.w.org\/{rel}","templated":true}]}}