{"id":20112,"date":"2025-03-19T15:27:38","date_gmt":"2025-03-19T15:27:38","guid":{"rendered":"https:\/\/white-ant-267257.hostingersite.com\/?page_id=20112"},"modified":"2025-04-06T08:15:33","modified_gmt":"2025-04-06T08:15:33","slug":"riyad-as-sunnah-book-from-the-authentic-six-books","status":"publish","type":"page","link":"https:\/\/tamerbadr.com\/da\/riyad-as-sunnah-book-from-the-authentic-six-books","title":{"rendered":"Riyad as-Sunnah bog fra de seks autentiske b\u00f8ger"},"content":{"rendered":"<div data-elementor-type=\"wp-page\" data-elementor-id=\"20112\" class=\"elementor elementor-20112\" data-elementor-post-type=\"page\">\n\t\t\t\t<div class=\"elementor-element elementor-element-c8c7aab e-flex e-con-boxed e-con e-parent\" data-id=\"c8c7aab\" data-element_type=\"container\">\n\t\t\t\t\t<div class=\"e-con-inner\">\n\t\t<div class=\"elementor-element elementor-element-6483b1a e-con-full e-flex e-con e-child\" data-id=\"6483b1a\" data-element_type=\"container\">\n\t\t\t\t<div class=\"elementor-element elementor-element-6058eb2 elementor-widget elementor-widget-wc-elements\" data-id=\"6058eb2\" data-element_type=\"widget\" data-widget_type=\"wc-elements.default\">\n\t\t\t\t<div class=\"elementor-widget-container\">\n\t\t\t\t\t<div class=\"woocommerce\">\t\t\t<div class=\"single-product\" data-product-page-preselected-id=\"0\">\n\t\t\t\t<div class=\"woocommerce-notices-wrapper\"><\/div><div id=\"product-19584\" class=\"product type-product post-19584 status-publish first instock product_cat-188 has-post-thumbnail downloadable shipping-taxable purchasable product-type-simple\">\n\n\t<div class=\"woocommerce-product-gallery woocommerce-product-gallery--with-images woocommerce-product-gallery--columns-4 images\" data-columns=\"4\" style=\"opacity: 0; transition: opacity .25s ease-in-out;\">\n\t<div class=\"woocommerce-product-gallery__wrapper\">\n\t\t<div data-thumb=\"https:\/\/tamerbadr.com\/wp-content\/uploads\/2025\/03\/\u0631\u064a\u0627\u0636-\u0627\u0644\u0633\u0646\u0629-\u063a\u0644\u0627\u0641-scaled-scaled.jpg\" data-thumb-alt=\"\u0643\u062a\u0627\u0628 \u0631\u064a\u0627\u0636 \u0627\u0644\u0633\u0646\u0629 \u0645\u0646 \u0635\u062d\u064a\u062d \u0627\u0644\u0643\u062a\u0628 \u0627\u0644\u0633\u062a\u0629\" data-thumb-srcset=\"\"  data-thumb-sizes=\"(max-width: 100px) 100vw, 100px\" class=\"woocommerce-product-gallery__image\"><a href=\"https:\/\/tamerbadr.com\/wp-content\/uploads\/2025\/03\/\u0631\u064a\u0627\u0636-\u0627\u0644\u0633\u0646\u0629-\u063a\u0644\u0627\u0641-scaled-scaled.jpg\"><img fetchpriority=\"high\" decoding=\"async\" width=\"2049\" height=\"1329\" src=\"https:\/\/tamerbadr.com\/wp-content\/uploads\/2025\/03\/\u0631\u064a\u0627\u0636-\u0627\u0644\u0633\u0646\u0629-\u063a\u0644\u0627\u0641-scaled-scaled.jpg\" class=\"wp-post-image\" alt=\"Riyad as-Sunnah bog fra de seks autentiske b\u00f8ger\" data-caption=\"\" data-src=\"https:\/\/tamerbadr.com\/wp-content\/uploads\/2025\/03\/\u0631\u064a\u0627\u0636-\u0627\u0644\u0633\u0646\u0629-\u063a\u0644\u0627\u0641-scaled-scaled.jpg\" data-large_image=\"https:\/\/tamerbadr.com\/wp-content\/uploads\/2025\/03\/\u0631\u064a\u0627\u0636-\u0627\u0644\u0633\u0646\u0629-\u063a\u0644\u0627\u0641-scaled-scaled.jpg\" data-large_image_width=\"2049\" data-large_image_height=\"1329\" \/><\/a><\/div><div data-thumb=\"https:\/\/tamerbadr.com\/wp-content\/uploads\/2025\/03\/\u0631\u064a\u0627\u0636-\u0627\u0644\u0633\u0646\u0629-1\u063a\u0644\u0627\u0641-\u0627\u0644\u0644\u0624\u0644\u0624\u0629-scaled.jpg\" data-thumb-alt=\"\u0643\u062a\u0627\u0628 \u0631\u064a\u0627\u0636 \u0627\u0644\u0633\u0646\u0629 \u0645\u0646 \u0635\u062d\u064a\u062d \u0627\u0644\u0643\u062a\u0628 \u0627\u0644\u0633\u062a\u0629 - Billede 2\" data-thumb-srcset=\"\"  data-thumb-sizes=\"(max-width: 75px) 100vw, 75px\" class=\"woocommerce-product-gallery__image\" data-no-translation-data-thumb-alt=\"\"><a href=\"https:\/\/tamerbadr.com\/wp-content\/uploads\/2025\/03\/\u0631\u064a\u0627\u0636-\u0627\u0644\u0633\u0646\u0629-1\u063a\u0644\u0627\u0641-\u0627\u0644\u0644\u0624\u0644\u0624\u0629-scaled.jpg\"><img decoding=\"async\" width=\"1928\" height=\"2560\" src=\"https:\/\/tamerbadr.com\/wp-content\/uploads\/2025\/03\/\u0631\u064a\u0627\u0636-\u0627\u0644\u0633\u0646\u0629-1\u063a\u0644\u0627\u0641-\u0627\u0644\u0644\u0624\u0644\u0624\u0629-scaled.jpg\" class=\"\" alt=\"\u0643\u062a\u0627\u0628 \u0631\u064a\u0627\u0636 \u0627\u0644\u0633\u0646\u0629 \u0645\u0646 \u0635\u062d\u064a\u062d \u0627\u0644\u0643\u062a\u0628 \u0627\u0644\u0633\u062a\u0629 - Billede 2\" data-caption=\"\" data-src=\"https:\/\/tamerbadr.com\/wp-content\/uploads\/2025\/03\/\u0631\u064a\u0627\u0636-\u0627\u0644\u0633\u0646\u0629-1\u063a\u0644\u0627\u0641-\u0627\u0644\u0644\u0624\u0644\u0624\u0629-scaled.jpg\" data-large_image=\"https:\/\/tamerbadr.com\/wp-content\/uploads\/2025\/03\/\u0631\u064a\u0627\u0636-\u0627\u0644\u0633\u0646\u0629-1\u063a\u0644\u0627\u0641-\u0627\u0644\u0644\u0624\u0644\u0624\u0629-scaled.jpg\" data-large_image_width=\"1928\" data-large_image_height=\"2560\" data-no-translation-alt=\"\" \/><\/a><\/div><div data-thumb=\"https:\/\/tamerbadr.com\/wp-content\/uploads\/2025\/03\/\u0645\u0624\u0644\u0641\u0627\u062a-\u062a\u0627\u0645\u0631-\u0628\u062f\u0631-1-3.jpg\" data-thumb-alt=\"\u0643\u062a\u0627\u0628 \u0631\u064a\u0627\u0636 \u0627\u0644\u0633\u0646\u0629 \u0645\u0646 \u0635\u062d\u064a\u062d \u0627\u0644\u0643\u062a\u0628 \u0627\u0644\u0633\u062a\u0629 - Billede 3\" data-thumb-srcset=\"\"  data-thumb-sizes=\"(max-width: 92px) 100vw, 92px\" class=\"woocommerce-product-gallery__image\" data-no-translation-data-thumb-alt=\"\"><a href=\"https:\/\/tamerbadr.com\/wp-content\/uploads\/2025\/03\/\u0645\u0624\u0644\u0641\u0627\u062a-\u062a\u0627\u0645\u0631-\u0628\u062f\u0631-1-3.jpg\"><img decoding=\"async\" width=\"389\" height=\"422\" src=\"https:\/\/tamerbadr.com\/wp-content\/uploads\/2025\/03\/\u0645\u0624\u0644\u0641\u0627\u062a-\u062a\u0627\u0645\u0631-\u0628\u062f\u0631-1-3.jpg\" class=\"\" alt=\"\u0643\u062a\u0627\u0628 \u0631\u064a\u0627\u0636 \u0627\u0644\u0633\u0646\u0629 \u0645\u0646 \u0635\u062d\u064a\u062d \u0627\u0644\u0643\u062a\u0628 \u0627\u0644\u0633\u062a\u0629 - Billede 3\" data-caption=\"CREATOR: gd-jpeg v1.0 (using IJG JPEG v62), quality = 90\" data-src=\"https:\/\/tamerbadr.com\/wp-content\/uploads\/2025\/03\/\u0645\u0624\u0644\u0641\u0627\u062a-\u062a\u0627\u0645\u0631-\u0628\u062f\u0631-1-3.jpg\" data-large_image=\"https:\/\/tamerbadr.com\/wp-content\/uploads\/2025\/03\/\u0645\u0624\u0644\u0641\u0627\u062a-\u062a\u0627\u0645\u0631-\u0628\u062f\u0631-1-3.jpg\" data-large_image_width=\"389\" data-large_image_height=\"422\" data-no-translation-alt=\"\" \/><\/a><\/div>\t<\/div>\n<\/div>\n\n\t<div class=\"summary entry-summary\">\n\t\t<h1 class=\"product_title entry-title\">Riyad as-Sunnah bog fra de seks autentiske b\u00f8ger<\/h1><p class=\"price\"><span class=\"woocommerce-Price-amount amount\"><bdi><span class=\"woocommerce-Price-currencySymbol\">EGP<\/span>80.00<\/bdi><\/span><\/p>\n\n\t\n\t<form class=\"cart\" action=\"\" method=\"post\" enctype='multipart\/form-data' data-trp-original-action=\"\">\n\t\t\n\t\t<div class=\"quantity\">\n\t\t<label class=\"screen-reader-text\" for=\"quantity_6a04d99e91b30\" data-no-translation=\"\" data-trp-gettext=\"\">\u0643\u062a\u0627\u0628 \u0631\u064a\u0627\u0636 \u0627\u0644\u0633\u0646\u0629 \u0645\u0646 \u0635\u062d\u064a\u062d \u0627\u0644\u0643\u062a\u0628 \u0627\u0644\u0633\u062a\u0629 antal<\/label>\n\t<input\n\t\ttype=\"number\"\n\t\t\t\tid=\"quantity_6a04d99e91b30\"\n\t\tclass=\"input-text qty text\"\n\t\tname=\"quantity\"\n\t\tvalue=\"1\"\n\t\taria-label=\"Vareantal\"\n\t\t\t\tmin=\"1\"\n\t\t\t\t\t\t\tstep=\"1\"\n\t\t\tplaceholder=\"\"\n\t\t\tinputmode=\"numeric\"\n\t\t\tautocomplete=\"off\" data-no-translation-aria-label=\"\"\n\t\t\t\/>\n\t<\/div>\n\n\t\t<button type=\"submit\" name=\"add-to-cart\" value=\"19584\" class=\"single_add_to_cart_button button alt\" data-no-translation=\"\" data-trp-gettext=\"\">Tilf\u00f8j til kurv<\/button>\n\n\t\t\n        <script>\n            document.addEventListener('DOMContentLoaded', function(){\n                document.addEventListener('click', function(event){\n                    if(!event.target.matches('.single_add_to_cart_button')){\n                        return;\n                    }\n\n                    const quantity = document.querySelector('input.qty').value || '1';\n                    const formProductVariation = document.querySelector('form[data-product_variations]')\n                    const variationItem = document.querySelector('.variation_id')\n\n                    let price = 80\n                    if(formProductVariation && variationItem){\n                        try{\n                            const variations = JSON.parse(formProductVariation.dataset.product_variations)\n                            const variationId = variationItem.value\n                            for(const variation of variations){\n                                if(variation.variation_id == Number(variationId)){\n                                    price = variation.display_price\n                                }\n                            }\n                        }\n                        catch{\n                        }\n                    }\n\n                    gtag('event', 'add_to_cart', {\n                        'items': [ {\n                            'item_id':'19584',\n                            'item_name': '\u0643\u062a\u0627\u0628 \u0631\u064a\u0627\u0636 \u0627\u0644\u0633\u0646\u0629 \u0645\u0646 \u0635\u062d\u064a\u062d \u0627\u0644\u0643\u062a\u0628 \u0627\u0644\u0633\u062a\u0629',\n                            'list_name': '\u0643\u062a\u0627\u0628 \u0631\u064a\u0627\u0636 \u0627\u0644\u0633\u0646\u0629 \u0645\u0646 \u0635\u062d\u064a\u062d \u0627\u0644\u0643\u062a\u0628 \u0627\u0644\u0633\u062a\u0629',\n                            'quantity': quantity,\n                            'price': price,\n                            \"item_category\":\"\u0623\u062d\u0627\u062f\u064a\u062b \u0646\u0628\u0648\u064a\u0629\"\n                        }]\n                    });\n                })\n            });\n        <\/script>\n        \t<input type=\"hidden\" name=\"trp-form-language\" value=\"da\"\/><\/form>\n\n\t\n<div class=\"product_meta\">\n\n\t\n\t\n\t<span class=\"posted_in\">Kategori: <a href=\"https:\/\/tamerbadr.com\/da\/vare-kategori\/%d8%a3%d8%ad%d8%a7%d8%af%d9%8a%d8%ab-%d9%86%d8%a8%d9%88%d9%8a%d8%a9\" rel=\"tag\">Hadither<\/a><\/span>\n\t\n\t\n<\/div>\n\t<\/div>\n\n\t\n\t<div class=\"woocommerce-tabs wc-tabs-wrapper\">\n\t\t<ul class=\"tabs wc-tabs\" role=\"tablist\">\n\t\t\t\t\t\t\t<li role=\"presentation\" class=\"description_tab\" id=\"tab-title-description\">\n\t\t\t\t\t<a href=\"#tab-description\" role=\"tab\" aria-controls=\"tab-description\">\n\t\t\t\t\t\tBeskrivelse\t\t\t\t\t<\/a>\n\t\t\t\t<\/li>\n\t\t\t\t\t\t\t<li role=\"presentation\" class=\"reviews_tab\" id=\"tab-title-reviews\">\n\t\t\t\t\t<a href=\"#tab-reviews\" role=\"tab\" aria-controls=\"tab-reviews\">\n\t\t\t\t\t\tAnmeldelser (0)\t\t\t\t\t<\/a>\n\t\t\t\t<\/li>\n\t\t\t\t\t<\/ul>\n\t\t\t\t\t<div class=\"woocommerce-Tabs-panel woocommerce-Tabs-panel--description panel entry-content wc-tab\" id=\"tab-description\" role=\"tabpanel\" aria-labelledby=\"tab-title-description\">\n\t\t\t\t\n\t<h2 data-no-translation=\"\" data-trp-gettext=\"\">Beskrivelse<\/h2>\n\n<h1 style=\"text-align: center;\"><strong>Introduktion til bogen Riyad as-Sunnah fra Sahih al-Kutub al-Sittah<\/strong><\/h1>\n<h1 style=\"text-align: center;\">Profetens biografi, fred og velsignelser v\u00e6re med ham, er den bedste biografi nogensinde, og hans tale, fred og velsignelser v\u00e6re med ham, er den bedste tale, og hans vejledning er den bedste vejledning, og hans tale er den mest sandf\u00e6rdige tale, m\u00e5 Guds b\u00f8nner og fred v\u00e6re med ham. Derfor befalede Gud den Alm\u00e6gtige sin nation at f\u00f8lge hans lov og forb\u00f8d dem at v\u00e6re ulydige mod den, s\u00e5 Han, den H\u00f8jeste, sagde: {O I, som har troet, adlyd Gud og adlyd Sendebudet og ugyldigg\u00f8r ikke jeres gerninger (33)} [Surat Muhammad].<\/h1>\n<h1 style=\"text-align: center;\">Og den H\u00f8jeste sagde: {O I, som har troet, adlyd Allah og adlyd Sendebudet og dem, der har magt iblandt jer. Og hvis I er uenige om noget, s\u00e5 lad det g\u00e5 til Allah og Sendebudet, hvis I tror p\u00e5 Allah og den yderste dag. Det er det bedste og mest passende udfald.} (59) [Sura An-Nisa\u2019].<\/h1>\n<h1 style=\"text-align: center;\">Og den H\u00f8jeste sagde: {Og den, der adlyder Gud og Sendebudet - de vil v\u00e6re blandt dem, som Gud har sk\u00e6nket profeternes gunst, de standhaftige bekr\u00e6ftere af sandheden, martyrerne og de retf\u00e6rdige. Og fremragende er de som ledsagere. (69)} [Sura An-Nisa\u2019].<\/h1>\n<h1 style=\"text-align: center;\">Hvad Profeten, fred og velsignelser v\u00e6re med ham, sagde: &quot;Snart vil en mand komme, liggende p\u00e5 sin sofa, og fort\u00e6lle en af mine hadither. Han vil sige: &#039;Mellem os og jer er Allahs, den Alm\u00e6gtiges og Majest\u00e6tiske Bog. Hvad vi end finder lovligt i den, anser vi for lovligt, og hvad vi end finder forbudt i den, anser vi for forbudt. Sandelig, hvad Allahs Sendebud, fred og velsignelser v\u00e6re med ham, har forbudt, er ligesom det, Allah har forbudt.&#039;&quot;<\/h1>\n<h1 style=\"text-align: center;\">[Sahih]. Fortalt af (H). [Sahih al-Jami\u2019: 8186].<\/h1>\n<h1 style=\"text-align: center;\">Derfor er den \u00c6dle Profetiske Hadith den anden kilde til islamisk lovgivning efter den Hellige Koran. Den Hellige Koran befalede b\u00f8n, zakat, faste og Hajj uden detaljer eller forklaring, men den Profetiske Hadith kom for at forklare og pr\u00e6cisere dette i detaljer.<\/h1>\n<h1 style=\"text-align: center;\">De \u00e6dle profetiske hadither er sk\u00e6mmet af mange svage og opdigtede hadither, der ikke kan bevises. Der findes dog en stor, tilstr\u00e6kkelig og dokumenteret m\u00e6ngde autentiske og gode hadither fra Guds Sendebud, m\u00e5 Gud velsigne ham og give ham fred, og fra ledsagerne, m\u00e5 Gud v\u00e6re tilfreds med dem. Den gode hadith er af lavere rang end den autentiske hadith, men den kan bruges som bevis og handles ud fra.<\/h1>\n<h1 style=\"text-align: center;\">Derfor har jeg i denne bog samlet de autentiske og gode hadither fra de mest autentiske og ber\u00f8mte udsagn fra hadith-l\u00e6rde, og jeg har brugt f\u00f8lgende kilder til det: (Sahih al-Bukhari, Sahih al-Bukhari, Sunan Abu Dawud, Sunan al-Tirmidhi, Sunan al-Nasa\u2019i, Sunan Ibn Majah).<\/h1>\n<h1 style=\"text-align: center;\">Jeg har udvalgt de autentiske og gode hadither fra de seks b\u00f8ger baseret p\u00e5, hvad der blev bekr\u00e6ftet af den store l\u00e6rde Sheikh Muhammad Nasir al-Din al-Albani (m\u00e5 Allah v\u00e6re ham barmhjertig), en af de mest fremtr\u00e6dende muslimske l\u00e6rde i den moderne \u00e6ra. Sheikh al-Albani betragtes som en af de mest fremtr\u00e6dende hadith-l\u00e6rde, der er unik inden for videnskaben om autentificering og sv\u00e6kkelse. Sheikh al-Albani er en stor l\u00e6rd inden for hadith-terminologi, og moderne l\u00e6rde har sagt om ham, at han genoplivede hadith-videnskaben, efter at den var blevet glemt.<\/h1>\n<h1 style=\"text-align: center;\">Mens jeg samlede de \u00e6dle hadither i denne bog, huskede jeg Profetens hadith, fred og velsignelser v\u00e6re med ham: &quot;Fort\u00e6l fra mig, om det s\u00e5 kun er \u00e9t vers, og fort\u00e6l fra Israels b\u00f8rn, og der er ingen skyld p\u00e5 jer. Og den, der lyver om mig med vilje, skal tage sin plads i Helvede.&quot;<\/h1>\n<h1 style=\"text-align: center;\">[Sahih]. Fortalt af (Kh. T). [Sahih al-Jami\u2019: 2837].<\/h1>\n<h1 style=\"text-align: center;\">Derfor har jeg i denne bog udvalgt de autentiske og gode hadither baseret p\u00e5 f\u00f8lgende:<\/h1>\n<h1 style=\"text-align: center;\">A - Hvis hadithens overleveringsk\u00e6de er den samme, og hadithens tekst er ens i to eller flere lignende beretninger, s\u00e5som:<\/h1>\n<h1 style=\"text-align: center;\">P\u00e5 Abu Saeed Al-Khudris autoritet, m\u00e5 Gud v\u00e6re tilfreds med ham, som sagde: Guds sendebud, m\u00e5 Gud velsigne ham og give ham fred, sagde: &quot;Den bedste af dine parfumer er moskus.&quot;<\/h1>\n<h1 style=\"text-align: center;\">[Sahih]. Fortalt af (N). [Sahih al-Jami\u2019: 5914].<\/h1>\n<h1 style=\"text-align: center;\">P\u00e5 Abu Saeed Al-Khudris autoritet, m\u00e5 Gud v\u00e6re tilfreds med ham, som sagde: Guds sendebud, m\u00e5 Gud velsigne ham og give ham fred, sagde: &quot;Den bedste parfume er moskus.&quot;<\/h1>\n<h1 style=\"text-align: center;\">[Sahih]. Fortalt af (T, M, N). [Sahih al-Jami\u2019: 1032].<\/h1>\n<h1 style=\"text-align: center;\">S\u00e5 jeg valgte den anden hadith p\u00e5 grund af dens mange beretninger.<\/h1>\n<h1 style=\"text-align: center;\">B - Hvis to eller flere hadither er ens, s\u00e5som:<\/h1>\n<h1 style=\"text-align: center;\">P\u00e5 Abu Hurairahs (m\u00e5 Allah v\u00e6re tilfreds med ham) autoritet sagde Allahs Sendebud (fred og velsignelser v\u00e6re med ham): &quot;N\u00e5r imamen siger: &#039;Allah h\u00f8rer dem, der priser Ham,&#039; s\u00e5 sig: &#039;O Allah, vor Herre, til Dig v\u00e6re lovprist.&#039; For den, hvis ord stemmer overens med englenes ord, hans tidligere synder vil blive tilgivet.&quot;<\/h1>\n<h1 style=\"text-align: center;\">[Sahih]. Fortalt af (Kh, M, D, T, N). [Sahih al-Jami&#039;: 705].<\/h1>\n<h1 style=\"text-align: center;\">P\u00e5 Abu Sa&#039;id Al-Khudris (m\u00e5 Allah v\u00e6re tilfreds med ham) autoritet, at han h\u00f8rte Allahs Sendebud (Allahs fred og velsignelser v\u00e6re med ham) sige: &quot;N\u00e5r imamen siger: &#039;Allah h\u00f8rer dem, der priser Ham,&#039; s\u00e5 sig: &#039;O Allah, vor Herre, og til Dig er lovprisning.&#039;&quot;<\/h1>\n<h1 style=\"text-align: center;\">[Sahih]. Fortalt af (H). [Sahih al-Jami\u2019: 706].<\/h1>\n<h1 style=\"text-align: center;\">S\u00e5 jeg valgte den omfattende hadith med klar betydning, som i den f\u00f8rste hadith.<\/h1>\n<h1 style=\"text-align: center;\">C - De hadither, der er n\u00e6vnt i Sahih al-Jami\u2019 al-Saghir og al-Silsilah al-Sahihah af al-Albani [for Musnad af Imam Ahmad ibn Hanbal, eller al-Tabarani, eller al-Hakim, eller al-Bayhaqi], plejede jeg at erstatte dem i denne bog med de hadither, der ligner dem i ordlyd, fra de seks imamers b\u00f8ger.<\/h1>\n<h1 style=\"text-align: center;\">For eksempel hadithen berettet af Buraydah al-Aslami (m\u00e5 Allah v\u00e6re tilfreds med ham) fra Profeten (Allahs fred og velsignelser v\u00e6re med ham): &quot;Den, der giver en person i vanskeligheder henstand, vil have dobbelt s\u00e5 meget velg\u00f8renhed for hver dag, f\u00f8r g\u00e6lden forfalder. N\u00e5r g\u00e6lden forfalder, og han giver ham henstand, vil han have dobbelt s\u00e5 meget velg\u00f8renhed for hver dag.&quot; [Sahih]. Berettet af (Ahmad ibn Hanbal, Ibn Majah). Det er n\u00e6vnt i Sahih al-Jami&#039; under nummer [6108]. S\u00e5 jeg har inkluderet ordlyden af hadithen, der findes i Sunan Ibn Majah, i denne bog, som i denne hadith.<\/h1>\n<h1 style=\"text-align: center;\">P\u00e5 Buraydah al-Aslami (m\u00e5 Allah v\u00e6re tilfreds med ham) sagde profeten (fred og velsignelser v\u00e6re med ham): &quot;Den, der giver en insolvent henstand, vil f\u00e5 en velg\u00f8renhed for hver dag, og den, der giver ham henstand efter at forfaldsdatoen er udl\u00f8bet, vil f\u00e5 en s\u00e5dan velg\u00f8renhed for hver dag.&quot; [Sahih]. Fortalt af (Ibn Majah).<\/h1>\n<h1 style=\"text-align: center;\">A - Jeg plejede at f\u00e6rdigg\u00f8re de ufuldst\u00e6ndige hadither n\u00e6vnt i Sahih al-Jami\u2019 al-Saghir og al-Silsilah al-Sahihah af al-Albani fra de seks imamers b\u00f8ger.<\/h1>\n<h1 style=\"text-align: center;\">For eksempel hadithen: &quot;At faste tre dage i hver m\u00e5ned, fra Ramadan til Ramadan, er som at faste hele livet.&quot;<\/h1>\n<h1 style=\"text-align: center;\">[Sahih]. Fortalt af (H.M.M.) p\u00e5 Abu Qatadas autoritet. [Sahih al-Jami\u2019: 3802].<\/h1>\n<h1 style=\"text-align: center;\">Denne hadith er fra Imam Ahmad ibn Hanbals Musnad og er ufuldst\u00e6ndig, s\u00e5 jeg fuldf\u00f8rte den med ordlyden fra Sahih Muslim og placerede den i bogen som f\u00f8lger.<\/h1>\n<h1 style=\"text-align: center;\">P\u00e5 Abu Qatada Al-Ansari&#039;s (m\u00e5 Allah v\u00e6re tilfreds med ham) autoritet blev Allahs Sendebud (fred og velsignelser v\u00e6re med ham) spurgt om hans faste. Allahs Sendebud (fred og velsignelser v\u00e6re med ham) blev vred. Umar (m\u00e5 Allah v\u00e6re tilfreds med ham) sagde: &quot;Vi er tilfredse med Allah som vores Herre, islam som vores religion, Muhammed som vores Sendebud, og vores troskabsed som vores l\u00f8fte.&quot; Han blev derefter spurgt om faste i hele sit liv. Han sagde: &quot;Han hverken fastede eller br\u00f8d sin faste.&quot; Eller: &quot;Han hverken fastede eller br\u00f8d sin faste.&quot; Han sagde: Han blev spurgt om at faste i to dage og bryde fasten den n\u00e6ste dag. Han sagde: &quot;Hvem kan g\u00f8re det?&quot; Han sagde: Han blev spurgt om at faste \u00e9n dag og bryde fasten i to dage. Han sagde: &quot;Hvis bare Allah havde givet os styrken til at g\u00f8re det.&quot; Han sagde: Han blev spurgt om at faste \u00e9n dag og bryde fasten den n\u00e6ste dag. Han sagde: &quot;Det er min bror Davids faste, fred v\u00e6re med ham.&quot; Han sagde: Han blev spurgt om faste om mandagen. Han sagde: &quot;Det er den dag, jeg blev f\u00f8dt, og den dag, jeg blev sendt som profet, eller hvorp\u00e5 der blev sendt en \u00e5benbaring til mig.&quot; Han sagde: &quot;At faste tre dage i hver m\u00e5ned og faste fra den ene Ramadan til den n\u00e6ste er at faste for livet.&quot; Han blev spurgt om faste p\u00e5 Arafah-dagen. Han sagde: &quot;Det soner synderne fra det foreg\u00e5ende \u00e5r og det kommende \u00e5r.&quot; Han blev ogs\u00e5 spurgt om faste p\u00e5 Ashura-dagen. Han sagde: &quot;Det soner synderne fra det foreg\u00e5ende \u00e5r.&quot;<\/h1>\n<h1 style=\"text-align: center;\">[Sahih]. Fortalt af (M). [Sahih al-Jami\u2019: 3802].<\/h1>\n<h1 style=\"text-align: center;\">E - Ordlyden af enhver hadith i bogen er taget fra hadith-fort\u00e6llerens fornavn. Hvis den for eksempel var skrevet &quot;Fortalt af (M, Kh, D, T, N, H)&quot;, s\u00e5 er hadithens ordlyd ens i de seks b\u00f8ger og findes i den l\u00e6rde Sheikh Al-Albanis b\u00f8ger. Ordlyden af hadithen i denne bog er dog taget fra Sahih Muslim, og derfor er den skrevet f\u00f8rst i forkortelse.<\/h1>\n<h1 style=\"text-align: center;\">Og jeg n\u00e6vnte ikke overleveringsk\u00e6den i haditherne, bortset fra navnet p\u00e5 den ledsager, der fortalte hadithen mest fremtr\u00e6dende, for at g\u00f8re det lettere for l\u00e6seren at unders\u00f8ge bogen uden at g\u00f8re den for lang, da mange l\u00e6sere kun \u00f8nsker at l\u00e6se hadithens tekst.<\/h1>\n<h1 style=\"text-align: center;\">Z - Jeg diskuterede ikke haditherne fra profetens biografi i denne bog, da de er n\u00e6vnt i mange b\u00f8ger om profetens biografi og ledsagernes biografier, m\u00e5 Gud v\u00e6re tilfreds med dem.<\/h1>\n<h1 style=\"text-align: center;\">H - Betydningen af nogle vanskelige ord i haditherne er placeret i slutningen af hver side for at g\u00f8re det s\u00e5 nemt som muligt for l\u00e6seren at forst\u00e5 haditherne.<\/h1>\n<h1 style=\"text-align: center;\">T- Alle haditherne i denne bog er forsynet med diakritiske tegn, s\u00e5 de kan l\u00e6ses korrekt.<\/h1>\n<h1 style=\"text-align: center;\">Denne bog blev p\u00e5begyndt i begyndelsen af 2009 og f\u00e6rdiggjort i 2019. Dette er fors\u00f8g, hvormed vi s\u00f8gte at tjene vores store religion og st\u00f8tte vores Profet, Sendebudenes Segl, \ufdfa, gennem det, han sagde og gjorde til gavn for vores br\u00f8dre, i overensstemmelse med Guds Alm\u00e6gtiges ord: {Sandelig, i Guds Sendebud har I et fremragende m\u00f8nster for enhver, hvis h\u00e5b er i Gud og den Yderste Dag, og [som] ofte husker Gud.} [Al-Ahzab: 22]. Vi beder Gud den Alm\u00e6gtige om at g\u00f8re det gavnligt og g\u00f8re vores arbejde oprigtigt for Hans skyld. {Vor Herre, l\u00e6g ikke skyld p\u00e5 os, hvis vi glemmer eller beg\u00e5r en fejl.} Han er tilstr\u00e6kkelig for os, og Han er den bedste Ordent for anliggender.<\/h1>\n<h1 style=\"text-align: center;\">Kairo, 18. Sha&#039;ban 1440 AH<\/h1>\n<h1 style=\"text-align: center;\">Svarende til 24. april 2019<\/h1>\n<h1 style=\"text-align: center;\">\u00a0\u00a0\u00a0\u00a0\u00a0\u00a0 Tamer Badr<\/h1>\n\t\t\t<\/div>\n\t\t\t\t\t<div class=\"woocommerce-Tabs-panel woocommerce-Tabs-panel--reviews panel entry-content wc-tab\" id=\"tab-reviews\" role=\"tabpanel\" aria-labelledby=\"tab-title-reviews\">\n\t\t\t\t<div id=\"reviews\" class=\"woocommerce-Reviews\">\n\t<div id=\"comments\">\n\t\t<h2 class=\"woocommerce-Reviews-title\">\n\t\t\tAnmeldelser\t\t<\/h2>\n\n\t\t\t\t\t<p class=\"woocommerce-noreviews\" data-no-translation=\"\" data-trp-gettext=\"\">Der er endnu ikke nogle anmeldelser.<\/p>\n\t\t\t<\/div>\n\n\t\t\t<div id=\"review_form_wrapper\">\n\t\t\t<div id=\"review_form\">\n\t\t\t\t\t<div id=\"respond\" class=\"comment-respond\">\n\t\t<span id=\"reply-title\" class=\"comment-reply-title\" role=\"heading\" aria-level=\"3\">V\u00e6r den f\u00f8rste til at anmelde &ldquo;\u0643\u062a\u0627\u0628 \u0631\u064a\u0627\u0636 \u0627\u0644\u0633\u0646\u0629 \u0645\u0646 \u0635\u062d\u064a\u062d \u0627\u0644\u0643\u062a\u0628 \u0627\u0644\u0633\u062a\u0629&rdquo;  <small><a rel=\"nofollow\" id=\"cancel-comment-reply-link\" href=\"\/da\/wp-json\/wp\/v2\/pages\/20112#respond\" style=\"display:none;\">Annuller svar<\/a><\/small><\/span><p class=\"must-log-in\" data-no-translation=\"\" data-trp-gettext=\"\">Du skal v\u00e6re <a href=\"https:\/\/tamerbadr.com\/da\/\">logged in<\/a> for at afgive en anmeldelse.<\/p>\t<\/div><!-- #respond -->\n\t\t\t\t<\/div>\n\t\t<\/div>\n\t\n\t<div class=\"clear\"><\/div>\n<\/div>\n\t\t\t<\/div>\n\t\t\n\t\t\t<\/div>\n\n<\/div>\n\n\t\t\t<\/div>\n\t\t\t<\/div>\t\t\t\t<\/div>\n\t\t\t\t<\/div>\n\t\t\t\t<\/div>\n\t\t\t\t\t<\/div>\n\t\t\t\t<\/div>\n\t\t\t\t<\/div>","protected":false},"excerpt":{"rendered":"","protected":false},"author":1,"featured_media":0,"parent":0,"menu_order":0,"comment_status":"closed","ping_status":"closed","template":"elementor_header_footer","meta":{"_seopress_robots_primary_cat":"","_seopress_titles_title":"","_seopress_titles_desc":"","_seopress_robots_index":"","inline_featured_image":false,"_uf_show_specific_survey":0,"_uf_disable_surveys":false,"footnotes":""},"class_list":["post-20112","page","type-page","status-publish"],"_links":{"self":[{"href":"https:\/\/tamerbadr.com\/da\/wp-json\/wp\/v2\/pages\/20112","targetHints":{"allow":["GET"]}}],"collection":[{"href":"https:\/\/tamerbadr.com\/da\/wp-json\/wp\/v2\/pages"}],"about":[{"href":"https:\/\/tamerbadr.com\/da\/wp-json\/wp\/v2\/types\/page"}],"author":[{"embeddable":true,"href":"https:\/\/tamerbadr.com\/da\/wp-json\/wp\/v2\/users\/1"}],"replies":[{"embeddable":true,"href":"https:\/\/tamerbadr.com\/da\/wp-json\/wp\/v2\/comments?post=20112"}],"version-history":[{"count":0,"href":"https:\/\/tamerbadr.com\/da\/wp-json\/wp\/v2\/pages\/20112\/revisions"}],"wp:attachment":[{"href":"https:\/\/tamerbadr.com\/da\/wp-json\/wp\/v2\/media?parent=20112"}],"curies":[{"name":"wp","href":"https:\/\/api.w.org\/{rel}","templated":true}]}}