{"id":19581,"date":"2025-03-16T21:53:58","date_gmt":"2025-03-16T21:53:58","guid":{"rendered":"https:\/\/white-ant-267257.hostingersite.com\/?post_type=product&#038;p=19581"},"modified":"2025-07-13T07:21:59","modified_gmt":"2025-07-13T07:21:59","slug":"unforgettable-leaders-book","status":"publish","type":"product","link":"https:\/\/tamerbadr.com\/cs\/produkt\/unforgettable-leaders-book","title":{"rendered":"Kniha Nezapomenuteln\u00ed v\u016fdci"},"content":{"rendered":"<h1 style=\"text-align: center;\"><strong>\u00davod profesora Dr. Ragheba El-Serganyho ke knize Nezapomenuteln\u00ed v\u016fdci<\/strong><\/h1>\n<h1 style=\"text-align: center;\">V historii isl\u00e1msk\u00e9ho n\u00e1roda existuj\u00ed mu\u017ei, kte\u0159\u00ed osv\u011btlili d\u011bjiny pro ty, kte\u0159\u00ed p\u0159i\u0161li po nich, mu\u017ei, kte\u0159\u00ed se vyznamenali ve v\u0161ech oblastech.<\/h1>\n<h1 style=\"text-align: center;\">Snad v historii \u017e\u00e1dn\u00e9ho n\u00e1roda nenajdete tolik skv\u011bl\u00fdch postav. Z poselstv\u00ed Ibn Umara, k\u00e9\u017e s n\u00edm B\u016fh nalezne zal\u00edben\u00ed, kter\u00fd \u0159ekl: Posel Bo\u017e\u00ed, k\u00e9\u017e mu B\u016fh po\u017eehn\u00e1 a d\u00e1 mu m\u00edr, \u0159ekl: \u201eNajdete lidi shroma\u017e\u010fuj\u00edc\u00ed se na stovce m\u00edst a ani jeden z nich nenajde horu.\u201c Vypr\u00e1v\u011bli Al-Bukhar\u00ed a Muslim.<\/h1>\n<h1 style=\"text-align: center;\">V\u00fdznamn\u00fdch mu\u017e\u016f v obecn\u00e9 historii je tedy m\u00e1lo, ale mnoho z nich se objevilo a vyniklo v isl\u00e1msk\u00e9 historii a isl\u00e1msk\u00e9 civilizaci.<\/h1>\n<h1 style=\"text-align: center;\">Isl\u00e1msk\u00fd st\u00e1t se zrodil ze state\u010dn\u00fdch, hrdinsk\u00fdch mud\u017eahed\u00edn\u016f. Isl\u00e1msk\u00e1 historie zn\u00e1, kolik v\u016fdc\u016f se objevilo a dovedlo isl\u00e1msk\u00e9 arm\u00e1dy k velk\u00fdm v\u00edt\u011bzstv\u00edm, a to d\u00edky V\u0161emohouc\u00edmu Bohu a pot\u00e9 d\u00edky jejich genialit\u011b a odvaze!<\/h1>\n<h1 style=\"text-align: center;\">V\u011bk nebyl faktorem p\u0159i ur\u010dov\u00e1n\u00ed v\u016fdc\u016f v isl\u00e1mu, ale sp\u00ed\u0161e kompetence a schopnosti. Posel Bo\u017e\u00ed, k\u00e9\u017e mu B\u016fh \u017eehn\u00e1 a daruje mu m\u00edr, si vybral osmn\u00e1ctilet\u00e9ho Us\u00e1mu bin Zaida, aby vedl arm\u00e1du k boji proti \u0158\u00edman\u016fm, a pod jeho velen\u00edm byli Abu Bakr a Umar bin Al-Chattab.<\/h1>\n<h1 style=\"text-align: center;\">Ani to, \u017ee byl prvn\u00edm, kdo p\u0159ijal isl\u00e1m, nebylo rozhoduj\u00edc\u00ed. Posel Bo\u017e\u00ed, k\u00e9\u017e mu B\u016fh \u017eehn\u00e1 a daruje mu m\u00edr, jmenoval Amra ibn al-\u00c1se (k\u00e9\u017e s n\u00edm B\u016fh nalezne zal\u00edben\u00ed) nad nejstar\u0161\u00edmi spole\u010dn\u00edky v bitv\u011b u Dhat as-Salasilu, p\u0159esto\u017ee k isl\u00e1mu konvertoval teprve n\u011bkolik dn\u00ed p\u0159edt\u00edm. Podobn\u011b Ch\u00e1lid ibn al-Val\u00edd (k\u00e9\u017e s n\u00edm B\u016fh nalezne zal\u00edben\u00ed) vedl nejstar\u0161\u00ed spole\u010dn\u00edky v bitv\u011b u Mu&#039;tahu, p\u0159esto\u017ee k isl\u00e1mu konvertoval ned\u00e1vno.<\/h1>\n<h1 style=\"text-align: center;\">Krit\u00e9ria pro v\u00fdb\u011br v\u016fdc\u016f v isl\u00e1msk\u00e9 historii byla objektivn\u00ed a vztahovala se v\u00fdhradn\u011b ke kompetenc\u00edm. Isl\u00e1msk\u00e1 civilizace proto v pr\u016fb\u011bhu sv\u00e9 historie produkovala v\u00fdjime\u010dn\u00e9 v\u016fdce, kte\u0159\u00ed nem\u011bli konkurenci.<\/h1>\n<h1 style=\"text-align: center;\">Pot\u00e9 se muslimov\u00e9 nau\u010dili, \u017ee mus\u00ed p\u0159ipravovat budouc\u00ed v\u016fdce; proto se roz\u0161\u00ed\u0159il v\u00fdcvik v jezdectv\u00ed, d\u017eih\u00e1du a lukost\u0159elb\u011b.<\/h1>\n<h1 style=\"text-align: center;\">Historie veden\u00ed v isl\u00e1mu je bohat\u00e1 na hlubok\u00e9 v\u00fdznamy, koncepty a jedine\u010dn\u00e9 osobnosti; proto je tato kniha d\u016fle\u017eit\u00e1.<\/h1>\n<h1 style=\"text-align: center;\">Autor, bratr Tamer Badr - k\u00e9\u017e ho B\u016fh ochra\u0148uje - se zaj\u00edmal o vystopov\u00e1n\u00ed biografi\u00ed muslimsk\u00fdch v\u016fdc\u016f a p\u0159edstavil n\u00e1m je v...<\/h1>\n<h1 style=\"text-align: center;\">Snadn\u00fd, elegantn\u00ed a stru\u010dn\u00fd styl, v n\u011bm\u017e vyt\u011b\u017eil nejd\u016fle\u017eit\u011bj\u0161\u00ed body, kter\u00e9 n\u00e1rod pot\u0159ebuje k pochopen\u00ed toho, jak to bylo.<\/h1>\n<h1 style=\"text-align: center;\">V\u016fdci jsou p\u0159ipraveni na to, abyste z nich mohli vychovat nov\u00e9 generace.<\/h1>\n<h1 style=\"text-align: center;\">Jak n\u00e1s autor zvykl ve sv\u00e9 p\u0159edchoz\u00ed knize (Nezapomenuteln\u00e9 dny), kniha v\u00e1s sv\u00fdm stylem pout\u00e1. Jakmile se do n\u00ed pust\u00edte, budete m\u00edt nutk\u00e1n\u00ed pokra\u010dovat a\u017e do konce.<\/h1>\n<h1 style=\"text-align: center;\">Pros\u00edm V\u0161emohouc\u00edho Boha, aby p\u0159ijal autorovo \u00fasil\u00ed v jeho knize, aby knihu oslovil a aby skrze ni prosp\u011bl muslim\u016fm. On je ochr\u00e1ncem t\u00e9to knihy a je toho schopen dos\u00e1hnout.<\/h1>\n<h1 style=\"text-align: center;\">\u00a0Prof. Dr. Ragheb Al-Sergani<\/h1>\n<h1 style=\"text-align: center;\">K\u00e1hira v listopadu 2011<\/h1>","protected":false},"excerpt":{"rendered":"<p>\u0645\u0642\u062f\u0645\u0629 \u0627\u0644\u0627\u0633\u062a\u0627\u0630 \u0627\u0644\u062f\u0643\u062a\u0648\u0631 \u0631\u0627\u063a\u0628 \u0627\u0644\u0633\u0631\u062c\u0627\u0646\u064a \u0644\u0643\u062a\u0627\u0628 \u0642\u0627\u062f\u0629 \u0644\u0627 \u062a\u0646\u0633\u0649 \u0641\u064a \u062a\u0627\u0631\u064a\u062e \u0623\u064f\u0645\u0629 \u0627\u0644\u0625\u0633\u0644\u0627\u0645 \u0631\u062c\u0627\u0644 \u0623\u0636\u0627\u0621\u0648\u0627 \u0627\u0644\u062a\u0627\u0631\u064a\u062e \u0644\u0645\u0646 \u062c\u0627\u0621 \u0628\u0639\u062f\u0647\u0645\u060c \u0631\u062c\u0627\u0644 \u062a\u0645\u064a\u0632\u0648\u0627 \u0641\u064a \u0643\u0644 \u0645\u062c\u0627\u0644\u060c \u0648\u0631\u0628\u0645\u0627 \u0644\u0627 \u062a\u062c\u062f \u0641\u064a \u062a\u0627\u0631\u064a\u062e \u0623\u064f\u0645\u0629 \u0645\u0646 \u0627\u0644\u0623\u0645\u0645 \u0647\u0630\u0627 \u0627\u0644\u0639\u062f\u062f \u0645\u0646 \u0627\u0644\u0631\u0645\u0648\u0632 \u0627\u0644\u0644\u0627\u0645\u0639\u0629\u061b \u0641\u0639\u0646 \u0627\u0628\u0646 \u0639\u0645\u0631 \u0631\u0636\u064a \u0627\u0644\u0644\u0647 \u0639\u0646\u0647 \u0642\u0627\u0644: \u0642\u0627\u0644 \u0631\u0633\u0648\u0644 \u0627\u0644\u0644\u0647 \ufdfa: \u00ab\u062a\u064e\u062c\u0650\u062f\u064f\u0648\u0646\u064e \u0627\u0644\u0646\u0651\u064e\u0627\u0633\u064e \u0643\u064e\u0627\u0628\u0650\u0644 \u0645\u0650\u0627\u0626\u064e\u0629\u064d \u0644\u064e\u0627 \u064a\u064e\u062c\u0650\u062f\u064f \u0627\u0644\u0631\u0651\u064e\u062c\u064f\u0644\u064f [&hellip;]<\/p>","protected":false},"featured_media":19693,"comment_status":"open","ping_status":"closed","template":"","meta":{"_seopress_robots_primary_cat":"","_seopress_titles_title":"","_seopress_titles_desc":"","_seopress_robots_index":"","inline_featured_image":false,"_uf_show_specific_survey":0,"_uf_disable_surveys":false},"product_brand":[],"product_cat":[189],"product_tag":[],"class_list":{"0":"post-19581","1":"product","2":"type-product","3":"status-publish","4":"has-post-thumbnail","6":"product_cat-189","8":"first","9":"instock","10":"downloadable","11":"shipping-taxable","12":"purchasable","13":"product-type-simple"},"_links":{"self":[{"href":"https:\/\/tamerbadr.com\/cs\/wp-json\/wp\/v2\/product\/19581","targetHints":{"allow":["GET"]}}],"collection":[{"href":"https:\/\/tamerbadr.com\/cs\/wp-json\/wp\/v2\/product"}],"about":[{"href":"https:\/\/tamerbadr.com\/cs\/wp-json\/wp\/v2\/types\/product"}],"replies":[{"embeddable":true,"href":"https:\/\/tamerbadr.com\/cs\/wp-json\/wp\/v2\/comments?post=19581"}],"wp:featuredmedia":[{"embeddable":true,"href":"https:\/\/tamerbadr.com\/cs\/wp-json\/wp\/v2\/media\/19693"}],"wp:attachment":[{"href":"https:\/\/tamerbadr.com\/cs\/wp-json\/wp\/v2\/media?parent=19581"}],"wp:term":[{"taxonomy":"product_brand","embeddable":true,"href":"https:\/\/tamerbadr.com\/cs\/wp-json\/wp\/v2\/product_brand?post=19581"},{"taxonomy":"product_cat","embeddable":true,"href":"https:\/\/tamerbadr.com\/cs\/wp-json\/wp\/v2\/product_cat?post=19581"},{"taxonomy":"product_tag","embeddable":true,"href":"https:\/\/tamerbadr.com\/cs\/wp-json\/wp\/v2\/product_tag?post=19581"}],"curies":[{"name":"wp","href":"https:\/\/api.w.org\/{rel}","templated":true}]}}