{"id":19575,"date":"2025-03-16T21:38:04","date_gmt":"2025-03-16T21:38:04","guid":{"rendered":"https:\/\/white-ant-267257.hostingersite.com\/?post_type=product&#038;p=19575"},"modified":"2025-07-13T07:22:37","modified_gmt":"2025-07-13T07:22:37","slug":"unforgettable-days-book","status":"publish","type":"product","link":"https:\/\/tamerbadr.com\/cs\/produkt\/unforgettable-days-book","title":{"rendered":"Kniha Nezapomenuteln\u00e9 dny"},"content":{"rendered":"<h1 style=\"text-align: center;\"><strong>\u00davod profesora Dr. Ragheba Al-Sarjaniho ke knize Nezapomenuteln\u00e9 dny<\/strong><\/h1>\n<h1 style=\"text-align: center;\">Isl\u00e1msk\u00e9 d\u011bjiny trp\u011bly v pr\u016fb\u011bhu let a stalet\u00ed velk\u00fdm zanedb\u00e1v\u00e1n\u00edm. D\u016fsledkem bylo, \u017ee mnoho orientalist\u016f a z\u00e1padn\u00edch sleduj\u00edc\u00edch tyto d\u011bjiny zkreslovalo. V d\u016fsledku toho m\u00e1me d\u011bjiny, kter\u00e9 se velmi li\u0161\u00ed od pravdy. A co h\u016f\u0159, v t\u011bchto zkreslen\u00edch se ztratily ponau\u010den\u00ed a mor\u00e1lka. Historie se tak stala akademick\u00fdm studiem, kter\u00e9 pro \u010dten\u00e1\u0159e nem\u00e1 \u017e\u00e1dn\u00fd v\u00fdznam. V d\u016fsledku toho se \u010dten\u00e1\u0159i zdr\u017eeli jejich \u010dten\u00ed a studia.<\/h1>\n<h1 style=\"text-align: center;\">Tv\u00e1\u0159\u00ed v tv\u00e1\u0159 t\u00e9to zoufal\u00e9 situaci se n\u011bkte\u0159\u00ed horliv\u00ed lid\u00e9 museli postavit, aby zachr\u00e1nili tuto dlouhou historii; ba dokonce aby zachr\u00e1nili muslimskou ml\u00e1de\u017e, kter\u00e1 nena\u0161la vhodn\u00fd a spolehliv\u00fd zdroj, ze kter\u00e9ho by si mohla p\u0159e\u010d\u00edst historii n\u00e1roda. Vskutku, nep\u0159eh\u00e1n\u00edm, kdy\u017e \u0159\u00edk\u00e1m: Cel\u00fd sv\u011bt \u2013 muslimsk\u00fd i nemuslimsk\u00fd \u2013 pot\u0159ebuje tuto slavnou isl\u00e1mskou historii, nebo\u0165 sv\u011bt nikdy nepoznal nic tak skv\u011bl\u00e9ho a oslniv\u00e9ho, jako to, co jsme v na\u0161\u00ed velk\u00e9 historii na\u0161li.<\/h1>\n<h1 style=\"text-align: center;\">Kniha, kterou dr\u017e\u00edme v rukou, je takovou pom\u016fckou!<\/h1>\n<h1 style=\"text-align: center;\">Jedn\u00e1 se o cennou knihu, kter\u00e1 dovedn\u011b shrnuje obrovsk\u00e9 mno\u017estv\u00ed kl\u00ed\u010dov\u00fdch dn\u016f v historii isl\u00e1msk\u00e9ho n\u00e1roda. Tato ohromn\u00e1 sb\u00edrka v\u0161ak nevedla k podobn\u011b enormn\u00edmu po\u010dtu stran! To sv\u011bd\u010d\u00ed o autorov\u011b mimo\u0159\u00e1dn\u00e9m mistrovstv\u00ed ve v\u00fdb\u011bru u\u017eite\u010dn\u00e9ho z ka\u017ed\u00e9 bitvy a d\u016fle\u017eit\u00e9ho z ka\u017ed\u00e9ho st\u0159etnut\u00ed. Mo\u017en\u00e1 je to jeden z nejv\u00fdrazn\u011bj\u0161\u00edch rys\u016f, kter\u00fd odli\u0161uje tuto knihu od ostatn\u00edch, nebo\u0165 autor se vyzna\u010duje brilantn\u00ed schopnost\u00ed zhu\u0161\u0165ovat a soust\u0159edit se, tak\u017ee po p\u0159e\u010dten\u00ed \u010dty\u0159 nebo p\u011bti str\u00e1nek o rozs\u00e1hl\u00e9 bitv\u011b m\u00e1te pocit, \u017ee jste probrali v\u0161e a nepot\u0159ebujete \u017e\u00e1dn\u00e9 dal\u0161\u00ed informace, zat\u00edmco odborn\u00edci v\u011bd\u00ed, \u017ee historik o takov\u00fdch bitv\u00e1ch dok\u00e1\u017ee napsat cel\u00e9 svazky!<\/h1>\n<h1 style=\"text-align: center;\">Tato kniha se tak\u00e9 vyzna\u010duje lehkou navigac\u00ed mezi r\u016fzn\u00fdmi etapami isl\u00e1msk\u00fdch d\u011bjin. Za\u010d\u00edn\u00e1 prorockou \u00e9rou a pot\u00e9 p\u0159im\u011b\u0159enou rychlost\u00ed p\u0159eskakuje mezi r\u016fzn\u00fdmi historick\u00fdmi obdob\u00edmi, jako je \u00e9ra R\u00e1\u0161\u00edd\u016f, Umajj\u00e1d\u016f, Abb\u00e1sovc\u016f, Ajj\u00fab\u016f, Mamel\u00fak\u016f a Osman\u016f. Nezanedb\u00e1v\u00e1 ani geografickou navigaci v r\u016fzn\u00fdch koutech sv\u011bta. Dosahuje V\u00fdchodu a hovo\u0159\u00ed o bitv\u00e1ch v Indii a opou\u0161t\u00ed V\u00fdchod na Z\u00e1pad\u011b a popisuje bitvy v Andalusii!<\/h1>\n<h1 style=\"text-align: center;\">Dal\u0161\u00edm charakteristick\u00fdm rysem t\u00e9to knihy je, \u017ee pojedn\u00e1v\u00e1 o mnoha bitv\u00e1ch, o kter\u00fdch mnoho muslim\u016f nezn\u00e1 \u017e\u00e1dn\u00e9 podrobnosti. Vlastn\u011b nep\u0159eh\u00e1n\u00edm, kdy\u017e \u0159\u00edk\u00e1m: muslimov\u00e9 neznaj\u00ed ani jejich jm\u00e9na! Sta\u010d\u00ed, kdy\u017e pouk\u00e1\u017eu nap\u0159\u00edklad na bitvy u Ain al-Tamru, dobyt\u00ed Dibalu, bitvu u Talasu, dobyt\u00ed Somnathu, bitvu u Nikopole, bitvu u Moh\u00e1\u010de a dal\u0161\u00ed bitvy, jejich\u017e zm\u00ednka byla zapomenuta a jejich\u017e str\u00e1nky byly pokryt\u00e9 prachem, dokud tento autor s poctivost\u00ed a p\u00e9\u010d\u00ed neodhalil pravdu o t\u011bchto rozhoduj\u00edc\u00edch dnech.<\/h1>\n<h1 style=\"text-align: center;\">P\u0159edev\u0161\u00edm v\u00fd\u0161e uveden\u00e9 se tato cenn\u00e1 kniha vyzna\u010duje dv\u011bma v\u011bcmi, kter\u00e9 ji odli\u0161uj\u00ed od mnoha d\u011bl, je\u017e zapl\u0148uj\u00ed isl\u00e1mskou knihovnu, a \u010din\u00ed ji tak ve sv\u00e9m oboru jedine\u010dnou.<\/h1>\n<h1 style=\"text-align: center;\">Prvn\u00edm bodem je, \u017ee se neomezuje pouze na v\u00edt\u011bzstv\u00ed muslim\u016f, ale sp\u00ed\u0161e s kr\u00e1snou nestrannost\u00ed a extr\u00e9mn\u00ed p\u0159esnost\u00ed zmi\u0148uje hlavn\u00ed bitvy, ve kter\u00fdch byli muslimov\u00e9 pora\u017eeni! Jako nap\u0159\u00edklad bitvu u Uhudu, bitvu u Tours, bitvu u Al-Uqabu a dal\u0161\u00ed por\u00e1\u017eky. To je ve skute\u010dnosti jasn\u00fdm p\u0159\u00edkladem autorovy inteligence, proto\u017ee \u010dten\u00e1\u0159i p\u0159edv\u00e1d\u00ed svou poctivost v prezentov\u00e1n\u00ed ud\u00e1lost\u00ed a zd\u016fraz\u0148uje, \u017ee \u010das je cyklus mezi n\u00e1rody. Z\u00e1rove\u0148 \u010dten\u00e1\u0159e nezbavuje mo\u017enosti t\u011b\u017eit z d\u016fle\u017eit\u00fdch ponau\u010den\u00ed, kter\u00e1 se v t\u011bchto bitv\u00e1ch nau\u010dili.<\/h1>\n<h1 style=\"text-align: center;\">Druhou v\u011bc\u00ed je, \u017ee autor se nezastavil u vypr\u00e1v\u011bn\u00ed ud\u00e1lost\u00ed, jak to d\u011bl\u00e1 mnoho autor\u016f, ale sp\u00ed\u0161e se pono\u0159il do problematiky a hledal faktory v\u00edt\u011bzstv\u00ed a d\u016fvody por\u00e1\u017eky, tak\u017ee \u010dten\u00e1\u0159 knihy si odnese hojnou sb\u00edrku d\u016fvod\u016f vzestupu \u010di p\u00e1du n\u00e1rod\u016f, a tak je c\u00edl vypr\u00e1v\u011bt p\u0159\u00edb\u011bh dosa\u017een; jak n\u00e1m uk\u00e1zal n\u00e1\u0161 P\u00e1n, kdy\u017e \u0159ekl: {V jejich p\u0159\u00edb\u011bz\u00edch je v\u011bru ponau\u010den\u00ed pro ty, kte\u0159\u00ed maj\u00ed rozum} [J\u00fasuf: 111]... Pravdou je, \u017ee autor to v\u0161e zpracoval s vysok\u00fdm a vynikaj\u00edc\u00edm \u0159emesln\u00fdm um\u011bn\u00edm.<\/h1>\n<h1 style=\"text-align: center;\">Kone\u010dn\u011b:<\/h1>\n<h1 style=\"text-align: center;\">Toto \u0159emesln\u00e9 um\u011bn\u00ed autora nezabr\u00e1nilo jeho stylu b\u00fdt jemn\u00fd a kr\u00e1sn\u00fd. V\u00fdrazy knihy jsou elegantn\u00ed, slova kr\u00e1sn\u00e1 a jej\u00ed pod\u00e1n\u00ed je plynul\u00e9 a p\u0159\u00edjemn\u00e9, co\u017e knize dod\u00e1v\u00e1 na n\u00e1dhe\u0159e a eleganci.<\/h1>\n<h1 style=\"text-align: center;\">I kdy\u017e v\u00edm, \u017ee se jedn\u00e1 o autor\u016fv prvn\u00ed pokus o vojensk\u00e9 psan\u00ed, jsem si jist\u00fd, \u017ee to nebude jeho pokus posledn\u00ed. Bitvy isl\u00e1msk\u00e9 historie a jejich detaily vy\u017eaduj\u00ed stovky svazk\u016f a tis\u00edce vysv\u011btlen\u00ed a anal\u00fdz.<\/h1>\n<h1 style=\"text-align: center;\">K\u00e9\u017e All\u00e1h odm\u011bn\u00ed profesora Tamera Badra za jeho velk\u00e9 \u00fasil\u00ed. Moje rada mu zn\u00ed, aby si sv\u016fj z\u00e1m\u011br s ka\u017edou knihou v\u017edy obnovoval, aby All\u00e1h, V\u0161emohouc\u00ed, mohl jeho knih\u00e1m ud\u011blit \u0161irok\u00e9 roz\u0161\u00ed\u0159en\u00ed a on s\u00e1m z\u00edskal hojnou odm\u011bnu a komplexn\u00ed vynahradu.<\/h1>\n<h1 style=\"text-align: center;\">Pros\u00edm Boha, aby oslavil isl\u00e1m a muslimy<\/h1>\n<h1 style=\"text-align: center;\">Prof. Dr. Ragheb Al-Sarjani<\/h1>","protected":false},"excerpt":{"rendered":"<p>\u00davod profesora Dr. Ragheba Al-Sarjaniho ke knize Nezapomenuteln\u00e9 dny Isl\u00e1msk\u00e9 d\u011bjiny v pr\u016fb\u011bhu let a stalet\u00ed zna\u010dn\u011b trp\u011bly zanedb\u00e1v\u00e1n\u00edm a v\u00fdsledkem bylo, \u017ee mnoho orientalist\u016f a z\u00e1padn\u00edch sleduj\u00edc\u00edch tyto d\u011bjiny zmanipulovalo; d\u011bjiny se n\u00e1m tak objevily v podob\u011b, kter\u00e1 se velmi li\u0161\u00ed od pravdy, a co je hor\u0161\u00ed, ponau\u010den\u00ed a mor\u00e1lka se uprost\u0159ed t\u011bchto zkreslen\u00ed ztratily, tak\u017ee se d\u011bjiny staly akademick\u00fdm studiem bez smyslu [\u2026]<\/p>","protected":false},"featured_media":19689,"comment_status":"open","ping_status":"closed","template":"","meta":{"_seopress_robots_primary_cat":"","_seopress_titles_title":"","_seopress_titles_desc":"","_seopress_robots_index":"","inline_featured_image":false,"_uf_show_specific_survey":0,"_uf_disable_surveys":false},"product_brand":[],"product_cat":[189],"product_tag":[],"class_list":{"0":"post-19575","1":"product","2":"type-product","3":"status-publish","4":"has-post-thumbnail","6":"product_cat-189","8":"first","9":"instock","10":"downloadable","11":"shipping-taxable","12":"purchasable","13":"product-type-simple"},"_links":{"self":[{"href":"https:\/\/tamerbadr.com\/cs\/wp-json\/wp\/v2\/product\/19575","targetHints":{"allow":["GET"]}}],"collection":[{"href":"https:\/\/tamerbadr.com\/cs\/wp-json\/wp\/v2\/product"}],"about":[{"href":"https:\/\/tamerbadr.com\/cs\/wp-json\/wp\/v2\/types\/product"}],"replies":[{"embeddable":true,"href":"https:\/\/tamerbadr.com\/cs\/wp-json\/wp\/v2\/comments?post=19575"}],"wp:featuredmedia":[{"embeddable":true,"href":"https:\/\/tamerbadr.com\/cs\/wp-json\/wp\/v2\/media\/19689"}],"wp:attachment":[{"href":"https:\/\/tamerbadr.com\/cs\/wp-json\/wp\/v2\/media?parent=19575"}],"wp:term":[{"taxonomy":"product_brand","embeddable":true,"href":"https:\/\/tamerbadr.com\/cs\/wp-json\/wp\/v2\/product_brand?post=19575"},{"taxonomy":"product_cat","embeddable":true,"href":"https:\/\/tamerbadr.com\/cs\/wp-json\/wp\/v2\/product_cat?post=19575"},{"taxonomy":"product_tag","embeddable":true,"href":"https:\/\/tamerbadr.com\/cs\/wp-json\/wp\/v2\/product_tag?post=19575"}],"curies":[{"name":"wp","href":"https:\/\/api.w.org\/{rel}","templated":true}]}}