{"id":20119,"date":"2025-03-19T15:32:12","date_gmt":"2025-03-19T15:32:12","guid":{"rendered":"https:\/\/white-ant-267257.hostingersite.com\/?page_id=20119"},"modified":"2025-04-06T08:15:00","modified_gmt":"2025-04-06T08:15:00","slug":"unforgettable-countries-book","status":"publish","type":"page","link":"https:\/\/tamerbadr.com\/cs\/unforgettable-countries-book","title":{"rendered":"Kniha Nezapomenuteln\u00e9 zem\u011b"},"content":{"rendered":"<div data-elementor-type=\"wp-page\" data-elementor-id=\"20119\" class=\"elementor elementor-20119\" data-elementor-post-type=\"page\">\n\t\t\t\t<div class=\"elementor-element elementor-element-c8c7aab e-flex e-con-boxed e-con e-parent\" data-id=\"c8c7aab\" data-element_type=\"container\">\n\t\t\t\t\t<div class=\"e-con-inner\">\n\t\t<div class=\"elementor-element elementor-element-6483b1a e-con-full e-flex e-con e-child\" data-id=\"6483b1a\" data-element_type=\"container\">\n\t\t\t\t<div class=\"elementor-element elementor-element-6058eb2 elementor-widget elementor-widget-wc-elements\" data-id=\"6058eb2\" data-element_type=\"widget\" data-widget_type=\"wc-elements.default\">\n\t\t\t\t<div class=\"elementor-widget-container\">\n\t\t\t\t\t<div class=\"woocommerce\">\t\t\t<div class=\"single-product\" data-product-page-preselected-id=\"0\">\n\t\t\t\t<div class=\"woocommerce-notices-wrapper\"><\/div><div id=\"product-19582\" class=\"product type-product post-19582 status-publish first instock product_cat-190 has-post-thumbnail downloadable shipping-taxable purchasable product-type-simple\">\n\n\t<div class=\"woocommerce-product-gallery woocommerce-product-gallery--with-images woocommerce-product-gallery--columns-4 images\" data-columns=\"4\" style=\"opacity: 0; transition: opacity .25s ease-in-out;\">\n\t<div class=\"woocommerce-product-gallery__wrapper\">\n\t\t<div data-thumb=\"https:\/\/tamerbadr.com\/wp-content\/uploads\/2025\/03\/\u062f\u0648\u0644-\u0644\u0627-\u062a\u0646\u0633\u0649-scaled-scaled.jpg\" data-thumb-alt=\"\u0643\u062a\u0627\u0628 \u062f\u0648\u0644 \u0644\u0627 \u062a\u0646\u0633\u0649\" data-thumb-srcset=\"\"  data-thumb-sizes=\"(max-width: 100px) 100vw, 100px\" class=\"woocommerce-product-gallery__image\"><a href=\"https:\/\/tamerbadr.com\/wp-content\/uploads\/2025\/03\/\u062f\u0648\u0644-\u0644\u0627-\u062a\u0646\u0633\u0649-scaled-scaled.jpg\"><img fetchpriority=\"high\" decoding=\"async\" width=\"2049\" height=\"1434\" src=\"https:\/\/tamerbadr.com\/wp-content\/uploads\/2025\/03\/\u062f\u0648\u0644-\u0644\u0627-\u062a\u0646\u0633\u0649-scaled-scaled.jpg\" class=\"wp-post-image\" alt=\"Kniha Nezapomenuteln\u00e9 zem\u011b\" data-caption=\"\" data-src=\"https:\/\/tamerbadr.com\/wp-content\/uploads\/2025\/03\/\u062f\u0648\u0644-\u0644\u0627-\u062a\u0646\u0633\u0649-scaled-scaled.jpg\" data-large_image=\"https:\/\/tamerbadr.com\/wp-content\/uploads\/2025\/03\/\u062f\u0648\u0644-\u0644\u0627-\u062a\u0646\u0633\u0649-scaled-scaled.jpg\" data-large_image_width=\"2049\" data-large_image_height=\"1434\" \/><\/a><\/div><div data-thumb=\"https:\/\/tamerbadr.com\/wp-content\/uploads\/2025\/03\/\u062f\u0648\u0644-\u0644\u0627-\u062a\u0646\u0633\u0649.jpeg\" data-thumb-alt=\"\u0643\u062a\u0627\u0628 \u062f\u0648\u0644 \u0644\u0627 \u062a\u0646\u0633\u0649 - Obr\u00e1zek 2\" data-thumb-srcset=\"\"  data-thumb-sizes=\"(max-width: 70px) 100vw, 70px\" class=\"woocommerce-product-gallery__image\" data-no-translation-data-thumb-alt=\"\"><a href=\"https:\/\/tamerbadr.com\/wp-content\/uploads\/2025\/03\/\u062f\u0648\u0644-\u0644\u0627-\u062a\u0646\u0633\u0649.jpeg\"><img decoding=\"async\" width=\"559\" height=\"799\" src=\"https:\/\/tamerbadr.com\/wp-content\/uploads\/2025\/03\/\u062f\u0648\u0644-\u0644\u0627-\u062a\u0646\u0633\u0649.jpeg\" class=\"\" alt=\"\u0643\u062a\u0627\u0628 \u062f\u0648\u0644 \u0644\u0627 \u062a\u0646\u0633\u0649 - Obr\u00e1zek 2\" data-caption=\"\" data-src=\"https:\/\/tamerbadr.com\/wp-content\/uploads\/2025\/03\/\u062f\u0648\u0644-\u0644\u0627-\u062a\u0646\u0633\u0649.jpeg\" data-large_image=\"https:\/\/tamerbadr.com\/wp-content\/uploads\/2025\/03\/\u062f\u0648\u0644-\u0644\u0627-\u062a\u0646\u0633\u0649.jpeg\" data-large_image_width=\"559\" data-large_image_height=\"799\" data-no-translation-alt=\"\" \/><\/a><\/div><div data-thumb=\"https:\/\/tamerbadr.com\/wp-content\/uploads\/2025\/03\/\u0645\u0624\u0644\u0641\u0627\u062a-\u062a\u0627\u0645\u0631-\u0628\u062f\u0631-1-5.jpg\" data-thumb-alt=\"\u0643\u062a\u0627\u0628 \u062f\u0648\u0644 \u0644\u0627 \u062a\u0646\u0633\u0649 - Obr\u00e1zek 3\" data-thumb-srcset=\"\"  data-thumb-sizes=\"(max-width: 92px) 100vw, 92px\" class=\"woocommerce-product-gallery__image\" data-no-translation-data-thumb-alt=\"\"><a href=\"https:\/\/tamerbadr.com\/wp-content\/uploads\/2025\/03\/\u0645\u0624\u0644\u0641\u0627\u062a-\u062a\u0627\u0645\u0631-\u0628\u062f\u0631-1-5.jpg\"><img decoding=\"async\" width=\"389\" height=\"422\" src=\"https:\/\/tamerbadr.com\/wp-content\/uploads\/2025\/03\/\u0645\u0624\u0644\u0641\u0627\u062a-\u062a\u0627\u0645\u0631-\u0628\u062f\u0631-1-5.jpg\" class=\"\" alt=\"\u0643\u062a\u0627\u0628 \u062f\u0648\u0644 \u0644\u0627 \u062a\u0646\u0633\u0649 - Obr\u00e1zek 3\" data-caption=\"CREATOR: gd-jpeg v1.0 (using IJG JPEG v62), quality = 90\" data-src=\"https:\/\/tamerbadr.com\/wp-content\/uploads\/2025\/03\/\u0645\u0624\u0644\u0641\u0627\u062a-\u062a\u0627\u0645\u0631-\u0628\u062f\u0631-1-5.jpg\" data-large_image=\"https:\/\/tamerbadr.com\/wp-content\/uploads\/2025\/03\/\u0645\u0624\u0644\u0641\u0627\u062a-\u062a\u0627\u0645\u0631-\u0628\u062f\u0631-1-5.jpg\" data-large_image_width=\"389\" data-large_image_height=\"422\" data-no-translation-alt=\"\" \/><\/a><\/div>\t<\/div>\n<\/div>\n\n\t<div class=\"summary entry-summary\">\n\t\t<h1 class=\"product_title entry-title\">Kniha Nezapomenuteln\u00e9 zem\u011b<\/h1><p class=\"price\"><span class=\"woocommerce-Price-amount amount\"><bdi><span class=\"woocommerce-Price-currencySymbol\">EGP<\/span>60.00<\/bdi><\/span><\/p>\n\n\t\n\t<form class=\"cart\" action=\"\" method=\"post\" enctype='multipart\/form-data' data-trp-original-action=\"\">\n\t\t\n\t\t<div class=\"quantity\">\n\t\t<label class=\"screen-reader-text\" for=\"quantity_6a038168b81f0\" data-no-translation=\"\" data-trp-gettext=\"\">\u0643\u062a\u0627\u0628 \u062f\u0648\u0644 \u0644\u0627 \u062a\u0646\u0633\u0649 mno\u017estv\u00ed<\/label>\n\t<input\n\t\ttype=\"number\"\n\t\t\t\tid=\"quantity_6a038168b81f0\"\n\t\tclass=\"input-text qty text\"\n\t\tname=\"quantity\"\n\t\tvalue=\"1\"\n\t\taria-label=\"Mno\u017estv\u00ed\"\n\t\t\t\tmin=\"1\"\n\t\t\t\t\t\t\tstep=\"1\"\n\t\t\tplaceholder=\"\"\n\t\t\tinputmode=\"numeric\"\n\t\t\tautocomplete=\"off\" data-no-translation-aria-label=\"\"\n\t\t\t\/>\n\t<\/div>\n\n\t\t<button type=\"submit\" name=\"add-to-cart\" value=\"19582\" class=\"single_add_to_cart_button button alt\" data-no-translation=\"\" data-trp-gettext=\"\">P\u0159idat do ko\u0161\u00edku<\/button>\n\n\t\t\n        <script>\n            document.addEventListener('DOMContentLoaded', function(){\n                document.addEventListener('click', function(event){\n                    if(!event.target.matches('.single_add_to_cart_button')){\n                        return;\n                    }\n\n                    const quantity = document.querySelector('input.qty').value || '1';\n                    const formProductVariation = document.querySelector('form[data-product_variations]')\n                    const variationItem = document.querySelector('.variation_id')\n\n                    let price = 60\n                    if(formProductVariation && variationItem){\n                        try{\n                            const variations = JSON.parse(formProductVariation.dataset.product_variations)\n                            const variationId = variationItem.value\n                            for(const variation of variations){\n                                if(variation.variation_id == Number(variationId)){\n                                    price = variation.display_price\n                                }\n                            }\n                        }\n                        catch{\n                        }\n                    }\n\n                    gtag('event', 'add_to_cart', {\n                        'items': [ {\n                            'item_id':'19582',\n                            'item_name': '\u0643\u062a\u0627\u0628 \u062f\u0648\u0644 \u0644\u0627 \u062a\u0646\u0633\u0649',\n                            'list_name': '\u0643\u062a\u0627\u0628 \u062f\u0648\u0644 \u0644\u0627 \u062a\u0646\u0633\u0649',\n                            'quantity': quantity,\n                            'price': price,\n                            \"item_category\":\"\u062a\u0627\u0631\u064a\u062e \u0625\u0633\u0644\u0627\u0645\u064a\"\n                        }]\n                    });\n                })\n            });\n        <\/script>\n        \t<input type=\"hidden\" name=\"trp-form-language\" value=\"cs\"\/><\/form>\n\n\t\n<div class=\"product_meta\">\n\n\t\n\t\n\t<span class=\"posted_in\">Kategorie: <a href=\"https:\/\/tamerbadr.com\/cs\/kategorie-produktu\/%d8%aa%d8%a7%d8%b1%d9%8a%d8%ae-%d8%a5%d8%b3%d9%84%d8%a7%d9%85%d9%8a\" rel=\"tag\">Isl\u00e1msk\u00e9 d\u011bjiny<\/a><\/span>\n\t\n\t\n<\/div>\n\t<\/div>\n\n\t\n\t<div class=\"woocommerce-tabs wc-tabs-wrapper\">\n\t\t<ul class=\"tabs wc-tabs\" role=\"tablist\">\n\t\t\t\t\t\t\t<li role=\"presentation\" class=\"description_tab\" id=\"tab-title-description\">\n\t\t\t\t\t<a href=\"#tab-description\" role=\"tab\" aria-controls=\"tab-description\">\n\t\t\t\t\t\tPopis\t\t\t\t\t<\/a>\n\t\t\t\t<\/li>\n\t\t\t\t\t\t\t<li role=\"presentation\" class=\"reviews_tab\" id=\"tab-title-reviews\">\n\t\t\t\t\t<a href=\"#tab-reviews\" role=\"tab\" aria-controls=\"tab-reviews\">\n\t\t\t\t\t\tHodnocen\u00ed (0)\t\t\t\t\t<\/a>\n\t\t\t\t<\/li>\n\t\t\t\t\t<\/ul>\n\t\t\t\t\t<div class=\"woocommerce-Tabs-panel woocommerce-Tabs-panel--description panel entry-content wc-tab\" id=\"tab-description\" role=\"tabpanel\" aria-labelledby=\"tab-title-description\">\n\t\t\t\t\n\t<h2 data-no-translation=\"\" data-trp-gettext=\"\">Popis<\/h2>\n\n<h1 style=\"text-align: center;\"><strong>\u00davod profesora Dr. Ragheba El-Serganyho ke knize \u201eNezapomenuteln\u00e9 zem\u011b\u201c<\/strong><\/h1>\n<h1 style=\"text-align: center;\">Mnoho p\u0159ekrucovatel\u016f a falzifik\u00e1tor\u016f \u0161\u00ed\u0159\u00ed my\u0161lenku, \u017ee isl\u00e1msk\u00e9 d\u011bjiny neobsahuj\u00ed slavnou minulost, s v\u00fdjimkou obdob\u00ed Posla \ufdfa, Ab\u00fa Bakra a Umara, k\u00e9\u017e s nimi B\u016fh nalezne zal\u00edben\u00ed. Toto falzifikov\u00e1n\u00ed m\u00e1 pouze \u0161\u00ed\u0159it frustraci v srdc\u00edch muslim\u016f a vyvol\u00e1vat v nich pocit, \u017ee mo\u017enost jejich povst\u00e1n\u00ed se stala velmi vzd\u00e1lenou a \u017ee isl\u00e1msk\u00fd p\u0159\u00edstup nen\u00ed schopen vybudovat st\u00e1t ani o\u017eivit n\u00e1rod. To v\u0161e je v rozporu s pravdou a daleko od pravdy. Proto je nal\u00e9hav\u011b nutn\u00e9 vysv\u011btlit r\u016fzn\u00e9 etapy historie na\u0161eho n\u00e1roda a to, \u017ee n\u00e1rod, bez ohledu na to, jak slab\u00fd je, se znovu povstane, a pokud jeho prapor padne na jednom m\u00edst\u011b, jeho prapory budou vzty\u010deny na jin\u00fdch m\u00edstech. A \u017ee Bo\u017e\u00ed z\u00e1kon je, \u017ee z\u016fstanou up\u0159\u00edmn\u00ed muslimov\u00e9, kte\u0159\u00ed se zast\u00e1vaj\u00ed v\u011bci tohoto n\u00e1roda a zachov\u00e1vaj\u00ed jeho d\u016fstojnost. Toto je pravda had\u00edsu Posla \ufdfa: \u201eSkupina m\u00e9ho n\u00e1roda v\u017edy zv\u00edt\u011bz\u00ed nad k\u00fdmkoli\u2026\u201c<\/h1>\n<h1 style=\"text-align: center;\">Za\u00fato\u010d\u00ed na n\u011b a dobyj\u00ed je, a ti, kdo\u017e se jim postav\u00ed, jim neubl\u00ed\u017e\u00ed, dokud k nim nep\u0159ijde All\u00e1h\u016fv rozkaz, a oni takov\u00ed z\u016fstanou. (Vypr\u00e1v\u011bli Al-Bukhar\u00ed a Muslim)<\/h1>\n<h1 style=\"text-align: center;\">Posel Bo\u017e\u00ed, k\u00e9\u017e mu B\u016fh \u017eehn\u00e1 a daruje mu m\u00edr, n\u00e1m dal velk\u00fd p\u0159\u00edklad v budov\u00e1n\u00ed st\u00e1tu a n\u00e1roda. P\u0159itom se st\u0159etl s tehdej\u0161\u00edmi \u00fatlakov\u00fdmi silami, kter\u00e9 reprezentovali nev\u011b\u0159\u00edc\u00ed z Arabsk\u00e9ho poloostrova, vedeni nev\u011b\u0159\u00edc\u00edmi z Mekky, a \u017did\u00e9 s jejich r\u016fzn\u00fdmi kmeny, stejn\u011b jako obrovsk\u00e1 \u0158\u00edmsk\u00e1 \u0159\u00ed\u0161e. Navzdory tomuto hr\u016fzn\u00e9mu st\u0159etu mu V\u0161emohouc\u00ed B\u016fh p\u0159edur\u010dil v\u00edt\u011bzstv\u00ed a \u00fasp\u011bch, dokud se jeho st\u00e1t neetabloval jako mlad\u00fd a hrd\u00fd n\u00e1rod.<\/h1>\n<h1 style=\"text-align: center;\">Po All\u00e1hov\u011b prorokovi, m\u00edr a po\u017eehn\u00e1n\u00ed s n\u00edm, vybudovali spravedliv\u00ed chal\u00edfov\u00e9 siln\u00fd a velk\u00fd st\u00e1t, kter\u00fd dok\u00e1zal zni\u010dit tr\u016fny Chosraua a Caesara a dok\u00e1zal postavit muslimy do pop\u0159ed\u00ed sv\u011bta a vynikal nad v\u0161emi politicky, ekonomicky, v\u011bdecky, kulturn\u011b a mor\u00e1ln\u011b. P\u0159ed t\u00edm v\u0161\u00edm i po n\u011bm je vynikal v doktr\u00edn\u011b, tak\u017ee byl schopen reformovat sv\u016fj sv\u011bt sv\u00fdm n\u00e1bo\u017eenstv\u00edm a zv\u00fd\u0161it \u017eivotn\u00ed \u00farove\u0148 ve sv\u00e9m st\u00e1t\u011b z\u00e1konem sv\u00e9ho P\u00e1na a dos\u00e1hl obt\u00ed\u017en\u00e9 rovnice, kter\u00e1 spojuje \u0161t\u011bst\u00ed v obou sv\u011btech: v tomto i posmrtn\u00e9m.<\/h1>\n<h1 style=\"text-align: center;\">Cesta isl\u00e1msk\u00e9ho n\u00e1roda se nezastavila v dob\u011b Spravedliv\u00fdch chal\u00edf\u016f, ale sp\u00ed\u0161e pokra\u010dovala ve sv\u00e9 civiliza\u010dn\u00ed cest\u011b s velk\u00fdmi a vzne\u0161en\u00fdmi n\u00e1rody, kter\u00e9 dos\u00e1hly sl\u00e1vy a cti a v\u0161ude vysoko pozvedly jm\u00e9no muslim\u016f. Byly tu Umajj\u00e1dsk\u00fd a Abb\u00e1sovsk\u00fd chal\u00edf\u00e1t, Ajj\u00fabovsk\u00fd a Mameluck\u00fd chal\u00edf\u00e1t, velk\u00fd Osmansk\u00fd chal\u00edf\u00e1t a mnoho mocn\u00fdch n\u00e1rod\u016f v historii Andalusie. Byly tu i dal\u0161\u00ed n\u00e1rody, kter\u00e9 zm\u011bnily b\u011bh lidstva \u00fa\u017easnou a pozitivn\u00ed zm\u011bnou, kter\u00e1 p\u0159isp\u00edv\u00e1 ke cti tohoto obrovsk\u00e9ho n\u00e1roda, n\u00e1roda isl\u00e1mu.<\/h1>\n<h1 style=\"text-align: center;\">Tato skv\u011bl\u00e1 historie je nejlep\u0161\u00ed histori\u00ed na cel\u00e9m sv\u011bt\u011b, p\u0159esto o n\u00ed v\u00ed jen m\u00e1lo lid\u00ed. Bohu\u017eel ani samotn\u00ed muslimov\u00e9 tuto slavnou historii neznaj\u00ed. Proto jsem velmi r\u00e1d, kdy\u017e vid\u00edm knihu nebo jak\u00e9koli liter\u00e1rn\u00ed \u010di um\u011bleck\u00e9 d\u00edlo, kter\u00e9 muslim\u016fm obnovuje prav\u00fd obraz jejich slavn\u00e9 historie a posiluje jejich hrdost a \u010dest k tomuto vzne\u0161en\u00e9mu n\u00e1rodu.<\/h1>\n<h1 style=\"text-align: center;\">M\u00e1me p\u0159ed sebou jednu z t\u011bchto cenn\u00fdch knih, jej\u00ed\u017e autor, pan Tamer Badr, dychtiv\u011b sledoval r\u016fzn\u00e1 st\u00e1dia sl\u00e1vy v na\u0161ich d\u011bjin\u00e1ch od za\u010d\u00e1tku do konce, p\u0159edstavil n\u00e1m n\u011bkter\u00e9 z velk\u00fdch poklad\u016f t\u011bchto d\u011bjin a vypr\u00e1v\u011bl n\u00e1m o historii n\u011bkolika isl\u00e1msk\u00fdch zem\u00ed, kter\u00e9 pozvedly jm\u00e9no muslim\u016f vysoko k nebi.<\/h1>\n<h1 style=\"text-align: center;\">Je to kr\u00e1sn\u00e1 kniha, elegantn\u011b napsan\u00e1 a kr\u00e1sn\u011b prezentovan\u00e1, obsahuj\u00edc\u00ed mno\u017estv\u00ed p\u0159esn\u00fdch informac\u00ed a dopl\u0148uj\u00edc\u00ed na\u0161i isl\u00e1mskou knihovnu o kr\u00e1snou knihu, na kterou bude ka\u017ed\u00fd muslim hrd\u00fd.<\/h1>\n<h1 style=\"text-align: center;\">Bo\u017ee, u\u010di\u0148, aby toto \u00fasil\u00ed bylo dobr\u00fdm skutkem pro pisatele a aby tyto \u0159\u00e1dky byly dobr\u00fdm skutkem pro ka\u017ed\u00e9ho, kdo je \u010dte...<\/h1>\n<h1 style=\"text-align: center;\">Pros\u00edm Boha, aby oslavil isl\u00e1m a muslimy<\/h1>\n<h1 style=\"text-align: center;\">Prof. Dr. Ragheb Al-Sergani<\/h1>\n<h1 style=\"text-align: center;\">K\u00e1hira, kv\u011bten 2012<\/h1>\n\t\t\t<\/div>\n\t\t\t\t\t<div class=\"woocommerce-Tabs-panel woocommerce-Tabs-panel--reviews panel entry-content wc-tab\" id=\"tab-reviews\" role=\"tabpanel\" aria-labelledby=\"tab-title-reviews\">\n\t\t\t\t<div id=\"reviews\" class=\"woocommerce-Reviews\">\n\t<div id=\"comments\">\n\t\t<h2 class=\"woocommerce-Reviews-title\">\n\t\t\tRecenze\t\t<\/h2>\n\n\t\t\t\t\t<p class=\"woocommerce-noreviews\" data-no-translation=\"\" data-trp-gettext=\"\">Zat\u00edm zde nejsou \u017e\u00e1dn\u00e9 recenze.<\/p>\n\t\t\t<\/div>\n\n\t\t\t<div id=\"review_form_wrapper\">\n\t\t\t<div id=\"review_form\">\n\t\t\t\t\t<div id=\"respond\" class=\"comment-respond\">\n\t\t<span id=\"reply-title\" class=\"comment-reply-title\" role=\"heading\" aria-level=\"3\">Bu\u010fte prvn\u00ed, kdo ohodnot\u00ed &bdquo;\u0643\u062a\u0627\u0628 \u062f\u0648\u0644 \u0644\u0627 \u062a\u0646\u0633\u0649&ldquo; <small><a rel=\"nofollow\" id=\"cancel-comment-reply-link\" href=\"\/cs\/wp-json\/wp\/v2\/pages\/20119#respond\" style=\"display:none;\">Zru\u0161it odpov\u011b\u010f na koment\u00e1\u0159<\/a><\/small><\/span><p class=\"must-log-in\" data-no-translation=\"\" data-trp-gettext=\"\">Pro p\u0159id\u00e1v\u00e1n\u00ed recenz\u00ed se mus\u00edte nejd\u0159\u00edve <a href=\"https:\/\/tamerbadr.com\/cs\/\">p\u0159ihl\u00e1sit<\/a>.<\/p>\t<\/div><!-- #respond -->\n\t\t\t\t<\/div>\n\t\t<\/div>\n\t\n\t<div class=\"clear\"><\/div>\n<\/div>\n\t\t\t<\/div>\n\t\t\n\t\t\t<\/div>\n\n<\/div>\n\n\t\t\t<\/div>\n\t\t\t<\/div>\t\t\t\t<\/div>\n\t\t\t\t<\/div>\n\t\t\t\t<\/div>\n\t\t\t\t\t<\/div>\n\t\t\t\t<\/div>\n\t\t\t\t<\/div>","protected":false},"excerpt":{"rendered":"","protected":false},"author":1,"featured_media":0,"parent":0,"menu_order":0,"comment_status":"closed","ping_status":"closed","template":"elementor_header_footer","meta":{"_seopress_robots_primary_cat":"","_seopress_titles_title":"","_seopress_titles_desc":"","_seopress_robots_index":"","inline_featured_image":false,"_uf_show_specific_survey":0,"_uf_disable_surveys":false,"footnotes":""},"class_list":["post-20119","page","type-page","status-publish"],"_links":{"self":[{"href":"https:\/\/tamerbadr.com\/cs\/wp-json\/wp\/v2\/pages\/20119","targetHints":{"allow":["GET"]}}],"collection":[{"href":"https:\/\/tamerbadr.com\/cs\/wp-json\/wp\/v2\/pages"}],"about":[{"href":"https:\/\/tamerbadr.com\/cs\/wp-json\/wp\/v2\/types\/page"}],"author":[{"embeddable":true,"href":"https:\/\/tamerbadr.com\/cs\/wp-json\/wp\/v2\/users\/1"}],"replies":[{"embeddable":true,"href":"https:\/\/tamerbadr.com\/cs\/wp-json\/wp\/v2\/comments?post=20119"}],"version-history":[{"count":0,"href":"https:\/\/tamerbadr.com\/cs\/wp-json\/wp\/v2\/pages\/20119\/revisions"}],"wp:attachment":[{"href":"https:\/\/tamerbadr.com\/cs\/wp-json\/wp\/v2\/media?parent=20119"}],"curies":[{"name":"wp","href":"https:\/\/api.w.org\/{rel}","templated":true}]}}