{"id":20107,"date":"2025-03-19T15:25:05","date_gmt":"2025-03-19T15:25:05","guid":{"rendered":"https:\/\/white-ant-267257.hostingersite.com\/?page_id=20107"},"modified":"2025-04-06T08:17:19","modified_gmt":"2025-04-06T08:17:19","slug":"the-book-of-the-characteristics-of-the-shepherd-and-the-flock","status":"publish","type":"page","link":"https:\/\/tamerbadr.com\/cs\/the-book-of-the-characteristics-of-the-shepherd-and-the-flock","title":{"rendered":"Kniha o vlastnostech past\u00fd\u0159e a st\u00e1da"},"content":{"rendered":"<div data-elementor-type=\"wp-page\" data-elementor-id=\"20107\" class=\"elementor elementor-20107\" data-elementor-post-type=\"page\">\n\t\t\t\t<div class=\"elementor-element elementor-element-c8c7aab e-flex e-con-boxed e-con e-parent\" data-id=\"c8c7aab\" data-element_type=\"container\">\n\t\t\t\t\t<div class=\"e-con-inner\">\n\t\t<div class=\"elementor-element elementor-element-6483b1a e-con-full e-flex e-con e-child\" data-id=\"6483b1a\" data-element_type=\"container\">\n\t\t\t\t<div class=\"elementor-element elementor-element-6058eb2 elementor-widget elementor-widget-wc-elements\" data-id=\"6058eb2\" data-element_type=\"widget\" data-widget_type=\"wc-elements.default\">\n\t\t\t\t<div class=\"elementor-widget-container\">\n\t\t\t\t\t<div class=\"woocommerce\">\t\t\t<div class=\"single-product\" data-product-page-preselected-id=\"0\">\n\t\t\t\t<div class=\"woocommerce-notices-wrapper\"><\/div><div id=\"product-19585\" class=\"product type-product post-19585 status-publish first instock product_cat-187 has-post-thumbnail downloadable shipping-taxable purchasable product-type-simple\">\n\n\t<div class=\"woocommerce-product-gallery woocommerce-product-gallery--with-images woocommerce-product-gallery--columns-4 images\" data-columns=\"4\" style=\"opacity: 0; transition: opacity .25s ease-in-out;\">\n\t<div class=\"woocommerce-product-gallery__wrapper\">\n\t\t<div data-thumb=\"https:\/\/tamerbadr.com\/wp-content\/uploads\/2025\/03\/\u0635\u0641\u0629-\u0627\u0644\u0631\u0627\u0639\u0649-\u0648\u0627\u0644\u0631\u0627\u0639\u064a\u0629-scaled-scaled.jpg\" data-thumb-alt=\"\u0643\u062a\u0627\u0628 \u0635\u0641\u0629 \u0627\u0644\u0631\u0627\u0639\u064a \u0648\u0627\u0644\u0631\u0639\u064a\u0629\" data-thumb-srcset=\"\"  data-thumb-sizes=\"(max-width: 100px) 100vw, 100px\" class=\"woocommerce-product-gallery__image\"><a href=\"https:\/\/tamerbadr.com\/wp-content\/uploads\/2025\/03\/\u0635\u0641\u0629-\u0627\u0644\u0631\u0627\u0639\u0649-\u0648\u0627\u0644\u0631\u0627\u0639\u064a\u0629-scaled-scaled.jpg\"><img fetchpriority=\"high\" decoding=\"async\" width=\"2049\" height=\"1405\" src=\"https:\/\/tamerbadr.com\/wp-content\/uploads\/2025\/03\/\u0635\u0641\u0629-\u0627\u0644\u0631\u0627\u0639\u0649-\u0648\u0627\u0644\u0631\u0627\u0639\u064a\u0629-scaled-scaled.jpg\" class=\"wp-post-image\" alt=\"Kniha o vlastnostech past\u00fd\u0159e a st\u00e1da\" data-caption=\"\" data-src=\"https:\/\/tamerbadr.com\/wp-content\/uploads\/2025\/03\/\u0635\u0641\u0629-\u0627\u0644\u0631\u0627\u0639\u0649-\u0648\u0627\u0644\u0631\u0627\u0639\u064a\u0629-scaled-scaled.jpg\" data-large_image=\"https:\/\/tamerbadr.com\/wp-content\/uploads\/2025\/03\/\u0635\u0641\u0629-\u0627\u0644\u0631\u0627\u0639\u0649-\u0648\u0627\u0644\u0631\u0627\u0639\u064a\u0629-scaled-scaled.jpg\" data-large_image_width=\"2049\" data-large_image_height=\"1405\" \/><\/a><\/div><div data-thumb=\"https:\/\/tamerbadr.com\/wp-content\/uploads\/2025\/03\/\u0635\u0641\u0629-\u0627\u0644\u0631\u0627\u0639\u0649-\u0648\u0627\u0644\u0631\u0627\u0639\u064a\u0629-Copy-scaled.jpg\" data-thumb-alt=\"\u0643\u062a\u0627\u0628 \u0635\u0641\u0629 \u0627\u0644\u0631\u0627\u0639\u064a \u0648\u0627\u0644\u0631\u0639\u064a\u0629 - Obr\u00e1zek 2\" data-thumb-srcset=\"\"  data-thumb-sizes=\"(max-width: 71px) 100vw, 71px\" class=\"woocommerce-product-gallery__image\" data-no-translation-data-thumb-alt=\"\"><a href=\"https:\/\/tamerbadr.com\/wp-content\/uploads\/2025\/03\/\u0635\u0641\u0629-\u0627\u0644\u0631\u0627\u0639\u0649-\u0648\u0627\u0644\u0631\u0627\u0639\u064a\u0629-Copy-scaled.jpg\"><img decoding=\"async\" width=\"1808\" height=\"2560\" src=\"https:\/\/tamerbadr.com\/wp-content\/uploads\/2025\/03\/\u0635\u0641\u0629-\u0627\u0644\u0631\u0627\u0639\u0649-\u0648\u0627\u0644\u0631\u0627\u0639\u064a\u0629-Copy-scaled.jpg\" class=\"\" alt=\"\u0643\u062a\u0627\u0628 \u0635\u0641\u0629 \u0627\u0644\u0631\u0627\u0639\u064a \u0648\u0627\u0644\u0631\u0639\u064a\u0629 - Obr\u00e1zek 2\" data-caption=\"\" data-src=\"https:\/\/tamerbadr.com\/wp-content\/uploads\/2025\/03\/\u0635\u0641\u0629-\u0627\u0644\u0631\u0627\u0639\u0649-\u0648\u0627\u0644\u0631\u0627\u0639\u064a\u0629-Copy-scaled.jpg\" data-large_image=\"https:\/\/tamerbadr.com\/wp-content\/uploads\/2025\/03\/\u0635\u0641\u0629-\u0627\u0644\u0631\u0627\u0639\u0649-\u0648\u0627\u0644\u0631\u0627\u0639\u064a\u0629-Copy-scaled.jpg\" data-large_image_width=\"1808\" data-large_image_height=\"2560\" data-no-translation-alt=\"\" \/><\/a><\/div><div data-thumb=\"https:\/\/tamerbadr.com\/wp-content\/uploads\/2025\/03\/\u0645\u0624\u0644\u0641\u0627\u062a-\u062a\u0627\u0645\u0631-\u0628\u062f\u0631-1-2.jpg\" data-thumb-alt=\"\u0643\u062a\u0627\u0628 \u0635\u0641\u0629 \u0627\u0644\u0631\u0627\u0639\u064a \u0648\u0627\u0644\u0631\u0639\u064a\u0629 - Obr\u00e1zek 3\" data-thumb-srcset=\"\"  data-thumb-sizes=\"(max-width: 92px) 100vw, 92px\" class=\"woocommerce-product-gallery__image\" data-no-translation-data-thumb-alt=\"\"><a href=\"https:\/\/tamerbadr.com\/wp-content\/uploads\/2025\/03\/\u0645\u0624\u0644\u0641\u0627\u062a-\u062a\u0627\u0645\u0631-\u0628\u062f\u0631-1-2.jpg\"><img decoding=\"async\" width=\"389\" height=\"422\" src=\"https:\/\/tamerbadr.com\/wp-content\/uploads\/2025\/03\/\u0645\u0624\u0644\u0641\u0627\u062a-\u062a\u0627\u0645\u0631-\u0628\u062f\u0631-1-2.jpg\" class=\"\" alt=\"\u0643\u062a\u0627\u0628 \u0635\u0641\u0629 \u0627\u0644\u0631\u0627\u0639\u064a \u0648\u0627\u0644\u0631\u0639\u064a\u0629 - Obr\u00e1zek 3\" data-caption=\"CREATOR: gd-jpeg v1.0 (using IJG JPEG v62), quality = 90\" data-src=\"https:\/\/tamerbadr.com\/wp-content\/uploads\/2025\/03\/\u0645\u0624\u0644\u0641\u0627\u062a-\u062a\u0627\u0645\u0631-\u0628\u062f\u0631-1-2.jpg\" data-large_image=\"https:\/\/tamerbadr.com\/wp-content\/uploads\/2025\/03\/\u0645\u0624\u0644\u0641\u0627\u062a-\u062a\u0627\u0645\u0631-\u0628\u062f\u0631-1-2.jpg\" data-large_image_width=\"389\" data-large_image_height=\"422\" data-no-translation-alt=\"\" \/><\/a><\/div><div data-thumb=\"https:\/\/tamerbadr.com\/wp-content\/uploads\/2025\/03\/\u0641\u0647\u0631\u0633-\u0635\u0641\u0629-\u0627\u0644\u0631\u0627\u0639\u0649-\u0648\u0627\u0644\u0631\u0639\u064a\u0629-\u0643\u0627\u0645\u0644.jpg\" data-thumb-alt=\"\u0643\u062a\u0627\u0628 \u0635\u0641\u0629 \u0627\u0644\u0631\u0627\u0639\u064a \u0648\u0627\u0644\u0631\u0639\u064a\u0629 - Obr\u00e1zek 4\" data-thumb-srcset=\"\"  data-thumb-sizes=\"(max-width: 100px) 100vw, 100px\" class=\"woocommerce-product-gallery__image\" data-no-translation-data-thumb-alt=\"\"><a href=\"https:\/\/tamerbadr.com\/wp-content\/uploads\/2025\/03\/\u0641\u0647\u0631\u0633-\u0635\u0641\u0629-\u0627\u0644\u0631\u0627\u0639\u0649-\u0648\u0627\u0644\u0631\u0639\u064a\u0629-\u0643\u0627\u0645\u0644.jpg\"><img loading=\"lazy\" decoding=\"async\" width=\"1921\" height=\"1650\" src=\"https:\/\/tamerbadr.com\/wp-content\/uploads\/2025\/03\/\u0641\u0647\u0631\u0633-\u0635\u0641\u0629-\u0627\u0644\u0631\u0627\u0639\u0649-\u0648\u0627\u0644\u0631\u0639\u064a\u0629-\u0643\u0627\u0645\u0644.jpg\" class=\"\" alt=\"\u0643\u062a\u0627\u0628 \u0635\u0641\u0629 \u0627\u0644\u0631\u0627\u0639\u064a \u0648\u0627\u0644\u0631\u0639\u064a\u0629 - Obr\u00e1zek 4\" data-caption=\"\" data-src=\"https:\/\/tamerbadr.com\/wp-content\/uploads\/2025\/03\/\u0641\u0647\u0631\u0633-\u0635\u0641\u0629-\u0627\u0644\u0631\u0627\u0639\u0649-\u0648\u0627\u0644\u0631\u0639\u064a\u0629-\u0643\u0627\u0645\u0644.jpg\" data-large_image=\"https:\/\/tamerbadr.com\/wp-content\/uploads\/2025\/03\/\u0641\u0647\u0631\u0633-\u0635\u0641\u0629-\u0627\u0644\u0631\u0627\u0639\u0649-\u0648\u0627\u0644\u0631\u0639\u064a\u0629-\u0643\u0627\u0645\u0644.jpg\" data-large_image_width=\"1921\" data-large_image_height=\"1650\" data-no-translation-alt=\"\" \/><\/a><\/div>\t<\/div>\n<\/div>\n\n\t<div class=\"summary entry-summary\">\n\t\t<h1 class=\"product_title entry-title\">Kniha o vlastnostech past\u00fd\u0159e a st\u00e1da<\/h1><p class=\"price\"><span class=\"woocommerce-Price-amount amount\"><bdi><span class=\"woocommerce-Price-currencySymbol\">EGP<\/span>60.00<\/bdi><\/span><\/p>\n\n\t\n\t<form class=\"cart\" action=\"\" method=\"post\" enctype='multipart\/form-data' data-trp-original-action=\"\">\n\t\t\n\t\t<div class=\"quantity\">\n\t\t<label class=\"screen-reader-text\" for=\"quantity_69fef8ee94310\" data-no-translation=\"\" data-trp-gettext=\"\">\u0643\u062a\u0627\u0628 \u0635\u0641\u0629 \u0627\u0644\u0631\u0627\u0639\u064a \u0648\u0627\u0644\u0631\u0639\u064a\u0629 mno\u017estv\u00ed<\/label>\n\t<input\n\t\ttype=\"number\"\n\t\t\t\tid=\"quantity_69fef8ee94310\"\n\t\tclass=\"input-text qty text\"\n\t\tname=\"quantity\"\n\t\tvalue=\"1\"\n\t\taria-label=\"Mno\u017estv\u00ed\"\n\t\t\t\tmin=\"1\"\n\t\t\t\t\t\t\tstep=\"1\"\n\t\t\tplaceholder=\"\"\n\t\t\tinputmode=\"numeric\"\n\t\t\tautocomplete=\"off\" data-no-translation-aria-label=\"\"\n\t\t\t\/>\n\t<\/div>\n\n\t\t<button type=\"submit\" name=\"add-to-cart\" value=\"19585\" class=\"single_add_to_cart_button button alt\" data-no-translation=\"\" data-trp-gettext=\"\">P\u0159idat do ko\u0161\u00edku<\/button>\n\n\t\t\n        <script>\n            document.addEventListener('DOMContentLoaded', function(){\n                document.addEventListener('click', function(event){\n                    if(!event.target.matches('.single_add_to_cart_button')){\n                        return;\n                    }\n\n                    const quantity = document.querySelector('input.qty').value || '1';\n                    const formProductVariation = document.querySelector('form[data-product_variations]')\n                    const variationItem = document.querySelector('.variation_id')\n\n                    let price = 60\n                    if(formProductVariation && variationItem){\n                        try{\n                            const variations = JSON.parse(formProductVariation.dataset.product_variations)\n                            const variationId = variationItem.value\n                            for(const variation of variations){\n                                if(variation.variation_id == Number(variationId)){\n                                    price = variation.display_price\n                                }\n                            }\n                        }\n                        catch{\n                        }\n                    }\n\n                    gtag('event', 'add_to_cart', {\n                        'items': [ {\n                            'item_id':'19585',\n                            'item_name': '\u0643\u062a\u0627\u0628 \u0635\u0641\u0629 \u0627\u0644\u0631\u0627\u0639\u064a \u0648\u0627\u0644\u0631\u0639\u064a\u0629',\n                            'list_name': '\u0643\u062a\u0627\u0628 \u0635\u0641\u0629 \u0627\u0644\u0631\u0627\u0639\u064a \u0648\u0627\u0644\u0631\u0639\u064a\u0629',\n                            'quantity': quantity,\n                            'price': price,\n                            \"item_category\":\"\u0633\u064a\u0627\u0633\u0629 \u0625\u0633\u0644\u0627\u0645\u064a\u0629\"\n                        }]\n                    });\n                })\n            });\n        <\/script>\n        \t<input type=\"hidden\" name=\"trp-form-language\" value=\"cs\"\/><\/form>\n\n\t\n<div class=\"product_meta\">\n\n\t\n\t\n\t<span class=\"posted_in\">Kategorie: <a href=\"https:\/\/tamerbadr.com\/cs\/kategorie-produktu\/%d8%b3%d9%8a%d8%a7%d8%b3%d8%a9-%d8%a5%d8%b3%d9%84%d8%a7%d9%85%d9%8a%d8%a9\" rel=\"tag\">Isl\u00e1msk\u00e1 politika<\/a><\/span>\n\t\n\t\n<\/div>\n\t<\/div>\n\n\t\n\t<div class=\"woocommerce-tabs wc-tabs-wrapper\">\n\t\t<ul class=\"tabs wc-tabs\" role=\"tablist\">\n\t\t\t\t\t\t\t<li role=\"presentation\" class=\"description_tab\" id=\"tab-title-description\">\n\t\t\t\t\t<a href=\"#tab-description\" role=\"tab\" aria-controls=\"tab-description\">\n\t\t\t\t\t\tPopis\t\t\t\t\t<\/a>\n\t\t\t\t<\/li>\n\t\t\t\t\t\t\t<li role=\"presentation\" class=\"reviews_tab\" id=\"tab-title-reviews\">\n\t\t\t\t\t<a href=\"#tab-reviews\" role=\"tab\" aria-controls=\"tab-reviews\">\n\t\t\t\t\t\tHodnocen\u00ed (0)\t\t\t\t\t<\/a>\n\t\t\t\t<\/li>\n\t\t\t\t\t<\/ul>\n\t\t\t\t\t<div class=\"woocommerce-Tabs-panel woocommerce-Tabs-panel--description panel entry-content wc-tab\" id=\"tab-description\" role=\"tabpanel\" aria-labelledby=\"tab-title-description\">\n\t\t\t\t\n\t<h2 data-no-translation=\"\" data-trp-gettext=\"\">Popis<\/h2>\n\n<h1 style=\"text-align: center;\"><strong>\u00davod ke knize Charakteristick\u00e9 rysy past\u00fd\u0159e a st\u00e1da<\/strong><\/h1>\n<h1 style=\"text-align: center;\">Isl\u00e1m zavedl jasn\u00fd a komplexn\u00ed p\u0159\u00edstup ke vztahu mezi vl\u00e1dcem a jeho poddan\u00fdmi. V\u011bdci se o tomto vztahu zab\u00fdvaj\u00ed v knih\u00e1ch o isl\u00e1msk\u00e9 politice, v\u010detn\u011b povinnost\u00ed a pr\u00e1v ka\u017ed\u00e9 strany, a dokazuj\u00ed, \u017ee isl\u00e1m m\u00e1 sv\u016fj vlastn\u00ed syst\u00e9m jako zp\u016fsob \u017eivota. Z politick\u00e9ho hlediska, pokud jde o vztah mezi vl\u00e1dcem a jeho poddan\u00fdmi, isl\u00e1msk\u00e9 d\u011bjiny nepoznaj\u00ed konkr\u00e9tn\u00ed isl\u00e1msk\u00fd syst\u00e9m vl\u00e1dy. Isl\u00e1m, kone\u010dn\u00fd bo\u017esk\u00fd z\u00e1kon, nezavedl specifick\u00fd syst\u00e9m, kter\u00fd by m\u011bl b\u00fdt muslim\u016fm vnucov\u00e1n ve v\u0161ech dob\u00e1ch a na v\u0161ech m\u00edstech. Sp\u00ed\u0161e stanovil obecn\u00e9 principy vhodn\u00e9 pro v\u0161echny doby a m\u00edsta, ani\u017e by se zab\u00fdval detaily, metodami a specifikami, kter\u00e9 se svou povahou vyv\u00edjej\u00ed a m\u011bn\u00ed s m\u011bn\u00edc\u00edmi se okolnostmi \u010dasu a m\u00edsta, aby ka\u017ed\u00fd n\u00e1rod mohl vz\u00edt v \u00favahu to, co vyhovuje jeho okolnostem a co vy\u017eaduj\u00ed jeho z\u00e1jmy.<\/h1>\n<h1 style=\"text-align: center;\">Pokud jde tedy o teorii st\u00e1tu, isl\u00e1m neuz\u00e1konil politick\u00fd syst\u00e9m, kter\u00fd by nebyl m\u011bnn\u00fd ani upravovan\u00fd, ani se nezab\u00fdval detaily s absolutn\u00edmi, kone\u010dn\u00fdmi hodnotami. Sp\u00ed\u0161e pouze stanovil obecn\u00e9 principy a komplexn\u00ed pravidla, na nich\u017e by tato teorie m\u011bla b\u00fdt zalo\u017eena. Isl\u00e1msk\u00e1 teorie st\u00e1tu (s ohledem na detaily a jednotlivosti), stejn\u011b jako v\u0161echny ostatn\u00ed isl\u00e1msk\u00e9 politick\u00e9 teorie, podl\u00e9h\u00e1 zm\u011bn\u00e1m, \u00faprav\u00e1m a dopl\u0148ov\u00e1n\u00edm. Jej\u00ed formulace nejsou ani kone\u010dn\u00e9, ani absolutn\u00ed, ani nejsou zasazeny do striktn\u00edho kalupu. Isl\u00e1m umo\u017e\u0148uje rozvoj a modifikaci politick\u00fdch teori\u00ed, kter\u00e9 se muslim\u0161t\u00ed u\u010denci sna\u017eili formulovat v souladu s po\u017eadavky doby a okolnostmi \u010dasu a m\u00edsta.<\/h1>\n<h1 style=\"text-align: center;\">Neexistuje \u017e\u00e1dn\u00fd rozpor mezi hovo\u0159en\u00edm o isl\u00e1mu a ob\u010dansk\u00e9m st\u00e1t\u011b, o isl\u00e1mu a ob\u010danstv\u00ed nebo o isl\u00e1mu a svobod\u011b n\u00e1zoru a v\u00edry. Ti, kdo p\u0159edpokl\u00e1daj\u00ed rozpor mezi isl\u00e1mem a v\u0161emi t\u011bmito modern\u00edmi my\u0161lenkami, sami nech\u00e1pou skute\u010dnou podstatu isl\u00e1mu, ani ne\u010dtou spr\u00e1vn\u011b ani nestrann\u011b historii Proroka (m\u00edr a po\u017eehn\u00e1n\u00ed s n\u00edm) a jeho vzne\u0161en\u00fdch spole\u010dn\u00edk\u016f (k\u00e9\u017e s nimi All\u00e1h nalezne zal\u00edben\u00ed). Proto m\u00e1 st\u00e1t v isl\u00e1mu sv\u00e9 vlastn\u00ed charakteristick\u00e9 rysy, stejn\u011b jako m\u00e1 syst\u00e9m vl\u00e1dy v isl\u00e1mu sv\u00e9 vlastn\u00ed z\u00e1klady: slu\u017ebu Bohu, spravedlnost, konzultace a jej\u00ed povinnosti, rovnost, poslu\u0161nost t\u011bm, kte\u0159\u00ed jsou u moci, povinnost radit t\u011bm, kte\u0159\u00ed jsou u moci, odpov\u011bdnost vl\u00e1dce nebo past\u00fd\u0159e a jeho pod\u0159\u00edzenost dohledu soudnictv\u00ed a n\u00e1roda, politick\u00e1 jednota n\u00e1roda, z\u00e1ruka pr\u00e1v a povinnost\u00ed a svoboda. Tyto z\u00e1klady p\u0159edstavuj\u00ed j\u00e1dro isl\u00e1msk\u00e9ho syst\u00e9mu a z\u00e1klady, kter\u00e9 nejv\u00edce vyjad\u0159uj\u00ed jeho jedine\u010dnost. Sna\u017eil jsem se to ve sv\u00e9 knize co nejv\u00edce \u0159e\u0161it.<\/h1>\n<h1 style=\"text-align: center;\">Nakonec pros\u00edm V\u0161emohouc\u00edho Boha, aby m\u00e9 d\u00edlo konal up\u0159\u00edmn\u011b pro N\u011bj, aby m\u011b odm\u011bnil za ka\u017ed\u00e9 slovo, kter\u00e9 jsem napsal, aby ho za\u0159adil na v\u00e1hu m\u00fdch dobr\u00fdch skutk\u016f a aby odm\u011bnil m\u00e9 bratry, kte\u0159\u00ed mi pomohli se v\u0161\u00edm, co m\u011bli, abych tuto knihu dokon\u010dil.<\/h1>\n<h1 style=\"text-align: center;\">\u201eSl\u00e1va Tob\u011b, Bo\u017ee, a chv\u00e1la Tob\u011b. Sv\u011bd\u010d\u00edm, \u017ee nen\u00ed boha krom\u011b Tebe. \u017d\u00e1d\u00e1m T\u011b o odpu\u0161t\u011bn\u00ed a \u010din\u00edm Tv\u00e9 pok\u00e1n\u00ed. Na\u0161e posledn\u00ed prosba zn\u00ed: Ve\u0161ker\u00e1 chv\u00e1la pat\u0159\u00ed Bohu, P\u00e1nu sv\u011bt\u016f.\u201c<\/h1>\n<h1 style=\"text-align: center;\">Chud\u00e1k, kter\u00fd pot\u0159ebuje odpu\u0161t\u011bn\u00ed a slitov\u00e1n\u00ed sv\u00e9ho P\u00e1na<\/h1>\n<h1 style=\"text-align: center;\">Tamer Badr<\/h1>\n<h1 style=\"text-align: center;\">Ned\u011ble, 3. m\u011bs\u00edce Rajab, 1440 AH<\/h1>\n<h1 style=\"text-align: center;\">10. b\u0159ezna 2019<\/h1>\n\t\t\t<\/div>\n\t\t\t\t\t<div class=\"woocommerce-Tabs-panel woocommerce-Tabs-panel--reviews panel entry-content wc-tab\" id=\"tab-reviews\" role=\"tabpanel\" aria-labelledby=\"tab-title-reviews\">\n\t\t\t\t<div id=\"reviews\" class=\"woocommerce-Reviews\">\n\t<div id=\"comments\">\n\t\t<h2 class=\"woocommerce-Reviews-title\">\n\t\t\tRecenze\t\t<\/h2>\n\n\t\t\t\t\t<p class=\"woocommerce-noreviews\" data-no-translation=\"\" data-trp-gettext=\"\">Zat\u00edm zde nejsou \u017e\u00e1dn\u00e9 recenze.<\/p>\n\t\t\t<\/div>\n\n\t\t\t<div id=\"review_form_wrapper\">\n\t\t\t<div id=\"review_form\">\n\t\t\t\t\t<div id=\"respond\" class=\"comment-respond\">\n\t\t<span id=\"reply-title\" class=\"comment-reply-title\" role=\"heading\" aria-level=\"3\">Bu\u010fte prvn\u00ed, kdo ohodnot\u00ed &bdquo;\u0643\u062a\u0627\u0628 \u0635\u0641\u0629 \u0627\u0644\u0631\u0627\u0639\u064a \u0648\u0627\u0644\u0631\u0639\u064a\u0629&ldquo; <small><a rel=\"nofollow\" id=\"cancel-comment-reply-link\" href=\"\/cs\/wp-json\/wp\/v2\/pages\/20107#respond\" style=\"display:none;\">Zru\u0161it odpov\u011b\u010f na koment\u00e1\u0159<\/a><\/small><\/span><p class=\"must-log-in\" data-no-translation=\"\" data-trp-gettext=\"\">Pro p\u0159id\u00e1v\u00e1n\u00ed recenz\u00ed se mus\u00edte nejd\u0159\u00edve <a href=\"https:\/\/tamerbadr.com\/cs\/\">p\u0159ihl\u00e1sit<\/a>.<\/p>\t<\/div><!-- #respond -->\n\t\t\t\t<\/div>\n\t\t<\/div>\n\t\n\t<div class=\"clear\"><\/div>\n<\/div>\n\t\t\t<\/div>\n\t\t\n\t\t\t<\/div>\n\n<\/div>\n\n\t\t\t<\/div>\n\t\t\t<\/div>\t\t\t\t<\/div>\n\t\t\t\t<\/div>\n\t\t\t\t<\/div>\n\t\t\t\t\t<\/div>\n\t\t\t\t<\/div>\n\t\t\t\t<\/div>","protected":false},"excerpt":{"rendered":"","protected":false},"author":1,"featured_media":0,"parent":0,"menu_order":0,"comment_status":"closed","ping_status":"closed","template":"elementor_header_footer","meta":{"_seopress_robots_primary_cat":"","_seopress_titles_title":"","_seopress_titles_desc":"","_seopress_robots_index":"","inline_featured_image":false,"_uf_show_specific_survey":0,"_uf_disable_surveys":false,"footnotes":""},"class_list":["post-20107","page","type-page","status-publish"],"_links":{"self":[{"href":"https:\/\/tamerbadr.com\/cs\/wp-json\/wp\/v2\/pages\/20107","targetHints":{"allow":["GET"]}}],"collection":[{"href":"https:\/\/tamerbadr.com\/cs\/wp-json\/wp\/v2\/pages"}],"about":[{"href":"https:\/\/tamerbadr.com\/cs\/wp-json\/wp\/v2\/types\/page"}],"author":[{"embeddable":true,"href":"https:\/\/tamerbadr.com\/cs\/wp-json\/wp\/v2\/users\/1"}],"replies":[{"embeddable":true,"href":"https:\/\/tamerbadr.com\/cs\/wp-json\/wp\/v2\/comments?post=20107"}],"version-history":[{"count":0,"href":"https:\/\/tamerbadr.com\/cs\/wp-json\/wp\/v2\/pages\/20107\/revisions"}],"wp:attachment":[{"href":"https:\/\/tamerbadr.com\/cs\/wp-json\/wp\/v2\/media?parent=20107"}],"curies":[{"name":"wp","href":"https:\/\/api.w.org\/{rel}","templated":true}]}}