{"id":19585,"date":"2025-03-16T21:59:57","date_gmt":"2025-03-16T21:59:57","guid":{"rendered":"https:\/\/white-ant-267257.hostingersite.com\/?post_type=product&#038;p=19585"},"modified":"2025-07-13T07:17:53","modified_gmt":"2025-07-13T07:17:53","slug":"the-book-of-the-characteristics-of-the-shepherd-and-the-flock","status":"publish","type":"product","link":"https:\/\/tamerbadr.com\/bs\/proizvod\/the-book-of-the-characteristics-of-the-shepherd-and-the-flock","title":{"rendered":"Knjiga o osobinama pastira i stada"},"content":{"rendered":"<h1 style=\"text-align: center;\"><strong>Uvod u knjigu Karakteristike pastira i stada<\/strong><\/h1>\n<h1 style=\"text-align: center;\">Islam je uspostavio jasan i sveobuhvatan pristup odnosu izme\u0111u vladara i njegovih podanika. Nau\u010dnici su raspravljali o ovom odnosu u knjigama o islamskoj politici, uklju\u010duju\u0107i du\u017enosti i prava svake strane, pokazuju\u0107i da islam ima svoj vlastiti sistem kao na\u010din \u017eivota. Iz politi\u010dke perspektive, u pogledu odnosa izme\u0111u vladara i njegovih podanika, islamska historija ne poznaje specifi\u010dan islamski sistem vlasti. Islam, kona\u010dni bo\u017eanski zakon, nije uspostavio specifi\u010dan sistem koji bi se nametnuo muslimanima u svim vremenima i mjestima. Umjesto toga, uspostavio je op\u0107e principe pogodne za sva vremena i mjesta, bez ula\u017eenja u detalje, metode i pojedinosti koje se, po svojoj prirodi, razvijaju i mijenjaju s promjenjivim okolnostima vremena i mjesta, tako da svaka nacija mo\u017ee uzeti u obzir ono \u0161to odgovara njenim okolnostima i ono \u0161to njeni interesi zahtijevaju.<\/h1>\n<h1 style=\"text-align: center;\">Shodno tome, \u0161to se ti\u010de teorije dr\u017eave, islam nije ozakonio politi\u010dki sistem koji nije podlo\u017ean promjenama ili izmjenama, niti je ulazio u detalje s apsolutnim, kona\u010dnim vrijednostima. Umjesto toga, on je samo uspostavio op\u0107e principe i sveobuhvatna pravila na kojima bi se ova teorija trebala zasnivati. Islamska teorija dr\u017eave (u pogledu detalja i pojedinosti), kao i sve druge islamske politi\u010dke teorije, podlo\u017ena je promjenama, izmjenama i dopunama. Njene formulacije nisu ni kona\u010dne ni apsolutne, niti su postavljene u kruti kalup. Islam dozvoljava razvoj i modifikaciju politi\u010dkih teorija, koje su muslimanski u\u010denjaci nastojali formulirati u skladu sa zahtjevima ere i okolnostima vremena i mjesta.<\/h1>\n<h1 style=\"text-align: center;\">Nema nikakvog raskola izme\u0111u razgovora o islamu i gra\u0111anskoj dr\u017eavi, ili o islamu i dr\u017eavljanstvu, ili o islamu i slobodi mi\u0161ljenja i vjerovanja. Oni koji pretpostavljaju raskol izme\u0111u islama i svih ovih modernih ideja ne razumiju pravu prirodu islama, niti ispravno ili pravedno \u010ditaju historiju Poslanika (s.a.v.s.) i njegovih plemenitih ashaba (neka Allah bude zadovoljan s njima). Zato dr\u017eava u islamu ima svoje karakteristi\u010dne karakteristike, ba\u0161 kao \u0161to sistem vlasti u islamu ima svoje temelje: slu\u017eenje Bogu, pravda, konsultacije i njihove obaveze, jednakost, poslu\u0161nost onima na vlasti, obaveza savjetovanja onih na vlasti, odgovornost vladara ili pastira i njegova podlo\u017enost nadzoru sudstva i nacije, politi\u010dko jedinstvo nacije, garancija prava i du\u017enosti i sloboda. Ovi temelji predstavljaju sr\u017e islamskog sistema i temelje koji najvi\u0161e izra\u017eavaju njegovu jedinstvenost. Poku\u0161ao sam, koliko god je to mogu\u0107e, da se time pozabavim u svojoj knjizi.<\/h1>\n<h1 style=\"text-align: center;\">Kona\u010dno, molim Svemogu\u0107eg Boga da moje djelo u\u010dini iskreno, Njega radi, da me nagradi za svaku rije\u010d koju sam napisao, da je uvrsti u vagu mojih dobrih djela i da nagradi moju bra\u0107u koja su mi pomogla sa svime \u0161to su imali kako bih zavr\u0161io ovu knjigu.<\/h1>\n<h1 style=\"text-align: center;\">&quot;Slava neka je Tebi, Bo\u017ee, i hvala neka je Tebi. Svjedo\u010dim da nema boga osim Tebe. Tra\u017eim oprost od Tebe i kajem se Tebi. Na\u0161a posljednja dova je: Sva hvala pripada Bogu, Gospodaru svjetova.&quot;<\/h1>\n<h1 style=\"text-align: center;\">Siromah kome je potreban oprost i pomilovanje njegovog Gospodara<\/h1>\n<h1 style=\"text-align: center;\">Tamer Badr<\/h1>\n<h1 style=\"text-align: center;\">Nedjelja, 3. red\u017eeb 1440. godine po hid\u017eri<\/h1>\n<h1 style=\"text-align: center;\">10. marta 2019.<\/h1>","protected":false},"excerpt":{"rendered":"<p>\u0645\u0642\u062f\u0645\u0629 \u0643\u062a\u0627\u0628 \u0635\u0641\u0629 \u0627\u0644\u0631\u0627\u0639\u064a \u0648\u0627\u0644\u0631\u0639\u064a\u0629 \u0644\u0642\u062f \u0648\u0636\u0639 \u0627\u0644\u0625\u0633\u0644\u0627\u0645 \u0645\u0646\u0647\u062c\u064b\u0627 \u0628\u064a\u0651\u0650\u0646\u064b\u0627 \u0648\u0648\u0627\u0641\u064a\u064b\u0627 \u0641\u064a \u0627\u0644\u0639\u0644\u0627\u0642\u0629 \u0628\u064a\u0646 \u0627\u0644\u0631\u0627\u0639\u064a \u0648\u0627\u0644\u0631\u0639\u064a\u0629\u060c \u0648\u0628\u064e\u062d\u064e\u062b\u064e \u0623\u0647\u0644\u064f \u0627\u0644\u0639\u0644\u0645 \u0641\u064a \u0643\u062a\u0628 \u0627\u0644\u0633\u064a\u0627\u0633\u0629 \u0627\u0644\u0634\u0631\u0639\u064a\u0629 \u0645\u0627 \u064a\u062a\u0639\u0644\u0651\u064e\u0642 \u0628\u0647\u0630\u0647 \u0627\u0644\u0639\u0644\u0627\u0642\u0629\u060c \u0648\u0648\u0627\u062c\u0628\u0627\u062a \u0643\u0644 \u0645\u0646 \u0627\u0644\u0637\u0631\u0641\u064a\u0646 \u0648\u062d\u0642\u0648\u0642\u0647 \u0639\u0644\u0649 \u0648\u062c\u0647 \u064a\u064f\u0628\u064e\u064a\u0651\u0650\u0646 \u0623\u0646 \u0627\u0644\u0625\u0633\u0644\u0627\u0645 \u0644\u0647 \u0646\u0638\u0627\u0645\u0647 \u0627\u0644\u062e\u0627\u0635 \u0645\u0646\u0647\u062c\u064b\u0627 \u0644\u0644\u062d\u064a\u0627\u0629\u061b \u0648\u0645\u0646 \u0627\u0644\u0646\u0627\u062d\u064a\u0629 \u0627\u0644\u0633\u064a\u0627\u0633\u064a\u0629 \u0641\u064a\u0645\u0627 \u064a\u062a\u0639\u0644\u0642 \u0628\u0639\u0644\u0627\u0642\u0629 \u0627\u0644\u0625\u0645\u0627\u0645 \u0648\u0631\u0639\u064a\u062a\u0647 \u0645\u0646 \u0627\u0644\u0645\u0648\u0627\u0637\u0646\u064a\u0646 \u0641\u0644\u0645 \u064a\u0639\u0631\u0641 \u0627\u0644\u062a\u0627\u0631\u064a\u062e [&hellip;]<\/p>","protected":false},"featured_media":19692,"comment_status":"open","ping_status":"closed","template":"","meta":{"_seopress_robots_primary_cat":"","_seopress_titles_title":"","_seopress_titles_desc":"","_seopress_robots_index":"","inline_featured_image":false,"_uf_show_specific_survey":0,"_uf_disable_surveys":false},"product_brand":[],"product_cat":[187],"product_tag":[],"class_list":{"0":"post-19585","1":"product","2":"type-product","3":"status-publish","4":"has-post-thumbnail","6":"product_cat-187","8":"first","9":"instock","10":"downloadable","11":"shipping-taxable","12":"purchasable","13":"product-type-simple"},"_links":{"self":[{"href":"https:\/\/tamerbadr.com\/bs\/wp-json\/wp\/v2\/product\/19585","targetHints":{"allow":["GET"]}}],"collection":[{"href":"https:\/\/tamerbadr.com\/bs\/wp-json\/wp\/v2\/product"}],"about":[{"href":"https:\/\/tamerbadr.com\/bs\/wp-json\/wp\/v2\/types\/product"}],"replies":[{"embeddable":true,"href":"https:\/\/tamerbadr.com\/bs\/wp-json\/wp\/v2\/comments?post=19585"}],"wp:featuredmedia":[{"embeddable":true,"href":"https:\/\/tamerbadr.com\/bs\/wp-json\/wp\/v2\/media\/19692"}],"wp:attachment":[{"href":"https:\/\/tamerbadr.com\/bs\/wp-json\/wp\/v2\/media?parent=19585"}],"wp:term":[{"taxonomy":"product_brand","embeddable":true,"href":"https:\/\/tamerbadr.com\/bs\/wp-json\/wp\/v2\/product_brand?post=19585"},{"taxonomy":"product_cat","embeddable":true,"href":"https:\/\/tamerbadr.com\/bs\/wp-json\/wp\/v2\/product_cat?post=19585"},{"taxonomy":"product_tag","embeddable":true,"href":"https:\/\/tamerbadr.com\/bs\/wp-json\/wp\/v2\/product_tag?post=19585"}],"curies":[{"name":"wp","href":"https:\/\/api.w.org\/{rel}","templated":true}]}}