{"id":19581,"date":"2025-03-16T21:53:58","date_gmt":"2025-03-16T21:53:58","guid":{"rendered":"https:\/\/white-ant-267257.hostingersite.com\/?post_type=product&#038;p=19581"},"modified":"2025-07-13T07:21:59","modified_gmt":"2025-07-13T07:21:59","slug":"unforgettable-leaders-book","status":"publish","type":"product","link":"https:\/\/tamerbadr.com\/bs\/proizvod\/unforgettable-leaders-book","title":{"rendered":"Knjiga o nezaboravnim vo\u0111ama"},"content":{"rendered":"<h1 style=\"text-align: center;\"><strong>Uvod profesora dr. Ragheba El-Serganyja u knjigu Nezaboravni lideri<\/strong><\/h1>\n<h1 style=\"text-align: center;\">U historiji islamske nacije postoje ljudi koji su osvijetlili historiju onima koji su do\u0161li poslije njih, ljudi koji su se istakli u svim oblastima.<\/h1>\n<h1 style=\"text-align: center;\">Mo\u017eda ne\u0107ete na\u0107i u historiji nijedne nacije ovoliki broj briljantnih li\u010dnosti. Prema Ibn Omeru, radijallahu anhu, koji je rekao: Bo\u017eiji Poslanik, sallallahu alejhi ve sellem, rekao je: \u201eNa\u0107i \u0107ete ljude okupljene na stotinu mjesta, i nijedan \u010dovjek ne\u0107e na\u0107i me\u0111u njima ni brda.\u201c Prenose El-Buhari i Muslim.<\/h1>\n<h1 style=\"text-align: center;\">Dakle, malo je istaknutih ljudi u op\u0107oj historiji, ali mnogi od tih rijetkih su se pojavili i istakli u islamskoj historiji i islamskoj civilizaciji.<\/h1>\n<h1 style=\"text-align: center;\">Islamska dr\u017eava je ro\u0111ena od hrabrih, herojskih mud\u017eahedina. Islamska historija poznaje koliko se vo\u0111a pojavilo i vodilo islamske vojske do velikih pobjeda, zahvaljuju\u0107i Svemogu\u0107em Bogu, a zatim i njihovoj genijalnosti i hrabrosti!<\/h1>\n<h1 style=\"text-align: center;\">Dob nije bila faktor u odre\u0111ivanju vo\u0111a u islamu, ve\u0107 kompetencija i sposobnost. Bo\u017eiji Poslanik, s.a.v.s., izabrao je Usamu bin Zaida, koji je imao osamnaest godina, da predvodi vojsku za borbu protiv Rimljana, a pod njegovom komandom bili su Ebu Bekr i Omer bin Al-Hattab.<\/h1>\n<h1 style=\"text-align: center;\">Ni to \u0161to je prvi prihvatio islam nije bio faktor. Bo\u017eiji Poslanik, s.a.v.s., imenovao je Amra ibn al-Aasa (neka je Bog zadovoljan s njim) nad starijim ashabima u bici kod Dhat al-Salasila, iako je on pre\u0161ao na islam samo nekoliko dana ranije. Sli\u010dno tome, Halid ibn al-Walid (neka je Bog zadovoljan s njim) predvodio je starije ashabe u bici kod Mu&#039;te, iako je nedavno pre\u0161ao na islam.<\/h1>\n<h1 style=\"text-align: center;\">Kriteriji za odabir vo\u0111a u islamskoj historiji bili su objektivni i odnosili su se isklju\u010divo na kompetencije. Stoga je islamska civilizacija kroz svoju historiju stvarala izuzetne vo\u0111e koji su bili bez premca.<\/h1>\n<h1 style=\"text-align: center;\">Nakon toga, muslimani su nau\u010dili da moraju pripremati budu\u0107e vo\u0111e; stoga nalazimo \u0161irenje obuke u jahanju, d\u017eihadu i streli\u010darstvu.<\/h1>\n<h1 style=\"text-align: center;\">Historija liderstva u islamu bogata je dubokim zna\u010denjima, konceptima i jedinstvenim li\u010dnostima; otuda i va\u017enost ove knjige.<\/h1>\n<h1 style=\"text-align: center;\">Autor, brat Tamer Badr - neka ga Bog za\u0161titi - bio je zainteresiran za pra\u0107enje biografija muslimanskih vo\u0111a i predstavio nam ih je u...<\/h1>\n<h1 style=\"text-align: center;\">Jednostavan, elegantan i koncizan stil, u kojem je izvukao najva\u017enije ta\u010dke koje su naciji potrebne da bi razumjela kako je bilo.<\/h1>\n<h1 style=\"text-align: center;\">Vo\u0111e su pripremljene, tako da mo\u017eete od njih stvoriti nove generacije.<\/h1>\n<h1 style=\"text-align: center;\">Kao \u0161to nas je autor navikao u svojoj prethodnoj knjizi (Nezaboravni dani), knjiga \u0107e vas svojim stilom zainteresovati. Kada je jednom po\u010dnete \u010ditati, osjetit \u0107ete potrebu da nastavite do kraja.<\/h1>\n<h1 style=\"text-align: center;\">Molim Svemogu\u0107eg Boga da prihvati autorov trud u njegovoj knjizi, da odobri prihvatanje knjige i da kroz nju koristi muslimanima. On je \u010cuvar toga i sposoban je to u\u010diniti.<\/h1>\n<h1 style=\"text-align: center;\">\u00a0Prof. dr. Ragheb Al-Sergani<\/h1>\n<h1 style=\"text-align: center;\">Kairo u novembru 2011.<\/h1>","protected":false},"excerpt":{"rendered":"<p>\u0645\u0642\u062f\u0645\u0629 \u0627\u0644\u0627\u0633\u062a\u0627\u0630 \u0627\u0644\u062f\u0643\u062a\u0648\u0631 \u0631\u0627\u063a\u0628 \u0627\u0644\u0633\u0631\u062c\u0627\u0646\u064a \u0644\u0643\u062a\u0627\u0628 \u0642\u0627\u062f\u0629 \u0644\u0627 \u062a\u0646\u0633\u0649 \u0641\u064a \u062a\u0627\u0631\u064a\u062e \u0623\u064f\u0645\u0629 \u0627\u0644\u0625\u0633\u0644\u0627\u0645 \u0631\u062c\u0627\u0644 \u0623\u0636\u0627\u0621\u0648\u0627 \u0627\u0644\u062a\u0627\u0631\u064a\u062e \u0644\u0645\u0646 \u062c\u0627\u0621 \u0628\u0639\u062f\u0647\u0645\u060c \u0631\u062c\u0627\u0644 \u062a\u0645\u064a\u0632\u0648\u0627 \u0641\u064a \u0643\u0644 \u0645\u062c\u0627\u0644\u060c \u0648\u0631\u0628\u0645\u0627 \u0644\u0627 \u062a\u062c\u062f \u0641\u064a \u062a\u0627\u0631\u064a\u062e \u0623\u064f\u0645\u0629 \u0645\u0646 \u0627\u0644\u0623\u0645\u0645 \u0647\u0630\u0627 \u0627\u0644\u0639\u062f\u062f \u0645\u0646 \u0627\u0644\u0631\u0645\u0648\u0632 \u0627\u0644\u0644\u0627\u0645\u0639\u0629\u061b \u0641\u0639\u0646 \u0627\u0628\u0646 \u0639\u0645\u0631 \u0631\u0636\u064a \u0627\u0644\u0644\u0647 \u0639\u0646\u0647 \u0642\u0627\u0644: \u0642\u0627\u0644 \u0631\u0633\u0648\u0644 \u0627\u0644\u0644\u0647 \ufdfa: \u00ab\u062a\u064e\u062c\u0650\u062f\u064f\u0648\u0646\u064e \u0627\u0644\u0646\u0651\u064e\u0627\u0633\u064e \u0643\u064e\u0627\u0628\u0650\u0644 \u0645\u0650\u0627\u0626\u064e\u0629\u064d \u0644\u064e\u0627 \u064a\u064e\u062c\u0650\u062f\u064f \u0627\u0644\u0631\u0651\u064e\u062c\u064f\u0644\u064f [&hellip;]<\/p>","protected":false},"featured_media":19693,"comment_status":"open","ping_status":"closed","template":"","meta":{"_seopress_robots_primary_cat":"","_seopress_titles_title":"","_seopress_titles_desc":"","_seopress_robots_index":"","inline_featured_image":false,"_uf_show_specific_survey":0,"_uf_disable_surveys":false},"product_brand":[],"product_cat":[189],"product_tag":[],"class_list":{"0":"post-19581","1":"product","2":"type-product","3":"status-publish","4":"has-post-thumbnail","6":"product_cat-189","8":"first","9":"instock","10":"downloadable","11":"shipping-taxable","12":"purchasable","13":"product-type-simple"},"_links":{"self":[{"href":"https:\/\/tamerbadr.com\/bs\/wp-json\/wp\/v2\/product\/19581","targetHints":{"allow":["GET"]}}],"collection":[{"href":"https:\/\/tamerbadr.com\/bs\/wp-json\/wp\/v2\/product"}],"about":[{"href":"https:\/\/tamerbadr.com\/bs\/wp-json\/wp\/v2\/types\/product"}],"replies":[{"embeddable":true,"href":"https:\/\/tamerbadr.com\/bs\/wp-json\/wp\/v2\/comments?post=19581"}],"wp:featuredmedia":[{"embeddable":true,"href":"https:\/\/tamerbadr.com\/bs\/wp-json\/wp\/v2\/media\/19693"}],"wp:attachment":[{"href":"https:\/\/tamerbadr.com\/bs\/wp-json\/wp\/v2\/media?parent=19581"}],"wp:term":[{"taxonomy":"product_brand","embeddable":true,"href":"https:\/\/tamerbadr.com\/bs\/wp-json\/wp\/v2\/product_brand?post=19581"},{"taxonomy":"product_cat","embeddable":true,"href":"https:\/\/tamerbadr.com\/bs\/wp-json\/wp\/v2\/product_cat?post=19581"},{"taxonomy":"product_tag","embeddable":true,"href":"https:\/\/tamerbadr.com\/bs\/wp-json\/wp\/v2\/product_tag?post=19581"}],"curies":[{"name":"wp","href":"https:\/\/api.w.org\/{rel}","templated":true}]}}