{"id":19575,"date":"2025-03-16T21:38:04","date_gmt":"2025-03-16T21:38:04","guid":{"rendered":"https:\/\/white-ant-267257.hostingersite.com\/?post_type=product&#038;p=19575"},"modified":"2025-07-13T07:22:37","modified_gmt":"2025-07-13T07:22:37","slug":"unforgettable-days-book","status":"publish","type":"product","link":"https:\/\/tamerbadr.com\/bs\/proizvod\/unforgettable-days-book","title":{"rendered":"Knjiga Nezaboravni dani"},"content":{"rendered":"<h1 style=\"text-align: center;\"><strong>Uvod profesora dr. Ragheba Al-Sarjanija u knjigu Nezaboravni dani<\/strong><\/h1>\n<h1 style=\"text-align: center;\">Islamska historija je tokom godina i vijekova patila od velikog zanemarivanja. Rezultat toga je da su mnogi orijentalisti i zapadnjaci mijenjali ovu historiju. Posljedi\u010dno, imamo historiju koja se veoma razlikuje od istine. Jo\u0161 gore, pouke i moral su izgubljeni usred ovih iskrivljenja. Tako je historija postala akademska studija bez ikakvog zna\u010denja za \u010ditaoce. Posljedi\u010dno, oni su se suzdr\u017eali od \u010ditanja i prou\u010davanja iste.<\/h1>\n<h1 style=\"text-align: center;\">Suo\u010deni s ovom te\u0161kom situacijom, neki revnosni ljudi morali su ustati kako bi spasili ovu dugu historiju; zapravo, kako bi spasili muslimansku omladinu koja nije uspjela prona\u0107i odgovaraju\u0107i i pouzdan izvor za \u010ditanje o historiji nacije. Zaista, ne pretjerujem kada ka\u017eem: Cijeli svijet - muslimanski ili nemuslimanski - treba ovu slavnu islamsku historiju, jer svijet nikada nije upoznao ni\u0161ta tako sjajno ili blistavo kao \u0161to smo mi prona\u0161li u na\u0161oj velikoj historiji.<\/h1>\n<h1 style=\"text-align: center;\">Knjiga u na\u0161im rukama je svojevrsno pomagalo!<\/h1>\n<h1 style=\"text-align: center;\">Ovo je vrijedna knjiga koja vje\u0161to objedinjuje ogroman broj klju\u010dnih dana u historiji islamske nacije. Me\u0111utim, ova ogromna zbirka nije rezultirala sli\u010dno ogromnim brojem stranica! Ovo ukazuje na autorovo izvanredno majstorstvo u odabiru korisnog iz svake bitke i va\u017enog iz svakog susreta. Mo\u017eda je ovo jedna od najzna\u010dajnijih karakteristika koja razlikuje ovu knjigu od drugih, jer se autor odlikuje briljantnom sposobno\u0161\u0107u sa\u017eetosti i fokusiranja, tako da osje\u0107ate da ste nakon \u010ditanja \u010detiri ili pet stranica o velikoj bici pokrili sve i da vam ne trebaju nikakve druge informacije, dok stru\u010dnjaci znaju da histori\u010dar mo\u017ee napisati \u010ditave tomove o takvim bitkama!<\/h1>\n<h1 style=\"text-align: center;\">Ova knjiga se tako\u0111er odlikuje laganom navigacijom izme\u0111u razli\u010ditih faza islamske historije. Po\u010dinje s prorokovom erom, a zatim odgovaraju\u0107om brzinom ska\u010de izme\u0111u razli\u010ditih historijskih era, kao \u0161to su ra\u0161idunska, umajadska, abasidska, ajubidska, mamelu\u010dka i osmanska era. Tako\u0111er ne zanemaruje geografsku navigaciju u razli\u010ditim krajevima svijeta. Dolazi do Istoka i govori o bitkama u Indiji, a s Istoka prelazi na Zapad i opisuje bitke u Andaluziji!<\/h1>\n<h1 style=\"text-align: center;\">Jo\u0161 jedna karakteristi\u010dna karakteristika ove knjige je to \u0161to raspravlja o mnogim bitkama o kojima mnogi muslimani ne znaju nikakve detalje. Zapravo, ne pretjerujem kada ka\u017eem: muslimani \u010dak ni ne znaju njihova imena! Dovoljno mi je da istaknem, na primjer, bitke kod Ain al-Tamra, osvajanje Dibala, bitku kod Talasa, osvajanje Somnatha, bitku kod Nikopolja, bitku kod Moha\u010da i druge bitke \u010diji je spomen zaboravljen i \u010dije su stranice bile prekrivene pra\u0161inom, sve dok ovaj autor nije s iskreno\u0161\u0107u i pa\u017enjom otkrio istinu o tim odlu\u010duju\u0107im danima.<\/h1>\n<h1 style=\"text-align: center;\">Iznad svega navedenog, ovu vrijednu knjigu odlikuju dvije stvari koje je izdvajaju od mnogih djela koja ispunjavaju islamsku biblioteku, \u010dine\u0107i je jedinstvenom u svojoj oblasti.<\/h1>\n<h1 style=\"text-align: center;\">Prva stvar je da se ne ograni\u010dava samo na pobjede muslimana, ve\u0107, s prekrasnom nepristrasno\u0161\u0107u i izuzetnom precizno\u0161\u0107u, spominje glavne bitke u kojima su muslimani pora\u017eeni! Kao \u0161to su Bitka kod Uhuda, Bitka kod Toursa, Bitka kod Al-Uqaba i drugi porazi. Ovo je, zapravo, jasan primjer autorove inteligencije, jer \u010ditaocu pokazuje svoju iskrenost u predstavljanju doga\u0111aja i nagla\u0161ava da je vrijeme ciklus izme\u0111u naroda. Tako\u0111er, ne li\u0161ava \u010ditaoce prilike da imaju koristi od va\u017enih lekcija nau\u010denih u ovim bitkama.<\/h1>\n<h1 style=\"text-align: center;\">Druga stvar je da se autor nije zaustavio na pripovijedanju doga\u0111aja kao \u0161to to \u010dine mnogi autori, ve\u0107 je udubio u stvari i tra\u017eio faktore pobjede i razloge poraza, tako da \u010ditalac knjige izlazi s obilnom zbirkom razloga za uspon ili pad naroda, te je tako cilj pri\u010danja pri\u010de postignut; kao \u0161to nam je na\u0161 Gospodar pokazao kada je rekao: {Zaista, u njihovim pri\u010dama je pouka za one koji imaju razum} [Jusuf: 111]... Istina je da je autor sve to izradio s visokom i istaknutom vje\u0161tinom.<\/h1>\n<h1 style=\"text-align: center;\">Kona\u010dno:<\/h1>\n<h1 style=\"text-align: center;\">Ova vje\u0161tina autora nije sprije\u010dila da njegov stil bude nje\u017ean i lijep. Izrazi u knjizi su elegantni, rije\u010di su prekrasne, a prezentacija glatka i ugodna, \u0161to knjizi dodaje sjaj i eleganciju.<\/h1>\n<h1 style=\"text-align: center;\">Iako znam da je ovo autorov prvi poku\u0161aj pisanja o vojnoj tematici, siguran sam da ne\u0107e biti i posljednji. Bitke islamske historije i njihovi detalji zahtijevaju stotine tomova i hiljade obja\u0161njenja i analiza.<\/h1>\n<h1 style=\"text-align: center;\">Neka Allah nagradi profesora Tamera Badra za njegov veliki trud. Moj savjet mu je da uvijek obnavlja svoju namjeru sa svakom knjigom, kako bi Allah, d\u017e.\u0161., podario njegovim knjigama \u0161iroku distribuciju i obilnu nagradu i sveobuhvatno od\u0161tetu.<\/h1>\n<h1 style=\"text-align: center;\">Molim Boga da proslavi islam i muslimane<\/h1>\n<h1 style=\"text-align: center;\">Prof. dr. Ragheb Al-Sarjani<\/h1>","protected":false},"excerpt":{"rendered":"<p>\u0645\u0642\u062f\u0645\u0629 \u0627\u0644\u0627\u0633\u062a\u0627\u0630 \u0627\u0644\u062f\u0643\u062a\u0648\u0631 \u0631\u0627\u063a\u0628 \u0627\u0644\u0633\u0631\u062c\u0627\u0646\u064a \u0644\u0643\u062a\u0627\u0628 \u0623\u064a\u0627\u0645 \u0644\u0627 \u062a\u0646\u0633\u0649 \u0639\u0627\u0646\u064a \u0627\u0644\u062a\u0627\u0631\u064a\u062e \u0627\u0644\u0625\u0633\u0644\u0627\u0645\u064a \u0643\u062b\u064a\u0631\u064b\u0627 \u0645\u0646 \u0627\u0644\u0625\u0647\u0645\u0627\u0644 \u0639\u0644\u0649 \u0645\u062f\u0627\u0631 \u0627\u0644\u0633\u0646\u0648\u0627\u062a \u0648\u0627\u0644\u0642\u0631\u0648\u0646\u060c \u0648\u0643\u0627\u0646\u062a \u0627\u0644\u0646\u062a\u064a\u062c\u0629 \u0623\u0646 \u0639\u0628\u062b \u0643\u062b\u064a\u0631 \u0645\u0646 \u0627\u0644\u0645\u0633\u062a\u0634\u0631\u0642\u064a\u0646 \u0648\u0627\u0644\u0645\u0633\u062a\u063a\u0631\u0628\u064a\u0646 \u0641\u064a \u0647\u0630\u0627 \u0627\u0644\u062a\u0627\u0631\u064a\u062e\u061b \u0648\u0628\u0627\u0644\u062a\u0627\u0644\u064a \u062e\u0631\u062c \u0644\u0646\u0627 \u0627\u0644\u062a\u0627\u0631\u064a\u062e \u0628\u0635\u0648\u0631\u0629 \u0645\u063a\u0627\u064a\u0631\u0629 \u0643\u062b\u064a\u0631\u064b\u0627 \u0639\u0646 \u0627\u0644\u062d\u0642\u064a\u0642\u0629\u060c \u0648\u0627\u0644\u0623\u0646\u0643\u0649 \u0645\u0646 \u0630\u0644\u0643 \u0623\u0646 \u0627\u0644\u062f\u0631\u0648\u0633 \u0648\u0627\u0644\u0639\u0628\u0631 \u062a\u0627\u0647\u062a \u0648\u0633\u0637 \u0647\u0630\u0647 \u0627\u0644\u062a\u062d\u0631\u064a\u0641\u0627\u062a\u060c \u0641\u0635\u0627\u0631 \u0627\u0644\u062a\u0627\u0631\u064a\u062e \u062f\u0631\u0627\u0633\u0629 \u0623\u0643\u0627\u062f\u064a\u0645\u064a\u0629 \u0644\u0627 \u0645\u0639\u0646\u0649 [&hellip;]<\/p>","protected":false},"featured_media":19689,"comment_status":"open","ping_status":"closed","template":"","meta":{"_seopress_robots_primary_cat":"","_seopress_titles_title":"","_seopress_titles_desc":"","_seopress_robots_index":"","inline_featured_image":false,"_uf_show_specific_survey":0,"_uf_disable_surveys":false},"product_brand":[],"product_cat":[189],"product_tag":[],"class_list":{"0":"post-19575","1":"product","2":"type-product","3":"status-publish","4":"has-post-thumbnail","6":"product_cat-189","8":"first","9":"instock","10":"downloadable","11":"shipping-taxable","12":"purchasable","13":"product-type-simple"},"_links":{"self":[{"href":"https:\/\/tamerbadr.com\/bs\/wp-json\/wp\/v2\/product\/19575","targetHints":{"allow":["GET"]}}],"collection":[{"href":"https:\/\/tamerbadr.com\/bs\/wp-json\/wp\/v2\/product"}],"about":[{"href":"https:\/\/tamerbadr.com\/bs\/wp-json\/wp\/v2\/types\/product"}],"replies":[{"embeddable":true,"href":"https:\/\/tamerbadr.com\/bs\/wp-json\/wp\/v2\/comments?post=19575"}],"wp:featuredmedia":[{"embeddable":true,"href":"https:\/\/tamerbadr.com\/bs\/wp-json\/wp\/v2\/media\/19689"}],"wp:attachment":[{"href":"https:\/\/tamerbadr.com\/bs\/wp-json\/wp\/v2\/media?parent=19575"}],"wp:term":[{"taxonomy":"product_brand","embeddable":true,"href":"https:\/\/tamerbadr.com\/bs\/wp-json\/wp\/v2\/product_brand?post=19575"},{"taxonomy":"product_cat","embeddable":true,"href":"https:\/\/tamerbadr.com\/bs\/wp-json\/wp\/v2\/product_cat?post=19575"},{"taxonomy":"product_tag","embeddable":true,"href":"https:\/\/tamerbadr.com\/bs\/wp-json\/wp\/v2\/product_tag?post=19575"}],"curies":[{"name":"wp","href":"https:\/\/api.w.org\/{rel}","templated":true}]}}