{"id":20137,"date":"2025-03-19T15:40:18","date_gmt":"2025-03-19T15:40:18","guid":{"rendered":"https:\/\/white-ant-267257.hostingersite.com\/?page_id=20137"},"modified":"2025-04-06T08:18:15","modified_gmt":"2025-04-06T08:18:15","slug":"the-book-of-the-virtue-of-patience-in-the-face-of-adversity","status":"publish","type":"page","link":"https:\/\/tamerbadr.com\/bs\/the-book-of-the-virtue-of-patience-in-the-face-of-adversity","title":{"rendered":"Knjiga o vrlini strpljenja u suo\u010davanju s neda\u0107ama"},"content":{"rendered":"<div data-elementor-type=\"wp-page\" data-elementor-id=\"20137\" class=\"elementor elementor-20137\" data-elementor-post-type=\"page\">\n\t\t\t\t<div class=\"elementor-element elementor-element-c8c7aab e-flex e-con-boxed e-con e-parent\" data-id=\"c8c7aab\" data-element_type=\"container\">\n\t\t\t\t\t<div class=\"e-con-inner\">\n\t\t<div class=\"elementor-element elementor-element-6483b1a e-con-full e-flex e-con e-child\" data-id=\"6483b1a\" data-element_type=\"container\">\n\t\t\t\t<div class=\"elementor-element elementor-element-6058eb2 elementor-widget elementor-widget-wc-elements\" data-id=\"6058eb2\" data-element_type=\"widget\" data-widget_type=\"wc-elements.default\">\n\t\t\t\t<div class=\"elementor-widget-container\">\n\t\t\t\t\t<div class=\"woocommerce\">\t\t\t<div class=\"single-product\" data-product-page-preselected-id=\"0\">\n\t\t\t\t<div class=\"woocommerce-notices-wrapper\"><\/div><div id=\"product-19573\" class=\"product type-product post-19573 status-publish first instock product_cat-191 has-post-thumbnail downloadable shipping-taxable purchasable product-type-simple\">\n\n\t<div class=\"woocommerce-product-gallery woocommerce-product-gallery--with-images woocommerce-product-gallery--columns-4 images\" data-columns=\"4\" style=\"opacity: 0; transition: opacity .25s ease-in-out;\">\n\t<div class=\"woocommerce-product-gallery__wrapper\">\n\t\t<div data-thumb=\"https:\/\/tamerbadr.com\/wp-content\/uploads\/2025\/03\/\u0641\u0636\u0644-\u0627\u0644\u0635\u0628\u0631-\u0639\u0644\u0649-\u0627\u0644\u0628\u0644\u0627\u0621.jpg\" data-thumb-alt=\"\u0643\u062a\u0627\u0628 \u0641\u0636\u0644 \u0627\u0644\u0635\u0628\u0631 \u0639\u0644\u064a \u0627\u0644\u0628\u0644\u0627\u0621\" data-thumb-srcset=\"\"  data-thumb-sizes=\"(max-width: 71px) 100vw, 71px\" class=\"woocommerce-product-gallery__image\"><a href=\"https:\/\/tamerbadr.com\/wp-content\/uploads\/2025\/03\/\u0641\u0636\u0644-\u0627\u0644\u0635\u0628\u0631-\u0639\u0644\u0649-\u0627\u0644\u0628\u0644\u0627\u0621.jpg\"><img fetchpriority=\"high\" decoding=\"async\" width=\"480\" height=\"676\" src=\"https:\/\/tamerbadr.com\/wp-content\/uploads\/2025\/03\/\u0641\u0636\u0644-\u0627\u0644\u0635\u0628\u0631-\u0639\u0644\u0649-\u0627\u0644\u0628\u0644\u0627\u0621.jpg\" class=\"wp-post-image\" alt=\"Knjiga o vrlini strpljenja u suo\u010davanju s neda\u0107ama\" data-caption=\"\" data-src=\"https:\/\/tamerbadr.com\/wp-content\/uploads\/2025\/03\/\u0641\u0636\u0644-\u0627\u0644\u0635\u0628\u0631-\u0639\u0644\u0649-\u0627\u0644\u0628\u0644\u0627\u0621.jpg\" data-large_image=\"https:\/\/tamerbadr.com\/wp-content\/uploads\/2025\/03\/\u0641\u0636\u0644-\u0627\u0644\u0635\u0628\u0631-\u0639\u0644\u0649-\u0627\u0644\u0628\u0644\u0627\u0621.jpg\" data-large_image_width=\"480\" data-large_image_height=\"676\" \/><\/a><\/div><div data-thumb=\"https:\/\/tamerbadr.com\/wp-content\/uploads\/2025\/03\/\u0645\u0624\u0644\u0641\u0627\u062a-\u062a\u0627\u0645\u0631-\u0628\u062f\u0631-1-6.jpg\" data-thumb-alt=\"\u0643\u062a\u0627\u0628 \u0641\u0636\u0644 \u0627\u0644\u0635\u0628\u0631 \u0639\u0644\u064a \u0627\u0644\u0628\u0644\u0627\u0621 - Slika 2\" data-thumb-srcset=\"\"  data-thumb-sizes=\"(max-width: 92px) 100vw, 92px\" class=\"woocommerce-product-gallery__image\" data-no-translation-data-thumb-alt=\"\"><a href=\"https:\/\/tamerbadr.com\/wp-content\/uploads\/2025\/03\/\u0645\u0624\u0644\u0641\u0627\u062a-\u062a\u0627\u0645\u0631-\u0628\u062f\u0631-1-6.jpg\"><img decoding=\"async\" width=\"389\" height=\"422\" src=\"https:\/\/tamerbadr.com\/wp-content\/uploads\/2025\/03\/\u0645\u0624\u0644\u0641\u0627\u062a-\u062a\u0627\u0645\u0631-\u0628\u062f\u0631-1-6.jpg\" class=\"\" alt=\"\u0643\u062a\u0627\u0628 \u0641\u0636\u0644 \u0627\u0644\u0635\u0628\u0631 \u0639\u0644\u064a \u0627\u0644\u0628\u0644\u0627\u0621 - Slika 2\" data-caption=\"CREATOR: gd-jpeg v1.0 (using IJG JPEG v62), quality = 90\" data-src=\"https:\/\/tamerbadr.com\/wp-content\/uploads\/2025\/03\/\u0645\u0624\u0644\u0641\u0627\u062a-\u062a\u0627\u0645\u0631-\u0628\u062f\u0631-1-6.jpg\" data-large_image=\"https:\/\/tamerbadr.com\/wp-content\/uploads\/2025\/03\/\u0645\u0624\u0644\u0641\u0627\u062a-\u062a\u0627\u0645\u0631-\u0628\u062f\u0631-1-6.jpg\" data-large_image_width=\"389\" data-large_image_height=\"422\" data-no-translation-alt=\"\" \/><\/a><\/div>\t<\/div>\n<\/div>\n\n\t<div class=\"summary entry-summary\">\n\t\t<h1 class=\"product_title entry-title\">Knjiga o vrlini strpljenja u suo\u010davanju s neda\u0107ama<\/h1><p class=\"price\"><span class=\"woocommerce-Price-amount amount\"><bdi><span class=\"woocommerce-Price-currencySymbol\">EGP<\/span>40.00<\/bdi><\/span><\/p>\n\n\t\n\t<form class=\"cart\" action=\"\" method=\"post\" enctype='multipart\/form-data' data-trp-original-action=\"\">\n\t\t\n\t\t<div class=\"quantity\">\n\t\t<label class=\"screen-reader-text\" for=\"quantity_69fee98c9eb1e\" data-no-translation=\"\" data-trp-gettext=\"\">\u0643\u062a\u0627\u0628 \u0641\u0636\u0644 \u0627\u0644\u0635\u0628\u0631 \u0639\u0644\u064a \u0627\u0644\u0628\u0644\u0627\u0621 koli\u010dina<\/label>\n\t<input\n\t\ttype=\"number\"\n\t\t\t\tid=\"quantity_69fee98c9eb1e\"\n\t\tclass=\"input-text qty text\"\n\t\tname=\"quantity\"\n\t\tvalue=\"1\"\n\t\taria-label=\"Koli\u010dina proizvoda\"\n\t\t\t\tmin=\"1\"\n\t\t\t\t\t\t\tstep=\"1\"\n\t\t\tplaceholder=\"\"\n\t\t\tinputmode=\"numeric\"\n\t\t\tautocomplete=\"off\" data-no-translation-aria-label=\"\"\n\t\t\t\/>\n\t<\/div>\n\n\t\t<button type=\"submit\" name=\"add-to-cart\" value=\"19573\" class=\"single_add_to_cart_button button alt\" data-no-translation=\"\" data-trp-gettext=\"\">Dodaj u korpu<\/button>\n\n\t\t\n        <script>\n            document.addEventListener('DOMContentLoaded', function(){\n                document.addEventListener('click', function(event){\n                    if(!event.target.matches('.single_add_to_cart_button')){\n                        return;\n                    }\n\n                    const quantity = document.querySelector('input.qty').value || '1';\n                    const formProductVariation = document.querySelector('form[data-product_variations]')\n                    const variationItem = document.querySelector('.variation_id')\n\n                    let price = 40\n                    if(formProductVariation && variationItem){\n                        try{\n                            const variations = JSON.parse(formProductVariation.dataset.product_variations)\n                            const variationId = variationItem.value\n                            for(const variation of variations){\n                                if(variation.variation_id == Number(variationId)){\n                                    price = variation.display_price\n                                }\n                            }\n                        }\n                        catch{\n                        }\n                    }\n\n                    gtag('event', 'add_to_cart', {\n                        'items': [ {\n                            'item_id':'19573',\n                            'item_name': '\u0643\u062a\u0627\u0628 \u0641\u0636\u0644 \u0627\u0644\u0635\u0628\u0631 \u0639\u0644\u064a \u0627\u0644\u0628\u0644\u0627\u0621',\n                            'list_name': '\u0643\u062a\u0627\u0628 \u0641\u0636\u0644 \u0627\u0644\u0635\u0628\u0631 \u0639\u0644\u064a \u0627\u0644\u0628\u0644\u0627\u0621',\n                            'quantity': quantity,\n                            'price': price,\n                            \"item_category\":\"\u062f\u064a\u0646 \u0625\u0633\u0644\u0627\u0645\u064a\"\n                        }]\n                    });\n                })\n            });\n        <\/script>\n        \t<input type=\"hidden\" name=\"trp-form-language\" value=\"bs\"\/><\/form>\n\n\t\n<div class=\"product_meta\">\n\n\t\n\t\n\t<span class=\"posted_in\">Kategorija: <a href=\"https:\/\/tamerbadr.com\/bs\/kategorija-proizvoda\/%d8%af%d9%8a%d9%86-%d8%a5%d8%b3%d9%84%d8%a7%d9%85%d9%8a\" rel=\"tag\">Islamska religija<\/a><\/span>\n\t\n\t\n<\/div>\n\t<\/div>\n\n\t\n\t<div class=\"woocommerce-tabs wc-tabs-wrapper\">\n\t\t<ul class=\"tabs wc-tabs\" role=\"tablist\">\n\t\t\t\t\t\t\t<li role=\"presentation\" class=\"description_tab\" id=\"tab-title-description\">\n\t\t\t\t\t<a href=\"#tab-description\" role=\"tab\" aria-controls=\"tab-description\">\n\t\t\t\t\t\tOpis\t\t\t\t\t<\/a>\n\t\t\t\t<\/li>\n\t\t\t\t\t\t\t<li role=\"presentation\" class=\"reviews_tab\" id=\"tab-title-reviews\">\n\t\t\t\t\t<a href=\"#tab-reviews\" role=\"tab\" aria-controls=\"tab-reviews\">\n\t\t\t\t\t\tRecenzije (0)\t\t\t\t\t<\/a>\n\t\t\t\t<\/li>\n\t\t\t\t\t<\/ul>\n\t\t\t\t\t<div class=\"woocommerce-Tabs-panel woocommerce-Tabs-panel--description panel entry-content wc-tab\" id=\"tab-description\" role=\"tabpanel\" aria-labelledby=\"tab-title-description\">\n\t\t\t\t\n\t<h2 data-no-translation=\"\" data-trp-gettext=\"\">Opis<\/h2>\n\n<h1 style=\"text-align: center;\"><strong>Uvod \u0161eika Muhameda Hasana u knjigu Vrlina strpljenja suo\u010denog s neda\u0107ama<\/strong><\/h1>\n<h1 style=\"text-align: center;\">Hvala Bogu, i neka su Bo\u017eije molitve i mir na Bo\u017eijeg Poslanika, neka ga Bog blagoslovi i podari mu mir.<\/h1>\n<h1 style=\"text-align: center;\">Allah, Svemogu\u0107i, u\u010dinio je strpljenje nepobjedivim konjem, nepobjedivom vojskom i neuni\u0161tivom tvr\u0111avom. On, Svemogu\u0107i, rekao je da su strpljivi u Allahovom dru\u0161tvu i da ih On voli. Kakva \u010dast!!<\/h1>\n<h1 style=\"text-align: center;\">Uzvi\u0161eni Bog je rekao: &quot;Zaista je Allah sa strpljivima.&quot; (El-Bekare: 153)<\/h1>\n<h1 style=\"text-align: center;\">Uzvi\u0161eni Bog je rekao: \u201eA Allah voli strpljive.\u201c (Al Imran: 146)<\/h1>\n<h1 style=\"text-align: center;\">I On je u\u010dinio vo\u0111stvo u vjeri ovisnim o strpljenju i sigurnosti, pa je On, Svemogu\u0107i, rekao: &quot;I Mi smo od njih u\u010dinili vo\u0111e koji vode naredbom Na\u0161om, kada su bili strpljivi i uvjereni u Na\u0161e znakove.&quot; [Es-Sed\u017eda: 24]<\/h1>\n<h1 style=\"text-align: center;\">I On je strpljivima sakupio ove radosne vijesti koje nije sakupio drugima, pa je On, Uzvi\u0161eni, rekao: &quot;I sigurno \u0107emo vas isku\u0161ati strahom i gla\u0111u, i gubitkom imetka i \u017eivota i plodova, ali strpljivima dajte radosne vijesti, (155) koji, kada ih nesre\u0107a zadesi, ka\u017eu: &quot;Mi, zaista, pripadamo Allahu i, zaista, Njemu \u0107emo se vratiti.&quot; (156) Takvi \u0107e imati blagoslov od Gospodara svoga i milost. A oni su na pravom putu.&quot; (157) [El-Bekara]<\/h1>\n<h1 style=\"text-align: center;\">Zatim je Svemogu\u0107i objasnio \u010dast strpljivih u D\u017eennetu time \u0161to su an\u0111eli ulazili da ih pozdrave i pozdrave, kao \u0161to je On, Svemogu\u0107i, rekao: \u201eI an\u0111eli \u0107e ulaziti k njima sa svakih vrata [govore\u0107i], &#039;Mir vama zbog onoga \u0161to ste strpljivo izdr\u017eali. A divan je posljednji dom!&#039;\u201c (Er-Ra&#039;d).<\/h1>\n<h1 style=\"text-align: center;\">Sa\u017eeo je njihove zasluge i njihovu neograni\u010denu nagradu, rekav\u0161i: \u201eSamo \u0107e strpljivima biti data njihova nagrada u potpunosti, bez ikakvog ra\u010duna.\u201c (Ez-Zumar: 10)<\/h1>\n<h1 style=\"text-align: center;\">Da, strpljenje je kao \u0161to mu i ime govori, gorak mu je okus, ali su mu posljedice sla\u0111e od meda.<\/h1>\n<h1 style=\"text-align: center;\">\u0160ta je strpljenje?<\/h1>\n<h1 style=\"text-align: center;\">Strpljenje u jeziku: je prevencija i ograni\u010davanje.<\/h1>\n<h1 style=\"text-align: center;\">Strpljenje, prema islamskom zakonu, zna\u010di suzdr\u017eavanje od brige, suzdr\u017eavanje jezika od prigovaranja i suzdr\u017eavanje udova od \u010dinjenja grijeha.<\/h1>\n<h1 style=\"text-align: center;\">* Podijeljen je u tri dijela:<\/h1>\n<h1 style=\"text-align: center;\">Strpljenje sa naredbom. To jest, strpljenje sa poslu\u0161no\u0161\u0107u.<\/h1>\n<h1 style=\"text-align: center;\">- I strpljenje u izbjegavanju onoga \u0161to je zabranjeno. To jest, strpljenje u izbjegavanju grijeha.<\/h1>\n<h1 style=\"text-align: center;\">- I strpljenje pred sudbinom. To jest, strpljenje pred nesre\u0107ama i isku\u0161enjima koja je Svemogu\u0107i Bog odredio za slugu.<\/h1>\n<h1 style=\"text-align: center;\">Lijepo strpljenje je ono \u010dime onaj ko ga posjeduje tra\u017ei zadovoljstvo Allaha, Uzvi\u0161enog, Najve\u0107eg, ne iz straha od ljudi da ne ka\u017eu da je nestrpljiv, niti iz uljep\u0161avanja radi ljudi da ne ka\u017eu da je strpljiv. Naprotiv, on je strpljiv, vjeruju\u0107i u Allahovu odredbu, i dobru i lo\u0161u, uzdi\u017eu\u0107i se iznad bola i uzdi\u017eu\u0107i se iznad pritu\u017ebi.<\/h1>\n<h1 style=\"text-align: center;\">Istraga je pokazala da postoje dvije vrste pritu\u017ebi:<\/h1>\n<h1 style=\"text-align: center;\">\u017dalba Bogu i \u017ealba od Boga!!<\/h1>\n<h1 style=\"text-align: center;\">\u0160to se ti\u010de prigovaranja Bogu, to ne proturje\u010di strpljenju, kao \u0161to je Bog rekao u predaji od Jakuba, a.s.: \u201eStrpljenje je najprikladnije, a od Boga se tra\u017ei pomo\u0107 protiv onoga \u0161to opisujete.\u201c (Jusuf: 18)<\/h1>\n<h1 style=\"text-align: center;\">Me\u0111utim, on se Bogu \u017ealio rekav\u0161i: \u201eJa se Bogu \u017ealim samo na svoju patnju i tugu\u201c (Jusuf: 86).<\/h1>\n<h1 style=\"text-align: center;\">Uzvi\u0161eni Bog je pohvalio Joba, mir neka je s njim, ali se on ipak po\u017ealio Bogu rekav\u0161i: \u201eA Job, kada je zavapio Gospodaru svome, re\u010de: &#039;Zaista me je sna\u0161la nevolja, a Ti si Najmilostiviji od milosrdnih.&#039;\u201c (El-Enbija: 83)<\/h1>\n<h1 style=\"text-align: center;\">Mudar vjernik treba znati da je ovaj svijet mjesto isku\u0161enja i testiranja, a njegova radost su snovi i prolazna sjena. Ako te malo nasmije, mnogo te raspla\u010de. Ako te usre\u0107i na jedan dan, rastu\u017eit \u0107e te cijeli \u017eivot. Ako ti pru\u017ei malo zadovoljstva, li\u0161ava te ga se na dugo vremena. I za svaku radost postoji tuga!!<\/h1>\n<h1 style=\"text-align: center;\">Mudar \u010dovjek je onaj koji gleda okom svog uvida i svjetlom svoje vjere i sa sigurno\u0161\u0107u zna da ga ono \u0161to ga je zadesilo nije moglo mimoi\u0107i i da ga ono \u0161to ga je mimoi\u0161lo nije moglo zadesiti. Zato on gleda u Knjigu Uzvi\u0161enog Boga i Sunnet Njegovog Poslanika, s.a.v.s., da bi shvatio nagradu za strpljenje.<\/h1>\n<h1 style=\"text-align: center;\">Zatim neka ugasi vatru nesre\u0107a i isku\u0161enja hladnokrvno\u0161\u0107u slije\u0111enja primjera onih koji su stradali, posebno Poslanika i Proroka.<\/h1>\n<h1 style=\"text-align: center;\">Onda, ako bi pogledao i pretra\u017eio ljude na Zemlji, ne bi me\u0111u njima vidio nikoga osim nekoga ko je pogo\u0111en gubitkom voljene osobe ili doga\u0111ajem ne\u010deg neugodnog!!<\/h1>\n<h1 style=\"text-align: center;\">Koliko nam je potreban stalni podsjetnik u vremenu kada su isku\u0161enja i nevolje brojne, a isku\u0161enja i nevolje ozbiljne.<\/h1>\n<h1 style=\"text-align: center;\">Zahvaljuju\u0107i strpljenju u suo\u010davanju s neda\u0107ama, razumijevanju mudrosti koja stoji iza neda\u0107a, u\u010denju o vrstama neda\u0107a, slije\u0111enju primjera poslanika i proroka, te drugim va\u017enim pitanjima vezanim za ovu plemenitu temu.<\/h1>\n<h1 style=\"text-align: center;\">U rukama imam lijepu poruku o ovome od na\u0161eg dragog brata Tamera Badra. Neka ga Bog nagradi dobrim i u\u010dini nas i njega me\u0111u strpljivima, i neka obraduje o\u010di svih nas pobjedom ove religije. Neka su Bo\u017eije molitve i mir na vo\u0111u proroka i na svu njegovu porodicu i ashabe.<\/h1>\n<h1 style=\"text-align: center;\">Napisao\/la<\/h1>\n\t\t\t<\/div>\n\t\t\t\t\t<div class=\"woocommerce-Tabs-panel woocommerce-Tabs-panel--reviews panel entry-content wc-tab\" id=\"tab-reviews\" role=\"tabpanel\" aria-labelledby=\"tab-title-reviews\">\n\t\t\t\t<div id=\"reviews\" class=\"woocommerce-Reviews\">\n\t<div id=\"comments\">\n\t\t<h2 class=\"woocommerce-Reviews-title\">\n\t\t\tRecenzije\t\t<\/h2>\n\n\t\t\t\t\t<p class=\"woocommerce-noreviews\" data-no-translation=\"\" data-trp-gettext=\"\">Jo\u0161 nema recenzija.<\/p>\n\t\t\t<\/div>\n\n\t\t\t<div id=\"review_form_wrapper\">\n\t\t\t<div id=\"review_form\">\n\t\t\t\t\t<div id=\"respond\" class=\"comment-respond\">\n\t\t<span id=\"reply-title\" class=\"comment-reply-title\" role=\"heading\" aria-level=\"3\">Budi prvi koji \u0107e recenzirati &ldquo;\u0643\u062a\u0627\u0628 \u0641\u0636\u0644 \u0627\u0644\u0635\u0628\u0631 \u0639\u0644\u064a \u0627\u0644\u0628\u0644\u0627\u0621&rdquo; <small><a rel=\"nofollow\" id=\"cancel-comment-reply-link\" href=\"\/bs\/wp-json\/wp\/v2\/pages\/20137#respond\" style=\"display:none;\">Poni\u0161ti odgovor<\/a><\/small><\/span><p class=\"must-log-in\" data-no-translation=\"\" data-trp-gettext=\"\">Morate biti <a href=\"https:\/\/tamerbadr.com\/bs\/\">ulogovani<\/a> da biste objavili recenziju.<\/p>\t<\/div><!-- #respond -->\n\t\t\t\t<\/div>\n\t\t<\/div>\n\t\n\t<div class=\"clear\"><\/div>\n<\/div>\n\t\t\t<\/div>\n\t\t\n\t\t\t<\/div>\n\n<\/div>\n\n\t\t\t<\/div>\n\t\t\t<\/div>\t\t\t\t<\/div>\n\t\t\t\t<\/div>\n\t\t\t\t<\/div>\n\t\t\t\t\t<\/div>\n\t\t\t\t<\/div>\n\t\t\t\t<\/div>","protected":false},"excerpt":{"rendered":"","protected":false},"author":1,"featured_media":0,"parent":0,"menu_order":0,"comment_status":"closed","ping_status":"closed","template":"elementor_header_footer","meta":{"_seopress_robots_primary_cat":"","_seopress_titles_title":"","_seopress_titles_desc":"","_seopress_robots_index":"","inline_featured_image":false,"_uf_show_specific_survey":0,"_uf_disable_surveys":false,"footnotes":""},"class_list":["post-20137","page","type-page","status-publish"],"_links":{"self":[{"href":"https:\/\/tamerbadr.com\/bs\/wp-json\/wp\/v2\/pages\/20137","targetHints":{"allow":["GET"]}}],"collection":[{"href":"https:\/\/tamerbadr.com\/bs\/wp-json\/wp\/v2\/pages"}],"about":[{"href":"https:\/\/tamerbadr.com\/bs\/wp-json\/wp\/v2\/types\/page"}],"author":[{"embeddable":true,"href":"https:\/\/tamerbadr.com\/bs\/wp-json\/wp\/v2\/users\/1"}],"replies":[{"embeddable":true,"href":"https:\/\/tamerbadr.com\/bs\/wp-json\/wp\/v2\/comments?post=20137"}],"version-history":[{"count":0,"href":"https:\/\/tamerbadr.com\/bs\/wp-json\/wp\/v2\/pages\/20137\/revisions"}],"wp:attachment":[{"href":"https:\/\/tamerbadr.com\/bs\/wp-json\/wp\/v2\/media?parent=20137"}],"curies":[{"name":"wp","href":"https:\/\/api.w.org\/{rel}","templated":true}]}}