{"id":20119,"date":"2025-03-19T15:32:12","date_gmt":"2025-03-19T15:32:12","guid":{"rendered":"https:\/\/white-ant-267257.hostingersite.com\/?page_id=20119"},"modified":"2025-04-06T08:15:00","modified_gmt":"2025-04-06T08:15:00","slug":"unforgettable-countries-book","status":"publish","type":"page","link":"https:\/\/tamerbadr.com\/bs\/unforgettable-countries-book","title":{"rendered":"Knjiga Nezaboravne zemlje"},"content":{"rendered":"<div data-elementor-type=\"wp-page\" data-elementor-id=\"20119\" class=\"elementor elementor-20119\" data-elementor-post-type=\"page\">\n\t\t\t\t<div class=\"elementor-element elementor-element-c8c7aab e-flex e-con-boxed e-con e-parent\" data-id=\"c8c7aab\" data-element_type=\"container\">\n\t\t\t\t\t<div class=\"e-con-inner\">\n\t\t<div class=\"elementor-element elementor-element-6483b1a e-con-full e-flex e-con e-child\" data-id=\"6483b1a\" data-element_type=\"container\">\n\t\t\t\t<div class=\"elementor-element elementor-element-6058eb2 elementor-widget elementor-widget-wc-elements\" data-id=\"6058eb2\" data-element_type=\"widget\" data-widget_type=\"wc-elements.default\">\n\t\t\t\t<div class=\"elementor-widget-container\">\n\t\t\t\t\t<div class=\"woocommerce\">\t\t\t<div class=\"single-product\" data-product-page-preselected-id=\"0\">\n\t\t\t\t<div class=\"woocommerce-notices-wrapper\"><\/div><div id=\"product-19582\" class=\"product type-product post-19582 status-publish first instock product_cat-190 has-post-thumbnail downloadable shipping-taxable purchasable product-type-simple\">\n\n\t<div class=\"woocommerce-product-gallery woocommerce-product-gallery--with-images woocommerce-product-gallery--columns-4 images\" data-columns=\"4\" style=\"opacity: 0; transition: opacity .25s ease-in-out;\">\n\t<div class=\"woocommerce-product-gallery__wrapper\">\n\t\t<div data-thumb=\"https:\/\/tamerbadr.com\/wp-content\/uploads\/2025\/03\/\u062f\u0648\u0644-\u0644\u0627-\u062a\u0646\u0633\u0649-scaled-scaled.jpg\" data-thumb-alt=\"\u0643\u062a\u0627\u0628 \u062f\u0648\u0644 \u0644\u0627 \u062a\u0646\u0633\u0649\" data-thumb-srcset=\"\"  data-thumb-sizes=\"(max-width: 100px) 100vw, 100px\" class=\"woocommerce-product-gallery__image\"><a href=\"https:\/\/tamerbadr.com\/wp-content\/uploads\/2025\/03\/\u062f\u0648\u0644-\u0644\u0627-\u062a\u0646\u0633\u0649-scaled-scaled.jpg\"><img fetchpriority=\"high\" decoding=\"async\" width=\"2049\" height=\"1434\" src=\"https:\/\/tamerbadr.com\/wp-content\/uploads\/2025\/03\/\u062f\u0648\u0644-\u0644\u0627-\u062a\u0646\u0633\u0649-scaled-scaled.jpg\" class=\"wp-post-image\" alt=\"Knjiga Nezaboravne zemlje\" data-caption=\"\" data-src=\"https:\/\/tamerbadr.com\/wp-content\/uploads\/2025\/03\/\u062f\u0648\u0644-\u0644\u0627-\u062a\u0646\u0633\u0649-scaled-scaled.jpg\" data-large_image=\"https:\/\/tamerbadr.com\/wp-content\/uploads\/2025\/03\/\u062f\u0648\u0644-\u0644\u0627-\u062a\u0646\u0633\u0649-scaled-scaled.jpg\" data-large_image_width=\"2049\" data-large_image_height=\"1434\" \/><\/a><\/div><div data-thumb=\"https:\/\/tamerbadr.com\/wp-content\/uploads\/2025\/03\/\u062f\u0648\u0644-\u0644\u0627-\u062a\u0646\u0633\u0649.jpeg\" data-thumb-alt=\"\u0643\u062a\u0627\u0628 \u062f\u0648\u0644 \u0644\u0627 \u062a\u0646\u0633\u0649 - Slika 2\" data-thumb-srcset=\"\"  data-thumb-sizes=\"(max-width: 70px) 100vw, 70px\" class=\"woocommerce-product-gallery__image\" data-no-translation-data-thumb-alt=\"\"><a href=\"https:\/\/tamerbadr.com\/wp-content\/uploads\/2025\/03\/\u062f\u0648\u0644-\u0644\u0627-\u062a\u0646\u0633\u0649.jpeg\"><img decoding=\"async\" width=\"559\" height=\"799\" src=\"https:\/\/tamerbadr.com\/wp-content\/uploads\/2025\/03\/\u062f\u0648\u0644-\u0644\u0627-\u062a\u0646\u0633\u0649.jpeg\" class=\"\" alt=\"\u0643\u062a\u0627\u0628 \u062f\u0648\u0644 \u0644\u0627 \u062a\u0646\u0633\u0649 - Slika 2\" data-caption=\"\" data-src=\"https:\/\/tamerbadr.com\/wp-content\/uploads\/2025\/03\/\u062f\u0648\u0644-\u0644\u0627-\u062a\u0646\u0633\u0649.jpeg\" data-large_image=\"https:\/\/tamerbadr.com\/wp-content\/uploads\/2025\/03\/\u062f\u0648\u0644-\u0644\u0627-\u062a\u0646\u0633\u0649.jpeg\" data-large_image_width=\"559\" data-large_image_height=\"799\" data-no-translation-alt=\"\" \/><\/a><\/div><div data-thumb=\"https:\/\/tamerbadr.com\/wp-content\/uploads\/2025\/03\/\u0645\u0624\u0644\u0641\u0627\u062a-\u062a\u0627\u0645\u0631-\u0628\u062f\u0631-1-5.jpg\" data-thumb-alt=\"\u0643\u062a\u0627\u0628 \u062f\u0648\u0644 \u0644\u0627 \u062a\u0646\u0633\u0649 - Slika 3\" data-thumb-srcset=\"\"  data-thumb-sizes=\"(max-width: 92px) 100vw, 92px\" class=\"woocommerce-product-gallery__image\" data-no-translation-data-thumb-alt=\"\"><a href=\"https:\/\/tamerbadr.com\/wp-content\/uploads\/2025\/03\/\u0645\u0624\u0644\u0641\u0627\u062a-\u062a\u0627\u0645\u0631-\u0628\u062f\u0631-1-5.jpg\"><img decoding=\"async\" width=\"389\" height=\"422\" src=\"https:\/\/tamerbadr.com\/wp-content\/uploads\/2025\/03\/\u0645\u0624\u0644\u0641\u0627\u062a-\u062a\u0627\u0645\u0631-\u0628\u062f\u0631-1-5.jpg\" class=\"\" alt=\"\u0643\u062a\u0627\u0628 \u062f\u0648\u0644 \u0644\u0627 \u062a\u0646\u0633\u0649 - Slika 3\" data-caption=\"CREATOR: gd-jpeg v1.0 (using IJG JPEG v62), quality = 90\" data-src=\"https:\/\/tamerbadr.com\/wp-content\/uploads\/2025\/03\/\u0645\u0624\u0644\u0641\u0627\u062a-\u062a\u0627\u0645\u0631-\u0628\u062f\u0631-1-5.jpg\" data-large_image=\"https:\/\/tamerbadr.com\/wp-content\/uploads\/2025\/03\/\u0645\u0624\u0644\u0641\u0627\u062a-\u062a\u0627\u0645\u0631-\u0628\u062f\u0631-1-5.jpg\" data-large_image_width=\"389\" data-large_image_height=\"422\" data-no-translation-alt=\"\" \/><\/a><\/div>\t<\/div>\n<\/div>\n\n\t<div class=\"summary entry-summary\">\n\t\t<h1 class=\"product_title entry-title\">Knjiga Nezaboravne zemlje<\/h1><p class=\"price\"><span class=\"woocommerce-Price-amount amount\"><bdi><span class=\"woocommerce-Price-currencySymbol\">EGP<\/span>60.00<\/bdi><\/span><\/p>\n\n\t\n\t<form class=\"cart\" action=\"\" method=\"post\" enctype='multipart\/form-data' data-trp-original-action=\"\">\n\t\t\n\t\t<div class=\"quantity\">\n\t\t<label class=\"screen-reader-text\" for=\"quantity_6a03a753b9c2c\" data-no-translation=\"\" data-trp-gettext=\"\">\u0643\u062a\u0627\u0628 \u062f\u0648\u0644 \u0644\u0627 \u062a\u0646\u0633\u0649 koli\u010dina<\/label>\n\t<input\n\t\ttype=\"number\"\n\t\t\t\tid=\"quantity_6a03a753b9c2c\"\n\t\tclass=\"input-text qty text\"\n\t\tname=\"quantity\"\n\t\tvalue=\"1\"\n\t\taria-label=\"Koli\u010dina proizvoda\"\n\t\t\t\tmin=\"1\"\n\t\t\t\t\t\t\tstep=\"1\"\n\t\t\tplaceholder=\"\"\n\t\t\tinputmode=\"numeric\"\n\t\t\tautocomplete=\"off\" data-no-translation-aria-label=\"\"\n\t\t\t\/>\n\t<\/div>\n\n\t\t<button type=\"submit\" name=\"add-to-cart\" value=\"19582\" class=\"single_add_to_cart_button button alt\" data-no-translation=\"\" data-trp-gettext=\"\">Dodaj u korpu<\/button>\n\n\t\t\n        <script>\n            document.addEventListener('DOMContentLoaded', function(){\n                document.addEventListener('click', function(event){\n                    if(!event.target.matches('.single_add_to_cart_button')){\n                        return;\n                    }\n\n                    const quantity = document.querySelector('input.qty').value || '1';\n                    const formProductVariation = document.querySelector('form[data-product_variations]')\n                    const variationItem = document.querySelector('.variation_id')\n\n                    let price = 60\n                    if(formProductVariation && variationItem){\n                        try{\n                            const variations = JSON.parse(formProductVariation.dataset.product_variations)\n                            const variationId = variationItem.value\n                            for(const variation of variations){\n                                if(variation.variation_id == Number(variationId)){\n                                    price = variation.display_price\n                                }\n                            }\n                        }\n                        catch{\n                        }\n                    }\n\n                    gtag('event', 'add_to_cart', {\n                        'items': [ {\n                            'item_id':'19582',\n                            'item_name': '\u0643\u062a\u0627\u0628 \u062f\u0648\u0644 \u0644\u0627 \u062a\u0646\u0633\u0649',\n                            'list_name': '\u0643\u062a\u0627\u0628 \u062f\u0648\u0644 \u0644\u0627 \u062a\u0646\u0633\u0649',\n                            'quantity': quantity,\n                            'price': price,\n                            \"item_category\":\"\u062a\u0627\u0631\u064a\u062e \u0625\u0633\u0644\u0627\u0645\u064a\"\n                        }]\n                    });\n                })\n            });\n        <\/script>\n        \t<input type=\"hidden\" name=\"trp-form-language\" value=\"bs\"\/><\/form>\n\n\t\n<div class=\"product_meta\">\n\n\t\n\t\n\t<span class=\"posted_in\">Kategorija: <a href=\"https:\/\/tamerbadr.com\/bs\/kategorija-proizvoda\/%d8%aa%d8%a7%d8%b1%d9%8a%d8%ae-%d8%a5%d8%b3%d9%84%d8%a7%d9%85%d9%8a\" rel=\"tag\">Islamska historija<\/a><\/span>\n\t\n\t\n<\/div>\n\t<\/div>\n\n\t\n\t<div class=\"woocommerce-tabs wc-tabs-wrapper\">\n\t\t<ul class=\"tabs wc-tabs\" role=\"tablist\">\n\t\t\t\t\t\t\t<li role=\"presentation\" class=\"description_tab\" id=\"tab-title-description\">\n\t\t\t\t\t<a href=\"#tab-description\" role=\"tab\" aria-controls=\"tab-description\">\n\t\t\t\t\t\tOpis\t\t\t\t\t<\/a>\n\t\t\t\t<\/li>\n\t\t\t\t\t\t\t<li role=\"presentation\" class=\"reviews_tab\" id=\"tab-title-reviews\">\n\t\t\t\t\t<a href=\"#tab-reviews\" role=\"tab\" aria-controls=\"tab-reviews\">\n\t\t\t\t\t\tRecenzije (0)\t\t\t\t\t<\/a>\n\t\t\t\t<\/li>\n\t\t\t\t\t<\/ul>\n\t\t\t\t\t<div class=\"woocommerce-Tabs-panel woocommerce-Tabs-panel--description panel entry-content wc-tab\" id=\"tab-description\" role=\"tabpanel\" aria-labelledby=\"tab-title-description\">\n\t\t\t\t\n\t<h2 data-no-translation=\"\" data-trp-gettext=\"\">Opis<\/h2>\n\n<h1 style=\"text-align: center;\"><strong>Uvod profesora dr. Ragheba El-Serganyja u knjigu &quot;Nezaboravne zemlje&quot;<\/strong><\/h1>\n<h1 style=\"text-align: center;\">Mnogi iskrivljiva\u010di i falsifikatori \u0161ire ideju da islamska historija ne sadr\u017ei slavnu pro\u0161lost, osim u periodu Poslanika, s.a.v.s., Ebu Bekra i Omera, s.a.v.s. Ovo krivotvorenje slu\u017ei samo da \u0161iri frustraciju u srcima muslimana i da ih navede da osje\u0107aju da je mogu\u0107nost njihovog ustanka postala vrlo mala i da islamski pristup nije sposoban izgraditi dr\u017eavu ili o\u017eivjeti naciju. Sve je ovo suprotno istini i daleko od istine. Stoga postoji hitna potreba da se objasne razli\u010dite faze historije na\u0161eg naroda i da \u0107e se narod, bez obzira koliko slab postane, ponovo uzdi\u0107i, i ako njegov barjak padne na jednom mjestu, njegovi barjaci \u0107e se podi\u0107i na drugim mjestima. I da je Bo\u017eiji zakon da \u0107e ostati iskreni muslimani koji podr\u017eavaju cilj ovog naroda i \u010duvaju njegovo dostojanstvo. Ovo je istina hadisa Bo\u017eijeg Poslanika, s.a.v.s.: &quot;Grupa mog naroda \u0107e uvijek biti pobjednik nad onim ko...&quot;<\/h1>\n<h1 style=\"text-align: center;\">Oni \u0107e ih napasti i osvojiti, a oni koji im se suprotstave ne\u0107e im nauditi sve dok im ne do\u0111e Allahova naredba, i oni \u0107e takvi ostati. (Buhari i Muslim)<\/h1>\n<h1 style=\"text-align: center;\">Bo\u017eiji Poslanik, neka ga Bog blagoslovi i mir podari, dao nam je veliki primjer u uspostavljanju dr\u017eave i izgradnji nacije. Pri tome se sukobio sa silama ugnjetavanja koje su postojale u to vrijeme, a koje su predstavljali nevjernici Arapskog poluotoka, predvo\u0111eni nevjernicima iz Meke, te Jevreji sa svojim raznim plemenima, kao i gigantski Rimski imperij. Uprkos ovom stra\u0161nom sukobu, Svemogu\u0107i Bog mu je odredio pobjedu i uspjeh sve dok se njegova dr\u017eava nije uspostavila kao mlada i ponosna nacija.<\/h1>\n<h1 style=\"text-align: center;\">Nakon Allahovog Poslanika, mir i blagoslov na njega, Pravedni Kalifati su izgradili sna\u017enu i veliku dr\u017eavu koja je bila u stanju uni\u0161titi prijestolja Hosreua i Cezara, te je bila u stanju postaviti muslimane na \u010delo svijeta, te je nadma\u0161ila sve politi\u010dki, ekonomski, nau\u010dno, kulturno i moralno. Prije i poslije svega toga, nadma\u0161ila ih je u doktrini, tako da je bila u stanju reformirati svoj svijet svojom religijom i podi\u0107i standard \u017eivota u svojoj dr\u017eavi zakonom svog Gospodara, te je postigla te\u0161ku jedna\u010dinu koja spaja sre\u0107u na oba svijeta: ovom i ahiretskom.<\/h1>\n<h1 style=\"text-align: center;\">Putovanje islamske nacije nije se zaustavilo u vrijeme Pravednih Kalifa, ve\u0107 je nastavilo svoje civilizacijsko putovanje s velikim i plemenitim nacijama koje su postigle slavu i \u010dast i uzdigle ime muslimana svugdje visoko. Tu su bili Umajadski i Abasidski Kalifati, Ajubidske i Mamelu\u010dke dr\u017eave, veliki Osmanski Kalifat i mnoge mo\u0107ne nacije u historiji Andaluzije. Bilo je i drugih nacija tu i tamo koje su promijenile tok \u010dovje\u010danstva divnom, pozitivnom promjenom koja doprinosi zaslugama ove ogromne nacije, nacije islama.<\/h1>\n<h1 style=\"text-align: center;\">Ova briljantna historija je najbolja historija na cijelom svijetu, a ipak samo malo ljudi zna za nju. Na\u017ealost, \u010dak ni sami muslimani ne znaju za ovu slavnu historiju. Stoga sam veoma sretan kada vidim knjigu ili bilo koje knji\u017eevno ili umjetni\u010dko djelo koje muslimanima vra\u0107a pravu sliku njihove slavne historije i pove\u0107ava njihov ponos i \u010dast u ovoj plemenitoj naciji.<\/h1>\n<h1 style=\"text-align: center;\">Pred nama je jedna od ovih vrijednih knjiga, \u010diji je autor, gospodin Tamer Badr, \u017eelio pratiti razli\u010dite faze slave u na\u0161oj historiji od po\u010detka do kraja, predstavljaju\u0107i nam neka od velikih blaga ove historije i govore\u0107i nam o historiji nekoliko islamskih zemalja koje su uzdigle ime muslimana visoko u nebo.<\/h1>\n<h1 style=\"text-align: center;\">To je prekrasna knjiga, elegantno napisana i lijepo predstavljena, koja sadr\u017ei obilje ta\u010dnih informacija i predstavlja prekrasan dodatak na\u0161oj islamskoj biblioteci na koji \u0107e svaki musliman biti ponosan.<\/h1>\n<h1 style=\"text-align: center;\">Bo\u017ee, u\u010dini ovaj trud dobrim djelom za pisca, a ove stihove u\u010dini dobrim djelom za svakoga ko ih \u010dita...<\/h1>\n<h1 style=\"text-align: center;\">Molim Boga da proslavi islam i muslimane<\/h1>\n<h1 style=\"text-align: center;\">Prof. dr. Ragheb Al-Sergani<\/h1>\n<h1 style=\"text-align: center;\">Kairo, maj 2012.<\/h1>\n\t\t\t<\/div>\n\t\t\t\t\t<div class=\"woocommerce-Tabs-panel woocommerce-Tabs-panel--reviews panel entry-content wc-tab\" id=\"tab-reviews\" role=\"tabpanel\" aria-labelledby=\"tab-title-reviews\">\n\t\t\t\t<div id=\"reviews\" class=\"woocommerce-Reviews\">\n\t<div id=\"comments\">\n\t\t<h2 class=\"woocommerce-Reviews-title\">\n\t\t\tRecenzije\t\t<\/h2>\n\n\t\t\t\t\t<p class=\"woocommerce-noreviews\" data-no-translation=\"\" data-trp-gettext=\"\">Jo\u0161 nema recenzija.<\/p>\n\t\t\t<\/div>\n\n\t\t\t<div id=\"review_form_wrapper\">\n\t\t\t<div id=\"review_form\">\n\t\t\t\t\t<div id=\"respond\" class=\"comment-respond\">\n\t\t<span id=\"reply-title\" class=\"comment-reply-title\" role=\"heading\" aria-level=\"3\">Budi prvi koji \u0107e recenzirati &ldquo;\u0643\u062a\u0627\u0628 \u062f\u0648\u0644 \u0644\u0627 \u062a\u0646\u0633\u0649&rdquo; <small><a rel=\"nofollow\" id=\"cancel-comment-reply-link\" href=\"\/bs\/wp-json\/wp\/v2\/pages\/20119#respond\" style=\"display:none;\">Poni\u0161ti odgovor<\/a><\/small><\/span><p class=\"must-log-in\" data-no-translation=\"\" data-trp-gettext=\"\">Morate biti <a href=\"https:\/\/tamerbadr.com\/bs\/\">ulogovani<\/a> da biste objavili recenziju.<\/p>\t<\/div><!-- #respond -->\n\t\t\t\t<\/div>\n\t\t<\/div>\n\t\n\t<div class=\"clear\"><\/div>\n<\/div>\n\t\t\t<\/div>\n\t\t\n\t\t\t<\/div>\n\n<\/div>\n\n\t\t\t<\/div>\n\t\t\t<\/div>\t\t\t\t<\/div>\n\t\t\t\t<\/div>\n\t\t\t\t<\/div>\n\t\t\t\t\t<\/div>\n\t\t\t\t<\/div>\n\t\t\t\t<\/div>","protected":false},"excerpt":{"rendered":"","protected":false},"author":1,"featured_media":0,"parent":0,"menu_order":0,"comment_status":"closed","ping_status":"closed","template":"elementor_header_footer","meta":{"_seopress_robots_primary_cat":"","_seopress_titles_title":"","_seopress_titles_desc":"","_seopress_robots_index":"","inline_featured_image":false,"_uf_show_specific_survey":0,"_uf_disable_surveys":false,"footnotes":""},"class_list":["post-20119","page","type-page","status-publish"],"_links":{"self":[{"href":"https:\/\/tamerbadr.com\/bs\/wp-json\/wp\/v2\/pages\/20119","targetHints":{"allow":["GET"]}}],"collection":[{"href":"https:\/\/tamerbadr.com\/bs\/wp-json\/wp\/v2\/pages"}],"about":[{"href":"https:\/\/tamerbadr.com\/bs\/wp-json\/wp\/v2\/types\/page"}],"author":[{"embeddable":true,"href":"https:\/\/tamerbadr.com\/bs\/wp-json\/wp\/v2\/users\/1"}],"replies":[{"embeddable":true,"href":"https:\/\/tamerbadr.com\/bs\/wp-json\/wp\/v2\/comments?post=20119"}],"version-history":[{"count":0,"href":"https:\/\/tamerbadr.com\/bs\/wp-json\/wp\/v2\/pages\/20119\/revisions"}],"wp:attachment":[{"href":"https:\/\/tamerbadr.com\/bs\/wp-json\/wp\/v2\/media?parent=20119"}],"curies":[{"name":"wp","href":"https:\/\/api.w.org\/{rel}","templated":true}]}}